{"id":1639,"date":"2022-11-11T09:49:14","date_gmt":"2022-11-11T14:49:14","guid":{"rendered":"https:\/\/cmcelectronics.ca\/our-capabilities\/"},"modified":"2023-01-19T17:18:38","modified_gmt":"2023-01-19T22:18:38","slug":"nos-capacites","status":"publish","type":"page","link":"https:\/\/cmcelectronics.ca\/fr\/a-propos-de-nous\/nos-capacites\/","title":{"rendered":"Nos capacit\u00e9s"},"content":{"rendered":"\n<div class=\"wp-block-cover alignfull is-light is-style-title-banner\"><span aria-hidden=\"true\" class=\"wp-block-cover__background has-background-dim\"><\/span><img decoding=\"async\" width=\"1930\" height=\"360\" class=\"wp-block-cover__image-background wp-image-1394 lazyload\" alt=\"\" data-src=\"https:\/\/cmcelectronics.ca\/wp-content\/smush-webp\/2022\/11\/3.0-CMC_WEB_Top-banners_1920X360_bandeau-page-about-us_1.jpg.webp\" data-object-fit=\"cover\" data-srcset=\"https:\/\/cmcelectronics.ca\/wp-content\/smush-webp\/2022\/11\/3.0-CMC_WEB_Top-banners_1920X360_bandeau-page-about-us_1.jpg.webp 1930w, https:\/\/cmcelectronics.ca\/wp-content\/smush-webp\/2022\/11\/3.0-CMC_WEB_Top-banners_1920X360_bandeau-page-about-us_1-300x56.jpg.webp 300w, https:\/\/cmcelectronics.ca\/wp-content\/smush-webp\/2022\/11\/3.0-CMC_WEB_Top-banners_1920X360_bandeau-page-about-us_1-1024x191.jpg.webp 1024w, https:\/\/cmcelectronics.ca\/wp-content\/smush-webp\/2022\/11\/3.0-CMC_WEB_Top-banners_1920X360_bandeau-page-about-us_1-768x143.jpg.webp 768w, https:\/\/cmcelectronics.ca\/wp-content\/smush-webp\/2022\/11\/3.0-CMC_WEB_Top-banners_1920X360_bandeau-page-about-us_1-1536x287.jpg.webp 1536w\" data-sizes=\"(max-width: 1930px) 100vw, 1930px\" src=\"data:image\/svg+xml;base64,PHN2ZyB3aWR0aD0iMSIgaGVpZ2h0PSIxIiB4bWxucz0iaHR0cDovL3d3dy53My5vcmcvMjAwMC9zdmciPjwvc3ZnPg==\" style=\"--smush-placeholder-width: 1930px; --smush-placeholder-aspect-ratio: 1930\/360;\" \/><div class=\"wp-block-cover__inner-container\"><h3 class=\"wp-block-post-title\">Nos capacit\u00e9s<\/h3><\/div><\/div>\n\n\n\n<div class=\"wp-block-group alignfull has-padding-y-large has-accent-background-color has-background\"><div class=\"yoast-breadcrumbs alignwide \"><span class=\"breadcrumbs\"><a href=\"https:\/\/cmcelectronics.ca\/fr\/\" class=\"breadcrumbs__element\">Accueil<\/a> <span class=\"breadcrumbs__separator\">\n        <svg class=\"icon icon-breadcrumb__separator\"><use xlink:href=\"#icon-breadcrumb__separator\"><\/use><\/svg>\n    <\/span> <a href=\"https:\/\/cmcelectronics.ca\/fr\/a-propos-de-nous\/\" class=\"breadcrumbs__element\">\u00c0 propos de nous<\/a> <span class=\"breadcrumbs__separator\">\n        <svg class=\"icon icon-breadcrumb__separator\"><use xlink:href=\"#icon-breadcrumb__separator\"><\/use><\/svg>\n    <\/span> <span class=\"breadcrumbs__element breadcrumbs__element-current\">Nos capacit\u00e9s<\/span><\/span><\/div><\/div>\n\n\n\n<h1 class=\"wp-block-heading\">Nous concevons et fabriquons des syst\u00e8mes d&rsquo;int\u00e9gration de poste de pilotage, d&rsquo;avionique et d&rsquo;affichage conform\u00e9ment aux normes civiles et militaires les plus \u00e9lev\u00e9es.<\/h1>\n\n\n\n<h2 class=\"wp-block-heading\"><strong> <\/strong><\/h2>\n\n\n\n<figure class=\"wp-block-image aligncenter size-large\"><img decoding=\"async\" data-src=\"https:\/\/cmcelectronics.ca\/wp-content\/smush-webp\/2022\/12\/CMC-WEB-519x389-dry-lamination.jpg.webp\" alt=\"\" src=\"data:image\/svg+xml;base64,PHN2ZyB3aWR0aD0iMSIgaGVpZ2h0PSIxIiB4bWxucz0iaHR0cDovL3d3dy53My5vcmcvMjAwMC9zdmciPjwvc3ZnPg==\" class=\"lazyload\" style=\"--smush-placeholder-width: 519px; --smush-placeholder-aspect-ratio: 519\/389;\" \/><\/figure>\n\n\n\n<p class=\"wp-block-paragraph\">L\u2019\u00e9quipe de CMC fa\u00e7onne l\u2019avenir du vol depuis des d\u00e9cennies, toujours en \u00e9troite collaboration avec nos clients pour les aider \u00e0 mieux servir, prot\u00e9ger et r\u00e9ussir.<\/p>\n\n\n\n<h3 class=\"wp-block-heading\">Ing\u00e9nierie<\/h3>\n\n\n\n<p class=\"wp-block-paragraph\">Nos capacit\u00e9s d\u2019ing\u00e9nierie unissent les meilleurs talents en conception de logiciels et de mat\u00e9riel au monde, l\u2019int\u00e9gration de syst\u00e8mes de pointe et les laboratoires d\u2019ing\u00e9nierie des facteurs humains (HFE) derri\u00e8re un seul objectif : la continuit\u00e9 s\u00e9curitaire et ininterrompue des op\u00e9rations de vols de nos clients. Notre \u00e9quipe d\u2019ing\u00e9nierie met l\u2019accent sur l\u2019innovation et la collaboration pour livrer des solutions de classe mondiale \u00e0 nos clients. Nous travaillons avec les toutes derni\u00e8res technologies pour r\u00e9soudre les d\u00e9fis les plus complexes en a\u00e9ronautique aujourd\u2019hui.<\/p>\n\n\n\n<h3 class=\"wp-block-heading\">Conception<\/h3>\n\n\n\n<ul class=\"wp-block-list\">\n<li>D\u00e9veloppement et certification de produits civils et militaires pour les produits avioniques<\/li>\n\n\n\n<li>Int\u00e9gration de syst\u00e8mes complexes et conception d\u2019installations de postes de pilotage et d\u2019avionique, y compris l\u2019ing\u00e9nierie des facteurs humains (HFE) et un laboratoire d\u2019int\u00e9gration des syst\u00e8mes (SIL)<\/li>\n\n\n\n<li>Essais environnementaux conformes aux normes civiles et militaires<\/li>\n<\/ul>\n\n\n\n<h3 class=\"wp-block-heading\"><strong>Certification<\/strong><\/h3>\n\n\n\n<ul class=\"wp-block-list\">\n<li>Organisation d\u2019approbation de conception (DAO) accr\u00e9dit\u00e9e par Transports Canada<\/li>\n\n\n\n<li>Certifications DO-178C, DO-254, DO-160<\/li>\n\n\n\n<li>Base de donn\u00e9es a\u00e9ronautique DO-200B certifi\u00e9e par TCCA, EASA, FAA<\/li>\n\n\n\n<li>Certification DAL MIL-PRF-38534, production de micro\u00e9lectronique classe H<\/li>\n<\/ul>\n\n\n\n<h3 class=\"wp-block-heading\"><strong>Op\u00e9rations<\/strong><\/h3>\n\n\n\n<p class=\"wp-block-paragraph\">Notre capacit\u00e9 op\u00e9rationnelle \u00e0 travers le Canada et les \u00c9tats-Unis comprend la fabrication d\u2019ordinateurs avioniques, de r\u00e9cepteurs GNSS, de panneaux et d\u2019\u00e9crans de postes de pilotage, ainsi que des circuits opto\u00e9lectroniques, micro\u00e9lectroniques et hybrides avanc\u00e9s.<\/p>\n\n\n\n<h3 class=\"wp-block-heading\"><strong>Fabrication d\u2019avionique<\/strong><\/h3>\n\n\n\n<ul class=\"wp-block-list\">\n<li>Fabrication, int\u00e9gration et essais d\u2019avionique<\/li>\n\n\n\n<li>Carte de circuit imprim\u00e9 de classe&nbsp;3<\/li>\n\n\n\n<li>Approuv\u00e9 par tous les principaux organismes de r\u00e9glementation et \u00e9quipementiers<\/li>\n<\/ul>\n\n\n\n<h3 class=\"wp-block-heading\">\u00c9quipement et proc\u00e9d\u00e9s de fabrication sp\u00e9cialis\u00e9s<\/h3>\n\n\n\n<ul class=\"wp-block-list\">\n<li>Fabrication en salles blanches<\/li>\n\n\n\n<li>Contr\u00f4le de la qualit\u00e9 bas\u00e9 sur la vision par ordinateur<\/li>\n\n\n\n<li>Chambres de contr\u00f4le du cycle de vie en acc\u00e9l\u00e9r\u00e9 (HALT), chambres de contr\u00f4le de rupture acc\u00e9l\u00e9r\u00e9e sous contrainte en environnement (HASS)<\/li>\n\n\n\n<li>Fabrication et assemblage d\u2019affichages de laminage \u00e0 sec<\/li>\n\n\n\n<li>Pellicule \u00e9paisse haute fiabilit\u00e9 et assemblage d&rsquo;opto\u00e9lectronique selon la norme MIL-STD<\/li>\n\n\n\n<li>Assemblage de carte de circuit complexe selon les sp\u00e9cifications de MIL-STD<\/li>\n\n\n\n<li>Usinage automatis\u00e9 et cellules de peinture robotis\u00e9es<\/li>\n<\/ul>\n\n\n\n<h2 class=\"wp-block-heading\"><strong>Nos emplacements<\/strong><\/h2>\n\n\n\n<h3 class=\"wp-block-heading\"><strong><strong>Si\u00e8ge social<\/strong><\/strong><\/h3>\n\n\n\n<p class=\"wp-block-paragraph\"><strong>Montreal, Canada<\/strong><\/p>\n\n\n\n<ul class=\"wp-block-list\">\n<li>Espace total&nbsp;: 271&nbsp;731&nbsp;pi<sup>2<\/sup><\/li>\n\n\n\n<li>Conception, ing\u00e9nierie, fabrication, ventes<\/li>\n\n\n\n<li>Avionique et micro\u00e9lectronique commerciale et militaire<\/li>\n<\/ul>\n\n\n\n<h3 class=\"wp-block-heading\">\u00c9tablissement aux \u00c9tats-Unis<\/h3>\n\n\n\n<p class=\"wp-block-paragraph\"><strong>Sugar Grove, Illinois<\/strong><\/p>\n\n\n\n<ul class=\"wp-block-list\">\n<li>Espace total&nbsp;: 45 000&nbsp;pi<sup>2<\/sup><\/li>\n\n\n\n<li>Conception, ing\u00e9nierie, fabrication, ventes<\/li>\n\n\n\n<li>HUD et postes de pilotage militaires<\/li>\n<\/ul>\n\n\n\n<div class=\"wp-block-buttons\">\n<div class=\"wp-block-button\"><a class=\"wp-block-button__link wp-element-button\" href=\"https:\/\/cmcelectronics.ca\/fr\/contactez-nous\/\">Contactez-nous<\/a><\/div>\n<\/div>\n","protected":false},"excerpt":{"rendered":"<p>Nous concevons et fabriquons des syst\u00e8mes d&rsquo;int\u00e9gration de poste de pilotage, d&rsquo;avionique et d&rsquo;affichage conform\u00e9ment aux normes civiles et militaires les plus \u00e9lev\u00e9es. L\u2019\u00e9quipe de CMC fa\u00e7onne l\u2019avenir du vol depuis des d\u00e9cennies, toujours en \u00e9troite collaboration avec nos clients pour les aider \u00e0 mieux servir, prot\u00e9ger et r\u00e9ussir. Ing\u00e9nierie Nos capacit\u00e9s d\u2019ing\u00e9nierie unissent les [&hellip;]<\/p>\n","protected":false},"author":1,"featured_media":0,"parent":1648,"menu_order":30,"comment_status":"closed","ping_status":"closed","template":"","meta":{"_acf_changed":false,"_gspb_post_css":"","_crdt_document":"","content-type":"","inline_featured_image":false,"footnotes":""},"class_list":["post-1639","page","type-page","status-publish","hentry"],"acf":[],"yoast_head":"<!-- This site is optimized with the Yoast SEO plugin v27.0 - https:\/\/yoast.com\/product\/yoast-seo-wordpress\/ -->\n<title>Nos capacit\u00e9s - CMC \u00c9lectronique<\/title>\n<meta name=\"robots\" content=\"index, follow, max-snippet:-1, max-image-preview:large, max-video-preview:-1\" \/>\n<link rel=\"canonical\" href=\"https:\/\/cmcelectronics.ca\/fr\/a-propos-de-nous\/nos-capacites\/\" \/>\n<meta property=\"og:locale\" content=\"fr_FR\" \/>\n<meta property=\"og:type\" content=\"article\" \/>\n<meta property=\"og:title\" content=\"Nos capacit\u00e9s - CMC \u00c9lectronique\" \/>\n<meta property=\"og:description\" content=\"Nous concevons et fabriquons des syst\u00e8mes d&rsquo;int\u00e9gration de poste de pilotage, d&rsquo;avionique et d&rsquo;affichage conform\u00e9ment aux normes civiles et militaires les plus \u00e9lev\u00e9es. L\u2019\u00e9quipe de CMC fa\u00e7onne l\u2019avenir du vol depuis des d\u00e9cennies, toujours en \u00e9troite collaboration avec nos clients pour les aider \u00e0 mieux servir, prot\u00e9ger et r\u00e9ussir. Ing\u00e9nierie Nos capacit\u00e9s d\u2019ing\u00e9nierie unissent les [&hellip;]\" \/>\n<meta property=\"og:url\" content=\"https:\/\/cmcelectronics.ca\/fr\/a-propos-de-nous\/nos-capacites\/\" \/>\n<meta property=\"og:site_name\" content=\"CMC \u00c9lectronique\" \/>\n<meta property=\"article:modified_time\" content=\"2023-01-19T22:18:38+00:00\" \/>\n<meta property=\"og:image\" content=\"https:\/\/cmcelectronics.ca\/wp-content\/uploads\/2022\/11\/3.0-CMC_WEB_Top-banners_1920X360_bandeau-page-about-us_1.jpg\" \/>\n<meta name=\"twitter:card\" content=\"summary_large_image\" \/>\n<meta name=\"twitter:label1\" content=\"Dur\u00e9e de lecture estim\u00e9e\" \/>\n\t<meta name=\"twitter:data1\" content=\"3 minutes\" \/>\n<script type=\"application\/ld+json\" class=\"yoast-schema-graph\">{\"@context\":\"https:\/\/schema.org\",\"@graph\":[{\"@type\":\"WebPage\",\"@id\":\"https:\/\/cmcelectronics.ca\/fr\/a-propos-de-nous\/nos-capacites\/\",\"url\":\"https:\/\/cmcelectronics.ca\/fr\/a-propos-de-nous\/nos-capacites\/\",\"name\":\"Nos capacit\u00e9s - CMC \u00c9lectronique\",\"isPartOf\":{\"@id\":\"https:\/\/cmcelectronics.ca\/fr\/#website\"},\"primaryImageOfPage\":{\"@id\":\"https:\/\/cmcelectronics.ca\/fr\/a-propos-de-nous\/nos-capacites\/#primaryimage\"},\"image\":{\"@id\":\"https:\/\/cmcelectronics.ca\/fr\/a-propos-de-nous\/nos-capacites\/#primaryimage\"},\"thumbnailUrl\":\"https:\/\/cmcelectronics.ca\/wp-content\/uploads\/2022\/11\/3.0-CMC_WEB_Top-banners_1920X360_bandeau-page-about-us_1.jpg\",\"datePublished\":\"2022-11-11T14:49:14+00:00\",\"dateModified\":\"2023-01-19T22:18:38+00:00\",\"breadcrumb\":{\"@id\":\"https:\/\/cmcelectronics.ca\/fr\/a-propos-de-nous\/nos-capacites\/#breadcrumb\"},\"inLanguage\":\"fr-FR\",\"potentialAction\":[{\"@type\":\"ReadAction\",\"target\":[\"https:\/\/cmcelectronics.ca\/fr\/a-propos-de-nous\/nos-capacites\/\"]}]},{\"@type\":\"ImageObject\",\"inLanguage\":\"fr-FR\",\"@id\":\"https:\/\/cmcelectronics.ca\/fr\/a-propos-de-nous\/nos-capacites\/#primaryimage\",\"url\":\"https:\/\/cmcelectronics.ca\/wp-content\/uploads\/2022\/11\/3.0-CMC_WEB_Top-banners_1920X360_bandeau-page-about-us_1.jpg\",\"contentUrl\":\"https:\/\/cmcelectronics.ca\/wp-content\/uploads\/2022\/11\/3.0-CMC_WEB_Top-banners_1920X360_bandeau-page-about-us_1.jpg\"},{\"@type\":\"BreadcrumbList\",\"@id\":\"https:\/\/cmcelectronics.ca\/fr\/a-propos-de-nous\/nos-capacites\/#breadcrumb\",\"itemListElement\":[{\"@type\":\"ListItem\",\"position\":1,\"name\":\"Accueil\",\"item\":\"https:\/\/cmcelectronics.ca\/fr\/\"},{\"@type\":\"ListItem\",\"position\":2,\"name\":\"\u00c0 propos de nous\",\"item\":\"https:\/\/cmcelectronics.ca\/fr\/a-propos-de-nous\/\"},{\"@type\":\"ListItem\",\"position\":3,\"name\":\"Nos capacit\u00e9s\"}]},{\"@type\":\"WebSite\",\"@id\":\"https:\/\/cmcelectronics.ca\/fr\/#website\",\"url\":\"https:\/\/cmcelectronics.ca\/fr\/\",\"name\":\"CMC \u00c9lectronique\",\"description\":\"\",\"publisher\":{\"@id\":\"https:\/\/cmcelectronics.ca\/fr\/#organization\"},\"potentialAction\":[{\"@type\":\"SearchAction\",\"target\":{\"@type\":\"EntryPoint\",\"urlTemplate\":\"https:\/\/cmcelectronics.ca\/fr\/?s={search_term_string}\"},\"query-input\":{\"@type\":\"PropertyValueSpecification\",\"valueRequired\":true,\"valueName\":\"search_term_string\"}}],\"inLanguage\":\"fr-FR\"},{\"@type\":\"Organization\",\"@id\":\"https:\/\/cmcelectronics.ca\/fr\/#organization\",\"name\":\"CMC \u00c9lectronique\",\"url\":\"https:\/\/cmcelectronics.ca\/fr\/\",\"logo\":{\"@type\":\"ImageObject\",\"inLanguage\":\"fr-FR\",\"@id\":\"https:\/\/cmcelectronics.ca\/fr\/#\/schema\/logo\/image\/\",\"url\":\"https:\/\/cmcelectronics.ca\/wp-content\/uploads\/2022\/08\/logo-CMC_black.svg\",\"contentUrl\":\"https:\/\/cmcelectronics.ca\/wp-content\/uploads\/2022\/08\/logo-CMC_black.svg\",\"width\":180,\"height\":57,\"caption\":\"CMC \u00c9lectronique\"},\"image\":{\"@id\":\"https:\/\/cmcelectronics.ca\/fr\/#\/schema\/logo\/image\/\"},\"sameAs\":[\"https:\/\/www.linkedin.com\/company\/cmc-electronics\"]}]}<\/script>\n<!-- \/ Yoast SEO plugin. -->","yoast_head_json":{"title":"Nos capacit\u00e9s - CMC \u00c9lectronique","robots":{"index":"index","follow":"follow","max-snippet":"max-snippet:-1","max-image-preview":"max-image-preview:large","max-video-preview":"max-video-preview:-1"},"canonical":"https:\/\/cmcelectronics.ca\/fr\/a-propos-de-nous\/nos-capacites\/","og_locale":"fr_FR","og_type":"article","og_title":"Nos capacit\u00e9s - CMC \u00c9lectronique","og_description":"Nous concevons et fabriquons des syst\u00e8mes d&rsquo;int\u00e9gration de poste de pilotage, d&rsquo;avionique et d&rsquo;affichage conform\u00e9ment aux normes civiles et militaires les plus \u00e9lev\u00e9es. L\u2019\u00e9quipe de CMC fa\u00e7onne l\u2019avenir du vol depuis des d\u00e9cennies, toujours en \u00e9troite collaboration avec nos clients pour les aider \u00e0 mieux servir, prot\u00e9ger et r\u00e9ussir. Ing\u00e9nierie Nos capacit\u00e9s d\u2019ing\u00e9nierie unissent les [&hellip;]","og_url":"https:\/\/cmcelectronics.ca\/fr\/a-propos-de-nous\/nos-capacites\/","og_site_name":"CMC \u00c9lectronique","article_modified_time":"2023-01-19T22:18:38+00:00","og_image":[{"url":"https:\/\/cmcelectronics.ca\/wp-content\/uploads\/2022\/11\/3.0-CMC_WEB_Top-banners_1920X360_bandeau-page-about-us_1.jpg","type":"","width":"","height":""}],"twitter_card":"summary_large_image","twitter_misc":{"Dur\u00e9e de lecture estim\u00e9e":"3 minutes"},"schema":{"@context":"https:\/\/schema.org","@graph":[{"@type":"WebPage","@id":"https:\/\/cmcelectronics.ca\/fr\/a-propos-de-nous\/nos-capacites\/","url":"https:\/\/cmcelectronics.ca\/fr\/a-propos-de-nous\/nos-capacites\/","name":"Nos capacit\u00e9s - CMC \u00c9lectronique","isPartOf":{"@id":"https:\/\/cmcelectronics.ca\/fr\/#website"},"primaryImageOfPage":{"@id":"https:\/\/cmcelectronics.ca\/fr\/a-propos-de-nous\/nos-capacites\/#primaryimage"},"image":{"@id":"https:\/\/cmcelectronics.ca\/fr\/a-propos-de-nous\/nos-capacites\/#primaryimage"},"thumbnailUrl":"https:\/\/cmcelectronics.ca\/wp-content\/uploads\/2022\/11\/3.0-CMC_WEB_Top-banners_1920X360_bandeau-page-about-us_1.jpg","datePublished":"2022-11-11T14:49:14+00:00","dateModified":"2023-01-19T22:18:38+00:00","breadcrumb":{"@id":"https:\/\/cmcelectronics.ca\/fr\/a-propos-de-nous\/nos-capacites\/#breadcrumb"},"inLanguage":"fr-FR","potentialAction":[{"@type":"ReadAction","target":["https:\/\/cmcelectronics.ca\/fr\/a-propos-de-nous\/nos-capacites\/"]}]},{"@type":"ImageObject","inLanguage":"fr-FR","@id":"https:\/\/cmcelectronics.ca\/fr\/a-propos-de-nous\/nos-capacites\/#primaryimage","url":"https:\/\/cmcelectronics.ca\/wp-content\/uploads\/2022\/11\/3.0-CMC_WEB_Top-banners_1920X360_bandeau-page-about-us_1.jpg","contentUrl":"https:\/\/cmcelectronics.ca\/wp-content\/uploads\/2022\/11\/3.0-CMC_WEB_Top-banners_1920X360_bandeau-page-about-us_1.jpg"},{"@type":"BreadcrumbList","@id":"https:\/\/cmcelectronics.ca\/fr\/a-propos-de-nous\/nos-capacites\/#breadcrumb","itemListElement":[{"@type":"ListItem","position":1,"name":"Accueil","item":"https:\/\/cmcelectronics.ca\/fr\/"},{"@type":"ListItem","position":2,"name":"\u00c0 propos de nous","item":"https:\/\/cmcelectronics.ca\/fr\/a-propos-de-nous\/"},{"@type":"ListItem","position":3,"name":"Nos capacit\u00e9s"}]},{"@type":"WebSite","@id":"https:\/\/cmcelectronics.ca\/fr\/#website","url":"https:\/\/cmcelectronics.ca\/fr\/","name":"CMC \u00c9lectronique","description":"","publisher":{"@id":"https:\/\/cmcelectronics.ca\/fr\/#organization"},"potentialAction":[{"@type":"SearchAction","target":{"@type":"EntryPoint","urlTemplate":"https:\/\/cmcelectronics.ca\/fr\/?s={search_term_string}"},"query-input":{"@type":"PropertyValueSpecification","valueRequired":true,"valueName":"search_term_string"}}],"inLanguage":"fr-FR"},{"@type":"Organization","@id":"https:\/\/cmcelectronics.ca\/fr\/#organization","name":"CMC \u00c9lectronique","url":"https:\/\/cmcelectronics.ca\/fr\/","logo":{"@type":"ImageObject","inLanguage":"fr-FR","@id":"https:\/\/cmcelectronics.ca\/fr\/#\/schema\/logo\/image\/","url":"https:\/\/cmcelectronics.ca\/wp-content\/uploads\/2022\/08\/logo-CMC_black.svg","contentUrl":"https:\/\/cmcelectronics.ca\/wp-content\/uploads\/2022\/08\/logo-CMC_black.svg","width":180,"height":57,"caption":"CMC \u00c9lectronique"},"image":{"@id":"https:\/\/cmcelectronics.ca\/fr\/#\/schema\/logo\/image\/"},"sameAs":["https:\/\/www.linkedin.com\/company\/cmc-electronics"]}]}},"_links":{"self":[{"href":"https:\/\/cmcelectronics.ca\/fr\/wp-json\/wp\/v2\/pages\/1639","targetHints":{"allow":["GET"]}}],"collection":[{"href":"https:\/\/cmcelectronics.ca\/fr\/wp-json\/wp\/v2\/pages"}],"about":[{"href":"https:\/\/cmcelectronics.ca\/fr\/wp-json\/wp\/v2\/types\/page"}],"author":[{"embeddable":true,"href":"https:\/\/cmcelectronics.ca\/fr\/wp-json\/wp\/v2\/users\/1"}],"replies":[{"embeddable":true,"href":"https:\/\/cmcelectronics.ca\/fr\/wp-json\/wp\/v2\/comments?post=1639"}],"version-history":[{"count":0,"href":"https:\/\/cmcelectronics.ca\/fr\/wp-json\/wp\/v2\/pages\/1639\/revisions"}],"up":[{"embeddable":true,"href":"https:\/\/cmcelectronics.ca\/fr\/wp-json\/wp\/v2\/pages\/1648"}],"wp:attachment":[{"href":"https:\/\/cmcelectronics.ca\/fr\/wp-json\/wp\/v2\/media?parent=1639"}],"curies":[{"name":"wp","href":"https:\/\/api.w.org\/{rel}","templated":true}]}}