{"id":165,"date":"2022-08-23T19:23:29","date_gmt":"2022-08-23T23:23:29","guid":{"rendered":"https:\/\/cmcelectronics.ca\/contact-us\/"},"modified":"2023-12-13T08:49:03","modified_gmt":"2023-12-13T13:49:03","slug":"contactez-nous","status":"publish","type":"page","link":"https:\/\/cmcelectronics.ca\/fr\/contactez-nous\/","title":{"rendered":"Contactez-nous"},"content":{"rendered":"\n<div class=\"wp-block-cover alignfull is-light is-style-title-banner\"><span aria-hidden=\"true\" class=\"wp-block-cover__background has-background-dim\"><\/span><img decoding=\"async\" width=\"1930\" height=\"360\" class=\"wp-block-cover__image-background wp-image-1403 lazyload\" alt=\"\" data-src=\"https:\/\/cmcelectronics.ca\/wp-content\/smush-webp\/2022\/11\/9.0-CMC_WEB_top-banners_1920x360_bandeau_contact-us.jpg.webp\" data-object-fit=\"cover\" data-srcset=\"https:\/\/cmcelectronics.ca\/wp-content\/smush-webp\/2022\/11\/9.0-CMC_WEB_top-banners_1920x360_bandeau_contact-us.jpg.webp 1930w, https:\/\/cmcelectronics.ca\/wp-content\/smush-webp\/2022\/11\/9.0-CMC_WEB_top-banners_1920x360_bandeau_contact-us-300x56.jpg.webp 300w, https:\/\/cmcelectronics.ca\/wp-content\/smush-webp\/2022\/11\/9.0-CMC_WEB_top-banners_1920x360_bandeau_contact-us-1024x191.jpg.webp 1024w, https:\/\/cmcelectronics.ca\/wp-content\/smush-webp\/2022\/11\/9.0-CMC_WEB_top-banners_1920x360_bandeau_contact-us-768x143.jpg.webp 768w, https:\/\/cmcelectronics.ca\/wp-content\/smush-webp\/2022\/11\/9.0-CMC_WEB_top-banners_1920x360_bandeau_contact-us-1536x287.jpg.webp 1536w\" data-sizes=\"(max-width: 1930px) 100vw, 1930px\" src=\"data:image\/svg+xml;base64,PHN2ZyB3aWR0aD0iMSIgaGVpZ2h0PSIxIiB4bWxucz0iaHR0cDovL3d3dy53My5vcmcvMjAwMC9zdmciPjwvc3ZnPg==\" style=\"--smush-placeholder-width: 1930px; --smush-placeholder-aspect-ratio: 1930\/360;\" \/><div class=\"wp-block-cover__inner-container\">\n<p class=\"has-text-align-center has-large-font-size wp-block-paragraph\"><\/p>\n<\/div><\/div>\n\n\n\n<div class=\"wp-block-group alignfull has-padding-y-large has-accent-background-color has-background\"><div class=\"yoast-breadcrumbs alignwide \"><span class=\"breadcrumbs\"><a href=\"https:\/\/cmcelectronics.ca\/fr\/\" class=\"breadcrumbs__element\">Accueil<\/a> <span class=\"breadcrumbs__separator\">\n        <svg class=\"icon icon-breadcrumb__separator\"><use xlink:href=\"#icon-breadcrumb__separator\"><\/use><\/svg>\n    <\/span> <span class=\"breadcrumbs__element breadcrumbs__element-current\">Contactez-nous<\/span><\/span><\/div><\/div>\n\n\n\n<h1 class=\"wp-block-heading\">Contactez-nous<\/h1>\n\n\n\n<p class=\"wp-block-paragraph\"><\/p>\n\n\n\n<div class=\"wp-block-columns\">\n<div class=\"wp-block-column\">\n<h2 class=\"wp-block-heading\">Ventes<\/h2>\n\n\n\n<p class=\"wp-block-paragraph\">CMC \u00c9lectronique<br>600 boul. Dr-Frederik-Philips<br>Montr\u00e9al, Qu\u00e9bec<br>Canada H4M 2S9<\/p>\n\n\n\n<p class=\"wp-block-paragraph\">T\u00e9l\u00e9phone: <a href=\"tel:514-748-3000\" target=\"_blank\" rel=\"noreferrer noopener\">+1 (514) 748-3000<\/a><\/p>\n\n\n\n<p class=\"wp-block-paragraph\"><a href=\"mailto:cmc.sales@cmcelectronics.ca\" target=\"_blank\" rel=\"noreferrer noopener\">cmc.sales@cmcelectronics.ca<\/a><\/p>\n<\/div>\n\n\n\n<div class=\"wp-block-column\">\n<h2 class=\"wp-block-heading\">Service \u00e0 la client\u00e8le <\/h2>\n\n\n\n<p class=\"wp-block-paragraph\">T\u00e9l\u00e9phone: <a href=\"tel:514-748-3000\" target=\"_blank\" rel=\"noreferrer noopener\">+1 (514) 748-3000<\/a><br><a href=\"mailto:customer.support@cmcelectronics.ca\" target=\"_blank\" rel=\"noreferrer noopener\">customer.support@cmcelectronics.ca<\/a><\/p>\n\n\n\n<p class=\"wp-block-paragraph\">Service \u00e0 la client\u00e8le et r\u00e9parations<\/p>\n\n\n\n<p class=\"wp-block-paragraph\">T\u00e9l\u00e9phone : <a href=\"tel:514-748-3124\" target=\"_blank\" rel=\"noreferrer noopener\">+1 (514) 748-3124<\/a><\/p>\n\n\n\n<p class=\"wp-block-paragraph\">Service technique et formation<\/p>\n\n\n\n<p class=\"wp-block-paragraph\">Am\u00e9rique du Nord <a href=\"tel:1-888-827-2881\">+1-888-827-2881<\/a><\/p>\n\n\n\n<p class=\"wp-block-paragraph\">Ailleurs dans le monde <a href=\"tel:1-514-748-3050\" target=\"_blank\" rel=\"noreferrer noopener\">+1 (514) 748-3050<\/a><\/p>\n<\/div>\n<\/div>\n\n\n\n<hr class=\"wp-block-separator has-alpha-channel-opacity is-style-default\"\/>\n\n\n\n<h2 class=\"wp-block-heading\">\u00c9tablissements<\/h2>\n\n\n\n<p class=\"wp-block-paragraph\">Une \u00e9quipe mondiale toujours pr\u00e8s de vous avec des services de production et d&rsquo;ing\u00e9nierie \u00e0 la fine pointe de la technologie en Am\u00e9rique du Nord<\/p>\n\n\n\n<p class=\"wp-block-paragraph\"><\/p>\n\n\n\n<div class=\"wp-block-columns\">\n<div class=\"wp-block-column\">\n<h3 class=\"wp-block-heading\">Si\u00e8ge social<\/h3>\n\n\n\n<h4 class=\"wp-block-heading\"><strong>Montr\u00e9al, Qu\u00e9bec<\/strong><\/h4>\n\n\n\n<p class=\"wp-block-paragraph\">600 boul. Dr-Frederik-Philips<br>Montr\u00e9al, Qu\u00e9bec<br>Canada H4M 2S9<\/p>\n\n\n\n<p class=\"wp-block-paragraph\">T\u00e9l\u00e9phone: <a href=\"tel:+1(514)748-3000\" target=\"_blank\" rel=\"noreferrer noopener\">+1 (514) 748-3000<\/a><\/p>\n<\/div>\n\n\n\n<div class=\"wp-block-column\">\n<h3 class=\"wp-block-heading\">\u00c9tablissement aux \u00c9tats-Unis<\/h3>\n\n\n\n<h4 class=\"wp-block-heading\"><strong>Sugar Grove, Illinois<\/strong><\/h4>\n\n\n\n<p class=\"wp-block-paragraph\">84 North Dugan Road P.O. Box 250<br>Sugar Grove, IL<br>U.S.A. 60554-0250<\/p>\n\n\n\n<p class=\"wp-block-paragraph\">T\u00e9l\u00e9phone: <a href=\"tel:+1(630)466-4343\" target=\"_blank\" rel=\"noreferrer noopener\">+1 (630) 466 4343<\/a><\/p>\n<\/div>\n<\/div>\n\n\n\n<hr class=\"wp-block-separator has-alpha-channel-opacity is-style-default\"\/>\n\n\n\n<div class=\"wp-block-group\"><\/div>\n","protected":false},"excerpt":{"rendered":"<p>Contactez-nous Ventes CMC \u00c9lectronique600 boul. Dr-Frederik-PhilipsMontr\u00e9al, Qu\u00e9becCanada H4M 2S9 T\u00e9l\u00e9phone: +1 (514) 748-3000 cmc.sales@cmcelectronics.ca Service \u00e0 la client\u00e8le T\u00e9l\u00e9phone: +1 (514) 748-3000customer.support@cmcelectronics.ca Service \u00e0 la client\u00e8le et r\u00e9parations T\u00e9l\u00e9phone : +1 (514) 748-3124 Service technique et formation Am\u00e9rique du Nord +1-888-827-2881 Ailleurs dans le monde +1 (514) 748-3050 \u00c9tablissements Une \u00e9quipe mondiale toujours pr\u00e8s de [&hellip;]<\/p>\n","protected":false},"author":1,"featured_media":0,"parent":0,"menu_order":0,"comment_status":"closed","ping_status":"closed","template":"","meta":{"_acf_changed":false,"_gspb_post_css":"","_crdt_document":"","content-type":"","inline_featured_image":false,"footnotes":""},"class_list":["post-165","page","type-page","status-publish","hentry"],"acf":[],"yoast_head":"<!-- This site is optimized with the Yoast SEO plugin v27.0 - https:\/\/yoast.com\/product\/yoast-seo-wordpress\/ -->\n<title>Contactez-nous - CMC \u00c9lectronique<\/title>\n<meta name=\"robots\" content=\"index, follow, max-snippet:-1, max-image-preview:large, max-video-preview:-1\" \/>\n<link rel=\"canonical\" href=\"https:\/\/cmcelectronics.ca\/fr\/contactez-nous\/\" \/>\n<meta property=\"og:locale\" content=\"fr_FR\" \/>\n<meta property=\"og:type\" content=\"article\" \/>\n<meta property=\"og:title\" content=\"Contactez-nous - CMC \u00c9lectronique\" \/>\n<meta property=\"og:description\" content=\"Contactez-nous Ventes CMC \u00c9lectronique600 boul. Dr-Frederik-PhilipsMontr\u00e9al, Qu\u00e9becCanada H4M 2S9 T\u00e9l\u00e9phone: +1 (514) 748-3000 cmc.sales@cmcelectronics.ca Service \u00e0 la client\u00e8le T\u00e9l\u00e9phone: +1 (514) 748-3000customer.support@cmcelectronics.ca Service \u00e0 la client\u00e8le et r\u00e9parations T\u00e9l\u00e9phone : +1 (514) 748-3124 Service technique et formation Am\u00e9rique du Nord +1-888-827-2881 Ailleurs dans le monde +1 (514) 748-3050 \u00c9tablissements Une \u00e9quipe mondiale toujours pr\u00e8s de [&hellip;]\" \/>\n<meta property=\"og:url\" content=\"https:\/\/cmcelectronics.ca\/fr\/contactez-nous\/\" \/>\n<meta property=\"og:site_name\" content=\"CMC \u00c9lectronique\" \/>\n<meta property=\"article:modified_time\" content=\"2023-12-13T13:49:03+00:00\" \/>\n<meta property=\"og:image\" content=\"https:\/\/cmcelectronics.ca\/wp-content\/uploads\/2022\/11\/9.0-CMC_WEB_top-banners_1920x360_bandeau_contact-us.jpg\" \/>\n<meta name=\"twitter:card\" content=\"summary_large_image\" \/>\n<meta name=\"twitter:label1\" content=\"Dur\u00e9e de lecture estim\u00e9e\" \/>\n\t<meta name=\"twitter:data1\" content=\"1 minute\" \/>\n<script type=\"application\/ld+json\" class=\"yoast-schema-graph\">{\"@context\":\"https:\/\/schema.org\",\"@graph\":[{\"@type\":\"WebPage\",\"@id\":\"https:\/\/cmcelectronics.ca\/fr\/contactez-nous\/\",\"url\":\"https:\/\/cmcelectronics.ca\/fr\/contactez-nous\/\",\"name\":\"Contactez-nous - CMC \u00c9lectronique\",\"isPartOf\":{\"@id\":\"https:\/\/cmcelectronics.ca\/fr\/#website\"},\"primaryImageOfPage\":{\"@id\":\"https:\/\/cmcelectronics.ca\/fr\/contactez-nous\/#primaryimage\"},\"image\":{\"@id\":\"https:\/\/cmcelectronics.ca\/fr\/contactez-nous\/#primaryimage\"},\"thumbnailUrl\":\"https:\/\/cmcelectronics.ca\/wp-content\/uploads\/2022\/11\/9.0-CMC_WEB_top-banners_1920x360_bandeau_contact-us.jpg\",\"datePublished\":\"2022-08-23T23:23:29+00:00\",\"dateModified\":\"2023-12-13T13:49:03+00:00\",\"breadcrumb\":{\"@id\":\"https:\/\/cmcelectronics.ca\/fr\/contactez-nous\/#breadcrumb\"},\"inLanguage\":\"fr-FR\",\"potentialAction\":[{\"@type\":\"ReadAction\",\"target\":[\"https:\/\/cmcelectronics.ca\/fr\/contactez-nous\/\"]}]},{\"@type\":\"ImageObject\",\"inLanguage\":\"fr-FR\",\"@id\":\"https:\/\/cmcelectronics.ca\/fr\/contactez-nous\/#primaryimage\",\"url\":\"https:\/\/cmcelectronics.ca\/wp-content\/uploads\/2022\/11\/9.0-CMC_WEB_top-banners_1920x360_bandeau_contact-us.jpg\",\"contentUrl\":\"https:\/\/cmcelectronics.ca\/wp-content\/uploads\/2022\/11\/9.0-CMC_WEB_top-banners_1920x360_bandeau_contact-us.jpg\"},{\"@type\":\"BreadcrumbList\",\"@id\":\"https:\/\/cmcelectronics.ca\/fr\/contactez-nous\/#breadcrumb\",\"itemListElement\":[{\"@type\":\"ListItem\",\"position\":1,\"name\":\"Accueil\",\"item\":\"https:\/\/cmcelectronics.ca\/fr\/\"},{\"@type\":\"ListItem\",\"position\":2,\"name\":\"Contactez-nous\"}]},{\"@type\":\"WebSite\",\"@id\":\"https:\/\/cmcelectronics.ca\/fr\/#website\",\"url\":\"https:\/\/cmcelectronics.ca\/fr\/\",\"name\":\"CMC \u00c9lectronique\",\"description\":\"\",\"publisher\":{\"@id\":\"https:\/\/cmcelectronics.ca\/fr\/#organization\"},\"potentialAction\":[{\"@type\":\"SearchAction\",\"target\":{\"@type\":\"EntryPoint\",\"urlTemplate\":\"https:\/\/cmcelectronics.ca\/fr\/?s={search_term_string}\"},\"query-input\":{\"@type\":\"PropertyValueSpecification\",\"valueRequired\":true,\"valueName\":\"search_term_string\"}}],\"inLanguage\":\"fr-FR\"},{\"@type\":\"Organization\",\"@id\":\"https:\/\/cmcelectronics.ca\/fr\/#organization\",\"name\":\"CMC \u00c9lectronique\",\"url\":\"https:\/\/cmcelectronics.ca\/fr\/\",\"logo\":{\"@type\":\"ImageObject\",\"inLanguage\":\"fr-FR\",\"@id\":\"https:\/\/cmcelectronics.ca\/fr\/#\/schema\/logo\/image\/\",\"url\":\"https:\/\/cmcelectronics.ca\/wp-content\/uploads\/2022\/08\/logo-CMC_black.svg\",\"contentUrl\":\"https:\/\/cmcelectronics.ca\/wp-content\/uploads\/2022\/08\/logo-CMC_black.svg\",\"width\":180,\"height\":57,\"caption\":\"CMC \u00c9lectronique\"},\"image\":{\"@id\":\"https:\/\/cmcelectronics.ca\/fr\/#\/schema\/logo\/image\/\"},\"sameAs\":[\"https:\/\/www.linkedin.com\/company\/cmc-electronics\"]}]}<\/script>\n<!-- \/ Yoast SEO plugin. -->","yoast_head_json":{"title":"Contactez-nous - CMC \u00c9lectronique","robots":{"index":"index","follow":"follow","max-snippet":"max-snippet:-1","max-image-preview":"max-image-preview:large","max-video-preview":"max-video-preview:-1"},"canonical":"https:\/\/cmcelectronics.ca\/fr\/contactez-nous\/","og_locale":"fr_FR","og_type":"article","og_title":"Contactez-nous - CMC \u00c9lectronique","og_description":"Contactez-nous Ventes CMC \u00c9lectronique600 boul. Dr-Frederik-PhilipsMontr\u00e9al, Qu\u00e9becCanada H4M 2S9 T\u00e9l\u00e9phone: +1 (514) 748-3000 cmc.sales@cmcelectronics.ca Service \u00e0 la client\u00e8le T\u00e9l\u00e9phone: +1 (514) 748-3000customer.support@cmcelectronics.ca Service \u00e0 la client\u00e8le et r\u00e9parations T\u00e9l\u00e9phone : +1 (514) 748-3124 Service technique et formation Am\u00e9rique du Nord +1-888-827-2881 Ailleurs dans le monde +1 (514) 748-3050 \u00c9tablissements Une \u00e9quipe mondiale toujours pr\u00e8s de [&hellip;]","og_url":"https:\/\/cmcelectronics.ca\/fr\/contactez-nous\/","og_site_name":"CMC \u00c9lectronique","article_modified_time":"2023-12-13T13:49:03+00:00","og_image":[{"url":"https:\/\/cmcelectronics.ca\/wp-content\/uploads\/2022\/11\/9.0-CMC_WEB_top-banners_1920x360_bandeau_contact-us.jpg","type":"","width":"","height":""}],"twitter_card":"summary_large_image","twitter_misc":{"Dur\u00e9e de lecture estim\u00e9e":"1 minute"},"schema":{"@context":"https:\/\/schema.org","@graph":[{"@type":"WebPage","@id":"https:\/\/cmcelectronics.ca\/fr\/contactez-nous\/","url":"https:\/\/cmcelectronics.ca\/fr\/contactez-nous\/","name":"Contactez-nous - CMC \u00c9lectronique","isPartOf":{"@id":"https:\/\/cmcelectronics.ca\/fr\/#website"},"primaryImageOfPage":{"@id":"https:\/\/cmcelectronics.ca\/fr\/contactez-nous\/#primaryimage"},"image":{"@id":"https:\/\/cmcelectronics.ca\/fr\/contactez-nous\/#primaryimage"},"thumbnailUrl":"https:\/\/cmcelectronics.ca\/wp-content\/uploads\/2022\/11\/9.0-CMC_WEB_top-banners_1920x360_bandeau_contact-us.jpg","datePublished":"2022-08-23T23:23:29+00:00","dateModified":"2023-12-13T13:49:03+00:00","breadcrumb":{"@id":"https:\/\/cmcelectronics.ca\/fr\/contactez-nous\/#breadcrumb"},"inLanguage":"fr-FR","potentialAction":[{"@type":"ReadAction","target":["https:\/\/cmcelectronics.ca\/fr\/contactez-nous\/"]}]},{"@type":"ImageObject","inLanguage":"fr-FR","@id":"https:\/\/cmcelectronics.ca\/fr\/contactez-nous\/#primaryimage","url":"https:\/\/cmcelectronics.ca\/wp-content\/uploads\/2022\/11\/9.0-CMC_WEB_top-banners_1920x360_bandeau_contact-us.jpg","contentUrl":"https:\/\/cmcelectronics.ca\/wp-content\/uploads\/2022\/11\/9.0-CMC_WEB_top-banners_1920x360_bandeau_contact-us.jpg"},{"@type":"BreadcrumbList","@id":"https:\/\/cmcelectronics.ca\/fr\/contactez-nous\/#breadcrumb","itemListElement":[{"@type":"ListItem","position":1,"name":"Accueil","item":"https:\/\/cmcelectronics.ca\/fr\/"},{"@type":"ListItem","position":2,"name":"Contactez-nous"}]},{"@type":"WebSite","@id":"https:\/\/cmcelectronics.ca\/fr\/#website","url":"https:\/\/cmcelectronics.ca\/fr\/","name":"CMC \u00c9lectronique","description":"","publisher":{"@id":"https:\/\/cmcelectronics.ca\/fr\/#organization"},"potentialAction":[{"@type":"SearchAction","target":{"@type":"EntryPoint","urlTemplate":"https:\/\/cmcelectronics.ca\/fr\/?s={search_term_string}"},"query-input":{"@type":"PropertyValueSpecification","valueRequired":true,"valueName":"search_term_string"}}],"inLanguage":"fr-FR"},{"@type":"Organization","@id":"https:\/\/cmcelectronics.ca\/fr\/#organization","name":"CMC \u00c9lectronique","url":"https:\/\/cmcelectronics.ca\/fr\/","logo":{"@type":"ImageObject","inLanguage":"fr-FR","@id":"https:\/\/cmcelectronics.ca\/fr\/#\/schema\/logo\/image\/","url":"https:\/\/cmcelectronics.ca\/wp-content\/uploads\/2022\/08\/logo-CMC_black.svg","contentUrl":"https:\/\/cmcelectronics.ca\/wp-content\/uploads\/2022\/08\/logo-CMC_black.svg","width":180,"height":57,"caption":"CMC \u00c9lectronique"},"image":{"@id":"https:\/\/cmcelectronics.ca\/fr\/#\/schema\/logo\/image\/"},"sameAs":["https:\/\/www.linkedin.com\/company\/cmc-electronics"]}]}},"_links":{"self":[{"href":"https:\/\/cmcelectronics.ca\/fr\/wp-json\/wp\/v2\/pages\/165","targetHints":{"allow":["GET"]}}],"collection":[{"href":"https:\/\/cmcelectronics.ca\/fr\/wp-json\/wp\/v2\/pages"}],"about":[{"href":"https:\/\/cmcelectronics.ca\/fr\/wp-json\/wp\/v2\/types\/page"}],"author":[{"embeddable":true,"href":"https:\/\/cmcelectronics.ca\/fr\/wp-json\/wp\/v2\/users\/1"}],"replies":[{"embeddable":true,"href":"https:\/\/cmcelectronics.ca\/fr\/wp-json\/wp\/v2\/comments?post=165"}],"version-history":[{"count":0,"href":"https:\/\/cmcelectronics.ca\/fr\/wp-json\/wp\/v2\/pages\/165\/revisions"}],"wp:attachment":[{"href":"https:\/\/cmcelectronics.ca\/fr\/wp-json\/wp\/v2\/media?parent=165"}],"curies":[{"name":"wp","href":"https:\/\/api.w.org\/{rel}","templated":true}]}}