{"id":1650,"date":"2022-08-23T19:23:30","date_gmt":"2022-08-23T23:23:30","guid":{"rendered":"https:\/\/cmcelectronics.ca\/about-us\/who-we-are\/"},"modified":"2022-12-07T16:11:24","modified_gmt":"2022-12-07T21:11:24","slug":"qui-nous-sommes","status":"publish","type":"page","link":"https:\/\/cmcelectronics.ca\/fr\/a-propos-de-nous\/qui-nous-sommes\/","title":{"rendered":"Qui nous sommes"},"content":{"rendered":"\n<div class=\"wp-block-cover alignfull is-light is-style-title-banner\"><span aria-hidden=\"true\" class=\"wp-block-cover__background has-background-dim\"><\/span><img decoding=\"async\" width=\"1930\" height=\"360\" class=\"wp-block-cover__image-background wp-image-1394 lazyload\" alt=\"\" data-src=\"https:\/\/cmcelectronics.ca\/wp-content\/smush-webp\/2022\/11\/3.0-CMC_WEB_Top-banners_1920X360_bandeau-page-about-us_1.jpg.webp\" data-object-fit=\"cover\" data-srcset=\"https:\/\/cmcelectronics.ca\/wp-content\/smush-webp\/2022\/11\/3.0-CMC_WEB_Top-banners_1920X360_bandeau-page-about-us_1.jpg.webp 1930w, https:\/\/cmcelectronics.ca\/wp-content\/smush-webp\/2022\/11\/3.0-CMC_WEB_Top-banners_1920X360_bandeau-page-about-us_1-300x56.jpg.webp 300w, https:\/\/cmcelectronics.ca\/wp-content\/smush-webp\/2022\/11\/3.0-CMC_WEB_Top-banners_1920X360_bandeau-page-about-us_1-1024x191.jpg.webp 1024w, https:\/\/cmcelectronics.ca\/wp-content\/smush-webp\/2022\/11\/3.0-CMC_WEB_Top-banners_1920X360_bandeau-page-about-us_1-768x143.jpg.webp 768w, https:\/\/cmcelectronics.ca\/wp-content\/smush-webp\/2022\/11\/3.0-CMC_WEB_Top-banners_1920X360_bandeau-page-about-us_1-1536x287.jpg.webp 1536w\" data-sizes=\"(max-width: 1930px) 100vw, 1930px\" src=\"data:image\/svg+xml;base64,PHN2ZyB3aWR0aD0iMSIgaGVpZ2h0PSIxIiB4bWxucz0iaHR0cDovL3d3dy53My5vcmcvMjAwMC9zdmciPjwvc3ZnPg==\" style=\"--smush-placeholder-width: 1930px; --smush-placeholder-aspect-ratio: 1930\/360;\" \/><div class=\"wp-block-cover__inner-container\"><h2 class=\"wp-block-post-title\">Qui nous sommes<\/h2><\/div><\/div>\n\n\n\n<div class=\"wp-block-group alignfull has-padding-y-large has-accent-background-color has-background\"><div class=\"yoast-breadcrumbs alignwide \"><span class=\"breadcrumbs\"><a href=\"https:\/\/cmcelectronics.ca\/fr\/\" class=\"breadcrumbs__element\">Accueil<\/a> <span class=\"breadcrumbs__separator\">\n        <svg class=\"icon icon-breadcrumb__separator\"><use xlink:href=\"#icon-breadcrumb__separator\"><\/use><\/svg>\n    <\/span> <a href=\"https:\/\/cmcelectronics.ca\/fr\/a-propos-de-nous\/\" class=\"breadcrumbs__element\">\u00c0 propos de nous<\/a> <span class=\"breadcrumbs__separator\">\n        <svg class=\"icon icon-breadcrumb__separator\"><use xlink:href=\"#icon-breadcrumb__separator\"><\/use><\/svg>\n    <\/span> <span class=\"breadcrumbs__element breadcrumbs__element-current\">Qui nous sommes<\/span><\/span><\/div><\/div>\n\n\n\n<h1 class=\"wp-block-heading\"><strong>L\u2019un des noms les plus fiables en avionique<\/strong><\/h1>\n\n\n\n<p class=\"wp-block-paragraph\">Depuis des d\u00e9cennies, les solutions de poste de pilotage de CMC ouvrent la voie \u00e0 une meilleure s\u00e9curit\u00e9, fiabilit\u00e9, sensibilisation \u00e0 la situation et efficacit\u00e9 de la mission dans l\u2019industrie de l\u2019aviation.<\/p>\n\n\n\n<div class=\"wp-block-columns\">\n<div class=\"wp-block-column\">\n<p class=\"is-style-primary-keynumbers wp-block-paragraph\"><strong>100+<\/strong><br>Ann\u00e9es d\u2019activit\u00e9<\/p>\n<\/div>\n\n\n\n<div class=\"wp-block-column\">\n<p class=\"is-style-primary-keynumbers wp-block-paragraph\"><strong>130+<\/strong><br>Plateformes d\u2019a\u00e9ronefs volant avec de l\u2019\u00e9quipement CMC<\/p>\n<\/div>\n\n\n\n<div class=\"wp-block-column\">\n<p class=\"is-style-primary-keynumbers wp-block-paragraph\"><strong>970+<\/strong><br>Clients dans plus de 80 pays<\/p>\n<\/div>\n<\/div>\n\n\n\n<div class=\"wp-block-columns\">\n<div class=\"wp-block-column\">\n<p class=\"is-style-primary-keynumbers wp-block-paragraph\"><strong>600+<\/strong><br>Solutions de poste de pilotage militaire vendues \u00e0 ce jour<\/p>\n<\/div>\n\n\n\n<div class=\"wp-block-column\">\n<p class=\"is-style-primary-keynumbers wp-block-paragraph\"><strong>12,000+<\/strong><br>Syst\u00e8mes de gestion des vols vendus \u00e0 ce jour<\/p>\n<\/div>\n\n\n\n<div class=\"wp-block-column\">\n<p class=\"is-style-primary-keynumbers wp-block-paragraph\"><strong>30,000+<\/strong>Capteurs GPS vendus \u00e0 ce jour<br><\/p>\n<\/div>\n<\/div>\n\n\n\n<h2 class=\"wp-block-heading\">Ce que nous faisons<\/h2>\n\n\n\n<h3 class=\"wp-block-heading\"><strong>Notre \u00e9quipe con\u00e7oit et fabrique de l\u2019avionique commerciale et militaire de pointe<\/strong><\/h3>\n\n\n\n<p class=\"wp-block-paragraph\">Nous offrons une vaste gamme de solutions avioniques personnalis\u00e9es \u00e0 architecture ouverte :<\/p>\n\n\n\n<ul class=\"wp-block-list\">\n<li><a href=\"https:\/\/cmcelectronics.ca\/fr\/nos-produits\/navigation\/\">Syst\u00e8mes de navigation<\/a><\/li>\n\n\n\n<li><a href=\"https:\/\/cmcelectronics.ca\/fr\/nos-produits\/integration-des-systemes-de-poste-de-pilotage\/\">Int\u00e9gration des syst\u00e8mes de poste de pilotage<\/a><\/li>\n\n\n\n<li><a href=\"https:\/\/cmcelectronics.ca\/fr\/nos-produits\/affichages-et-panneaux-de-commande\/\">Affichages et panneaux de commande<\/a><\/li>\n\n\n\n<li><a href=\"https:\/\/cmcelectronics.ca\/fr\/nos-produits\/ordinateurs-avioniques\/\">Ordinateurs avioniques<\/a><\/li>\n\n\n\n<li><a href=\"https:\/\/cmcelectronics.ca\/fr\/nos-produits\/microelectronique\/\">Micro\u00e9lectronique<\/a><\/li>\n<\/ul>\n","protected":false},"excerpt":{"rendered":"<p>L\u2019un des noms les plus fiables en avionique Depuis des d\u00e9cennies, les solutions de poste de pilotage de CMC ouvrent la voie \u00e0 une meilleure s\u00e9curit\u00e9, fiabilit\u00e9, sensibilisation \u00e0 la situation et efficacit\u00e9 de la mission dans l\u2019industrie de l\u2019aviation. 100+Ann\u00e9es d\u2019activit\u00e9 130+Plateformes d\u2019a\u00e9ronefs volant avec de l\u2019\u00e9quipement CMC 970+Clients dans plus de 80 pays [&hellip;]<\/p>\n","protected":false},"author":1,"featured_media":0,"parent":1648,"menu_order":10,"comment_status":"closed","ping_status":"closed","template":"","meta":{"_acf_changed":false,"_gspb_post_css":"","_crdt_document":"","content-type":"","inline_featured_image":false,"footnotes":""},"class_list":["post-1650","page","type-page","status-publish","hentry"],"acf":[],"yoast_head":"<!-- This site is optimized with the Yoast SEO plugin v27.0 - https:\/\/yoast.com\/product\/yoast-seo-wordpress\/ -->\n<title>Qui nous sommes - CMC \u00c9lectronique<\/title>\n<meta name=\"robots\" content=\"index, follow, max-snippet:-1, max-image-preview:large, max-video-preview:-1\" \/>\n<link rel=\"canonical\" href=\"https:\/\/cmcelectronics.ca\/fr\/a-propos-de-nous\/qui-nous-sommes\/\" \/>\n<meta property=\"og:locale\" content=\"fr_FR\" \/>\n<meta property=\"og:type\" content=\"article\" \/>\n<meta property=\"og:title\" content=\"Qui nous sommes - CMC \u00c9lectronique\" \/>\n<meta property=\"og:description\" content=\"L\u2019un des noms les plus fiables en avionique Depuis des d\u00e9cennies, les solutions de poste de pilotage de CMC ouvrent la voie \u00e0 une meilleure s\u00e9curit\u00e9, fiabilit\u00e9, sensibilisation \u00e0 la situation et efficacit\u00e9 de la mission dans l\u2019industrie de l\u2019aviation. 100+Ann\u00e9es d\u2019activit\u00e9 130+Plateformes d\u2019a\u00e9ronefs volant avec de l\u2019\u00e9quipement CMC 970+Clients dans plus de 80 pays [&hellip;]\" \/>\n<meta property=\"og:url\" content=\"https:\/\/cmcelectronics.ca\/fr\/a-propos-de-nous\/qui-nous-sommes\/\" \/>\n<meta property=\"og:site_name\" content=\"CMC \u00c9lectronique\" \/>\n<meta property=\"article:modified_time\" content=\"2022-12-07T21:11:24+00:00\" \/>\n<meta property=\"og:image\" content=\"https:\/\/cmcelectronics.ca\/wp-content\/uploads\/2022\/11\/3.0-CMC_WEB_Top-banners_1920X360_bandeau-page-about-us_1.jpg\" \/>\n<meta name=\"twitter:card\" content=\"summary_large_image\" \/>\n<meta name=\"twitter:label1\" content=\"Dur\u00e9e de lecture estim\u00e9e\" \/>\n\t<meta name=\"twitter:data1\" content=\"1 minute\" \/>\n<script type=\"application\/ld+json\" class=\"yoast-schema-graph\">{\"@context\":\"https:\/\/schema.org\",\"@graph\":[{\"@type\":\"WebPage\",\"@id\":\"https:\/\/cmcelectronics.ca\/fr\/a-propos-de-nous\/qui-nous-sommes\/\",\"url\":\"https:\/\/cmcelectronics.ca\/fr\/a-propos-de-nous\/qui-nous-sommes\/\",\"name\":\"Qui nous sommes - CMC \u00c9lectronique\",\"isPartOf\":{\"@id\":\"https:\/\/cmcelectronics.ca\/fr\/#website\"},\"primaryImageOfPage\":{\"@id\":\"https:\/\/cmcelectronics.ca\/fr\/a-propos-de-nous\/qui-nous-sommes\/#primaryimage\"},\"image\":{\"@id\":\"https:\/\/cmcelectronics.ca\/fr\/a-propos-de-nous\/qui-nous-sommes\/#primaryimage\"},\"thumbnailUrl\":\"https:\/\/cmcelectronics.ca\/wp-content\/uploads\/2022\/11\/3.0-CMC_WEB_Top-banners_1920X360_bandeau-page-about-us_1.jpg\",\"datePublished\":\"2022-08-23T23:23:30+00:00\",\"dateModified\":\"2022-12-07T21:11:24+00:00\",\"breadcrumb\":{\"@id\":\"https:\/\/cmcelectronics.ca\/fr\/a-propos-de-nous\/qui-nous-sommes\/#breadcrumb\"},\"inLanguage\":\"fr-FR\",\"potentialAction\":[{\"@type\":\"ReadAction\",\"target\":[\"https:\/\/cmcelectronics.ca\/fr\/a-propos-de-nous\/qui-nous-sommes\/\"]}]},{\"@type\":\"ImageObject\",\"inLanguage\":\"fr-FR\",\"@id\":\"https:\/\/cmcelectronics.ca\/fr\/a-propos-de-nous\/qui-nous-sommes\/#primaryimage\",\"url\":\"https:\/\/cmcelectronics.ca\/wp-content\/uploads\/2022\/11\/3.0-CMC_WEB_Top-banners_1920X360_bandeau-page-about-us_1.jpg\",\"contentUrl\":\"https:\/\/cmcelectronics.ca\/wp-content\/uploads\/2022\/11\/3.0-CMC_WEB_Top-banners_1920X360_bandeau-page-about-us_1.jpg\"},{\"@type\":\"BreadcrumbList\",\"@id\":\"https:\/\/cmcelectronics.ca\/fr\/a-propos-de-nous\/qui-nous-sommes\/#breadcrumb\",\"itemListElement\":[{\"@type\":\"ListItem\",\"position\":1,\"name\":\"Accueil\",\"item\":\"https:\/\/cmcelectronics.ca\/fr\/\"},{\"@type\":\"ListItem\",\"position\":2,\"name\":\"\u00c0 propos de nous\",\"item\":\"https:\/\/cmcelectronics.ca\/fr\/a-propos-de-nous\/\"},{\"@type\":\"ListItem\",\"position\":3,\"name\":\"Qui nous sommes\"}]},{\"@type\":\"WebSite\",\"@id\":\"https:\/\/cmcelectronics.ca\/fr\/#website\",\"url\":\"https:\/\/cmcelectronics.ca\/fr\/\",\"name\":\"CMC \u00c9lectronique\",\"description\":\"\",\"publisher\":{\"@id\":\"https:\/\/cmcelectronics.ca\/fr\/#organization\"},\"potentialAction\":[{\"@type\":\"SearchAction\",\"target\":{\"@type\":\"EntryPoint\",\"urlTemplate\":\"https:\/\/cmcelectronics.ca\/fr\/?s={search_term_string}\"},\"query-input\":{\"@type\":\"PropertyValueSpecification\",\"valueRequired\":true,\"valueName\":\"search_term_string\"}}],\"inLanguage\":\"fr-FR\"},{\"@type\":\"Organization\",\"@id\":\"https:\/\/cmcelectronics.ca\/fr\/#organization\",\"name\":\"CMC \u00c9lectronique\",\"url\":\"https:\/\/cmcelectronics.ca\/fr\/\",\"logo\":{\"@type\":\"ImageObject\",\"inLanguage\":\"fr-FR\",\"@id\":\"https:\/\/cmcelectronics.ca\/fr\/#\/schema\/logo\/image\/\",\"url\":\"https:\/\/cmcelectronics.ca\/wp-content\/uploads\/2022\/08\/logo-CMC_black.svg\",\"contentUrl\":\"https:\/\/cmcelectronics.ca\/wp-content\/uploads\/2022\/08\/logo-CMC_black.svg\",\"width\":180,\"height\":57,\"caption\":\"CMC \u00c9lectronique\"},\"image\":{\"@id\":\"https:\/\/cmcelectronics.ca\/fr\/#\/schema\/logo\/image\/\"},\"sameAs\":[\"https:\/\/www.linkedin.com\/company\/cmc-electronics\"]}]}<\/script>\n<!-- \/ Yoast SEO plugin. -->","yoast_head_json":{"title":"Qui nous sommes - CMC \u00c9lectronique","robots":{"index":"index","follow":"follow","max-snippet":"max-snippet:-1","max-image-preview":"max-image-preview:large","max-video-preview":"max-video-preview:-1"},"canonical":"https:\/\/cmcelectronics.ca\/fr\/a-propos-de-nous\/qui-nous-sommes\/","og_locale":"fr_FR","og_type":"article","og_title":"Qui nous sommes - CMC \u00c9lectronique","og_description":"L\u2019un des noms les plus fiables en avionique Depuis des d\u00e9cennies, les solutions de poste de pilotage de CMC ouvrent la voie \u00e0 une meilleure s\u00e9curit\u00e9, fiabilit\u00e9, sensibilisation \u00e0 la situation et efficacit\u00e9 de la mission dans l\u2019industrie de l\u2019aviation. 100+Ann\u00e9es d\u2019activit\u00e9 130+Plateformes d\u2019a\u00e9ronefs volant avec de l\u2019\u00e9quipement CMC 970+Clients dans plus de 80 pays [&hellip;]","og_url":"https:\/\/cmcelectronics.ca\/fr\/a-propos-de-nous\/qui-nous-sommes\/","og_site_name":"CMC \u00c9lectronique","article_modified_time":"2022-12-07T21:11:24+00:00","og_image":[{"url":"https:\/\/cmcelectronics.ca\/wp-content\/uploads\/2022\/11\/3.0-CMC_WEB_Top-banners_1920X360_bandeau-page-about-us_1.jpg","type":"","width":"","height":""}],"twitter_card":"summary_large_image","twitter_misc":{"Dur\u00e9e de lecture estim\u00e9e":"1 minute"},"schema":{"@context":"https:\/\/schema.org","@graph":[{"@type":"WebPage","@id":"https:\/\/cmcelectronics.ca\/fr\/a-propos-de-nous\/qui-nous-sommes\/","url":"https:\/\/cmcelectronics.ca\/fr\/a-propos-de-nous\/qui-nous-sommes\/","name":"Qui nous sommes - CMC \u00c9lectronique","isPartOf":{"@id":"https:\/\/cmcelectronics.ca\/fr\/#website"},"primaryImageOfPage":{"@id":"https:\/\/cmcelectronics.ca\/fr\/a-propos-de-nous\/qui-nous-sommes\/#primaryimage"},"image":{"@id":"https:\/\/cmcelectronics.ca\/fr\/a-propos-de-nous\/qui-nous-sommes\/#primaryimage"},"thumbnailUrl":"https:\/\/cmcelectronics.ca\/wp-content\/uploads\/2022\/11\/3.0-CMC_WEB_Top-banners_1920X360_bandeau-page-about-us_1.jpg","datePublished":"2022-08-23T23:23:30+00:00","dateModified":"2022-12-07T21:11:24+00:00","breadcrumb":{"@id":"https:\/\/cmcelectronics.ca\/fr\/a-propos-de-nous\/qui-nous-sommes\/#breadcrumb"},"inLanguage":"fr-FR","potentialAction":[{"@type":"ReadAction","target":["https:\/\/cmcelectronics.ca\/fr\/a-propos-de-nous\/qui-nous-sommes\/"]}]},{"@type":"ImageObject","inLanguage":"fr-FR","@id":"https:\/\/cmcelectronics.ca\/fr\/a-propos-de-nous\/qui-nous-sommes\/#primaryimage","url":"https:\/\/cmcelectronics.ca\/wp-content\/uploads\/2022\/11\/3.0-CMC_WEB_Top-banners_1920X360_bandeau-page-about-us_1.jpg","contentUrl":"https:\/\/cmcelectronics.ca\/wp-content\/uploads\/2022\/11\/3.0-CMC_WEB_Top-banners_1920X360_bandeau-page-about-us_1.jpg"},{"@type":"BreadcrumbList","@id":"https:\/\/cmcelectronics.ca\/fr\/a-propos-de-nous\/qui-nous-sommes\/#breadcrumb","itemListElement":[{"@type":"ListItem","position":1,"name":"Accueil","item":"https:\/\/cmcelectronics.ca\/fr\/"},{"@type":"ListItem","position":2,"name":"\u00c0 propos de nous","item":"https:\/\/cmcelectronics.ca\/fr\/a-propos-de-nous\/"},{"@type":"ListItem","position":3,"name":"Qui nous sommes"}]},{"@type":"WebSite","@id":"https:\/\/cmcelectronics.ca\/fr\/#website","url":"https:\/\/cmcelectronics.ca\/fr\/","name":"CMC \u00c9lectronique","description":"","publisher":{"@id":"https:\/\/cmcelectronics.ca\/fr\/#organization"},"potentialAction":[{"@type":"SearchAction","target":{"@type":"EntryPoint","urlTemplate":"https:\/\/cmcelectronics.ca\/fr\/?s={search_term_string}"},"query-input":{"@type":"PropertyValueSpecification","valueRequired":true,"valueName":"search_term_string"}}],"inLanguage":"fr-FR"},{"@type":"Organization","@id":"https:\/\/cmcelectronics.ca\/fr\/#organization","name":"CMC \u00c9lectronique","url":"https:\/\/cmcelectronics.ca\/fr\/","logo":{"@type":"ImageObject","inLanguage":"fr-FR","@id":"https:\/\/cmcelectronics.ca\/fr\/#\/schema\/logo\/image\/","url":"https:\/\/cmcelectronics.ca\/wp-content\/uploads\/2022\/08\/logo-CMC_black.svg","contentUrl":"https:\/\/cmcelectronics.ca\/wp-content\/uploads\/2022\/08\/logo-CMC_black.svg","width":180,"height":57,"caption":"CMC \u00c9lectronique"},"image":{"@id":"https:\/\/cmcelectronics.ca\/fr\/#\/schema\/logo\/image\/"},"sameAs":["https:\/\/www.linkedin.com\/company\/cmc-electronics"]}]}},"_links":{"self":[{"href":"https:\/\/cmcelectronics.ca\/fr\/wp-json\/wp\/v2\/pages\/1650","targetHints":{"allow":["GET"]}}],"collection":[{"href":"https:\/\/cmcelectronics.ca\/fr\/wp-json\/wp\/v2\/pages"}],"about":[{"href":"https:\/\/cmcelectronics.ca\/fr\/wp-json\/wp\/v2\/types\/page"}],"author":[{"embeddable":true,"href":"https:\/\/cmcelectronics.ca\/fr\/wp-json\/wp\/v2\/users\/1"}],"replies":[{"embeddable":true,"href":"https:\/\/cmcelectronics.ca\/fr\/wp-json\/wp\/v2\/comments?post=1650"}],"version-history":[{"count":0,"href":"https:\/\/cmcelectronics.ca\/fr\/wp-json\/wp\/v2\/pages\/1650\/revisions"}],"up":[{"embeddable":true,"href":"https:\/\/cmcelectronics.ca\/fr\/wp-json\/wp\/v2\/pages\/1648"}],"wp:attachment":[{"href":"https:\/\/cmcelectronics.ca\/fr\/wp-json\/wp\/v2\/media?parent=1650"}],"curies":[{"name":"wp","href":"https:\/\/api.w.org\/{rel}","templated":true}]}}