{"id":1659,"date":"2022-08-23T19:23:30","date_gmt":"2022-08-23T23:23:30","guid":{"rendered":"https:\/\/cmcelectronics.ca\/about-us\/history\/"},"modified":"2022-12-07T16:25:36","modified_gmt":"2022-12-07T21:25:36","slug":"notre-histoire","status":"publish","type":"page","link":"https:\/\/cmcelectronics.ca\/fr\/a-propos-de-nous\/notre-histoire\/","title":{"rendered":"Notre histoire"},"content":{"rendered":"\n<div class=\"wp-block-cover alignfull is-light is-style-title-banner\"><span aria-hidden=\"true\" class=\"wp-block-cover__background has-background-dim\"><\/span><img decoding=\"async\" width=\"1930\" height=\"360\" class=\"wp-block-cover__image-background wp-image-1400 lazyload\" alt=\"\" data-src=\"https:\/\/cmcelectronics.ca\/wp-content\/smush-webp\/2022\/11\/3.2-CMC_WEB_Top-banners_1920X360_Notre-histoire-1.jpg.webp\" data-object-fit=\"cover\" data-srcset=\"https:\/\/cmcelectronics.ca\/wp-content\/smush-webp\/2022\/11\/3.2-CMC_WEB_Top-banners_1920X360_Notre-histoire-1.jpg.webp 1930w, https:\/\/cmcelectronics.ca\/wp-content\/smush-webp\/2022\/11\/3.2-CMC_WEB_Top-banners_1920X360_Notre-histoire-1-300x56.jpg.webp 300w, https:\/\/cmcelectronics.ca\/wp-content\/smush-webp\/2022\/11\/3.2-CMC_WEB_Top-banners_1920X360_Notre-histoire-1-1024x191.jpg.webp 1024w, https:\/\/cmcelectronics.ca\/wp-content\/smush-webp\/2022\/11\/3.2-CMC_WEB_Top-banners_1920X360_Notre-histoire-1-768x143.jpg.webp 768w, https:\/\/cmcelectronics.ca\/wp-content\/smush-webp\/2022\/11\/3.2-CMC_WEB_Top-banners_1920X360_Notre-histoire-1-1536x287.jpg.webp 1536w\" data-sizes=\"(max-width: 1930px) 100vw, 1930px\" src=\"data:image\/svg+xml;base64,PHN2ZyB3aWR0aD0iMSIgaGVpZ2h0PSIxIiB4bWxucz0iaHR0cDovL3d3dy53My5vcmcvMjAwMC9zdmciPjwvc3ZnPg==\" style=\"--smush-placeholder-width: 1930px; --smush-placeholder-aspect-ratio: 1930\/360;\" \/><div class=\"wp-block-cover__inner-container\"><h3 class=\"wp-block-post-title\">Notre histoire<\/h3><\/div><\/div>\n\n\n\n<div class=\"wp-block-group alignfull has-padding-y-large has-accent-background-color has-background\"><div class=\"yoast-breadcrumbs alignwide \"><span class=\"breadcrumbs\"><a href=\"https:\/\/cmcelectronics.ca\/fr\/\" class=\"breadcrumbs__element\">Accueil<\/a> <span class=\"breadcrumbs__separator\">\n        <svg class=\"icon icon-breadcrumb__separator\"><use xlink:href=\"#icon-breadcrumb__separator\"><\/use><\/svg>\n    <\/span> <a href=\"https:\/\/cmcelectronics.ca\/fr\/a-propos-de-nous\/\" class=\"breadcrumbs__element\">\u00c0 propos de nous<\/a> <span class=\"breadcrumbs__separator\">\n        <svg class=\"icon icon-breadcrumb__separator\"><use xlink:href=\"#icon-breadcrumb__separator\"><\/use><\/svg>\n    <\/span> <span class=\"breadcrumbs__element breadcrumbs__element-current\">Notre histoire<\/span><\/span><\/div><\/div>\n\n\n\n<h1 class=\"wp-block-heading\"><strong>L\u2019avionique de pointe fond\u00e9e sur une bonne connaissance des clients et une longue histoire d\u2019excellence<\/strong><\/h1>\n\n\n\n<figure class=\"wp-block-image aligncenter size-full\"><img decoding=\"async\" width=\"519\" height=\"389\" data-src=\"https:\/\/cmcelectronics.ca\/wp-content\/smush-webp\/2022\/11\/3.0.3.1-CMC_519x389_our-history.jpg.webp\" alt=\"\" class=\"wp-image-1588 lazyload\" data-srcset=\"https:\/\/cmcelectronics.ca\/wp-content\/smush-webp\/2022\/11\/3.0.3.1-CMC_519x389_our-history.jpg.webp 519w, https:\/\/cmcelectronics.ca\/wp-content\/smush-webp\/2022\/11\/3.0.3.1-CMC_519x389_our-history-300x225.jpg.webp 300w\" data-sizes=\"(max-width: 519px) 100vw, 519px\" src=\"data:image\/svg+xml;base64,PHN2ZyB3aWR0aD0iMSIgaGVpZ2h0PSIxIiB4bWxucz0iaHR0cDovL3d3dy53My5vcmcvMjAwMC9zdmciPjwvc3ZnPg==\" style=\"--smush-placeholder-width: 519px; --smush-placeholder-aspect-ratio: 519\/389;\" \/><\/figure>\n\n\n\n\n<p class=\"act-lead wp-block-paragraph\">CMC \u00c9lectronique a r\u00e9alis\u00e9 de nombreuses \u00ab premi\u00e8res \u00bb et a vu beaucoup de changements dans l\u2019aviation au fil des d\u00e9cennies. Mais une chose est toujours rest\u00e9e la m\u00eame. Nous continuons d\u2019\u00eatre motiv\u00e9s par le m\u00eame esprit cr\u00e9atif que notre fondateur, Guglielmo Marconi, inventeur du radiot\u00e9l\u00e9graphe.<\/p>\n\n\n\n<div class=\"align act-sequence\">\r\n                <div class=\"act-sequence__element \">\r\n            <h3 class=\"act-sequence__title\">1903<\/h3>\r\n            <div class=\"act-sequence__description\">\r\n            <p>L\u2019entreprise de t\u00e9l\u00e9graphe sans fil de Marconi est constitu\u00e9e en soci\u00e9t\u00e9 au Canada.<\/p>\n            <\/div>\r\n        <\/div>\r\n            <div class=\"act-sequence__element \">\r\n            <h3 class=\"act-sequence__title\">1909<\/h3>\r\n            <div class=\"act-sequence__description\">\r\n            <p>La premi\u00e8re usine est ouverte \u00e0 Montr\u00e9al.<\/p>\n            <\/div>\r\n        <\/div>\r\n            <div class=\"act-sequence__element \">\r\n            <h3 class=\"act-sequence__title\">1912<\/h3>\r\n            <div class=\"act-sequence__description\">\r\n            <p>La station sans fil Marconi re\u00e7oit le signal de d\u00e9tresse de S.S. Titanic.<\/p>\n            <\/div>\r\n        <\/div>\r\n            <div class=\"act-sequence__element \">\r\n            <h3 class=\"act-sequence__title\">1919<\/h3>\r\n            <div class=\"act-sequence__description\">\r\n            <p>La premi\u00e8re station de radiodiffusion commerciale exp\u00e9rimentale du Canada est \u00e9tablie par Marconi \u00e0 Montr\u00e9al. <\/p>\n            <\/div>\r\n        <\/div>\r\n            <div class=\"act-sequence__element \">\r\n            <h3 class=\"act-sequence__title\">1921<\/h3>\r\n            <div class=\"act-sequence__description\">\r\n            <p>Les premiers r\u00e9cepteurs radio r\u00e9sidentiels Marconi apparaissent au Canada.<\/p>\n            <\/div>\r\n        <\/div>\r\n            <div class=\"act-sequence__element \">\r\n            <h3 class=\"act-sequence__title\">1925<\/h3>\r\n            <div class=\"act-sequence__description\">\r\n            <p>La soci\u00e9t\u00e9 de t\u00e9l\u00e9graphe sans fil Marconi du Canada change de nom et devient la Canadian Marconi Company.<\/p>\n            <\/div>\r\n        <\/div>\r\n            <div class=\"act-sequence__element \">\r\n            <h3 class=\"act-sequence__title\">1931<\/h3>\r\n            <div class=\"act-sequence__description\">\r\n            <p>Le r\u00e9seau radio canadien est cr\u00e9\u00e9 par la Canadian Marconi Company. Elle deviendra plus tard le Centre canadien de radiodiffusion (CBC).<\/p>\n            <\/div>\r\n        <\/div>\r\n            <div class=\"act-sequence__element \">\r\n            <h3 class=\"act-sequence__title\">1951<\/h3>\r\n            <div class=\"act-sequence__description\">\r\n            <p>La Canadian Marconi Company commence \u00e0 concevoir et \u00e0 fabriquer des r\u00e9cepteurs de t\u00e9l\u00e9vision.<\/p>\n            <\/div>\r\n        <\/div>\r\n            <div class=\"act-sequence__element \">\r\n            <h3 class=\"act-sequence__title\">1953<\/h3>\r\n            <div class=\"act-sequence__description\">\r\n            <p>La soci\u00e9t\u00e9 English Electric Company Limited du Royaume-Uni acquiert 50,6 % de la Canadian Marconi Company.<\/p>\n            <\/div>\r\n        <\/div>\r\n            <div class=\"act-sequence__element \">\r\n            <h3 class=\"act-sequence__title\">1956<\/h3>\r\n            <div class=\"act-sequence__description\">\r\n            <p>La Canadian Marconi Company devient la premi\u00e8re entreprise canadienne \u00e0 concevoir un syst\u00e8me complet de relais radio pour micro-ondes, la ligne de d\u00e9fense Mid-Canada.<\/p>\n            <\/div>\r\n        <\/div>\r\n            <div class=\"act-sequence__element \">\r\n            <h3 class=\"act-sequence__title\">1957<\/h3>\r\n            <div class=\"act-sequence__description\">\r\n            <p>La Canadian Marconi Company est la premi\u00e8re au monde \u00e0 d\u00e9velopper un radar Doppler FM-CW, r\u00e9volutionnant la navigation a\u00e9rienne autonome et priv\u00e9e d\u2019acc\u00e8s GPS.<\/p>\n            <\/div>\r\n        <\/div>\r\n            <div class=\"act-sequence__element \">\r\n            <h3 class=\"act-sequence__title\">1960s &#8211; 1970s<\/h3>\r\n            <div class=\"act-sequence__description\">\r\n            <p>La Canadian Marconi Company se concentre sur la navigation, la surveillance et les syst\u00e8mes d\u2019affichage des a\u00e9ronefs, les communications radio tactiques, les syst\u00e8mes radar et les syst\u00e8mes de commutation t\u00e9lex \u00e0 multiprocesseurs.<\/p>\n            <\/div>\r\n        <\/div>\r\n            <div class=\"act-sequence__element \">\r\n            <h3 class=\"act-sequence__title\">1980s &#8211; 1990s<\/h3>\r\n            <div class=\"act-sequence__description\">\r\n            <ul>\n<li style=\"font-weight: 400;\" aria-level=\"1\">La Canadian Marconi Company entre dans les march\u00e9s haut de gamme de l\u2019aviation, des communications, de la d\u00e9tection infrarouge, de l\u2019\u00e9lectronique marine et du positionnement.<\/li>\n<li style=\"font-weight: 400;\" aria-level=\"1\">Voici les ant\u00e9c\u00e9dents de r\u00e9ussite de l\u2019entreprise en tant que fournisseur d\u2019avionique et int\u00e9grateur de syst\u00e8mes.<\/li>\n<\/ul>\n            <\/div>\r\n        <\/div>\r\n            <div class=\"act-sequence__element \">\r\n            <h3 class=\"act-sequence__title\">2001<\/h3>\r\n            <div class=\"act-sequence__description\">\r\n            <p>La Canadian Marconi Company change de nom pour CMC \u00c9lectronique Inc. afin de refl\u00e9ter son accent sur l\u2019avionique, tout en honorant sa riche histoire d\u2019innovateur.<\/p>\n            <\/div>\r\n        <\/div>\r\n            <div class=\"act-sequence__element \">\r\n            <h3 class=\"act-sequence__title\">2002<\/h3>\r\n            <div class=\"act-sequence__description\">\r\n            <ul>\n<li>CMC \u00c9lectronique fait l\u2019acquisition du fabricant d\u2019affichage t\u00eate haute (HUD) Flight Visions de Sugar Grove, en Illinois.<\/li>\n<li>Il lance \u00e9galement son syst\u00e8me de vision am\u00e9lior\u00e9e, augmentant consid\u00e9rablement la conscience situationnelle non seulement au d\u00e9collage, \u00e0 l\u2019approche et \u00e0 l\u2019atterrissage, mais aussi lors des man\u0153uvres au sol.<\/li>\n<\/ul>\n            <\/div>\r\n        <\/div>\r\n            <div class=\"act-sequence__element \">\r\n            <h3 class=\"act-sequence__title\">2003<\/h3>\r\n            <div class=\"act-sequence__description\">\r\n            <p><span style=\"font-weight: 400;\">CMC \u00c9lectronique lance\u00a0:<\/span><\/p>\n<ul>\n<li style=\"font-weight: 400;\" aria-level=\"1\"><span style=\"font-weight: 400;\">Affichage t\u00eate haute HeliHawk\u00ae<\/span><\/li>\n<li style=\"font-weight: 400;\" aria-level=\"1\"><span style=\"font-weight: 400;\">Prototype de poste de pilotage KAI XKT-1C<\/span><\/li>\n<\/ul>\n            <\/div>\r\n        <\/div>\r\n            <div class=\"act-sequence__element \">\r\n            <h3 class=\"act-sequence__title\">2004<\/h3>\r\n            <div class=\"act-sequence__description\">\r\n            <p><span style=\"font-weight: 400;\">CMC \u00c9lectronique lance\u00a0:<\/span><\/p>\n<ul>\n<li style=\"font-weight: 400;\" aria-level=\"1\"><span style=\"font-weight: 400;\">Organiseur \u00e9lectronique de poste de pilotage PilotView\u00ae<\/span><\/li>\n<li style=\"font-weight: 400;\" aria-level=\"1\"><span style=\"font-weight: 400;\">Syst\u00e8me de gestion de vol CMA-9000<\/span><\/li>\n<li style=\"font-weight: 400;\" aria-level=\"1\"><span style=\"font-weight: 400;\">Appareil de d\u00e9monstration pour entra\u00eenement T-6B avec avionique de poste de pilotage CMC<\/span><\/li>\n<\/ul>\n            <\/div>\r\n        <\/div>\r\n            <div class=\"act-sequence__element \">\r\n            <h3 class=\"act-sequence__title\">2005<\/h3>\r\n            <div class=\"act-sequence__description\">\r\n            <p><span style=\"font-weight: 400;\">CMC \u00c9lectronique lance\u00a0:<\/span><\/p>\n<ul>\n<li style=\"font-weight: 400;\" aria-level=\"1\"><span style=\"font-weight: 400;\">Hybrides \u00e9lectro-optiques<\/span><\/li>\n<li style=\"font-weight: 400;\" aria-level=\"1\"><span style=\"font-weight: 400;\">Capteur GPS WAAS IntegriFlight\u2122 CMA-5024<\/span><\/li>\n<li style=\"font-weight: 400;\" aria-level=\"1\"><span style=\"font-weight: 400;\">Appareil de d\u00e9monstration M-311 avec avionique de poste de pilotage CMC<\/span><\/li>\n<\/ul>\n            <\/div>\r\n        <\/div>\r\n            <div class=\"act-sequence__element \">\r\n            <h3 class=\"act-sequence__title\">2006<\/h3>\r\n            <div class=\"act-sequence__description\">\r\n            <ul>\n<li style=\"font-weight: 400;\" aria-level=\"1\"><span style=\"font-weight: 400;\">CMC \u00c9lectronique lance\u00a0:<\/span>\n<ul>\n<li style=\"font-weight: 400;\" aria-level=\"2\"><span style=\"font-weight: 400;\">Syst\u00e8me de gestion de vol CMA-4000<\/span><\/li>\n<li style=\"font-weight: 400;\" aria-level=\"2\"><span style=\"font-weight: 400;\">Technologie d\u2019interrupteur \u00e0 panneau<\/span><\/li>\n<\/ul>\n<\/li>\n<li style=\"font-weight: 400;\" aria-level=\"1\"><span style=\"font-weight: 400;\">Hawker Beechcraft choisit CMC comme fournisseur d\u2019avionique pour la production de son avion d\u2019entra\u00eenement T-6B, avec une suite avionique enti\u00e8rement int\u00e9gr\u00e9e qui a fourni un poste de pilotage en verre repr\u00e9sentatif des combattants de premi\u00e8re ligne avanc\u00e9s.<\/span><\/li>\n<\/ul>\n            <\/div>\r\n        <\/div>\r\n            <div class=\"act-sequence__element \">\r\n            <h3 class=\"act-sequence__title\">2007<\/h3>\r\n            <div class=\"act-sequence__description\">\r\n            <p>CMC \u00c9lectronique est acquise par Esterline, qui con\u00e7oit, fabrique et commercialise des produits sp\u00e9cialis\u00e9s principalement pour les clients de l\u2019a\u00e9rospatiale et de la d\u00e9fense.<\/p>\n            <\/div>\r\n        <\/div>\r\n            <div class=\"act-sequence__element \">\r\n            <h3 class=\"act-sequence__title\">2008<\/h3>\r\n            <div class=\"act-sequence__description\">\r\n            <p><span style=\"font-weight: 400;\">CMC \u00c9lectronique lance\u00a0:<\/span><\/p>\n<ul>\n<li style=\"font-weight: 400;\" aria-level=\"1\"><span style=\"font-weight: 400;\">\u00c9cran de mission portatif TacView\u00ae<\/span><\/li>\n<li style=\"font-weight: 400;\" aria-level=\"1\"><span style=\"font-weight: 400;\">Organiseur \u00e9lectronique de poste de pilotage (EFB) PilotView\u00ae avec \u00e9cran de 10,4\u00a0po<\/span><\/li>\n<\/ul>\n            <\/div>\r\n        <\/div>\r\n            <div class=\"act-sequence__element \">\r\n            <h3 class=\"act-sequence__title\">2013<\/h3>\r\n            <div class=\"act-sequence__description\">\r\n            <p><span style=\"font-weight: 400;\">CMC \u00c9lectronique lance\u00a0:<\/span><\/p>\n<ul>\n<li style=\"font-weight: 400;\" aria-level=\"1\"><span style=\"font-weight: 400;\">Affichage PilotView\u00ae EFB de 12,1\u00a0po, un organiseur \u00e9lectronique de poste de pilotage qui augmente la connaissance situationnelle en vol avec des tableaux d\u2019approche, des cartes mobiles, un affichage de syst\u00e8mes de vision am\u00e9lior\u00e9s (EVS) et des informations m\u00e9t\u00e9orologiques graphiques en temps r\u00e9el.<\/span><\/li>\n<li style=\"font-weight: 400;\" aria-level=\"1\"><span style=\"font-weight: 400;\">Gamme de produits Serveurs d\u2019information sur les a\u00e9ronefs pour r\u00e9pondre aux exigences croissantes de partage de donn\u00e9es associ\u00e9es aux syst\u00e8mes d\u2019entretien de postes de pilotage, de cabines et d\u2019a\u00e9ronefs.<\/span><\/li>\n<\/ul>\n            <\/div>\r\n        <\/div>\r\n            <div class=\"act-sequence__element \">\r\n            <h3 class=\"act-sequence__title\">2017<\/h3>\r\n            <div class=\"act-sequence__description\">\r\n            <p>CMC lance sa solution int\u00e9gr\u00e9e de poste de pilotage d\u2019h\u00e9licopt\u00e8re.<\/p>\n            <\/div>\r\n        <\/div>\r\n            <div class=\"act-sequence__element \">\r\n            <h3 class=\"act-sequence__title\">2019<\/h3>\r\n            <div class=\"act-sequence__description\">\r\n            <p>Esterline est acquise par Transdigm, un important producteur, concepteur et fournisseur mondial de composants, syst\u00e8mes et sous-syst\u00e8mes a\u00e9rospatiaux.<\/p>\n            <\/div>\r\n        <\/div>\r\n            <div class=\"act-sequence__element \">\r\n            <h3 class=\"act-sequence__title\">2021<\/h3>\r\n            <div class=\"act-sequence__description\">\r\n            <p>L\u2019ordinateur avionique multic\u0153ur PU-3000 et l\u2019\u00e9cran multifonction intelligent MFD-3068 de CMC re\u00e7oivent la premi\u00e8re certification civile multic\u0153ur au monde.<\/p>\n            <\/div>\r\n        <\/div>\r\n    <\/div>\r\n","protected":false},"excerpt":{"rendered":"<p>L\u2019avionique de pointe fond\u00e9e sur une bonne connaissance des clients et une longue histoire d\u2019excellence<\/p>\n","protected":false},"author":1,"featured_media":0,"parent":1648,"menu_order":40,"comment_status":"closed","ping_status":"closed","template":"","meta":{"_acf_changed":false,"_gspb_post_css":"","_crdt_document":"","content-type":"","inline_featured_image":false,"footnotes":""},"class_list":["post-1659","page","type-page","status-publish","hentry"],"acf":[],"yoast_head":"<!-- This site is optimized with the Yoast SEO plugin v27.0 - https:\/\/yoast.com\/product\/yoast-seo-wordpress\/ -->\n<title>Notre histoire - CMC \u00c9lectronique<\/title>\n<meta name=\"robots\" content=\"index, follow, max-snippet:-1, max-image-preview:large, max-video-preview:-1\" \/>\n<link rel=\"canonical\" href=\"https:\/\/cmcelectronics.ca\/fr\/a-propos-de-nous\/notre-histoire\/\" \/>\n<meta property=\"og:locale\" content=\"fr_FR\" \/>\n<meta property=\"og:type\" content=\"article\" \/>\n<meta property=\"og:title\" content=\"Notre histoire - CMC \u00c9lectronique\" \/>\n<meta property=\"og:description\" content=\"L\u2019avionique de pointe fond\u00e9e sur une bonne connaissance des clients et une longue histoire d\u2019excellence\" \/>\n<meta property=\"og:url\" content=\"https:\/\/cmcelectronics.ca\/fr\/a-propos-de-nous\/notre-histoire\/\" \/>\n<meta property=\"og:site_name\" content=\"CMC \u00c9lectronique\" \/>\n<meta property=\"article:modified_time\" content=\"2022-12-07T21:25:36+00:00\" \/>\n<meta property=\"og:image\" content=\"https:\/\/cmcelectronics.ca\/wp-content\/uploads\/2022\/11\/3.2-CMC_WEB_Top-banners_1920X360_Notre-histoire-1.jpg\" \/>\n<meta name=\"twitter:card\" content=\"summary_large_image\" \/>\n<meta name=\"twitter:label1\" content=\"Dur\u00e9e de lecture estim\u00e9e\" \/>\n\t<meta name=\"twitter:data1\" content=\"1 minute\" \/>\n<script type=\"application\/ld+json\" class=\"yoast-schema-graph\">{\"@context\":\"https:\/\/schema.org\",\"@graph\":[{\"@type\":\"WebPage\",\"@id\":\"https:\/\/cmcelectronics.ca\/fr\/a-propos-de-nous\/notre-histoire\/\",\"url\":\"https:\/\/cmcelectronics.ca\/fr\/a-propos-de-nous\/notre-histoire\/\",\"name\":\"Notre histoire - CMC \u00c9lectronique\",\"isPartOf\":{\"@id\":\"https:\/\/cmcelectronics.ca\/fr\/#website\"},\"primaryImageOfPage\":{\"@id\":\"https:\/\/cmcelectronics.ca\/fr\/a-propos-de-nous\/notre-histoire\/#primaryimage\"},\"image\":{\"@id\":\"https:\/\/cmcelectronics.ca\/fr\/a-propos-de-nous\/notre-histoire\/#primaryimage\"},\"thumbnailUrl\":\"https:\/\/cmcelectronics.ca\/wp-content\/uploads\/2022\/11\/3.2-CMC_WEB_Top-banners_1920X360_Notre-histoire-1.jpg\",\"datePublished\":\"2022-08-23T23:23:30+00:00\",\"dateModified\":\"2022-12-07T21:25:36+00:00\",\"breadcrumb\":{\"@id\":\"https:\/\/cmcelectronics.ca\/fr\/a-propos-de-nous\/notre-histoire\/#breadcrumb\"},\"inLanguage\":\"fr-FR\",\"potentialAction\":[{\"@type\":\"ReadAction\",\"target\":[\"https:\/\/cmcelectronics.ca\/fr\/a-propos-de-nous\/notre-histoire\/\"]}]},{\"@type\":\"ImageObject\",\"inLanguage\":\"fr-FR\",\"@id\":\"https:\/\/cmcelectronics.ca\/fr\/a-propos-de-nous\/notre-histoire\/#primaryimage\",\"url\":\"https:\/\/cmcelectronics.ca\/wp-content\/uploads\/2022\/11\/3.2-CMC_WEB_Top-banners_1920X360_Notre-histoire-1.jpg\",\"contentUrl\":\"https:\/\/cmcelectronics.ca\/wp-content\/uploads\/2022\/11\/3.2-CMC_WEB_Top-banners_1920X360_Notre-histoire-1.jpg\"},{\"@type\":\"BreadcrumbList\",\"@id\":\"https:\/\/cmcelectronics.ca\/fr\/a-propos-de-nous\/notre-histoire\/#breadcrumb\",\"itemListElement\":[{\"@type\":\"ListItem\",\"position\":1,\"name\":\"Accueil\",\"item\":\"https:\/\/cmcelectronics.ca\/fr\/\"},{\"@type\":\"ListItem\",\"position\":2,\"name\":\"\u00c0 propos de nous\",\"item\":\"https:\/\/cmcelectronics.ca\/fr\/a-propos-de-nous\/\"},{\"@type\":\"ListItem\",\"position\":3,\"name\":\"Notre histoire\"}]},{\"@type\":\"WebSite\",\"@id\":\"https:\/\/cmcelectronics.ca\/fr\/#website\",\"url\":\"https:\/\/cmcelectronics.ca\/fr\/\",\"name\":\"CMC \u00c9lectronique\",\"description\":\"\",\"publisher\":{\"@id\":\"https:\/\/cmcelectronics.ca\/fr\/#organization\"},\"potentialAction\":[{\"@type\":\"SearchAction\",\"target\":{\"@type\":\"EntryPoint\",\"urlTemplate\":\"https:\/\/cmcelectronics.ca\/fr\/?s={search_term_string}\"},\"query-input\":{\"@type\":\"PropertyValueSpecification\",\"valueRequired\":true,\"valueName\":\"search_term_string\"}}],\"inLanguage\":\"fr-FR\"},{\"@type\":\"Organization\",\"@id\":\"https:\/\/cmcelectronics.ca\/fr\/#organization\",\"name\":\"CMC \u00c9lectronique\",\"url\":\"https:\/\/cmcelectronics.ca\/fr\/\",\"logo\":{\"@type\":\"ImageObject\",\"inLanguage\":\"fr-FR\",\"@id\":\"https:\/\/cmcelectronics.ca\/fr\/#\/schema\/logo\/image\/\",\"url\":\"https:\/\/cmcelectronics.ca\/wp-content\/uploads\/2022\/08\/logo-CMC_black.svg\",\"contentUrl\":\"https:\/\/cmcelectronics.ca\/wp-content\/uploads\/2022\/08\/logo-CMC_black.svg\",\"width\":180,\"height\":57,\"caption\":\"CMC \u00c9lectronique\"},\"image\":{\"@id\":\"https:\/\/cmcelectronics.ca\/fr\/#\/schema\/logo\/image\/\"},\"sameAs\":[\"https:\/\/www.linkedin.com\/company\/cmc-electronics\"]}]}<\/script>\n<!-- \/ Yoast SEO plugin. -->","yoast_head_json":{"title":"Notre histoire - CMC \u00c9lectronique","robots":{"index":"index","follow":"follow","max-snippet":"max-snippet:-1","max-image-preview":"max-image-preview:large","max-video-preview":"max-video-preview:-1"},"canonical":"https:\/\/cmcelectronics.ca\/fr\/a-propos-de-nous\/notre-histoire\/","og_locale":"fr_FR","og_type":"article","og_title":"Notre histoire - CMC \u00c9lectronique","og_description":"L\u2019avionique de pointe fond\u00e9e sur une bonne connaissance des clients et une longue histoire d\u2019excellence","og_url":"https:\/\/cmcelectronics.ca\/fr\/a-propos-de-nous\/notre-histoire\/","og_site_name":"CMC \u00c9lectronique","article_modified_time":"2022-12-07T21:25:36+00:00","og_image":[{"url":"https:\/\/cmcelectronics.ca\/wp-content\/uploads\/2022\/11\/3.2-CMC_WEB_Top-banners_1920X360_Notre-histoire-1.jpg","type":"","width":"","height":""}],"twitter_card":"summary_large_image","twitter_misc":{"Dur\u00e9e de lecture estim\u00e9e":"1 minute"},"schema":{"@context":"https:\/\/schema.org","@graph":[{"@type":"WebPage","@id":"https:\/\/cmcelectronics.ca\/fr\/a-propos-de-nous\/notre-histoire\/","url":"https:\/\/cmcelectronics.ca\/fr\/a-propos-de-nous\/notre-histoire\/","name":"Notre histoire - CMC \u00c9lectronique","isPartOf":{"@id":"https:\/\/cmcelectronics.ca\/fr\/#website"},"primaryImageOfPage":{"@id":"https:\/\/cmcelectronics.ca\/fr\/a-propos-de-nous\/notre-histoire\/#primaryimage"},"image":{"@id":"https:\/\/cmcelectronics.ca\/fr\/a-propos-de-nous\/notre-histoire\/#primaryimage"},"thumbnailUrl":"https:\/\/cmcelectronics.ca\/wp-content\/uploads\/2022\/11\/3.2-CMC_WEB_Top-banners_1920X360_Notre-histoire-1.jpg","datePublished":"2022-08-23T23:23:30+00:00","dateModified":"2022-12-07T21:25:36+00:00","breadcrumb":{"@id":"https:\/\/cmcelectronics.ca\/fr\/a-propos-de-nous\/notre-histoire\/#breadcrumb"},"inLanguage":"fr-FR","potentialAction":[{"@type":"ReadAction","target":["https:\/\/cmcelectronics.ca\/fr\/a-propos-de-nous\/notre-histoire\/"]}]},{"@type":"ImageObject","inLanguage":"fr-FR","@id":"https:\/\/cmcelectronics.ca\/fr\/a-propos-de-nous\/notre-histoire\/#primaryimage","url":"https:\/\/cmcelectronics.ca\/wp-content\/uploads\/2022\/11\/3.2-CMC_WEB_Top-banners_1920X360_Notre-histoire-1.jpg","contentUrl":"https:\/\/cmcelectronics.ca\/wp-content\/uploads\/2022\/11\/3.2-CMC_WEB_Top-banners_1920X360_Notre-histoire-1.jpg"},{"@type":"BreadcrumbList","@id":"https:\/\/cmcelectronics.ca\/fr\/a-propos-de-nous\/notre-histoire\/#breadcrumb","itemListElement":[{"@type":"ListItem","position":1,"name":"Accueil","item":"https:\/\/cmcelectronics.ca\/fr\/"},{"@type":"ListItem","position":2,"name":"\u00c0 propos de nous","item":"https:\/\/cmcelectronics.ca\/fr\/a-propos-de-nous\/"},{"@type":"ListItem","position":3,"name":"Notre histoire"}]},{"@type":"WebSite","@id":"https:\/\/cmcelectronics.ca\/fr\/#website","url":"https:\/\/cmcelectronics.ca\/fr\/","name":"CMC \u00c9lectronique","description":"","publisher":{"@id":"https:\/\/cmcelectronics.ca\/fr\/#organization"},"potentialAction":[{"@type":"SearchAction","target":{"@type":"EntryPoint","urlTemplate":"https:\/\/cmcelectronics.ca\/fr\/?s={search_term_string}"},"query-input":{"@type":"PropertyValueSpecification","valueRequired":true,"valueName":"search_term_string"}}],"inLanguage":"fr-FR"},{"@type":"Organization","@id":"https:\/\/cmcelectronics.ca\/fr\/#organization","name":"CMC \u00c9lectronique","url":"https:\/\/cmcelectronics.ca\/fr\/","logo":{"@type":"ImageObject","inLanguage":"fr-FR","@id":"https:\/\/cmcelectronics.ca\/fr\/#\/schema\/logo\/image\/","url":"https:\/\/cmcelectronics.ca\/wp-content\/uploads\/2022\/08\/logo-CMC_black.svg","contentUrl":"https:\/\/cmcelectronics.ca\/wp-content\/uploads\/2022\/08\/logo-CMC_black.svg","width":180,"height":57,"caption":"CMC \u00c9lectronique"},"image":{"@id":"https:\/\/cmcelectronics.ca\/fr\/#\/schema\/logo\/image\/"},"sameAs":["https:\/\/www.linkedin.com\/company\/cmc-electronics"]}]}},"_links":{"self":[{"href":"https:\/\/cmcelectronics.ca\/fr\/wp-json\/wp\/v2\/pages\/1659","targetHints":{"allow":["GET"]}}],"collection":[{"href":"https:\/\/cmcelectronics.ca\/fr\/wp-json\/wp\/v2\/pages"}],"about":[{"href":"https:\/\/cmcelectronics.ca\/fr\/wp-json\/wp\/v2\/types\/page"}],"author":[{"embeddable":true,"href":"https:\/\/cmcelectronics.ca\/fr\/wp-json\/wp\/v2\/users\/1"}],"replies":[{"embeddable":true,"href":"https:\/\/cmcelectronics.ca\/fr\/wp-json\/wp\/v2\/comments?post=1659"}],"version-history":[{"count":0,"href":"https:\/\/cmcelectronics.ca\/fr\/wp-json\/wp\/v2\/pages\/1659\/revisions"}],"up":[{"embeddable":true,"href":"https:\/\/cmcelectronics.ca\/fr\/wp-json\/wp\/v2\/pages\/1648"}],"wp:attachment":[{"href":"https:\/\/cmcelectronics.ca\/fr\/wp-json\/wp\/v2\/media?parent=1659"}],"curies":[{"name":"wp","href":"https:\/\/api.w.org\/{rel}","templated":true}]}}