{"id":1666,"date":"2022-08-23T19:23:30","date_gmt":"2022-08-23T23:23:30","guid":{"rendered":"https:\/\/cmcelectronics.ca\/products\/"},"modified":"2025-01-06T13:18:13","modified_gmt":"2025-01-06T18:18:13","slug":"nos-produits","status":"publish","type":"page","link":"https:\/\/cmcelectronics.ca\/fr\/nos-produits\/","title":{"rendered":"Nos produits"},"content":{"rendered":"\n<div class=\"wp-block-cover alignfull is-style-title-banner\"><img decoding=\"async\" width=\"1930\" height=\"360\" class=\"wp-block-cover__image-background wp-image-962 lazyload\" alt=\"\" data-src=\"https:\/\/cmcelectronics.ca\/wp-content\/smush-webp\/2022\/10\/4.0-CMC_WEB_Top-banners_1920X360_bandeau-product-section.jpg.webp\" style=\"--smush-placeholder-width: 1930px; --smush-placeholder-aspect-ratio: 1930\/360;object-position:48% 49%\" data-object-fit=\"cover\" data-object-position=\"48% 49%\" data-srcset=\"https:\/\/cmcelectronics.ca\/wp-content\/smush-webp\/2022\/10\/4.0-CMC_WEB_Top-banners_1920X360_bandeau-product-section.jpg.webp 1930w, https:\/\/cmcelectronics.ca\/wp-content\/smush-webp\/2022\/10\/4.0-CMC_WEB_Top-banners_1920X360_bandeau-product-section-300x56.jpg.webp 300w, https:\/\/cmcelectronics.ca\/wp-content\/smush-webp\/2022\/10\/4.0-CMC_WEB_Top-banners_1920X360_bandeau-product-section-1024x191.jpg.webp 1024w, https:\/\/cmcelectronics.ca\/wp-content\/smush-webp\/2022\/10\/4.0-CMC_WEB_Top-banners_1920X360_bandeau-product-section-768x143.jpg.webp 768w, https:\/\/cmcelectronics.ca\/wp-content\/smush-webp\/2022\/10\/4.0-CMC_WEB_Top-banners_1920X360_bandeau-product-section-1536x287.jpg.webp 1536w\" data-sizes=\"(max-width: 1930px) 100vw, 1930px\" src=\"data:image\/svg+xml;base64,PHN2ZyB3aWR0aD0iMSIgaGVpZ2h0PSIxIiB4bWxucz0iaHR0cDovL3d3dy53My5vcmcvMjAwMC9zdmciPjwvc3ZnPg==\" \/><span aria-hidden=\"true\" class=\"wp-block-cover__background has-background-dim\"><\/span><div class=\"wp-block-cover__inner-container\"><h3 class=\"wp-block-post-title\">Nos produits<\/h3><\/div><\/div>\n\n\n\n<div class=\"wp-block-group alignfull has-padding-y-large has-accent-background-color has-background\"><div class=\"yoast-breadcrumbs alignwide \"><span class=\"breadcrumbs\"><a href=\"https:\/\/cmcelectronics.ca\/fr\/\" class=\"breadcrumbs__element\">Accueil<\/a> <span class=\"breadcrumbs__separator\">\n        <svg class=\"icon icon-breadcrumb__separator\"><use xlink:href=\"#icon-breadcrumb__separator\"><\/use><\/svg>\n    <\/span> <span class=\"breadcrumbs__element breadcrumbs__element-current\">Nos produits<\/span><\/span><\/div><\/div>\n\n\n\n<h1 class=\"wp-block-heading\" id=\"avionique-a-architecture-ouverte-personnalisee-et-prete-pour-l-avenir-pour-les-plateformes-commerciales-et-militaires\"><strong>Avionique \u00e0 architecture ouverte personnalis\u00e9e et pr\u00eate pour l\u2019avenir pour les plateformes commerciales et militaires<\/strong><\/h1>\n\n\n\n\n<p class=\"act-lead wp-block-paragraph\">Nous fabriquons des produits et des syst\u00e8mes avioniques avec des capacit\u00e9s civiles et militaires enti\u00e8rement int\u00e9gr\u00e9es pour les plateformes \u00e0 ailes fixes et rotatives.<\/p>\n\n\n\n\n<div class=\"wp-block-group alignfull is-style-default\">\n<div class=\"wp-block-media-text alignwide is-stacked-on-mobile is-style-square-image\"><figure class=\"wp-block-media-text__media\"><img decoding=\"async\" width=\"300\" height=\"300\" data-src=\"https:\/\/cmcelectronics.ca\/wp-content\/smush-webp\/2022\/11\/4.1-CMC_pageHub_300x300_CMA-9000_VAR-503_3-4-left-1.jpg.webp\" alt=\"\" class=\"wp-image-1414 size-full lazyload\" data-srcset=\"https:\/\/cmcelectronics.ca\/wp-content\/smush-webp\/2022\/11\/4.1-CMC_pageHub_300x300_CMA-9000_VAR-503_3-4-left-1.jpg.webp 300w, https:\/\/cmcelectronics.ca\/wp-content\/smush-webp\/2022\/11\/4.1-CMC_pageHub_300x300_CMA-9000_VAR-503_3-4-left-1-150x150.jpg.webp 150w\" data-sizes=\"(max-width: 300px) 100vw, 300px\" src=\"data:image\/svg+xml;base64,PHN2ZyB3aWR0aD0iMSIgaGVpZ2h0PSIxIiB4bWxucz0iaHR0cDovL3d3dy53My5vcmcvMjAwMC9zdmciPjwvc3ZnPg==\" style=\"--smush-placeholder-width: 300px; --smush-placeholder-aspect-ratio: 300\/300;\" \/><\/figure><div class=\"wp-block-media-text__content\">\n<h3 class=\"wp-block-heading\" id=\"navigation\">Navigation<\/h3>\n\n\n\n<p class=\"wp-block-paragraph\">Syst\u00e8mes de navigation tr\u00e8s pr\u00e9cis avec capacit\u00e9s civiles et militaires enti\u00e8rement int\u00e9gr\u00e9es<\/p>\n\n\n\n<div class=\"wp-block-buttons\">\n<div class=\"wp-block-button\"><a class=\"wp-block-button__link wp-element-button\" href=\"https:\/\/cmcelectronics.ca\/fr\/nos-produits\/navigation\/\">En savoir plus <img decoding=\"async\" width=\"25\" height=\"24\" class=\"wp-image-417 lazyload\" style=\"--smush-placeholder-width: 25px; --smush-placeholder-aspect-ratio: 25\/24;width: 25px;\" data-src=\"http:\/\/cmcelectronics.ca\/wp-content\/uploads\/2022\/09\/Arrow_Left_LG.svg\" alt=\"\" src=\"data:image\/svg+xml;base64,PHN2ZyB3aWR0aD0iMSIgaGVpZ2h0PSIxIiB4bWxucz0iaHR0cDovL3d3dy53My5vcmcvMjAwMC9zdmciPjwvc3ZnPg==\"><\/a><\/div>\n<\/div>\n<\/div><\/div>\n\n\n\n<div class=\"wp-block-media-text alignwide has-media-on-the-right is-stacked-on-mobile is-style-square-image\"><div class=\"wp-block-media-text__content\">\n<h3 class=\"wp-block-heading\" id=\"integration-des-systemes-de-poste-de-pilotage\">Int\u00e9gration des syst\u00e8mes de poste de pilotage<\/h3>\n\n\n\n<p class=\"wp-block-paragraph\">Solutions de poste de pilotage tirant parti d\u2019une int\u00e9gration compl\u00e8te des syst\u00e8mes pour les applications de r\u00e9am\u00e9nagement et de transformation<\/p>\n\n\n\n<div class=\"wp-block-buttons\">\n<div class=\"wp-block-button\"><a class=\"wp-block-button__link wp-element-button\" href=\"https:\/\/cmcelectronics.ca\/fr\/nos-produits\/integration-des-systemes-de-poste-de-pilotage\/\">En savoir plus <img decoding=\"async\" width=\"25\" height=\"24\" class=\"wp-image-417 lazyload\" style=\"--smush-placeholder-width: 25px; --smush-placeholder-aspect-ratio: 25\/24;width: 25px;\" data-src=\"http:\/\/cmcelectronics.ca\/wp-content\/uploads\/2022\/09\/Arrow_Left_LG.svg\" alt=\"\" src=\"data:image\/svg+xml;base64,PHN2ZyB3aWR0aD0iMSIgaGVpZ2h0PSIxIiB4bWxucz0iaHR0cDovL3d3dy53My5vcmcvMjAwMC9zdmciPjwvc3ZnPg==\"><\/a><\/div>\n<\/div>\n<\/div><figure class=\"wp-block-media-text__media\"><img decoding=\"async\" width=\"300\" height=\"300\" data-src=\"https:\/\/cmcelectronics.ca\/wp-content\/smush-webp\/2022\/10\/4.2-CMC_Cockpit_300x300_Cockpit-fighter-trainer_front-view.jpg.webp\" alt=\"\" class=\"wp-image-1167 size-full lazyload\" data-srcset=\"https:\/\/cmcelectronics.ca\/wp-content\/smush-webp\/2022\/10\/4.2-CMC_Cockpit_300x300_Cockpit-fighter-trainer_front-view.jpg.webp 300w, https:\/\/cmcelectronics.ca\/wp-content\/smush-webp\/2022\/10\/4.2-CMC_Cockpit_300x300_Cockpit-fighter-trainer_front-view-150x150.jpg.webp 150w\" data-sizes=\"(max-width: 300px) 100vw, 300px\" src=\"data:image\/svg+xml;base64,PHN2ZyB3aWR0aD0iMSIgaGVpZ2h0PSIxIiB4bWxucz0iaHR0cDovL3d3dy53My5vcmcvMjAwMC9zdmciPjwvc3ZnPg==\" style=\"--smush-placeholder-width: 300px; --smush-placeholder-aspect-ratio: 300\/300;\" \/><\/figure><\/div>\n\n\n\n<div class=\"wp-block-media-text alignwide is-stacked-on-mobile is-style-square-image\"><figure class=\"wp-block-media-text__media\"><img decoding=\"async\" width=\"300\" height=\"300\" data-src=\"https:\/\/cmcelectronics.ca\/wp-content\/smush-webp\/2022\/10\/4.3-CMC_pageHub_300x300_custom-display-L3-TSCP.jpg.webp\" alt=\"\" class=\"wp-image-1170 size-full lazyload\" data-srcset=\"https:\/\/cmcelectronics.ca\/wp-content\/smush-webp\/2022\/10\/4.3-CMC_pageHub_300x300_custom-display-L3-TSCP.jpg.webp 300w, https:\/\/cmcelectronics.ca\/wp-content\/smush-webp\/2022\/10\/4.3-CMC_pageHub_300x300_custom-display-L3-TSCP-150x150.jpg.webp 150w\" data-sizes=\"(max-width: 300px) 100vw, 300px\" src=\"data:image\/svg+xml;base64,PHN2ZyB3aWR0aD0iMSIgaGVpZ2h0PSIxIiB4bWxucz0iaHR0cDovL3d3dy53My5vcmcvMjAwMC9zdmciPjwvc3ZnPg==\" style=\"--smush-placeholder-width: 300px; --smush-placeholder-aspect-ratio: 300\/300;\" \/><\/figure><div class=\"wp-block-media-text__content\">\n<h3 class=\"wp-block-heading\" id=\"affichages-et-panneaux-de-commande\">Affichages et panneaux de commande<\/h3>\n\n\n\n<p class=\"wp-block-paragraph\">\u00c9crans personnalis\u00e9s et commerciaux de haute qualit\u00e9, \u00e9crans de mission portables et affichage t\u00eate haute (HUD)<\/p>\n\n\n\n<div class=\"wp-block-buttons\">\n<div class=\"wp-block-button\"><a class=\"wp-block-button__link wp-element-button\" href=\"https:\/\/cmcelectronics.ca\/fr\/nos-produits\/affichages-et-panneaux-de-commande\/\">En savoir plus <img decoding=\"async\" width=\"25\" height=\"24\" class=\"wp-image-417 lazyload\" style=\"--smush-placeholder-width: 25px; --smush-placeholder-aspect-ratio: 25\/24;width: 25px;\" data-src=\"http:\/\/cmcelectronics.ca\/wp-content\/uploads\/2022\/09\/Arrow_Left_LG.svg\" alt=\"\" src=\"data:image\/svg+xml;base64,PHN2ZyB3aWR0aD0iMSIgaGVpZ2h0PSIxIiB4bWxucz0iaHR0cDovL3d3dy53My5vcmcvMjAwMC9zdmciPjwvc3ZnPg==\"><\/a><\/div>\n<\/div>\n<\/div><\/div>\n\n\n\n<div class=\"wp-block-media-text alignwide has-media-on-the-right is-stacked-on-mobile is-style-square-image\"><div class=\"wp-block-media-text__content\">\n<h3 class=\"wp-block-heading\" id=\"ordinateurs-avioniques\">Ordinateurs avioniques<\/h3>\n\n\n\n<p class=\"wp-block-paragraph\">Ordinateurs int\u00e9gr\u00e9s \u00e0 architecture ouverte avec de puissantes capacit\u00e9s de traitement et un vaste ensemble d\u2019options d\u2019interface<\/p>\n\n\n\n<div class=\"wp-block-buttons\">\n<div class=\"wp-block-button\"><a class=\"wp-block-button__link wp-element-button\" href=\"https:\/\/cmcelectronics.ca\/fr\/nos-produits\/ordinateurs-avioniques\/\">En savoir plus <img decoding=\"async\" width=\"25\" height=\"24\" class=\"wp-image-417 lazyload\" style=\"--smush-placeholder-width: 25px; --smush-placeholder-aspect-ratio: 25\/24;width: 25px;\" data-src=\"http:\/\/cmcelectronics.ca\/wp-content\/uploads\/2022\/09\/Arrow_Left_LG.svg\" alt=\"\" src=\"data:image\/svg+xml;base64,PHN2ZyB3aWR0aD0iMSIgaGVpZ2h0PSIxIiB4bWxucz0iaHR0cDovL3d3dy53My5vcmcvMjAwMC9zdmciPjwvc3ZnPg==\"><\/a><\/div>\n<\/div>\n<\/div><figure class=\"wp-block-media-text__media\"><img decoding=\"async\" width=\"300\" height=\"300\" data-src=\"https:\/\/cmcelectronics.ca\/wp-content\/smush-webp\/2022\/10\/4.4-CMC_pageHub_300x300_PU-3000_3-4-right-1.jpg.webp\" alt=\"\" class=\"wp-image-1172 size-full lazyload\" data-srcset=\"https:\/\/cmcelectronics.ca\/wp-content\/smush-webp\/2022\/10\/4.4-CMC_pageHub_300x300_PU-3000_3-4-right-1.jpg.webp 300w, https:\/\/cmcelectronics.ca\/wp-content\/smush-webp\/2022\/10\/4.4-CMC_pageHub_300x300_PU-3000_3-4-right-1-150x150.jpg.webp 150w\" data-sizes=\"(max-width: 300px) 100vw, 300px\" src=\"data:image\/svg+xml;base64,PHN2ZyB3aWR0aD0iMSIgaGVpZ2h0PSIxIiB4bWxucz0iaHR0cDovL3d3dy53My5vcmcvMjAwMC9zdmciPjwvc3ZnPg==\" style=\"--smush-placeholder-width: 300px; --smush-placeholder-aspect-ratio: 300\/300;\" \/><\/figure><\/div>\n\n\n\n<div class=\"wp-block-media-text alignwide is-stacked-on-mobile is-style-square-image\"><figure class=\"wp-block-media-text__media\"><img decoding=\"async\" width=\"1024\" height=\"1024\" data-src=\"https:\/\/cmcelectronics.ca\/wp-content\/smush-webp\/2023\/05\/Si-APD-module-264-339820-1024x1024.jpg.webp\" alt=\"Si APD module\" class=\"wp-image-3015 size-full lazyload\" data-srcset=\"https:\/\/cmcelectronics.ca\/wp-content\/smush-webp\/2023\/05\/Si-APD-module-264-339820-1024x1024.jpg.webp 1024w, https:\/\/cmcelectronics.ca\/wp-content\/smush-webp\/2023\/05\/Si-APD-module-264-339820-300x300.jpg.webp 300w, https:\/\/cmcelectronics.ca\/wp-content\/smush-webp\/2023\/05\/Si-APD-module-264-339820-150x150.jpg.webp 150w, https:\/\/cmcelectronics.ca\/wp-content\/smush-webp\/2023\/05\/Si-APD-module-264-339820-768x768.jpg.webp 768w, https:\/\/cmcelectronics.ca\/wp-content\/smush-webp\/2023\/05\/Si-APD-module-264-339820-1536x1536.jpg.webp 1536w, https:\/\/cmcelectronics.ca\/wp-content\/smush-webp\/2023\/05\/Si-APD-module-264-339820-2048x2048.jpg.webp 2048w\" data-sizes=\"(max-width: 1024px) 100vw, 1024px\" src=\"data:image\/svg+xml;base64,PHN2ZyB3aWR0aD0iMSIgaGVpZ2h0PSIxIiB4bWxucz0iaHR0cDovL3d3dy53My5vcmcvMjAwMC9zdmciPjwvc3ZnPg==\" style=\"--smush-placeholder-width: 1024px; --smush-placeholder-aspect-ratio: 1024\/1024;\" \/><figcaption>Si APD module 264-339820<\/figcaption><\/figure><div class=\"wp-block-media-text__content\">\n<h3 class=\"wp-block-heading\" id=\"optoelectronique\">Opto\u00e9lectronique<\/h3>\n\n\n\n<p class=\"wp-block-paragraph\">Composants micro\u00e9lectroniques et opto\u00e9lectroniques hautement fiables r\u00e9pondant aux normes industrielles les plus exigeantes<\/p>\n\n\n\n<div class=\"wp-block-buttons\">\n<div class=\"wp-block-button\"><a class=\"wp-block-button__link wp-element-button\" href=\"https:\/\/cmcelectronics.ca\/fr\/nos-produits\/optoelectronique\/\">En savoir plus <img decoding=\"async\" width=\"25\" height=\"24\" class=\"wp-image-417 lazyload\" style=\"--smush-placeholder-width: 25px; --smush-placeholder-aspect-ratio: 25\/24;width: 25px;\" data-src=\"http:\/\/cmcelectronics.ca\/wp-content\/uploads\/2022\/09\/Arrow_Left_LG.svg\" alt=\"\" src=\"data:image\/svg+xml;base64,PHN2ZyB3aWR0aD0iMSIgaGVpZ2h0PSIxIiB4bWxucz0iaHR0cDovL3d3dy53My5vcmcvMjAwMC9zdmciPjwvc3ZnPg==\"><\/a><\/div>\n<\/div>\n<\/div><\/div>\n<\/div>\n","protected":false},"excerpt":{"rendered":"<p>Avionique \u00e0 architecture ouverte personnalis\u00e9e et pr\u00eate pour l\u2019avenir pour les plateformes commerciales et militaires Navigation Syst\u00e8mes de navigation tr\u00e8s pr\u00e9cis avec capacit\u00e9s civiles et militaires enti\u00e8rement int\u00e9gr\u00e9es Int\u00e9gration des syst\u00e8mes de poste de pilotage Solutions de poste de pilotage tirant parti d\u2019une int\u00e9gration compl\u00e8te des syst\u00e8mes pour les applications de r\u00e9am\u00e9nagement et de transformation [&hellip;]<\/p>\n","protected":false},"author":1,"featured_media":0,"parent":0,"menu_order":2,"comment_status":"closed","ping_status":"closed","template":"collectrice","meta":{"_acf_changed":false,"_gspb_post_css":"","_crdt_document":"","content-type":"","inline_featured_image":false,"footnotes":""},"class_list":["post-1666","page","type-page","status-publish","hentry"],"acf":[],"yoast_head":"<!-- This site is optimized with the Yoast SEO plugin v27.0 - https:\/\/yoast.com\/product\/yoast-seo-wordpress\/ -->\n<title>Nos produits - CMC \u00c9lectronique<\/title>\n<meta name=\"robots\" content=\"index, follow, max-snippet:-1, max-image-preview:large, max-video-preview:-1\" \/>\n<link rel=\"canonical\" href=\"https:\/\/cmcelectronics.ca\/fr\/nos-produits\/\" \/>\n<meta property=\"og:locale\" content=\"fr_FR\" \/>\n<meta property=\"og:type\" content=\"article\" \/>\n<meta property=\"og:title\" content=\"Nos produits - CMC \u00c9lectronique\" \/>\n<meta property=\"og:description\" content=\"Avionique \u00e0 architecture ouverte personnalis\u00e9e et pr\u00eate pour l\u2019avenir pour les plateformes commerciales et militaires Navigation Syst\u00e8mes de navigation tr\u00e8s pr\u00e9cis avec capacit\u00e9s civiles et militaires enti\u00e8rement int\u00e9gr\u00e9es Int\u00e9gration des syst\u00e8mes de poste de pilotage Solutions de poste de pilotage tirant parti d\u2019une int\u00e9gration compl\u00e8te des syst\u00e8mes pour les applications de r\u00e9am\u00e9nagement et de transformation [&hellip;]\" \/>\n<meta property=\"og:url\" content=\"https:\/\/cmcelectronics.ca\/fr\/nos-produits\/\" \/>\n<meta property=\"og:site_name\" content=\"CMC \u00c9lectronique\" \/>\n<meta property=\"article:modified_time\" content=\"2025-01-06T18:18:13+00:00\" \/>\n<meta property=\"og:image\" content=\"https:\/\/cmcelectronics.ca\/wp-content\/uploads\/2022\/10\/4.0-CMC_WEB_Top-banners_1920X360_bandeau-product-section.jpg\" \/>\n\t<meta property=\"og:image:width\" content=\"1930\" \/>\n\t<meta property=\"og:image:height\" content=\"360\" \/>\n\t<meta property=\"og:image:type\" content=\"image\/jpeg\" \/>\n<meta name=\"twitter:card\" content=\"summary_large_image\" \/>\n<meta name=\"twitter:label1\" content=\"Dur\u00e9e de lecture estim\u00e9e\" \/>\n\t<meta name=\"twitter:data1\" content=\"3 minutes\" \/>\n<script type=\"application\/ld+json\" class=\"yoast-schema-graph\">{\"@context\":\"https:\/\/schema.org\",\"@graph\":[{\"@type\":\"WebPage\",\"@id\":\"https:\/\/cmcelectronics.ca\/fr\/nos-produits\/\",\"url\":\"https:\/\/cmcelectronics.ca\/fr\/nos-produits\/\",\"name\":\"Nos produits - CMC \u00c9lectronique\",\"isPartOf\":{\"@id\":\"https:\/\/cmcelectronics.ca\/fr\/#website\"},\"primaryImageOfPage\":{\"@id\":\"https:\/\/cmcelectronics.ca\/fr\/nos-produits\/#primaryimage\"},\"image\":{\"@id\":\"https:\/\/cmcelectronics.ca\/fr\/nos-produits\/#primaryimage\"},\"thumbnailUrl\":\"https:\/\/cmcelectronics.ca\/wp-content\/uploads\/2022\/10\/4.0-CMC_WEB_Top-banners_1920X360_bandeau-product-section.jpg\",\"datePublished\":\"2022-08-23T23:23:30+00:00\",\"dateModified\":\"2025-01-06T18:18:13+00:00\",\"breadcrumb\":{\"@id\":\"https:\/\/cmcelectronics.ca\/fr\/nos-produits\/#breadcrumb\"},\"inLanguage\":\"fr-FR\",\"potentialAction\":[{\"@type\":\"ReadAction\",\"target\":[\"https:\/\/cmcelectronics.ca\/fr\/nos-produits\/\"]}]},{\"@type\":\"ImageObject\",\"inLanguage\":\"fr-FR\",\"@id\":\"https:\/\/cmcelectronics.ca\/fr\/nos-produits\/#primaryimage\",\"url\":\"https:\/\/cmcelectronics.ca\/wp-content\/uploads\/2022\/10\/4.0-CMC_WEB_Top-banners_1920X360_bandeau-product-section.jpg\",\"contentUrl\":\"https:\/\/cmcelectronics.ca\/wp-content\/uploads\/2022\/10\/4.0-CMC_WEB_Top-banners_1920X360_bandeau-product-section.jpg\"},{\"@type\":\"BreadcrumbList\",\"@id\":\"https:\/\/cmcelectronics.ca\/fr\/nos-produits\/#breadcrumb\",\"itemListElement\":[{\"@type\":\"ListItem\",\"position\":1,\"name\":\"Accueil\",\"item\":\"https:\/\/cmcelectronics.ca\/fr\/\"},{\"@type\":\"ListItem\",\"position\":2,\"name\":\"Nos produits\"}]},{\"@type\":\"WebSite\",\"@id\":\"https:\/\/cmcelectronics.ca\/fr\/#website\",\"url\":\"https:\/\/cmcelectronics.ca\/fr\/\",\"name\":\"CMC \u00c9lectronique\",\"description\":\"\",\"publisher\":{\"@id\":\"https:\/\/cmcelectronics.ca\/fr\/#organization\"},\"potentialAction\":[{\"@type\":\"SearchAction\",\"target\":{\"@type\":\"EntryPoint\",\"urlTemplate\":\"https:\/\/cmcelectronics.ca\/fr\/?s={search_term_string}\"},\"query-input\":{\"@type\":\"PropertyValueSpecification\",\"valueRequired\":true,\"valueName\":\"search_term_string\"}}],\"inLanguage\":\"fr-FR\"},{\"@type\":\"Organization\",\"@id\":\"https:\/\/cmcelectronics.ca\/fr\/#organization\",\"name\":\"CMC \u00c9lectronique\",\"url\":\"https:\/\/cmcelectronics.ca\/fr\/\",\"logo\":{\"@type\":\"ImageObject\",\"inLanguage\":\"fr-FR\",\"@id\":\"https:\/\/cmcelectronics.ca\/fr\/#\/schema\/logo\/image\/\",\"url\":\"https:\/\/cmcelectronics.ca\/wp-content\/uploads\/2022\/08\/logo-CMC_black.svg\",\"contentUrl\":\"https:\/\/cmcelectronics.ca\/wp-content\/uploads\/2022\/08\/logo-CMC_black.svg\",\"width\":180,\"height\":57,\"caption\":\"CMC \u00c9lectronique\"},\"image\":{\"@id\":\"https:\/\/cmcelectronics.ca\/fr\/#\/schema\/logo\/image\/\"},\"sameAs\":[\"https:\/\/www.linkedin.com\/company\/cmc-electronics\"]}]}<\/script>\n<!-- \/ Yoast SEO plugin. -->","yoast_head_json":{"title":"Nos produits - CMC \u00c9lectronique","robots":{"index":"index","follow":"follow","max-snippet":"max-snippet:-1","max-image-preview":"max-image-preview:large","max-video-preview":"max-video-preview:-1"},"canonical":"https:\/\/cmcelectronics.ca\/fr\/nos-produits\/","og_locale":"fr_FR","og_type":"article","og_title":"Nos produits - CMC \u00c9lectronique","og_description":"Avionique \u00e0 architecture ouverte personnalis\u00e9e et pr\u00eate pour l\u2019avenir pour les plateformes commerciales et militaires Navigation Syst\u00e8mes de navigation tr\u00e8s pr\u00e9cis avec capacit\u00e9s civiles et militaires enti\u00e8rement int\u00e9gr\u00e9es Int\u00e9gration des syst\u00e8mes de poste de pilotage Solutions de poste de pilotage tirant parti d\u2019une int\u00e9gration compl\u00e8te des syst\u00e8mes pour les applications de r\u00e9am\u00e9nagement et de transformation [&hellip;]","og_url":"https:\/\/cmcelectronics.ca\/fr\/nos-produits\/","og_site_name":"CMC \u00c9lectronique","article_modified_time":"2025-01-06T18:18:13+00:00","og_image":[{"width":1930,"height":360,"url":"https:\/\/cmcelectronics.ca\/wp-content\/uploads\/2022\/10\/4.0-CMC_WEB_Top-banners_1920X360_bandeau-product-section.jpg","type":"image\/jpeg"}],"twitter_card":"summary_large_image","twitter_misc":{"Dur\u00e9e de lecture estim\u00e9e":"3 minutes"},"schema":{"@context":"https:\/\/schema.org","@graph":[{"@type":"WebPage","@id":"https:\/\/cmcelectronics.ca\/fr\/nos-produits\/","url":"https:\/\/cmcelectronics.ca\/fr\/nos-produits\/","name":"Nos produits - CMC \u00c9lectronique","isPartOf":{"@id":"https:\/\/cmcelectronics.ca\/fr\/#website"},"primaryImageOfPage":{"@id":"https:\/\/cmcelectronics.ca\/fr\/nos-produits\/#primaryimage"},"image":{"@id":"https:\/\/cmcelectronics.ca\/fr\/nos-produits\/#primaryimage"},"thumbnailUrl":"https:\/\/cmcelectronics.ca\/wp-content\/uploads\/2022\/10\/4.0-CMC_WEB_Top-banners_1920X360_bandeau-product-section.jpg","datePublished":"2022-08-23T23:23:30+00:00","dateModified":"2025-01-06T18:18:13+00:00","breadcrumb":{"@id":"https:\/\/cmcelectronics.ca\/fr\/nos-produits\/#breadcrumb"},"inLanguage":"fr-FR","potentialAction":[{"@type":"ReadAction","target":["https:\/\/cmcelectronics.ca\/fr\/nos-produits\/"]}]},{"@type":"ImageObject","inLanguage":"fr-FR","@id":"https:\/\/cmcelectronics.ca\/fr\/nos-produits\/#primaryimage","url":"https:\/\/cmcelectronics.ca\/wp-content\/uploads\/2022\/10\/4.0-CMC_WEB_Top-banners_1920X360_bandeau-product-section.jpg","contentUrl":"https:\/\/cmcelectronics.ca\/wp-content\/uploads\/2022\/10\/4.0-CMC_WEB_Top-banners_1920X360_bandeau-product-section.jpg"},{"@type":"BreadcrumbList","@id":"https:\/\/cmcelectronics.ca\/fr\/nos-produits\/#breadcrumb","itemListElement":[{"@type":"ListItem","position":1,"name":"Accueil","item":"https:\/\/cmcelectronics.ca\/fr\/"},{"@type":"ListItem","position":2,"name":"Nos produits"}]},{"@type":"WebSite","@id":"https:\/\/cmcelectronics.ca\/fr\/#website","url":"https:\/\/cmcelectronics.ca\/fr\/","name":"CMC \u00c9lectronique","description":"","publisher":{"@id":"https:\/\/cmcelectronics.ca\/fr\/#organization"},"potentialAction":[{"@type":"SearchAction","target":{"@type":"EntryPoint","urlTemplate":"https:\/\/cmcelectronics.ca\/fr\/?s={search_term_string}"},"query-input":{"@type":"PropertyValueSpecification","valueRequired":true,"valueName":"search_term_string"}}],"inLanguage":"fr-FR"},{"@type":"Organization","@id":"https:\/\/cmcelectronics.ca\/fr\/#organization","name":"CMC \u00c9lectronique","url":"https:\/\/cmcelectronics.ca\/fr\/","logo":{"@type":"ImageObject","inLanguage":"fr-FR","@id":"https:\/\/cmcelectronics.ca\/fr\/#\/schema\/logo\/image\/","url":"https:\/\/cmcelectronics.ca\/wp-content\/uploads\/2022\/08\/logo-CMC_black.svg","contentUrl":"https:\/\/cmcelectronics.ca\/wp-content\/uploads\/2022\/08\/logo-CMC_black.svg","width":180,"height":57,"caption":"CMC \u00c9lectronique"},"image":{"@id":"https:\/\/cmcelectronics.ca\/fr\/#\/schema\/logo\/image\/"},"sameAs":["https:\/\/www.linkedin.com\/company\/cmc-electronics"]}]}},"_links":{"self":[{"href":"https:\/\/cmcelectronics.ca\/fr\/wp-json\/wp\/v2\/pages\/1666","targetHints":{"allow":["GET"]}}],"collection":[{"href":"https:\/\/cmcelectronics.ca\/fr\/wp-json\/wp\/v2\/pages"}],"about":[{"href":"https:\/\/cmcelectronics.ca\/fr\/wp-json\/wp\/v2\/types\/page"}],"author":[{"embeddable":true,"href":"https:\/\/cmcelectronics.ca\/fr\/wp-json\/wp\/v2\/users\/1"}],"replies":[{"embeddable":true,"href":"https:\/\/cmcelectronics.ca\/fr\/wp-json\/wp\/v2\/comments?post=1666"}],"version-history":[{"count":0,"href":"https:\/\/cmcelectronics.ca\/fr\/wp-json\/wp\/v2\/pages\/1666\/revisions"}],"wp:attachment":[{"href":"https:\/\/cmcelectronics.ca\/fr\/wp-json\/wp\/v2\/media?parent=1666"}],"curies":[{"name":"wp","href":"https:\/\/api.w.org\/{rel}","templated":true}]}}