{"id":1683,"date":"2022-08-23T19:23:31","date_gmt":"2022-08-23T23:23:31","guid":{"rendered":"https:\/\/cmcelectronics.ca\/nos-produits\/avionics-computers\/"},"modified":"2022-12-08T12:14:22","modified_gmt":"2022-12-08T17:14:22","slug":"ordinateurs-avioniques","status":"publish","type":"page","link":"https:\/\/cmcelectronics.ca\/fr\/nos-produits\/ordinateurs-avioniques\/","title":{"rendered":"Ordinateurs avioniques"},"content":{"rendered":"\n<div class=\"wp-block-cover alignfull is-style-title-banner\"><span aria-hidden=\"true\" class=\"wp-block-cover__background has-background-dim\"><\/span><img decoding=\"async\" width=\"1930\" height=\"360\" class=\"wp-block-cover__image-background wp-image-979 lazyload\" alt=\"\" data-src=\"https:\/\/cmcelectronics.ca\/wp-content\/smush-webp\/2022\/10\/4.4-CMC_WEB_Top-banners_1920X360_avionics-computers2.jpg.webp\" data-object-fit=\"cover\" data-srcset=\"https:\/\/cmcelectronics.ca\/wp-content\/smush-webp\/2022\/10\/4.4-CMC_WEB_Top-banners_1920X360_avionics-computers2.jpg.webp 1930w, https:\/\/cmcelectronics.ca\/wp-content\/smush-webp\/2022\/10\/4.4-CMC_WEB_Top-banners_1920X360_avionics-computers2-300x56.jpg.webp 300w, https:\/\/cmcelectronics.ca\/wp-content\/smush-webp\/2022\/10\/4.4-CMC_WEB_Top-banners_1920X360_avionics-computers2-1024x191.jpg.webp 1024w, https:\/\/cmcelectronics.ca\/wp-content\/smush-webp\/2022\/10\/4.4-CMC_WEB_Top-banners_1920X360_avionics-computers2-768x143.jpg.webp 768w, https:\/\/cmcelectronics.ca\/wp-content\/smush-webp\/2022\/10\/4.4-CMC_WEB_Top-banners_1920X360_avionics-computers2-1536x287.jpg.webp 1536w\" data-sizes=\"(max-width: 1930px) 100vw, 1930px\" src=\"data:image\/svg+xml;base64,PHN2ZyB3aWR0aD0iMSIgaGVpZ2h0PSIxIiB4bWxucz0iaHR0cDovL3d3dy53My5vcmcvMjAwMC9zdmciPjwvc3ZnPg==\" style=\"--smush-placeholder-width: 1930px; --smush-placeholder-aspect-ratio: 1930\/360;\" \/><div class=\"wp-block-cover__inner-container\">\n<h3 class=\"wp-block-post-title wp-block-heading\">Ordinateurs avioniques<\/h3>\n<\/div><\/div>\n\n\n\n<div class=\"wp-block-group alignfull has-padding-y-large has-accent-background-color has-background\"><div class=\"yoast-breadcrumbs alignwide \"><span class=\"breadcrumbs\"><a href=\"https:\/\/cmcelectronics.ca\/fr\/\" class=\"breadcrumbs__element\">Accueil<\/a> <span class=\"breadcrumbs__separator\">\n        <svg class=\"icon icon-breadcrumb__separator\"><use xlink:href=\"#icon-breadcrumb__separator\"><\/use><\/svg>\n    <\/span> <a href=\"https:\/\/cmcelectronics.ca\/fr\/nos-produits\/\" class=\"breadcrumbs__element\">Nos produits<\/a> <span class=\"breadcrumbs__separator\">\n        <svg class=\"icon icon-breadcrumb__separator\"><use xlink:href=\"#icon-breadcrumb__separator\"><\/use><\/svg>\n    <\/span> <span class=\"breadcrumbs__element breadcrumbs__element-current\">Ordinateurs avioniques<\/span><\/span><\/div><\/div>\n\n\n\n<div class=\"wp-block-group\">\n<h1 class=\"has-text-align-left wp-block-heading\">Ordinateurs avioniques<\/h1>\n\n\n\n\n<p class=\"act-lead wp-block-paragraph\">Ordinateurs avioniques de pointe, certifi\u00e9s, dot\u00e9s de capacit\u00e9s de traitement vid\u00e9o et pr\u00eats pour la mission<\/p>\n\n<\/div>\n\n\n\n<h6 class=\"wp-block-heading\" style=\"font-style:normal;font-weight:400\">Une vaste gamme de capacit\u00e9s permet aux op\u00e9rateur d&rsquo;utiliser un syst\u00e8me personnalis\u00e9.<\/h6>\n\n\n\n<p class=\"wp-block-paragraph\">L\u2019architecture ouverte unique permet aux clients de conserver leur propri\u00e9t\u00e9 intellectuelle en mettant en \u0153uvre leurs propres applications \u00e0 l\u2019aide de la trousse compl\u00e8te de d\u00e9veloppement de logiciels (SDK) de CMC.<\/p>\n\n\n\n<p class=\"wp-block-paragraph\">Les plus r\u00e9cents composants \u00e9lectroniques \u00e0 la fine pointe de la technologie con\u00e7us pour les environnements les plus exigeants de l\u2019a\u00e9rospatiale.<\/p>\n\n\n\n<div class=\"wp-block-media-text alignwide is-stacked-on-mobile is-style-square-image\"><figure class=\"wp-block-media-text__media\"><img decoding=\"async\" width=\"519\" height=\"389\" data-src=\"https:\/\/cmcelectronics.ca\/wp-content\/smush-webp\/2022\/11\/4.4.1-CMC_pageProduit_519x389_PU-3000_3-4-right.jpg.webp\" alt=\"\" class=\"wp-image-1473 size-full lazyload\" data-srcset=\"https:\/\/cmcelectronics.ca\/wp-content\/smush-webp\/2022\/11\/4.4.1-CMC_pageProduit_519x389_PU-3000_3-4-right.jpg.webp 519w, https:\/\/cmcelectronics.ca\/wp-content\/smush-webp\/2022\/11\/4.4.1-CMC_pageProduit_519x389_PU-3000_3-4-right-300x225.jpg.webp 300w\" data-sizes=\"(max-width: 519px) 100vw, 519px\" src=\"data:image\/svg+xml;base64,PHN2ZyB3aWR0aD0iMSIgaGVpZ2h0PSIxIiB4bWxucz0iaHR0cDovL3d3dy53My5vcmcvMjAwMC9zdmciPjwvc3ZnPg==\" style=\"--smush-placeholder-width: 519px; --smush-placeholder-aspect-ratio: 519\/389;\" \/><\/figure><div class=\"wp-block-media-text__content\">\n<h3 class=\"wp-block-heading\">Ordinateurs avioniques multic\u0153urs<\/h3>\n\n\n\n<p class=\"wp-block-paragraph\">Les premiers ordinateurs avioniques multic\u0153urs certifi\u00e9s civils au monde construits sur un concept d\u2019architecture de syst\u00e8me ouvert pour combiner une plus grande flexibilit\u00e9 avec une taille plus petite, une puissance plus faible et une performance accrue.<\/p>\n\n\n\n<div class=\"wp-block-buttons\">\n<div class=\"wp-block-button\"><a class=\"wp-block-button__link wp-element-button\" href=\"https:\/\/cmcelectronics.ca\/fr\/nos-produits\/ordinateurs-avioniques\/ordinateurs-avioniques-multicoeurs\/\">En savoir plus <img decoding=\"async\" width=\"25\" height=\"24\" class=\"wp-image-417 lazyload\" style=\"--smush-placeholder-width: 25px; --smush-placeholder-aspect-ratio: 25\/24;width: 25px;\" data-src=\"http:\/\/cmcelectronics.ca\/wp-content\/uploads\/2022\/09\/Arrow_Left_LG.svg\" alt=\"\" src=\"data:image\/svg+xml;base64,PHN2ZyB3aWR0aD0iMSIgaGVpZ2h0PSIxIiB4bWxucz0iaHR0cDovL3d3dy53My5vcmcvMjAwMC9zdmciPjwvc3ZnPg==\"><\/a><\/div>\n<\/div>\n<\/div><\/div>\n\n\n\n<div class=\"wp-block-media-text alignwide has-media-on-the-right is-stacked-on-mobile is-style-square-image\"><div class=\"wp-block-media-text__content\">\n<h3 class=\"wp-block-heading\">Serveurs d\u2019information sur les a\u00e9ronefs<\/h3>\n\n\n\n<p class=\"wp-block-paragraph\">Les serveurs d\u2019information pour a\u00e9ronefs offrent une vaste gamme de capacit\u00e9s \u2013 de la surveillance des a\u00e9ronefs \u00e0 la connectivit\u00e9 des cabines en passant par le traitement des donn\u00e9es C4ISR \u2013 permettant aux op\u00e9rateurs d\u2019utiliser un syst\u00e8me personnalis\u00e9.<\/p>\n\n\n\n<div class=\"wp-block-buttons\">\n<div class=\"wp-block-button\"><a class=\"wp-block-button__link wp-element-button\" href=\"https:\/\/cmcelectronics.ca\/fr\/nos-produits\/ordinateurs-avioniques\/serveurs-dinformation-sur-les-aeronefs\/\">En savoir plus <img decoding=\"async\" width=\"25\" height=\"24\" class=\"wp-image-417 lazyload\" style=\"--smush-placeholder-width: 25px; --smush-placeholder-aspect-ratio: 25\/24;width: 25px;\" data-src=\"http:\/\/cmcelectronics.ca\/wp-content\/uploads\/2022\/09\/Arrow_Left_LG.svg\" alt=\"\" src=\"data:image\/svg+xml;base64,PHN2ZyB3aWR0aD0iMSIgaGVpZ2h0PSIxIiB4bWxucz0iaHR0cDovL3d3dy53My5vcmcvMjAwMC9zdmciPjwvc3ZnPg==\"><\/a><\/div>\n<\/div>\n<\/div><figure class=\"wp-block-media-text__media\"><img decoding=\"async\" width=\"300\" height=\"300\" data-src=\"https:\/\/cmcelectronics.ca\/wp-content\/smush-webp\/2022\/11\/4.4-CMC_pageHub_300x300_AIS-Only-Quarter-1.png.webp\" alt=\"\" class=\"wp-image-1316 size-full lazyload\" data-srcset=\"https:\/\/cmcelectronics.ca\/wp-content\/smush-webp\/2022\/11\/4.4-CMC_pageHub_300x300_AIS-Only-Quarter-1.png.webp 300w, https:\/\/cmcelectronics.ca\/wp-content\/smush-webp\/2022\/11\/4.4-CMC_pageHub_300x300_AIS-Only-Quarter-1-150x150.png.webp 150w\" data-sizes=\"(max-width: 300px) 100vw, 300px\" src=\"data:image\/svg+xml;base64,PHN2ZyB3aWR0aD0iMSIgaGVpZ2h0PSIxIiB4bWxucz0iaHR0cDovL3d3dy53My5vcmcvMjAwMC9zdmciPjwvc3ZnPg==\" style=\"--smush-placeholder-width: 300px; --smush-placeholder-aspect-ratio: 300\/300;\" \/><\/figure><\/div>\n","protected":false},"excerpt":{"rendered":"<p>Ordinateurs avioniques Une vaste gamme de capacit\u00e9s permet aux op\u00e9rateur d&rsquo;utiliser un syst\u00e8me personnalis\u00e9. L\u2019architecture ouverte unique permet aux clients de conserver leur propri\u00e9t\u00e9 intellectuelle en mettant en \u0153uvre leurs propres applications \u00e0 l\u2019aide de la trousse compl\u00e8te de d\u00e9veloppement de logiciels (SDK) de CMC. Les plus r\u00e9cents composants \u00e9lectroniques \u00e0 la fine pointe de [&hellip;]<\/p>\n","protected":false},"author":1,"featured_media":208,"parent":1666,"menu_order":0,"comment_status":"closed","ping_status":"closed","template":"","meta":{"_acf_changed":false,"_gspb_post_css":"","_crdt_document":"","content-type":"","inline_featured_image":false,"footnotes":""},"class_list":["post-1683","page","type-page","status-publish","has-post-thumbnail","hentry"],"acf":[],"yoast_head":"<!-- This site is optimized with the Yoast SEO plugin v27.0 - https:\/\/yoast.com\/product\/yoast-seo-wordpress\/ -->\n<title>Ordinateurs avioniques - CMC \u00c9lectronique<\/title>\n<meta name=\"robots\" content=\"index, follow, max-snippet:-1, max-image-preview:large, max-video-preview:-1\" \/>\n<link rel=\"canonical\" href=\"https:\/\/cmcelectronics.ca\/fr\/nos-produits\/ordinateurs-avioniques\/\" \/>\n<meta property=\"og:locale\" content=\"fr_FR\" \/>\n<meta property=\"og:type\" content=\"article\" \/>\n<meta property=\"og:title\" content=\"Ordinateurs avioniques - CMC \u00c9lectronique\" \/>\n<meta property=\"og:description\" content=\"Ordinateurs avioniques Une vaste gamme de capacit\u00e9s permet aux op\u00e9rateur d&rsquo;utiliser un syst\u00e8me personnalis\u00e9. L\u2019architecture ouverte unique permet aux clients de conserver leur propri\u00e9t\u00e9 intellectuelle en mettant en \u0153uvre leurs propres applications \u00e0 l\u2019aide de la trousse compl\u00e8te de d\u00e9veloppement de logiciels (SDK) de CMC. Les plus r\u00e9cents composants \u00e9lectroniques \u00e0 la fine pointe de [&hellip;]\" \/>\n<meta property=\"og:url\" content=\"https:\/\/cmcelectronics.ca\/fr\/nos-produits\/ordinateurs-avioniques\/\" \/>\n<meta property=\"og:site_name\" content=\"CMC \u00c9lectronique\" \/>\n<meta property=\"article:modified_time\" content=\"2022-12-08T17:14:22+00:00\" \/>\n<meta property=\"og:image\" content=\"https:\/\/cmcelectronics.ca\/wp-content\/uploads\/2022\/08\/Container-17.jpg\" \/>\n\t<meta property=\"og:image:width\" content=\"841\" \/>\n\t<meta property=\"og:image:height\" content=\"400\" \/>\n\t<meta property=\"og:image:type\" content=\"image\/jpeg\" \/>\n<meta name=\"twitter:card\" content=\"summary_large_image\" \/>\n<meta name=\"twitter:label1\" content=\"Dur\u00e9e de lecture estim\u00e9e\" \/>\n\t<meta name=\"twitter:data1\" content=\"2 minutes\" \/>\n<script type=\"application\/ld+json\" class=\"yoast-schema-graph\">{\"@context\":\"https:\/\/schema.org\",\"@graph\":[{\"@type\":\"WebPage\",\"@id\":\"https:\/\/cmcelectronics.ca\/fr\/nos-produits\/ordinateurs-avioniques\/\",\"url\":\"https:\/\/cmcelectronics.ca\/fr\/nos-produits\/ordinateurs-avioniques\/\",\"name\":\"Ordinateurs avioniques - CMC \u00c9lectronique\",\"isPartOf\":{\"@id\":\"https:\/\/cmcelectronics.ca\/fr\/#website\"},\"primaryImageOfPage\":{\"@id\":\"https:\/\/cmcelectronics.ca\/fr\/nos-produits\/ordinateurs-avioniques\/#primaryimage\"},\"image\":{\"@id\":\"https:\/\/cmcelectronics.ca\/fr\/nos-produits\/ordinateurs-avioniques\/#primaryimage\"},\"thumbnailUrl\":\"https:\/\/cmcelectronics.ca\/wp-content\/uploads\/2022\/08\/Container-17.jpg\",\"datePublished\":\"2022-08-23T23:23:31+00:00\",\"dateModified\":\"2022-12-08T17:14:22+00:00\",\"breadcrumb\":{\"@id\":\"https:\/\/cmcelectronics.ca\/fr\/nos-produits\/ordinateurs-avioniques\/#breadcrumb\"},\"inLanguage\":\"fr-FR\",\"potentialAction\":[{\"@type\":\"ReadAction\",\"target\":[\"https:\/\/cmcelectronics.ca\/fr\/nos-produits\/ordinateurs-avioniques\/\"]}]},{\"@type\":\"ImageObject\",\"inLanguage\":\"fr-FR\",\"@id\":\"https:\/\/cmcelectronics.ca\/fr\/nos-produits\/ordinateurs-avioniques\/#primaryimage\",\"url\":\"https:\/\/cmcelectronics.ca\/wp-content\/uploads\/2022\/08\/Container-17.jpg\",\"contentUrl\":\"https:\/\/cmcelectronics.ca\/wp-content\/uploads\/2022\/08\/Container-17.jpg\",\"width\":841,\"height\":400},{\"@type\":\"BreadcrumbList\",\"@id\":\"https:\/\/cmcelectronics.ca\/fr\/nos-produits\/ordinateurs-avioniques\/#breadcrumb\",\"itemListElement\":[{\"@type\":\"ListItem\",\"position\":1,\"name\":\"Accueil\",\"item\":\"https:\/\/cmcelectronics.ca\/fr\/\"},{\"@type\":\"ListItem\",\"position\":2,\"name\":\"Nos produits\",\"item\":\"https:\/\/cmcelectronics.ca\/fr\/nos-produits\/\"},{\"@type\":\"ListItem\",\"position\":3,\"name\":\"Ordinateurs avioniques\"}]},{\"@type\":\"WebSite\",\"@id\":\"https:\/\/cmcelectronics.ca\/fr\/#website\",\"url\":\"https:\/\/cmcelectronics.ca\/fr\/\",\"name\":\"CMC \u00c9lectronique\",\"description\":\"\",\"publisher\":{\"@id\":\"https:\/\/cmcelectronics.ca\/fr\/#organization\"},\"potentialAction\":[{\"@type\":\"SearchAction\",\"target\":{\"@type\":\"EntryPoint\",\"urlTemplate\":\"https:\/\/cmcelectronics.ca\/fr\/?s={search_term_string}\"},\"query-input\":{\"@type\":\"PropertyValueSpecification\",\"valueRequired\":true,\"valueName\":\"search_term_string\"}}],\"inLanguage\":\"fr-FR\"},{\"@type\":\"Organization\",\"@id\":\"https:\/\/cmcelectronics.ca\/fr\/#organization\",\"name\":\"CMC \u00c9lectronique\",\"url\":\"https:\/\/cmcelectronics.ca\/fr\/\",\"logo\":{\"@type\":\"ImageObject\",\"inLanguage\":\"fr-FR\",\"@id\":\"https:\/\/cmcelectronics.ca\/fr\/#\/schema\/logo\/image\/\",\"url\":\"https:\/\/cmcelectronics.ca\/wp-content\/uploads\/2022\/08\/logo-CMC_black.svg\",\"contentUrl\":\"https:\/\/cmcelectronics.ca\/wp-content\/uploads\/2022\/08\/logo-CMC_black.svg\",\"width\":180,\"height\":57,\"caption\":\"CMC \u00c9lectronique\"},\"image\":{\"@id\":\"https:\/\/cmcelectronics.ca\/fr\/#\/schema\/logo\/image\/\"},\"sameAs\":[\"https:\/\/www.linkedin.com\/company\/cmc-electronics\"]}]}<\/script>\n<!-- \/ Yoast SEO plugin. -->","yoast_head_json":{"title":"Ordinateurs avioniques - CMC \u00c9lectronique","robots":{"index":"index","follow":"follow","max-snippet":"max-snippet:-1","max-image-preview":"max-image-preview:large","max-video-preview":"max-video-preview:-1"},"canonical":"https:\/\/cmcelectronics.ca\/fr\/nos-produits\/ordinateurs-avioniques\/","og_locale":"fr_FR","og_type":"article","og_title":"Ordinateurs avioniques - CMC \u00c9lectronique","og_description":"Ordinateurs avioniques Une vaste gamme de capacit\u00e9s permet aux op\u00e9rateur d&rsquo;utiliser un syst\u00e8me personnalis\u00e9. L\u2019architecture ouverte unique permet aux clients de conserver leur propri\u00e9t\u00e9 intellectuelle en mettant en \u0153uvre leurs propres applications \u00e0 l\u2019aide de la trousse compl\u00e8te de d\u00e9veloppement de logiciels (SDK) de CMC. Les plus r\u00e9cents composants \u00e9lectroniques \u00e0 la fine pointe de [&hellip;]","og_url":"https:\/\/cmcelectronics.ca\/fr\/nos-produits\/ordinateurs-avioniques\/","og_site_name":"CMC \u00c9lectronique","article_modified_time":"2022-12-08T17:14:22+00:00","og_image":[{"width":841,"height":400,"url":"https:\/\/cmcelectronics.ca\/wp-content\/uploads\/2022\/08\/Container-17.jpg","type":"image\/jpeg"}],"twitter_card":"summary_large_image","twitter_misc":{"Dur\u00e9e de lecture estim\u00e9e":"2 minutes"},"schema":{"@context":"https:\/\/schema.org","@graph":[{"@type":"WebPage","@id":"https:\/\/cmcelectronics.ca\/fr\/nos-produits\/ordinateurs-avioniques\/","url":"https:\/\/cmcelectronics.ca\/fr\/nos-produits\/ordinateurs-avioniques\/","name":"Ordinateurs avioniques - CMC \u00c9lectronique","isPartOf":{"@id":"https:\/\/cmcelectronics.ca\/fr\/#website"},"primaryImageOfPage":{"@id":"https:\/\/cmcelectronics.ca\/fr\/nos-produits\/ordinateurs-avioniques\/#primaryimage"},"image":{"@id":"https:\/\/cmcelectronics.ca\/fr\/nos-produits\/ordinateurs-avioniques\/#primaryimage"},"thumbnailUrl":"https:\/\/cmcelectronics.ca\/wp-content\/uploads\/2022\/08\/Container-17.jpg","datePublished":"2022-08-23T23:23:31+00:00","dateModified":"2022-12-08T17:14:22+00:00","breadcrumb":{"@id":"https:\/\/cmcelectronics.ca\/fr\/nos-produits\/ordinateurs-avioniques\/#breadcrumb"},"inLanguage":"fr-FR","potentialAction":[{"@type":"ReadAction","target":["https:\/\/cmcelectronics.ca\/fr\/nos-produits\/ordinateurs-avioniques\/"]}]},{"@type":"ImageObject","inLanguage":"fr-FR","@id":"https:\/\/cmcelectronics.ca\/fr\/nos-produits\/ordinateurs-avioniques\/#primaryimage","url":"https:\/\/cmcelectronics.ca\/wp-content\/uploads\/2022\/08\/Container-17.jpg","contentUrl":"https:\/\/cmcelectronics.ca\/wp-content\/uploads\/2022\/08\/Container-17.jpg","width":841,"height":400},{"@type":"BreadcrumbList","@id":"https:\/\/cmcelectronics.ca\/fr\/nos-produits\/ordinateurs-avioniques\/#breadcrumb","itemListElement":[{"@type":"ListItem","position":1,"name":"Accueil","item":"https:\/\/cmcelectronics.ca\/fr\/"},{"@type":"ListItem","position":2,"name":"Nos produits","item":"https:\/\/cmcelectronics.ca\/fr\/nos-produits\/"},{"@type":"ListItem","position":3,"name":"Ordinateurs avioniques"}]},{"@type":"WebSite","@id":"https:\/\/cmcelectronics.ca\/fr\/#website","url":"https:\/\/cmcelectronics.ca\/fr\/","name":"CMC \u00c9lectronique","description":"","publisher":{"@id":"https:\/\/cmcelectronics.ca\/fr\/#organization"},"potentialAction":[{"@type":"SearchAction","target":{"@type":"EntryPoint","urlTemplate":"https:\/\/cmcelectronics.ca\/fr\/?s={search_term_string}"},"query-input":{"@type":"PropertyValueSpecification","valueRequired":true,"valueName":"search_term_string"}}],"inLanguage":"fr-FR"},{"@type":"Organization","@id":"https:\/\/cmcelectronics.ca\/fr\/#organization","name":"CMC \u00c9lectronique","url":"https:\/\/cmcelectronics.ca\/fr\/","logo":{"@type":"ImageObject","inLanguage":"fr-FR","@id":"https:\/\/cmcelectronics.ca\/fr\/#\/schema\/logo\/image\/","url":"https:\/\/cmcelectronics.ca\/wp-content\/uploads\/2022\/08\/logo-CMC_black.svg","contentUrl":"https:\/\/cmcelectronics.ca\/wp-content\/uploads\/2022\/08\/logo-CMC_black.svg","width":180,"height":57,"caption":"CMC \u00c9lectronique"},"image":{"@id":"https:\/\/cmcelectronics.ca\/fr\/#\/schema\/logo\/image\/"},"sameAs":["https:\/\/www.linkedin.com\/company\/cmc-electronics"]}]}},"_links":{"self":[{"href":"https:\/\/cmcelectronics.ca\/fr\/wp-json\/wp\/v2\/pages\/1683","targetHints":{"allow":["GET"]}}],"collection":[{"href":"https:\/\/cmcelectronics.ca\/fr\/wp-json\/wp\/v2\/pages"}],"about":[{"href":"https:\/\/cmcelectronics.ca\/fr\/wp-json\/wp\/v2\/types\/page"}],"author":[{"embeddable":true,"href":"https:\/\/cmcelectronics.ca\/fr\/wp-json\/wp\/v2\/users\/1"}],"replies":[{"embeddable":true,"href":"https:\/\/cmcelectronics.ca\/fr\/wp-json\/wp\/v2\/comments?post=1683"}],"version-history":[{"count":0,"href":"https:\/\/cmcelectronics.ca\/fr\/wp-json\/wp\/v2\/pages\/1683\/revisions"}],"up":[{"embeddable":true,"href":"https:\/\/cmcelectronics.ca\/fr\/wp-json\/wp\/v2\/pages\/1666"}],"wp:featuredmedia":[{"embeddable":true,"href":"https:\/\/cmcelectronics.ca\/fr\/wp-json\/wp\/v2\/media\/208"}],"wp:attachment":[{"href":"https:\/\/cmcelectronics.ca\/fr\/wp-json\/wp\/v2\/media?parent=1683"}],"curies":[{"name":"wp","href":"https:\/\/api.w.org\/{rel}","templated":true}]}}