{"id":1694,"date":"2022-09-22T15:01:25","date_gmt":"2022-09-22T19:01:25","guid":{"rendered":"https:\/\/cmcelectronics.ca\/nos-produits\/navigation\/flight-management-systems-military\/"},"modified":"2022-12-14T11:46:14","modified_gmt":"2022-12-14T16:46:14","slug":"systemes-de-gestion-des-vols-militaires","status":"publish","type":"page","link":"https:\/\/cmcelectronics.ca\/fr\/nos-produits\/navigation\/systemes-de-gestion-des-vols-militaires\/","title":{"rendered":"Syst\u00e8mes de gestion des vols &#8211;  militaire"},"content":{"rendered":"\n\n<p class=\"act-lead wp-block-paragraph\">Syst\u00e8me de gestion de vol (FMS) d\u00e9ploy\u00e9 sur un grand nombre de plateformes militaires \u00e0 voilure fixe et rotative \u00e0 travers le monde.<br>Les a\u00e9ronefs militaires \u00e0 voilure fixe et les h\u00e9licopt\u00e8res \u00e0 mission sp\u00e9ciale comptent sur le FMS de CMC depuis plus de 30 ans. De nombreuses caract\u00e9ristiques et capacit\u00e9s ont \u00e9t\u00e9 d\u00e9velopp\u00e9es main dans la main avec les principaux fabricants d\u2019h\u00e9licopt\u00e8res afin de r\u00e9duire la charge de travail du pilote aux moments critiques et de r\u00e9pondre aux hautes exigences des grands exploitants militaires.<\/p>\n\n\n\n\n<ul class=\"wp-block-list\">\n<li>Optimis\u00e9 pour la taille, le poids, la puissance et le co\u00fbt (SWaP-C).<\/li>\n\n\n\n<li>\u00c9volution constante pour s\u2019aligner sur les normes militaires \u00e9mergentes pour MOSA et FACE.<\/li>\n\n\n\n<li>Les capacit\u00e9s de navigation civile en constante am\u00e9lioration garantissent que les avions militaires peuvent \u00e9galement voler des itin\u00e9raires privil\u00e9gi\u00e9s dans l\u2019espace a\u00e9rien civil.<\/li>\n\n\n\n<li>Capacit\u00e9 d\u2019interagir avec une grande vari\u00e9t\u00e9 de capteurs de navigation et de radios de tiers.<\/li>\n\n\n\n<li>Tr\u00e8s polyvalent pour une grande vari\u00e9t\u00e9 d\u2019applications de missions.<\/li>\n\n\n\n<li>Con\u00e7u avec des technologies de pointe pour accro\u00eetre l\u2019efficacit\u00e9 op\u00e9rationnelle et r\u00e9duire la charge de travail.<\/li>\n\n\n\n<li>Des interfaces de m\u00e9moire et d\u2019E\/S compl\u00e8tes permettent une int\u00e9gration facile et une capacit\u00e9 de croissance \u00e0 long terme.<\/li>\n\n\n\n<li>Emball\u00e9 dans une seule bo\u00eete l\u00e9g\u00e8re facile \u00e0 installer.<\/li>\n<\/ul>\n","protected":false},"excerpt":{"rendered":"","protected":false},"author":1,"featured_media":1471,"parent":1670,"menu_order":20,"comment_status":"closed","ping_status":"closed","template":"product","meta":{"_acf_changed":false,"_gspb_post_css":"","_crdt_document":"","content-type":"","inline_featured_image":false,"footnotes":""},"class_list":["post-1694","page","type-page","status-publish","has-post-thumbnail","hentry"],"acf":[],"yoast_head":"<!-- This site is optimized with the Yoast SEO plugin v27.0 - https:\/\/yoast.com\/product\/yoast-seo-wordpress\/ -->\n<title>Syst\u00e8mes de gestion des vols - militaire - CMC \u00c9lectronique<\/title>\n<meta name=\"robots\" content=\"index, follow, max-snippet:-1, max-image-preview:large, max-video-preview:-1\" \/>\n<link rel=\"canonical\" href=\"https:\/\/cmcelectronics.ca\/fr\/nos-produits\/navigation\/systemes-de-gestion-des-vols-militaires\/\" \/>\n<meta property=\"og:locale\" content=\"fr_FR\" \/>\n<meta property=\"og:type\" content=\"article\" \/>\n<meta property=\"og:title\" content=\"Syst\u00e8mes de gestion des vols - militaire - CMC \u00c9lectronique\" \/>\n<meta property=\"og:url\" content=\"https:\/\/cmcelectronics.ca\/fr\/nos-produits\/navigation\/systemes-de-gestion-des-vols-militaires\/\" \/>\n<meta property=\"og:site_name\" content=\"CMC \u00c9lectronique\" \/>\n<meta property=\"article:modified_time\" content=\"2022-12-14T16:46:14+00:00\" \/>\n<meta property=\"og:image\" content=\"https:\/\/cmcelectronics.ca\/wp-content\/uploads\/2022\/11\/4.1.1.a-CMC_pageProduit_519x389_CMA-4000.jpg\" \/>\n\t<meta property=\"og:image:width\" content=\"519\" \/>\n\t<meta property=\"og:image:height\" content=\"389\" \/>\n\t<meta property=\"og:image:type\" content=\"image\/jpeg\" \/>\n<meta name=\"twitter:card\" content=\"summary_large_image\" \/>\n<meta name=\"twitter:label1\" content=\"Dur\u00e9e de lecture estim\u00e9e\" \/>\n\t<meta name=\"twitter:data1\" content=\"2 minutes\" \/>\n<script type=\"application\/ld+json\" class=\"yoast-schema-graph\">{\"@context\":\"https:\/\/schema.org\",\"@graph\":[{\"@type\":\"WebPage\",\"@id\":\"https:\/\/cmcelectronics.ca\/fr\/nos-produits\/navigation\/systemes-de-gestion-des-vols-militaires\/\",\"url\":\"https:\/\/cmcelectronics.ca\/fr\/nos-produits\/navigation\/systemes-de-gestion-des-vols-militaires\/\",\"name\":\"Syst\u00e8mes de gestion des vols - militaire - CMC \u00c9lectronique\",\"isPartOf\":{\"@id\":\"https:\/\/cmcelectronics.ca\/fr\/#website\"},\"primaryImageOfPage\":{\"@id\":\"https:\/\/cmcelectronics.ca\/fr\/nos-produits\/navigation\/systemes-de-gestion-des-vols-militaires\/#primaryimage\"},\"image\":{\"@id\":\"https:\/\/cmcelectronics.ca\/fr\/nos-produits\/navigation\/systemes-de-gestion-des-vols-militaires\/#primaryimage\"},\"thumbnailUrl\":\"https:\/\/cmcelectronics.ca\/wp-content\/uploads\/2022\/11\/4.1.1.a-CMC_pageProduit_519x389_CMA-4000.jpg\",\"datePublished\":\"2022-09-22T19:01:25+00:00\",\"dateModified\":\"2022-12-14T16:46:14+00:00\",\"breadcrumb\":{\"@id\":\"https:\/\/cmcelectronics.ca\/fr\/nos-produits\/navigation\/systemes-de-gestion-des-vols-militaires\/#breadcrumb\"},\"inLanguage\":\"fr-FR\",\"potentialAction\":[{\"@type\":\"ReadAction\",\"target\":[\"https:\/\/cmcelectronics.ca\/fr\/nos-produits\/navigation\/systemes-de-gestion-des-vols-militaires\/\"]}]},{\"@type\":\"ImageObject\",\"inLanguage\":\"fr-FR\",\"@id\":\"https:\/\/cmcelectronics.ca\/fr\/nos-produits\/navigation\/systemes-de-gestion-des-vols-militaires\/#primaryimage\",\"url\":\"https:\/\/cmcelectronics.ca\/wp-content\/uploads\/2022\/11\/4.1.1.a-CMC_pageProduit_519x389_CMA-4000.jpg\",\"contentUrl\":\"https:\/\/cmcelectronics.ca\/wp-content\/uploads\/2022\/11\/4.1.1.a-CMC_pageProduit_519x389_CMA-4000.jpg\",\"width\":519,\"height\":389},{\"@type\":\"BreadcrumbList\",\"@id\":\"https:\/\/cmcelectronics.ca\/fr\/nos-produits\/navigation\/systemes-de-gestion-des-vols-militaires\/#breadcrumb\",\"itemListElement\":[{\"@type\":\"ListItem\",\"position\":1,\"name\":\"Accueil\",\"item\":\"https:\/\/cmcelectronics.ca\/fr\/\"},{\"@type\":\"ListItem\",\"position\":2,\"name\":\"Nos produits\",\"item\":\"https:\/\/cmcelectronics.ca\/fr\/nos-produits\/\"},{\"@type\":\"ListItem\",\"position\":3,\"name\":\"Navigation\",\"item\":\"https:\/\/cmcelectronics.ca\/fr\/nos-produits\/navigation\/\"},{\"@type\":\"ListItem\",\"position\":4,\"name\":\"Syst\u00e8mes de gestion des vols &#8211; militaire\"}]},{\"@type\":\"WebSite\",\"@id\":\"https:\/\/cmcelectronics.ca\/fr\/#website\",\"url\":\"https:\/\/cmcelectronics.ca\/fr\/\",\"name\":\"CMC \u00c9lectronique\",\"description\":\"\",\"publisher\":{\"@id\":\"https:\/\/cmcelectronics.ca\/fr\/#organization\"},\"potentialAction\":[{\"@type\":\"SearchAction\",\"target\":{\"@type\":\"EntryPoint\",\"urlTemplate\":\"https:\/\/cmcelectronics.ca\/fr\/?s={search_term_string}\"},\"query-input\":{\"@type\":\"PropertyValueSpecification\",\"valueRequired\":true,\"valueName\":\"search_term_string\"}}],\"inLanguage\":\"fr-FR\"},{\"@type\":\"Organization\",\"@id\":\"https:\/\/cmcelectronics.ca\/fr\/#organization\",\"name\":\"CMC \u00c9lectronique\",\"url\":\"https:\/\/cmcelectronics.ca\/fr\/\",\"logo\":{\"@type\":\"ImageObject\",\"inLanguage\":\"fr-FR\",\"@id\":\"https:\/\/cmcelectronics.ca\/fr\/#\/schema\/logo\/image\/\",\"url\":\"https:\/\/cmcelectronics.ca\/wp-content\/uploads\/2022\/08\/logo-CMC_black.svg\",\"contentUrl\":\"https:\/\/cmcelectronics.ca\/wp-content\/uploads\/2022\/08\/logo-CMC_black.svg\",\"width\":180,\"height\":57,\"caption\":\"CMC \u00c9lectronique\"},\"image\":{\"@id\":\"https:\/\/cmcelectronics.ca\/fr\/#\/schema\/logo\/image\/\"},\"sameAs\":[\"https:\/\/www.linkedin.com\/company\/cmc-electronics\"]}]}<\/script>\n<!-- \/ Yoast SEO plugin. -->","yoast_head_json":{"title":"Syst\u00e8mes de gestion des vols - militaire - CMC \u00c9lectronique","robots":{"index":"index","follow":"follow","max-snippet":"max-snippet:-1","max-image-preview":"max-image-preview:large","max-video-preview":"max-video-preview:-1"},"canonical":"https:\/\/cmcelectronics.ca\/fr\/nos-produits\/navigation\/systemes-de-gestion-des-vols-militaires\/","og_locale":"fr_FR","og_type":"article","og_title":"Syst\u00e8mes de gestion des vols - militaire - CMC \u00c9lectronique","og_url":"https:\/\/cmcelectronics.ca\/fr\/nos-produits\/navigation\/systemes-de-gestion-des-vols-militaires\/","og_site_name":"CMC \u00c9lectronique","article_modified_time":"2022-12-14T16:46:14+00:00","og_image":[{"width":519,"height":389,"url":"https:\/\/cmcelectronics.ca\/wp-content\/uploads\/2022\/11\/4.1.1.a-CMC_pageProduit_519x389_CMA-4000.jpg","type":"image\/jpeg"}],"twitter_card":"summary_large_image","twitter_misc":{"Dur\u00e9e de lecture estim\u00e9e":"2 minutes"},"schema":{"@context":"https:\/\/schema.org","@graph":[{"@type":"WebPage","@id":"https:\/\/cmcelectronics.ca\/fr\/nos-produits\/navigation\/systemes-de-gestion-des-vols-militaires\/","url":"https:\/\/cmcelectronics.ca\/fr\/nos-produits\/navigation\/systemes-de-gestion-des-vols-militaires\/","name":"Syst\u00e8mes de gestion des vols - militaire - CMC \u00c9lectronique","isPartOf":{"@id":"https:\/\/cmcelectronics.ca\/fr\/#website"},"primaryImageOfPage":{"@id":"https:\/\/cmcelectronics.ca\/fr\/nos-produits\/navigation\/systemes-de-gestion-des-vols-militaires\/#primaryimage"},"image":{"@id":"https:\/\/cmcelectronics.ca\/fr\/nos-produits\/navigation\/systemes-de-gestion-des-vols-militaires\/#primaryimage"},"thumbnailUrl":"https:\/\/cmcelectronics.ca\/wp-content\/uploads\/2022\/11\/4.1.1.a-CMC_pageProduit_519x389_CMA-4000.jpg","datePublished":"2022-09-22T19:01:25+00:00","dateModified":"2022-12-14T16:46:14+00:00","breadcrumb":{"@id":"https:\/\/cmcelectronics.ca\/fr\/nos-produits\/navigation\/systemes-de-gestion-des-vols-militaires\/#breadcrumb"},"inLanguage":"fr-FR","potentialAction":[{"@type":"ReadAction","target":["https:\/\/cmcelectronics.ca\/fr\/nos-produits\/navigation\/systemes-de-gestion-des-vols-militaires\/"]}]},{"@type":"ImageObject","inLanguage":"fr-FR","@id":"https:\/\/cmcelectronics.ca\/fr\/nos-produits\/navigation\/systemes-de-gestion-des-vols-militaires\/#primaryimage","url":"https:\/\/cmcelectronics.ca\/wp-content\/uploads\/2022\/11\/4.1.1.a-CMC_pageProduit_519x389_CMA-4000.jpg","contentUrl":"https:\/\/cmcelectronics.ca\/wp-content\/uploads\/2022\/11\/4.1.1.a-CMC_pageProduit_519x389_CMA-4000.jpg","width":519,"height":389},{"@type":"BreadcrumbList","@id":"https:\/\/cmcelectronics.ca\/fr\/nos-produits\/navigation\/systemes-de-gestion-des-vols-militaires\/#breadcrumb","itemListElement":[{"@type":"ListItem","position":1,"name":"Accueil","item":"https:\/\/cmcelectronics.ca\/fr\/"},{"@type":"ListItem","position":2,"name":"Nos produits","item":"https:\/\/cmcelectronics.ca\/fr\/nos-produits\/"},{"@type":"ListItem","position":3,"name":"Navigation","item":"https:\/\/cmcelectronics.ca\/fr\/nos-produits\/navigation\/"},{"@type":"ListItem","position":4,"name":"Syst\u00e8mes de gestion des vols &#8211; militaire"}]},{"@type":"WebSite","@id":"https:\/\/cmcelectronics.ca\/fr\/#website","url":"https:\/\/cmcelectronics.ca\/fr\/","name":"CMC \u00c9lectronique","description":"","publisher":{"@id":"https:\/\/cmcelectronics.ca\/fr\/#organization"},"potentialAction":[{"@type":"SearchAction","target":{"@type":"EntryPoint","urlTemplate":"https:\/\/cmcelectronics.ca\/fr\/?s={search_term_string}"},"query-input":{"@type":"PropertyValueSpecification","valueRequired":true,"valueName":"search_term_string"}}],"inLanguage":"fr-FR"},{"@type":"Organization","@id":"https:\/\/cmcelectronics.ca\/fr\/#organization","name":"CMC \u00c9lectronique","url":"https:\/\/cmcelectronics.ca\/fr\/","logo":{"@type":"ImageObject","inLanguage":"fr-FR","@id":"https:\/\/cmcelectronics.ca\/fr\/#\/schema\/logo\/image\/","url":"https:\/\/cmcelectronics.ca\/wp-content\/uploads\/2022\/08\/logo-CMC_black.svg","contentUrl":"https:\/\/cmcelectronics.ca\/wp-content\/uploads\/2022\/08\/logo-CMC_black.svg","width":180,"height":57,"caption":"CMC \u00c9lectronique"},"image":{"@id":"https:\/\/cmcelectronics.ca\/fr\/#\/schema\/logo\/image\/"},"sameAs":["https:\/\/www.linkedin.com\/company\/cmc-electronics"]}]}},"_links":{"self":[{"href":"https:\/\/cmcelectronics.ca\/fr\/wp-json\/wp\/v2\/pages\/1694","targetHints":{"allow":["GET"]}}],"collection":[{"href":"https:\/\/cmcelectronics.ca\/fr\/wp-json\/wp\/v2\/pages"}],"about":[{"href":"https:\/\/cmcelectronics.ca\/fr\/wp-json\/wp\/v2\/types\/page"}],"author":[{"embeddable":true,"href":"https:\/\/cmcelectronics.ca\/fr\/wp-json\/wp\/v2\/users\/1"}],"replies":[{"embeddable":true,"href":"https:\/\/cmcelectronics.ca\/fr\/wp-json\/wp\/v2\/comments?post=1694"}],"version-history":[{"count":0,"href":"https:\/\/cmcelectronics.ca\/fr\/wp-json\/wp\/v2\/pages\/1694\/revisions"}],"up":[{"embeddable":true,"href":"https:\/\/cmcelectronics.ca\/fr\/wp-json\/wp\/v2\/pages\/1670"}],"wp:featuredmedia":[{"embeddable":true,"href":"https:\/\/cmcelectronics.ca\/fr\/wp-json\/wp\/v2\/media\/1471"}],"wp:attachment":[{"href":"https:\/\/cmcelectronics.ca\/fr\/wp-json\/wp\/v2\/media?parent=1694"}],"curies":[{"name":"wp","href":"https:\/\/api.w.org\/{rel}","templated":true}]}}