{"id":1712,"date":"2022-08-23T19:23:30","date_gmt":"2022-08-23T23:23:30","guid":{"rendered":"https:\/\/cmcelectronics.ca\/nos-produits\/integration-des-systemes-de-poste-de-pilotage\/helicopter-cockpits\/"},"modified":"2022-11-28T08:24:54","modified_gmt":"2022-11-28T13:24:54","slug":"postes-de-pilotage-dhelicopteres","status":"publish","type":"page","link":"https:\/\/cmcelectronics.ca\/fr\/nos-produits\/integration-des-systemes-de-poste-de-pilotage\/postes-de-pilotage-dhelicopteres\/","title":{"rendered":"Postes de pilotage d\u2019h\u00e9licopt\u00e8res"},"content":{"rendered":"\n\n<p class=\"act-lead wp-block-paragraph\">CMC se sp\u00e9cialise depuis longtemps dans les mises \u00e0 niveau personnalis\u00e9es du poste de pilotage. Nos options novatrices et flexibles prolongent la vie et les capacit\u00e9s de mission d\u2019un large \u00e9ventail d\u2019h\u00e9licopt\u00e8res civils et militaires de mani\u00e8re tr\u00e8s rentable. Nos solutions sont \u00e9galement bien adapt\u00e9es aux nouveaux a\u00e9ronefs.<\/p>\n\n\n\n\n<ul class=\"wp-block-list\">\n<li>Am\u00e9liore la connaissance de la situation du pilote et la s\u00e9curit\u00e9 de la mission.<\/li>\n\n\n\n<li>R\u00e9duit la charge de travail du projet pilote et le co\u00fbt du cycle de vie.<\/li>\n\n\n\n<li>Options de modernisation partielles \u00e0 compl\u00e8tes du poste de pilotage en fonction des besoins et du budget.<\/li>\n\n\n\n<li>Vaste blocs d\u2019ensembles de constructions avioniques de base et d\u2019applications logicielles certifi\u00e9es civiles.<\/li>\n<\/ul>\n","protected":false},"excerpt":{"rendered":"","protected":false},"author":1,"featured_media":859,"parent":1674,"menu_order":0,"comment_status":"closed","ping_status":"closed","template":"product","meta":{"_acf_changed":false,"_gspb_post_css":"","_crdt_document":"","content-type":"","inline_featured_image":false,"footnotes":""},"class_list":["post-1712","page","type-page","status-publish","has-post-thumbnail","hentry"],"acf":[],"yoast_head":"<!-- This site is optimized with the Yoast SEO plugin v27.0 - https:\/\/yoast.com\/product\/yoast-seo-wordpress\/ -->\n<title>Postes de pilotage d\u2019h\u00e9licopt\u00e8res - CMC \u00c9lectronique<\/title>\n<meta name=\"robots\" content=\"index, follow, max-snippet:-1, max-image-preview:large, max-video-preview:-1\" \/>\n<link rel=\"canonical\" href=\"https:\/\/cmcelectronics.ca\/fr\/nos-produits\/integration-des-systemes-de-poste-de-pilotage\/postes-de-pilotage-dhelicopteres\/\" \/>\n<meta property=\"og:locale\" content=\"fr_FR\" \/>\n<meta property=\"og:type\" content=\"article\" \/>\n<meta property=\"og:title\" content=\"Postes de pilotage d\u2019h\u00e9licopt\u00e8res - CMC \u00c9lectronique\" \/>\n<meta property=\"og:url\" content=\"https:\/\/cmcelectronics.ca\/fr\/nos-produits\/integration-des-systemes-de-poste-de-pilotage\/postes-de-pilotage-dhelicopteres\/\" \/>\n<meta property=\"og:site_name\" content=\"CMC \u00c9lectronique\" \/>\n<meta property=\"article:modified_time\" content=\"2022-11-28T13:24:54+00:00\" \/>\n<meta property=\"og:image\" content=\"https:\/\/cmcelectronics.ca\/wp-content\/uploads\/2022\/09\/4.2.2-CMC_Cockpit_519x389_cockpit-helicopter.jpg\" \/>\n\t<meta property=\"og:image:width\" content=\"519\" \/>\n\t<meta property=\"og:image:height\" content=\"389\" \/>\n\t<meta property=\"og:image:type\" content=\"image\/jpeg\" \/>\n<meta name=\"twitter:card\" content=\"summary_large_image\" \/>\n<meta name=\"twitter:label1\" content=\"Dur\u00e9e de lecture estim\u00e9e\" \/>\n\t<meta name=\"twitter:data1\" content=\"1 minute\" \/>\n<script type=\"application\/ld+json\" class=\"yoast-schema-graph\">{\"@context\":\"https:\/\/schema.org\",\"@graph\":[{\"@type\":\"WebPage\",\"@id\":\"https:\/\/cmcelectronics.ca\/fr\/nos-produits\/integration-des-systemes-de-poste-de-pilotage\/postes-de-pilotage-dhelicopteres\/\",\"url\":\"https:\/\/cmcelectronics.ca\/fr\/nos-produits\/integration-des-systemes-de-poste-de-pilotage\/postes-de-pilotage-dhelicopteres\/\",\"name\":\"Postes de pilotage d\u2019h\u00e9licopt\u00e8res - CMC \u00c9lectronique\",\"isPartOf\":{\"@id\":\"https:\/\/cmcelectronics.ca\/fr\/#website\"},\"primaryImageOfPage\":{\"@id\":\"https:\/\/cmcelectronics.ca\/fr\/nos-produits\/integration-des-systemes-de-poste-de-pilotage\/postes-de-pilotage-dhelicopteres\/#primaryimage\"},\"image\":{\"@id\":\"https:\/\/cmcelectronics.ca\/fr\/nos-produits\/integration-des-systemes-de-poste-de-pilotage\/postes-de-pilotage-dhelicopteres\/#primaryimage\"},\"thumbnailUrl\":\"https:\/\/cmcelectronics.ca\/wp-content\/uploads\/2022\/09\/4.2.2-CMC_Cockpit_519x389_cockpit-helicopter.jpg\",\"datePublished\":\"2022-08-23T23:23:30+00:00\",\"dateModified\":\"2022-11-28T13:24:54+00:00\",\"breadcrumb\":{\"@id\":\"https:\/\/cmcelectronics.ca\/fr\/nos-produits\/integration-des-systemes-de-poste-de-pilotage\/postes-de-pilotage-dhelicopteres\/#breadcrumb\"},\"inLanguage\":\"fr-FR\",\"potentialAction\":[{\"@type\":\"ReadAction\",\"target\":[\"https:\/\/cmcelectronics.ca\/fr\/nos-produits\/integration-des-systemes-de-poste-de-pilotage\/postes-de-pilotage-dhelicopteres\/\"]}]},{\"@type\":\"ImageObject\",\"inLanguage\":\"fr-FR\",\"@id\":\"https:\/\/cmcelectronics.ca\/fr\/nos-produits\/integration-des-systemes-de-poste-de-pilotage\/postes-de-pilotage-dhelicopteres\/#primaryimage\",\"url\":\"https:\/\/cmcelectronics.ca\/wp-content\/uploads\/2022\/09\/4.2.2-CMC_Cockpit_519x389_cockpit-helicopter.jpg\",\"contentUrl\":\"https:\/\/cmcelectronics.ca\/wp-content\/uploads\/2022\/09\/4.2.2-CMC_Cockpit_519x389_cockpit-helicopter.jpg\",\"width\":519,\"height\":389},{\"@type\":\"BreadcrumbList\",\"@id\":\"https:\/\/cmcelectronics.ca\/fr\/nos-produits\/integration-des-systemes-de-poste-de-pilotage\/postes-de-pilotage-dhelicopteres\/#breadcrumb\",\"itemListElement\":[{\"@type\":\"ListItem\",\"position\":1,\"name\":\"Accueil\",\"item\":\"https:\/\/cmcelectronics.ca\/fr\/\"},{\"@type\":\"ListItem\",\"position\":2,\"name\":\"Nos produits\",\"item\":\"https:\/\/cmcelectronics.ca\/fr\/nos-produits\/\"},{\"@type\":\"ListItem\",\"position\":3,\"name\":\"Int\u00e9gration des syst\u00e8mes de poste de pilotage\",\"item\":\"https:\/\/cmcelectronics.ca\/fr\/nos-produits\/integration-des-systemes-de-poste-de-pilotage\/\"},{\"@type\":\"ListItem\",\"position\":4,\"name\":\"Postes de pilotage d\u2019h\u00e9licopt\u00e8res\"}]},{\"@type\":\"WebSite\",\"@id\":\"https:\/\/cmcelectronics.ca\/fr\/#website\",\"url\":\"https:\/\/cmcelectronics.ca\/fr\/\",\"name\":\"CMC \u00c9lectronique\",\"description\":\"\",\"publisher\":{\"@id\":\"https:\/\/cmcelectronics.ca\/fr\/#organization\"},\"potentialAction\":[{\"@type\":\"SearchAction\",\"target\":{\"@type\":\"EntryPoint\",\"urlTemplate\":\"https:\/\/cmcelectronics.ca\/fr\/?s={search_term_string}\"},\"query-input\":{\"@type\":\"PropertyValueSpecification\",\"valueRequired\":true,\"valueName\":\"search_term_string\"}}],\"inLanguage\":\"fr-FR\"},{\"@type\":\"Organization\",\"@id\":\"https:\/\/cmcelectronics.ca\/fr\/#organization\",\"name\":\"CMC \u00c9lectronique\",\"url\":\"https:\/\/cmcelectronics.ca\/fr\/\",\"logo\":{\"@type\":\"ImageObject\",\"inLanguage\":\"fr-FR\",\"@id\":\"https:\/\/cmcelectronics.ca\/fr\/#\/schema\/logo\/image\/\",\"url\":\"https:\/\/cmcelectronics.ca\/wp-content\/uploads\/2022\/08\/logo-CMC_black.svg\",\"contentUrl\":\"https:\/\/cmcelectronics.ca\/wp-content\/uploads\/2022\/08\/logo-CMC_black.svg\",\"width\":180,\"height\":57,\"caption\":\"CMC \u00c9lectronique\"},\"image\":{\"@id\":\"https:\/\/cmcelectronics.ca\/fr\/#\/schema\/logo\/image\/\"},\"sameAs\":[\"https:\/\/www.linkedin.com\/company\/cmc-electronics\"]}]}<\/script>\n<!-- \/ Yoast SEO plugin. -->","yoast_head_json":{"title":"Postes de pilotage d\u2019h\u00e9licopt\u00e8res - CMC \u00c9lectronique","robots":{"index":"index","follow":"follow","max-snippet":"max-snippet:-1","max-image-preview":"max-image-preview:large","max-video-preview":"max-video-preview:-1"},"canonical":"https:\/\/cmcelectronics.ca\/fr\/nos-produits\/integration-des-systemes-de-poste-de-pilotage\/postes-de-pilotage-dhelicopteres\/","og_locale":"fr_FR","og_type":"article","og_title":"Postes de pilotage d\u2019h\u00e9licopt\u00e8res - CMC \u00c9lectronique","og_url":"https:\/\/cmcelectronics.ca\/fr\/nos-produits\/integration-des-systemes-de-poste-de-pilotage\/postes-de-pilotage-dhelicopteres\/","og_site_name":"CMC \u00c9lectronique","article_modified_time":"2022-11-28T13:24:54+00:00","og_image":[{"width":519,"height":389,"url":"https:\/\/cmcelectronics.ca\/wp-content\/uploads\/2022\/09\/4.2.2-CMC_Cockpit_519x389_cockpit-helicopter.jpg","type":"image\/jpeg"}],"twitter_card":"summary_large_image","twitter_misc":{"Dur\u00e9e de lecture estim\u00e9e":"1 minute"},"schema":{"@context":"https:\/\/schema.org","@graph":[{"@type":"WebPage","@id":"https:\/\/cmcelectronics.ca\/fr\/nos-produits\/integration-des-systemes-de-poste-de-pilotage\/postes-de-pilotage-dhelicopteres\/","url":"https:\/\/cmcelectronics.ca\/fr\/nos-produits\/integration-des-systemes-de-poste-de-pilotage\/postes-de-pilotage-dhelicopteres\/","name":"Postes de pilotage d\u2019h\u00e9licopt\u00e8res - CMC \u00c9lectronique","isPartOf":{"@id":"https:\/\/cmcelectronics.ca\/fr\/#website"},"primaryImageOfPage":{"@id":"https:\/\/cmcelectronics.ca\/fr\/nos-produits\/integration-des-systemes-de-poste-de-pilotage\/postes-de-pilotage-dhelicopteres\/#primaryimage"},"image":{"@id":"https:\/\/cmcelectronics.ca\/fr\/nos-produits\/integration-des-systemes-de-poste-de-pilotage\/postes-de-pilotage-dhelicopteres\/#primaryimage"},"thumbnailUrl":"https:\/\/cmcelectronics.ca\/wp-content\/uploads\/2022\/09\/4.2.2-CMC_Cockpit_519x389_cockpit-helicopter.jpg","datePublished":"2022-08-23T23:23:30+00:00","dateModified":"2022-11-28T13:24:54+00:00","breadcrumb":{"@id":"https:\/\/cmcelectronics.ca\/fr\/nos-produits\/integration-des-systemes-de-poste-de-pilotage\/postes-de-pilotage-dhelicopteres\/#breadcrumb"},"inLanguage":"fr-FR","potentialAction":[{"@type":"ReadAction","target":["https:\/\/cmcelectronics.ca\/fr\/nos-produits\/integration-des-systemes-de-poste-de-pilotage\/postes-de-pilotage-dhelicopteres\/"]}]},{"@type":"ImageObject","inLanguage":"fr-FR","@id":"https:\/\/cmcelectronics.ca\/fr\/nos-produits\/integration-des-systemes-de-poste-de-pilotage\/postes-de-pilotage-dhelicopteres\/#primaryimage","url":"https:\/\/cmcelectronics.ca\/wp-content\/uploads\/2022\/09\/4.2.2-CMC_Cockpit_519x389_cockpit-helicopter.jpg","contentUrl":"https:\/\/cmcelectronics.ca\/wp-content\/uploads\/2022\/09\/4.2.2-CMC_Cockpit_519x389_cockpit-helicopter.jpg","width":519,"height":389},{"@type":"BreadcrumbList","@id":"https:\/\/cmcelectronics.ca\/fr\/nos-produits\/integration-des-systemes-de-poste-de-pilotage\/postes-de-pilotage-dhelicopteres\/#breadcrumb","itemListElement":[{"@type":"ListItem","position":1,"name":"Accueil","item":"https:\/\/cmcelectronics.ca\/fr\/"},{"@type":"ListItem","position":2,"name":"Nos produits","item":"https:\/\/cmcelectronics.ca\/fr\/nos-produits\/"},{"@type":"ListItem","position":3,"name":"Int\u00e9gration des syst\u00e8mes de poste de pilotage","item":"https:\/\/cmcelectronics.ca\/fr\/nos-produits\/integration-des-systemes-de-poste-de-pilotage\/"},{"@type":"ListItem","position":4,"name":"Postes de pilotage d\u2019h\u00e9licopt\u00e8res"}]},{"@type":"WebSite","@id":"https:\/\/cmcelectronics.ca\/fr\/#website","url":"https:\/\/cmcelectronics.ca\/fr\/","name":"CMC \u00c9lectronique","description":"","publisher":{"@id":"https:\/\/cmcelectronics.ca\/fr\/#organization"},"potentialAction":[{"@type":"SearchAction","target":{"@type":"EntryPoint","urlTemplate":"https:\/\/cmcelectronics.ca\/fr\/?s={search_term_string}"},"query-input":{"@type":"PropertyValueSpecification","valueRequired":true,"valueName":"search_term_string"}}],"inLanguage":"fr-FR"},{"@type":"Organization","@id":"https:\/\/cmcelectronics.ca\/fr\/#organization","name":"CMC \u00c9lectronique","url":"https:\/\/cmcelectronics.ca\/fr\/","logo":{"@type":"ImageObject","inLanguage":"fr-FR","@id":"https:\/\/cmcelectronics.ca\/fr\/#\/schema\/logo\/image\/","url":"https:\/\/cmcelectronics.ca\/wp-content\/uploads\/2022\/08\/logo-CMC_black.svg","contentUrl":"https:\/\/cmcelectronics.ca\/wp-content\/uploads\/2022\/08\/logo-CMC_black.svg","width":180,"height":57,"caption":"CMC \u00c9lectronique"},"image":{"@id":"https:\/\/cmcelectronics.ca\/fr\/#\/schema\/logo\/image\/"},"sameAs":["https:\/\/www.linkedin.com\/company\/cmc-electronics"]}]}},"_links":{"self":[{"href":"https:\/\/cmcelectronics.ca\/fr\/wp-json\/wp\/v2\/pages\/1712","targetHints":{"allow":["GET"]}}],"collection":[{"href":"https:\/\/cmcelectronics.ca\/fr\/wp-json\/wp\/v2\/pages"}],"about":[{"href":"https:\/\/cmcelectronics.ca\/fr\/wp-json\/wp\/v2\/types\/page"}],"author":[{"embeddable":true,"href":"https:\/\/cmcelectronics.ca\/fr\/wp-json\/wp\/v2\/users\/1"}],"replies":[{"embeddable":true,"href":"https:\/\/cmcelectronics.ca\/fr\/wp-json\/wp\/v2\/comments?post=1712"}],"version-history":[{"count":0,"href":"https:\/\/cmcelectronics.ca\/fr\/wp-json\/wp\/v2\/pages\/1712\/revisions"}],"up":[{"embeddable":true,"href":"https:\/\/cmcelectronics.ca\/fr\/wp-json\/wp\/v2\/pages\/1674"}],"wp:featuredmedia":[{"embeddable":true,"href":"https:\/\/cmcelectronics.ca\/fr\/wp-json\/wp\/v2\/media\/859"}],"wp:attachment":[{"href":"https:\/\/cmcelectronics.ca\/fr\/wp-json\/wp\/v2\/media?parent=1712"}],"curies":[{"name":"wp","href":"https:\/\/api.w.org\/{rel}","templated":true}]}}