{"id":1716,"date":"2022-08-23T19:23:30","date_gmt":"2022-08-23T23:23:30","guid":{"rendered":"https:\/\/cmcelectronics.ca\/nos-produits\/integration-des-systemes-de-poste-de-pilotage\/air-transport-cockpits\/"},"modified":"2022-12-02T14:53:30","modified_gmt":"2022-12-02T19:53:30","slug":"postes-de-pilotage-de-transport-aerien","status":"publish","type":"page","link":"https:\/\/cmcelectronics.ca\/fr\/nos-produits\/integration-des-systemes-de-poste-de-pilotage\/postes-de-pilotage-de-transport-aerien\/","title":{"rendered":"Postes de pilotage de transport a\u00e9rien"},"content":{"rendered":"\n\n<p class=\"act-lead wp-block-paragraph\">Les postes de pilotage de camion-citerne et de transport de CMC \u00e9tablissent la norme pour une efficacit\u00e9 de mission am\u00e9lior\u00e9e gr\u00e2ce \u00e0 des caract\u00e9ristiques tactiques avanc\u00e9es et des outils de gestion de missions.<\/p>\n\n\n\n\n<ul class=\"wp-block-list\">\n<li>Suite d\u2019affichage de haute r\u00e9solution, grand format et enti\u00e8rement en verre (jusqu\u2019\u00e0 6&nbsp;\u00e9crans) avec architecture enti\u00e8rement redondante, options d\u2019\u00e9crans grand format (LAD*) et de vision nocturne (NVIS).<\/li>\n\n\n\n<li>Le syst\u00e8me de gestion de vol (FMS) de CMC, qui offre des fonctions de missions tactiques et une solution de navigation de haute pr\u00e9cision et de haute int\u00e9grit\u00e9 bas\u00e9e sur plusieurs capteurs de navigation, y compris le syst\u00e8me d\u2019atterrissage GPS (GLS) CMA-5024, le meilleur de l\u2019industrie.<\/li>\n\n\n\n<li>Vaste gamme d\u2019options d\u2019\u00e9quipement, y compris les \u00e9crans de mission portatifs, la vision am\u00e9lior\u00e9e, les communications par satellite, le syst\u00e8me TCAS, le radar m\u00e9t\u00e9orologique, la navigation compl\u00e8te et la suite de communications. \u00c9cran compatible avec les \u00e9crans tactiles et les grands \u00e9crans gr\u00e2ce \u00e0 des partenariats avec des fabricants d\u2019\u00e9crans de confiance<\/li>\n<\/ul>\n","protected":false},"excerpt":{"rendered":"","protected":false},"author":1,"featured_media":654,"parent":1674,"menu_order":0,"comment_status":"closed","ping_status":"closed","template":"product","meta":{"_acf_changed":false,"_gspb_post_css":"","_crdt_document":"","content-type":"","inline_featured_image":false,"footnotes":""},"class_list":["post-1716","page","type-page","status-publish","has-post-thumbnail","hentry"],"acf":[],"yoast_head":"<!-- This site is optimized with the Yoast SEO plugin v27.0 - https:\/\/yoast.com\/product\/yoast-seo-wordpress\/ -->\n<title>Postes de pilotage de transport a\u00e9rien - CMC \u00c9lectronique<\/title>\n<meta name=\"robots\" content=\"index, follow, max-snippet:-1, max-image-preview:large, max-video-preview:-1\" \/>\n<link rel=\"canonical\" href=\"https:\/\/cmcelectronics.ca\/fr\/nos-produits\/integration-des-systemes-de-poste-de-pilotage\/postes-de-pilotage-de-transport-aerien\/\" \/>\n<meta property=\"og:locale\" content=\"fr_FR\" \/>\n<meta property=\"og:type\" content=\"article\" \/>\n<meta property=\"og:title\" content=\"Postes de pilotage de transport a\u00e9rien - CMC \u00c9lectronique\" \/>\n<meta property=\"og:url\" content=\"https:\/\/cmcelectronics.ca\/fr\/nos-produits\/integration-des-systemes-de-poste-de-pilotage\/postes-de-pilotage-de-transport-aerien\/\" \/>\n<meta property=\"og:site_name\" content=\"CMC \u00c9lectronique\" \/>\n<meta property=\"article:modified_time\" content=\"2022-12-02T19:53:30+00:00\" \/>\n<meta property=\"og:image\" content=\"https:\/\/cmcelectronics.ca\/wp-content\/uploads\/2022\/09\/4.2.3-CMC_Cockpit_519x389_cokpit-air-transport-.jpg\" \/>\n\t<meta property=\"og:image:width\" content=\"519\" \/>\n\t<meta property=\"og:image:height\" content=\"389\" \/>\n\t<meta property=\"og:image:type\" content=\"image\/jpeg\" \/>\n<meta name=\"twitter:card\" content=\"summary_large_image\" \/>\n<meta name=\"twitter:label1\" content=\"Dur\u00e9e de lecture estim\u00e9e\" \/>\n\t<meta name=\"twitter:data1\" content=\"1 minute\" \/>\n<script type=\"application\/ld+json\" class=\"yoast-schema-graph\">{\"@context\":\"https:\/\/schema.org\",\"@graph\":[{\"@type\":\"WebPage\",\"@id\":\"https:\/\/cmcelectronics.ca\/fr\/nos-produits\/integration-des-systemes-de-poste-de-pilotage\/postes-de-pilotage-de-transport-aerien\/\",\"url\":\"https:\/\/cmcelectronics.ca\/fr\/nos-produits\/integration-des-systemes-de-poste-de-pilotage\/postes-de-pilotage-de-transport-aerien\/\",\"name\":\"Postes de pilotage de transport a\u00e9rien - CMC \u00c9lectronique\",\"isPartOf\":{\"@id\":\"https:\/\/cmcelectronics.ca\/fr\/#website\"},\"primaryImageOfPage\":{\"@id\":\"https:\/\/cmcelectronics.ca\/fr\/nos-produits\/integration-des-systemes-de-poste-de-pilotage\/postes-de-pilotage-de-transport-aerien\/#primaryimage\"},\"image\":{\"@id\":\"https:\/\/cmcelectronics.ca\/fr\/nos-produits\/integration-des-systemes-de-poste-de-pilotage\/postes-de-pilotage-de-transport-aerien\/#primaryimage\"},\"thumbnailUrl\":\"https:\/\/cmcelectronics.ca\/wp-content\/uploads\/2022\/09\/4.2.3-CMC_Cockpit_519x389_cokpit-air-transport-.jpg\",\"datePublished\":\"2022-08-23T23:23:30+00:00\",\"dateModified\":\"2022-12-02T19:53:30+00:00\",\"breadcrumb\":{\"@id\":\"https:\/\/cmcelectronics.ca\/fr\/nos-produits\/integration-des-systemes-de-poste-de-pilotage\/postes-de-pilotage-de-transport-aerien\/#breadcrumb\"},\"inLanguage\":\"fr-FR\",\"potentialAction\":[{\"@type\":\"ReadAction\",\"target\":[\"https:\/\/cmcelectronics.ca\/fr\/nos-produits\/integration-des-systemes-de-poste-de-pilotage\/postes-de-pilotage-de-transport-aerien\/\"]}]},{\"@type\":\"ImageObject\",\"inLanguage\":\"fr-FR\",\"@id\":\"https:\/\/cmcelectronics.ca\/fr\/nos-produits\/integration-des-systemes-de-poste-de-pilotage\/postes-de-pilotage-de-transport-aerien\/#primaryimage\",\"url\":\"https:\/\/cmcelectronics.ca\/wp-content\/uploads\/2022\/09\/4.2.3-CMC_Cockpit_519x389_cokpit-air-transport-.jpg\",\"contentUrl\":\"https:\/\/cmcelectronics.ca\/wp-content\/uploads\/2022\/09\/4.2.3-CMC_Cockpit_519x389_cokpit-air-transport-.jpg\",\"width\":519,\"height\":389},{\"@type\":\"BreadcrumbList\",\"@id\":\"https:\/\/cmcelectronics.ca\/fr\/nos-produits\/integration-des-systemes-de-poste-de-pilotage\/postes-de-pilotage-de-transport-aerien\/#breadcrumb\",\"itemListElement\":[{\"@type\":\"ListItem\",\"position\":1,\"name\":\"Accueil\",\"item\":\"https:\/\/cmcelectronics.ca\/fr\/\"},{\"@type\":\"ListItem\",\"position\":2,\"name\":\"Nos produits\",\"item\":\"https:\/\/cmcelectronics.ca\/fr\/nos-produits\/\"},{\"@type\":\"ListItem\",\"position\":3,\"name\":\"Int\u00e9gration des syst\u00e8mes de poste de pilotage\",\"item\":\"https:\/\/cmcelectronics.ca\/fr\/nos-produits\/integration-des-systemes-de-poste-de-pilotage\/\"},{\"@type\":\"ListItem\",\"position\":4,\"name\":\"Postes de pilotage de transport a\u00e9rien\"}]},{\"@type\":\"WebSite\",\"@id\":\"https:\/\/cmcelectronics.ca\/fr\/#website\",\"url\":\"https:\/\/cmcelectronics.ca\/fr\/\",\"name\":\"CMC \u00c9lectronique\",\"description\":\"\",\"publisher\":{\"@id\":\"https:\/\/cmcelectronics.ca\/fr\/#organization\"},\"potentialAction\":[{\"@type\":\"SearchAction\",\"target\":{\"@type\":\"EntryPoint\",\"urlTemplate\":\"https:\/\/cmcelectronics.ca\/fr\/?s={search_term_string}\"},\"query-input\":{\"@type\":\"PropertyValueSpecification\",\"valueRequired\":true,\"valueName\":\"search_term_string\"}}],\"inLanguage\":\"fr-FR\"},{\"@type\":\"Organization\",\"@id\":\"https:\/\/cmcelectronics.ca\/fr\/#organization\",\"name\":\"CMC \u00c9lectronique\",\"url\":\"https:\/\/cmcelectronics.ca\/fr\/\",\"logo\":{\"@type\":\"ImageObject\",\"inLanguage\":\"fr-FR\",\"@id\":\"https:\/\/cmcelectronics.ca\/fr\/#\/schema\/logo\/image\/\",\"url\":\"https:\/\/cmcelectronics.ca\/wp-content\/uploads\/2022\/08\/logo-CMC_black.svg\",\"contentUrl\":\"https:\/\/cmcelectronics.ca\/wp-content\/uploads\/2022\/08\/logo-CMC_black.svg\",\"width\":180,\"height\":57,\"caption\":\"CMC \u00c9lectronique\"},\"image\":{\"@id\":\"https:\/\/cmcelectronics.ca\/fr\/#\/schema\/logo\/image\/\"},\"sameAs\":[\"https:\/\/www.linkedin.com\/company\/cmc-electronics\"]}]}<\/script>\n<!-- \/ Yoast SEO plugin. -->","yoast_head_json":{"title":"Postes de pilotage de transport a\u00e9rien - CMC \u00c9lectronique","robots":{"index":"index","follow":"follow","max-snippet":"max-snippet:-1","max-image-preview":"max-image-preview:large","max-video-preview":"max-video-preview:-1"},"canonical":"https:\/\/cmcelectronics.ca\/fr\/nos-produits\/integration-des-systemes-de-poste-de-pilotage\/postes-de-pilotage-de-transport-aerien\/","og_locale":"fr_FR","og_type":"article","og_title":"Postes de pilotage de transport a\u00e9rien - CMC \u00c9lectronique","og_url":"https:\/\/cmcelectronics.ca\/fr\/nos-produits\/integration-des-systemes-de-poste-de-pilotage\/postes-de-pilotage-de-transport-aerien\/","og_site_name":"CMC \u00c9lectronique","article_modified_time":"2022-12-02T19:53:30+00:00","og_image":[{"width":519,"height":389,"url":"https:\/\/cmcelectronics.ca\/wp-content\/uploads\/2022\/09\/4.2.3-CMC_Cockpit_519x389_cokpit-air-transport-.jpg","type":"image\/jpeg"}],"twitter_card":"summary_large_image","twitter_misc":{"Dur\u00e9e de lecture estim\u00e9e":"1 minute"},"schema":{"@context":"https:\/\/schema.org","@graph":[{"@type":"WebPage","@id":"https:\/\/cmcelectronics.ca\/fr\/nos-produits\/integration-des-systemes-de-poste-de-pilotage\/postes-de-pilotage-de-transport-aerien\/","url":"https:\/\/cmcelectronics.ca\/fr\/nos-produits\/integration-des-systemes-de-poste-de-pilotage\/postes-de-pilotage-de-transport-aerien\/","name":"Postes de pilotage de transport a\u00e9rien - CMC \u00c9lectronique","isPartOf":{"@id":"https:\/\/cmcelectronics.ca\/fr\/#website"},"primaryImageOfPage":{"@id":"https:\/\/cmcelectronics.ca\/fr\/nos-produits\/integration-des-systemes-de-poste-de-pilotage\/postes-de-pilotage-de-transport-aerien\/#primaryimage"},"image":{"@id":"https:\/\/cmcelectronics.ca\/fr\/nos-produits\/integration-des-systemes-de-poste-de-pilotage\/postes-de-pilotage-de-transport-aerien\/#primaryimage"},"thumbnailUrl":"https:\/\/cmcelectronics.ca\/wp-content\/uploads\/2022\/09\/4.2.3-CMC_Cockpit_519x389_cokpit-air-transport-.jpg","datePublished":"2022-08-23T23:23:30+00:00","dateModified":"2022-12-02T19:53:30+00:00","breadcrumb":{"@id":"https:\/\/cmcelectronics.ca\/fr\/nos-produits\/integration-des-systemes-de-poste-de-pilotage\/postes-de-pilotage-de-transport-aerien\/#breadcrumb"},"inLanguage":"fr-FR","potentialAction":[{"@type":"ReadAction","target":["https:\/\/cmcelectronics.ca\/fr\/nos-produits\/integration-des-systemes-de-poste-de-pilotage\/postes-de-pilotage-de-transport-aerien\/"]}]},{"@type":"ImageObject","inLanguage":"fr-FR","@id":"https:\/\/cmcelectronics.ca\/fr\/nos-produits\/integration-des-systemes-de-poste-de-pilotage\/postes-de-pilotage-de-transport-aerien\/#primaryimage","url":"https:\/\/cmcelectronics.ca\/wp-content\/uploads\/2022\/09\/4.2.3-CMC_Cockpit_519x389_cokpit-air-transport-.jpg","contentUrl":"https:\/\/cmcelectronics.ca\/wp-content\/uploads\/2022\/09\/4.2.3-CMC_Cockpit_519x389_cokpit-air-transport-.jpg","width":519,"height":389},{"@type":"BreadcrumbList","@id":"https:\/\/cmcelectronics.ca\/fr\/nos-produits\/integration-des-systemes-de-poste-de-pilotage\/postes-de-pilotage-de-transport-aerien\/#breadcrumb","itemListElement":[{"@type":"ListItem","position":1,"name":"Accueil","item":"https:\/\/cmcelectronics.ca\/fr\/"},{"@type":"ListItem","position":2,"name":"Nos produits","item":"https:\/\/cmcelectronics.ca\/fr\/nos-produits\/"},{"@type":"ListItem","position":3,"name":"Int\u00e9gration des syst\u00e8mes de poste de pilotage","item":"https:\/\/cmcelectronics.ca\/fr\/nos-produits\/integration-des-systemes-de-poste-de-pilotage\/"},{"@type":"ListItem","position":4,"name":"Postes de pilotage de transport a\u00e9rien"}]},{"@type":"WebSite","@id":"https:\/\/cmcelectronics.ca\/fr\/#website","url":"https:\/\/cmcelectronics.ca\/fr\/","name":"CMC \u00c9lectronique","description":"","publisher":{"@id":"https:\/\/cmcelectronics.ca\/fr\/#organization"},"potentialAction":[{"@type":"SearchAction","target":{"@type":"EntryPoint","urlTemplate":"https:\/\/cmcelectronics.ca\/fr\/?s={search_term_string}"},"query-input":{"@type":"PropertyValueSpecification","valueRequired":true,"valueName":"search_term_string"}}],"inLanguage":"fr-FR"},{"@type":"Organization","@id":"https:\/\/cmcelectronics.ca\/fr\/#organization","name":"CMC \u00c9lectronique","url":"https:\/\/cmcelectronics.ca\/fr\/","logo":{"@type":"ImageObject","inLanguage":"fr-FR","@id":"https:\/\/cmcelectronics.ca\/fr\/#\/schema\/logo\/image\/","url":"https:\/\/cmcelectronics.ca\/wp-content\/uploads\/2022\/08\/logo-CMC_black.svg","contentUrl":"https:\/\/cmcelectronics.ca\/wp-content\/uploads\/2022\/08\/logo-CMC_black.svg","width":180,"height":57,"caption":"CMC \u00c9lectronique"},"image":{"@id":"https:\/\/cmcelectronics.ca\/fr\/#\/schema\/logo\/image\/"},"sameAs":["https:\/\/www.linkedin.com\/company\/cmc-electronics"]}]}},"_links":{"self":[{"href":"https:\/\/cmcelectronics.ca\/fr\/wp-json\/wp\/v2\/pages\/1716","targetHints":{"allow":["GET"]}}],"collection":[{"href":"https:\/\/cmcelectronics.ca\/fr\/wp-json\/wp\/v2\/pages"}],"about":[{"href":"https:\/\/cmcelectronics.ca\/fr\/wp-json\/wp\/v2\/types\/page"}],"author":[{"embeddable":true,"href":"https:\/\/cmcelectronics.ca\/fr\/wp-json\/wp\/v2\/users\/1"}],"replies":[{"embeddable":true,"href":"https:\/\/cmcelectronics.ca\/fr\/wp-json\/wp\/v2\/comments?post=1716"}],"version-history":[{"count":0,"href":"https:\/\/cmcelectronics.ca\/fr\/wp-json\/wp\/v2\/pages\/1716\/revisions"}],"up":[{"embeddable":true,"href":"https:\/\/cmcelectronics.ca\/fr\/wp-json\/wp\/v2\/pages\/1674"}],"wp:featuredmedia":[{"embeddable":true,"href":"https:\/\/cmcelectronics.ca\/fr\/wp-json\/wp\/v2\/media\/654"}],"wp:attachment":[{"href":"https:\/\/cmcelectronics.ca\/fr\/wp-json\/wp\/v2\/media?parent=1716"}],"curies":[{"name":"wp","href":"https:\/\/api.w.org\/{rel}","templated":true}]}}