{"id":1722,"date":"2022-08-23T19:23:31","date_gmt":"2022-08-23T23:23:31","guid":{"rendered":"https:\/\/cmcelectronics.ca\/nos-produits\/affichages-et-panneaux-de-commande\/multi-function-display\/"},"modified":"2022-12-02T14:43:15","modified_gmt":"2022-12-02T19:43:15","slug":"affichages-multifonctions-intelligents","status":"publish","type":"page","link":"https:\/\/cmcelectronics.ca\/fr\/nos-produits\/affichages-et-panneaux-de-commande\/affichages-multifonctions-intelligents\/","title":{"rendered":"Affichages multifonctions intelligents"},"content":{"rendered":"\n\n<p class=\"act-lead wp-block-paragraph\">Les \u00e9crans multifonctions intelligents de CMC sont con\u00e7us pour fonctionner dans des conditions environnementales difficiles et peuvent r\u00e9pondre aux exigences les plus strictes. Nos SMFD offrent une int\u00e9grit\u00e9, une \u00e9volutivit\u00e9 et une rentabilit\u00e9 \u00e9lev\u00e9es, le tout avec une conception \u00e0 architecture ouverte.<\/p>\n\n\n\n\n<ul class=\"wp-block-list\">\n<li>Peut h\u00e9berger simultan\u00e9ment une combinaison d\u2019applications logicielles d\u00e9velopp\u00e9es par le client et CMC.<\/li>\n\n\n\n<li>Les propres applications du client peuvent \u00eatre mises en \u0153uvre \u00e0 l\u2019aide de la trousse de d\u00e9veloppement logiciel compl\u00e8te (SDK) fournie par CMC.<\/li>\n\n\n\n<li>Peut \u00e9galement h\u00e9berger des applications logicielles d\u00e9velopp\u00e9es \u00e0 divers niveaux d\u2019assurance de la conception, jusqu\u2019\u00e0 DAL A, en fonction des exigences sp\u00e9cifiques du client.<\/li>\n<\/ul>\n","protected":false},"excerpt":{"rendered":"","protected":false},"author":1,"featured_media":1475,"parent":1679,"menu_order":0,"comment_status":"closed","ping_status":"closed","template":"product","meta":{"_acf_changed":false,"_gspb_post_css":"","_crdt_document":"","content-type":"","inline_featured_image":false,"footnotes":""},"class_list":["post-1722","page","type-page","status-publish","has-post-thumbnail","hentry"],"acf":[],"yoast_head":"<!-- This site is optimized with the Yoast SEO plugin v27.0 - https:\/\/yoast.com\/product\/yoast-seo-wordpress\/ -->\n<title>Affichages multifonctions intelligents - CMC \u00c9lectronique<\/title>\n<meta name=\"robots\" content=\"index, follow, max-snippet:-1, max-image-preview:large, max-video-preview:-1\" \/>\n<link rel=\"canonical\" href=\"https:\/\/cmcelectronics.ca\/fr\/nos-produits\/affichages-et-panneaux-de-commande\/affichages-multifonctions-intelligents\/\" \/>\n<meta property=\"og:locale\" content=\"fr_FR\" \/>\n<meta property=\"og:type\" content=\"article\" \/>\n<meta property=\"og:title\" content=\"Affichages multifonctions intelligents - CMC \u00c9lectronique\" \/>\n<meta property=\"og:url\" content=\"https:\/\/cmcelectronics.ca\/fr\/nos-produits\/affichages-et-panneaux-de-commande\/affichages-multifonctions-intelligents\/\" \/>\n<meta property=\"og:site_name\" content=\"CMC \u00c9lectronique\" \/>\n<meta property=\"article:modified_time\" content=\"2022-12-02T19:43:15+00:00\" \/>\n<meta property=\"og:image\" content=\"https:\/\/cmcelectronics.ca\/wp-content\/uploads\/2022\/11\/4.3.1-CMC_pageProduit_519x389_MFD-3068-SMFD.jpg\" \/>\n\t<meta property=\"og:image:width\" content=\"519\" \/>\n\t<meta property=\"og:image:height\" content=\"389\" \/>\n\t<meta property=\"og:image:type\" content=\"image\/jpeg\" \/>\n<meta name=\"twitter:card\" content=\"summary_large_image\" \/>\n<meta name=\"twitter:label1\" content=\"Dur\u00e9e de lecture estim\u00e9e\" \/>\n\t<meta name=\"twitter:data1\" content=\"1 minute\" \/>\n<script type=\"application\/ld+json\" class=\"yoast-schema-graph\">{\"@context\":\"https:\/\/schema.org\",\"@graph\":[{\"@type\":\"WebPage\",\"@id\":\"https:\/\/cmcelectronics.ca\/fr\/nos-produits\/affichages-et-panneaux-de-commande\/affichages-multifonctions-intelligents\/\",\"url\":\"https:\/\/cmcelectronics.ca\/fr\/nos-produits\/affichages-et-panneaux-de-commande\/affichages-multifonctions-intelligents\/\",\"name\":\"Affichages multifonctions intelligents - CMC \u00c9lectronique\",\"isPartOf\":{\"@id\":\"https:\/\/cmcelectronics.ca\/fr\/#website\"},\"primaryImageOfPage\":{\"@id\":\"https:\/\/cmcelectronics.ca\/fr\/nos-produits\/affichages-et-panneaux-de-commande\/affichages-multifonctions-intelligents\/#primaryimage\"},\"image\":{\"@id\":\"https:\/\/cmcelectronics.ca\/fr\/nos-produits\/affichages-et-panneaux-de-commande\/affichages-multifonctions-intelligents\/#primaryimage\"},\"thumbnailUrl\":\"https:\/\/cmcelectronics.ca\/wp-content\/uploads\/2022\/11\/4.3.1-CMC_pageProduit_519x389_MFD-3068-SMFD.jpg\",\"datePublished\":\"2022-08-23T23:23:31+00:00\",\"dateModified\":\"2022-12-02T19:43:15+00:00\",\"breadcrumb\":{\"@id\":\"https:\/\/cmcelectronics.ca\/fr\/nos-produits\/affichages-et-panneaux-de-commande\/affichages-multifonctions-intelligents\/#breadcrumb\"},\"inLanguage\":\"fr-FR\",\"potentialAction\":[{\"@type\":\"ReadAction\",\"target\":[\"https:\/\/cmcelectronics.ca\/fr\/nos-produits\/affichages-et-panneaux-de-commande\/affichages-multifonctions-intelligents\/\"]}]},{\"@type\":\"ImageObject\",\"inLanguage\":\"fr-FR\",\"@id\":\"https:\/\/cmcelectronics.ca\/fr\/nos-produits\/affichages-et-panneaux-de-commande\/affichages-multifonctions-intelligents\/#primaryimage\",\"url\":\"https:\/\/cmcelectronics.ca\/wp-content\/uploads\/2022\/11\/4.3.1-CMC_pageProduit_519x389_MFD-3068-SMFD.jpg\",\"contentUrl\":\"https:\/\/cmcelectronics.ca\/wp-content\/uploads\/2022\/11\/4.3.1-CMC_pageProduit_519x389_MFD-3068-SMFD.jpg\",\"width\":519,\"height\":389},{\"@type\":\"BreadcrumbList\",\"@id\":\"https:\/\/cmcelectronics.ca\/fr\/nos-produits\/affichages-et-panneaux-de-commande\/affichages-multifonctions-intelligents\/#breadcrumb\",\"itemListElement\":[{\"@type\":\"ListItem\",\"position\":1,\"name\":\"Accueil\",\"item\":\"https:\/\/cmcelectronics.ca\/fr\/\"},{\"@type\":\"ListItem\",\"position\":2,\"name\":\"Nos produits\",\"item\":\"https:\/\/cmcelectronics.ca\/fr\/nos-produits\/\"},{\"@type\":\"ListItem\",\"position\":3,\"name\":\"Affichages et panneaux de commande\",\"item\":\"https:\/\/cmcelectronics.ca\/fr\/nos-produits\/affichages-et-panneaux-de-commande\/\"},{\"@type\":\"ListItem\",\"position\":4,\"name\":\"Affichages multifonctions intelligents\"}]},{\"@type\":\"WebSite\",\"@id\":\"https:\/\/cmcelectronics.ca\/fr\/#website\",\"url\":\"https:\/\/cmcelectronics.ca\/fr\/\",\"name\":\"CMC \u00c9lectronique\",\"description\":\"\",\"publisher\":{\"@id\":\"https:\/\/cmcelectronics.ca\/fr\/#organization\"},\"potentialAction\":[{\"@type\":\"SearchAction\",\"target\":{\"@type\":\"EntryPoint\",\"urlTemplate\":\"https:\/\/cmcelectronics.ca\/fr\/?s={search_term_string}\"},\"query-input\":{\"@type\":\"PropertyValueSpecification\",\"valueRequired\":true,\"valueName\":\"search_term_string\"}}],\"inLanguage\":\"fr-FR\"},{\"@type\":\"Organization\",\"@id\":\"https:\/\/cmcelectronics.ca\/fr\/#organization\",\"name\":\"CMC \u00c9lectronique\",\"url\":\"https:\/\/cmcelectronics.ca\/fr\/\",\"logo\":{\"@type\":\"ImageObject\",\"inLanguage\":\"fr-FR\",\"@id\":\"https:\/\/cmcelectronics.ca\/fr\/#\/schema\/logo\/image\/\",\"url\":\"https:\/\/cmcelectronics.ca\/wp-content\/uploads\/2022\/08\/logo-CMC_black.svg\",\"contentUrl\":\"https:\/\/cmcelectronics.ca\/wp-content\/uploads\/2022\/08\/logo-CMC_black.svg\",\"width\":180,\"height\":57,\"caption\":\"CMC \u00c9lectronique\"},\"image\":{\"@id\":\"https:\/\/cmcelectronics.ca\/fr\/#\/schema\/logo\/image\/\"},\"sameAs\":[\"https:\/\/www.linkedin.com\/company\/cmc-electronics\"]}]}<\/script>\n<!-- \/ Yoast SEO plugin. -->","yoast_head_json":{"title":"Affichages multifonctions intelligents - CMC \u00c9lectronique","robots":{"index":"index","follow":"follow","max-snippet":"max-snippet:-1","max-image-preview":"max-image-preview:large","max-video-preview":"max-video-preview:-1"},"canonical":"https:\/\/cmcelectronics.ca\/fr\/nos-produits\/affichages-et-panneaux-de-commande\/affichages-multifonctions-intelligents\/","og_locale":"fr_FR","og_type":"article","og_title":"Affichages multifonctions intelligents - CMC \u00c9lectronique","og_url":"https:\/\/cmcelectronics.ca\/fr\/nos-produits\/affichages-et-panneaux-de-commande\/affichages-multifonctions-intelligents\/","og_site_name":"CMC \u00c9lectronique","article_modified_time":"2022-12-02T19:43:15+00:00","og_image":[{"width":519,"height":389,"url":"https:\/\/cmcelectronics.ca\/wp-content\/uploads\/2022\/11\/4.3.1-CMC_pageProduit_519x389_MFD-3068-SMFD.jpg","type":"image\/jpeg"}],"twitter_card":"summary_large_image","twitter_misc":{"Dur\u00e9e de lecture estim\u00e9e":"1 minute"},"schema":{"@context":"https:\/\/schema.org","@graph":[{"@type":"WebPage","@id":"https:\/\/cmcelectronics.ca\/fr\/nos-produits\/affichages-et-panneaux-de-commande\/affichages-multifonctions-intelligents\/","url":"https:\/\/cmcelectronics.ca\/fr\/nos-produits\/affichages-et-panneaux-de-commande\/affichages-multifonctions-intelligents\/","name":"Affichages multifonctions intelligents - CMC \u00c9lectronique","isPartOf":{"@id":"https:\/\/cmcelectronics.ca\/fr\/#website"},"primaryImageOfPage":{"@id":"https:\/\/cmcelectronics.ca\/fr\/nos-produits\/affichages-et-panneaux-de-commande\/affichages-multifonctions-intelligents\/#primaryimage"},"image":{"@id":"https:\/\/cmcelectronics.ca\/fr\/nos-produits\/affichages-et-panneaux-de-commande\/affichages-multifonctions-intelligents\/#primaryimage"},"thumbnailUrl":"https:\/\/cmcelectronics.ca\/wp-content\/uploads\/2022\/11\/4.3.1-CMC_pageProduit_519x389_MFD-3068-SMFD.jpg","datePublished":"2022-08-23T23:23:31+00:00","dateModified":"2022-12-02T19:43:15+00:00","breadcrumb":{"@id":"https:\/\/cmcelectronics.ca\/fr\/nos-produits\/affichages-et-panneaux-de-commande\/affichages-multifonctions-intelligents\/#breadcrumb"},"inLanguage":"fr-FR","potentialAction":[{"@type":"ReadAction","target":["https:\/\/cmcelectronics.ca\/fr\/nos-produits\/affichages-et-panneaux-de-commande\/affichages-multifonctions-intelligents\/"]}]},{"@type":"ImageObject","inLanguage":"fr-FR","@id":"https:\/\/cmcelectronics.ca\/fr\/nos-produits\/affichages-et-panneaux-de-commande\/affichages-multifonctions-intelligents\/#primaryimage","url":"https:\/\/cmcelectronics.ca\/wp-content\/uploads\/2022\/11\/4.3.1-CMC_pageProduit_519x389_MFD-3068-SMFD.jpg","contentUrl":"https:\/\/cmcelectronics.ca\/wp-content\/uploads\/2022\/11\/4.3.1-CMC_pageProduit_519x389_MFD-3068-SMFD.jpg","width":519,"height":389},{"@type":"BreadcrumbList","@id":"https:\/\/cmcelectronics.ca\/fr\/nos-produits\/affichages-et-panneaux-de-commande\/affichages-multifonctions-intelligents\/#breadcrumb","itemListElement":[{"@type":"ListItem","position":1,"name":"Accueil","item":"https:\/\/cmcelectronics.ca\/fr\/"},{"@type":"ListItem","position":2,"name":"Nos produits","item":"https:\/\/cmcelectronics.ca\/fr\/nos-produits\/"},{"@type":"ListItem","position":3,"name":"Affichages et panneaux de commande","item":"https:\/\/cmcelectronics.ca\/fr\/nos-produits\/affichages-et-panneaux-de-commande\/"},{"@type":"ListItem","position":4,"name":"Affichages multifonctions intelligents"}]},{"@type":"WebSite","@id":"https:\/\/cmcelectronics.ca\/fr\/#website","url":"https:\/\/cmcelectronics.ca\/fr\/","name":"CMC \u00c9lectronique","description":"","publisher":{"@id":"https:\/\/cmcelectronics.ca\/fr\/#organization"},"potentialAction":[{"@type":"SearchAction","target":{"@type":"EntryPoint","urlTemplate":"https:\/\/cmcelectronics.ca\/fr\/?s={search_term_string}"},"query-input":{"@type":"PropertyValueSpecification","valueRequired":true,"valueName":"search_term_string"}}],"inLanguage":"fr-FR"},{"@type":"Organization","@id":"https:\/\/cmcelectronics.ca\/fr\/#organization","name":"CMC \u00c9lectronique","url":"https:\/\/cmcelectronics.ca\/fr\/","logo":{"@type":"ImageObject","inLanguage":"fr-FR","@id":"https:\/\/cmcelectronics.ca\/fr\/#\/schema\/logo\/image\/","url":"https:\/\/cmcelectronics.ca\/wp-content\/uploads\/2022\/08\/logo-CMC_black.svg","contentUrl":"https:\/\/cmcelectronics.ca\/wp-content\/uploads\/2022\/08\/logo-CMC_black.svg","width":180,"height":57,"caption":"CMC \u00c9lectronique"},"image":{"@id":"https:\/\/cmcelectronics.ca\/fr\/#\/schema\/logo\/image\/"},"sameAs":["https:\/\/www.linkedin.com\/company\/cmc-electronics"]}]}},"_links":{"self":[{"href":"https:\/\/cmcelectronics.ca\/fr\/wp-json\/wp\/v2\/pages\/1722","targetHints":{"allow":["GET"]}}],"collection":[{"href":"https:\/\/cmcelectronics.ca\/fr\/wp-json\/wp\/v2\/pages"}],"about":[{"href":"https:\/\/cmcelectronics.ca\/fr\/wp-json\/wp\/v2\/types\/page"}],"author":[{"embeddable":true,"href":"https:\/\/cmcelectronics.ca\/fr\/wp-json\/wp\/v2\/users\/1"}],"replies":[{"embeddable":true,"href":"https:\/\/cmcelectronics.ca\/fr\/wp-json\/wp\/v2\/comments?post=1722"}],"version-history":[{"count":0,"href":"https:\/\/cmcelectronics.ca\/fr\/wp-json\/wp\/v2\/pages\/1722\/revisions"}],"up":[{"embeddable":true,"href":"https:\/\/cmcelectronics.ca\/fr\/wp-json\/wp\/v2\/pages\/1679"}],"wp:featuredmedia":[{"embeddable":true,"href":"https:\/\/cmcelectronics.ca\/fr\/wp-json\/wp\/v2\/media\/1475"}],"wp:attachment":[{"href":"https:\/\/cmcelectronics.ca\/fr\/wp-json\/wp\/v2\/media?parent=1722"}],"curies":[{"name":"wp","href":"https:\/\/api.w.org\/{rel}","templated":true}]}}