{"id":1725,"date":"2022-08-23T19:23:31","date_gmt":"2022-08-23T23:23:31","guid":{"rendered":"https:\/\/cmcelectronics.ca\/nos-produits\/affichages-et-panneaux-de-commande\/custom-displays\/"},"modified":"2023-08-31T11:20:30","modified_gmt":"2023-08-31T15:20:30","slug":"custom-displays","status":"publish","type":"page","link":"https:\/\/cmcelectronics.ca\/fr\/nos-produits\/affichages-et-panneaux-de-commande\/custom-displays\/","title":{"rendered":"Affichages personnalis\u00e9s et panneaux de commande"},"content":{"rendered":"\n\n<p class=\"act-lead wp-block-paragraph\">Les \u00e9crans et les panneaux de commande CMC sont bas\u00e9s sur une vaste gamme de blocs de configuration optiques, m\u00e9caniques et de traitement \u00e9prouv\u00e9s et matures de qualit\u00e9 avionique, permettant des niveaux de personnalisation plus \u00e9lev\u00e9s pour r\u00e9pondre aux exigences uniques des clients. En tant que guichet unique, nous pouvons \u00eatre un partenaire fiable et rentable pour l\u2019ensemble du cycle de vie du produit, y compris le soutien du produit.<\/p>\n\n\n\n\n<ul class=\"wp-block-list\">\n<li>Afficher l\u2019unit\u00e9 certifiable jusqu\u2019\u00e0 DAL-A.<\/li>\n\n\n\n<li>Enti\u00e8rement fabriqu\u00e9 chez CMC selon des proc\u00e9d\u00e9s bien \u00e9tablis, garantissant une plus grande robustesse, fiabilit\u00e9 et disponibilit\u00e9 \u00e0 long terme pour optimiser le co\u00fbt total de possession.&nbsp;<\/li>\n\n\n\n<li>Capacit\u00e9s de fabrication d\u2019\u00e9crans avanc\u00e9es internes, assemblage de cartes de circuits imprim\u00e9s (PCB) de classe&nbsp;3, installations et proc\u00e9d\u00e9s de laminage \u00e0 sec automatis\u00e9, peinture robotis\u00e9e, tests de rupture tr\u00e8s acc\u00e9l\u00e9r\u00e9s (HASS).<\/li>\n\n\n\n<li>Faire preuve d\u2019expertise technologique au niveau de l\u2019ing\u00e9nierie optique du syst\u00e8me et au niveau m\u00e9canique.<\/li>\n<\/ul>\n\n\n\n<p class=\"wp-block-paragraph\"><a href=\"https:\/\/cmcelectronics.ca\/fr\/contactez-nous\/\" target=\"_blank\" rel=\"noreferrer noopener\">Contactez-nous pour en savoir plus<\/a><\/p>\n","protected":false},"excerpt":{"rendered":"<p>Contactez-nous pour en savoir plus<\/p>\n","protected":false},"author":1,"featured_media":1353,"parent":1679,"menu_order":0,"comment_status":"closed","ping_status":"closed","template":"product","meta":{"_acf_changed":false,"_gspb_post_css":"","_crdt_document":"","content-type":"","inline_featured_image":false,"footnotes":""},"class_list":["post-1725","page","type-page","status-publish","has-post-thumbnail","hentry"],"acf":[],"yoast_head":"<!-- This site is optimized with the Yoast SEO plugin v27.0 - https:\/\/yoast.com\/product\/yoast-seo-wordpress\/ -->\n<title>Affichages personnalis\u00e9s et panneaux de commande - CMC \u00c9lectronique<\/title>\n<meta name=\"robots\" content=\"index, follow, max-snippet:-1, max-image-preview:large, max-video-preview:-1\" \/>\n<link rel=\"canonical\" href=\"https:\/\/cmcelectronics.ca\/fr\/nos-produits\/affichages-et-panneaux-de-commande\/custom-displays\/\" \/>\n<meta property=\"og:locale\" content=\"fr_FR\" \/>\n<meta property=\"og:type\" content=\"article\" \/>\n<meta property=\"og:title\" content=\"Affichages personnalis\u00e9s et panneaux de commande - CMC \u00c9lectronique\" \/>\n<meta property=\"og:description\" content=\"Contactez-nous pour en savoir plus\" \/>\n<meta property=\"og:url\" content=\"https:\/\/cmcelectronics.ca\/fr\/nos-produits\/affichages-et-panneaux-de-commande\/custom-displays\/\" \/>\n<meta property=\"og:site_name\" content=\"CMC \u00c9lectronique\" \/>\n<meta property=\"article:modified_time\" content=\"2023-08-31T15:20:30+00:00\" \/>\n<meta property=\"og:image\" content=\"https:\/\/cmcelectronics.ca\/wp-content\/uploads\/2022\/11\/4.3.2-CMC_pageproduit_519x389_custom-display-L3-TSCP.jpg\" \/>\n\t<meta property=\"og:image:width\" content=\"519\" \/>\n\t<meta property=\"og:image:height\" content=\"389\" \/>\n\t<meta property=\"og:image:type\" content=\"image\/jpeg\" \/>\n<meta name=\"twitter:card\" content=\"summary_large_image\" \/>\n<meta name=\"twitter:label1\" content=\"Dur\u00e9e de lecture estim\u00e9e\" \/>\n\t<meta name=\"twitter:data1\" content=\"1 minute\" \/>\n<script type=\"application\/ld+json\" class=\"yoast-schema-graph\">{\"@context\":\"https:\/\/schema.org\",\"@graph\":[{\"@type\":\"WebPage\",\"@id\":\"https:\/\/cmcelectronics.ca\/fr\/nos-produits\/affichages-et-panneaux-de-commande\/custom-displays\/\",\"url\":\"https:\/\/cmcelectronics.ca\/fr\/nos-produits\/affichages-et-panneaux-de-commande\/custom-displays\/\",\"name\":\"Affichages personnalis\u00e9s et panneaux de commande - CMC \u00c9lectronique\",\"isPartOf\":{\"@id\":\"https:\/\/cmcelectronics.ca\/fr\/#website\"},\"primaryImageOfPage\":{\"@id\":\"https:\/\/cmcelectronics.ca\/fr\/nos-produits\/affichages-et-panneaux-de-commande\/custom-displays\/#primaryimage\"},\"image\":{\"@id\":\"https:\/\/cmcelectronics.ca\/fr\/nos-produits\/affichages-et-panneaux-de-commande\/custom-displays\/#primaryimage\"},\"thumbnailUrl\":\"https:\/\/cmcelectronics.ca\/wp-content\/uploads\/2022\/11\/4.3.2-CMC_pageproduit_519x389_custom-display-L3-TSCP.jpg\",\"datePublished\":\"2022-08-23T23:23:31+00:00\",\"dateModified\":\"2023-08-31T15:20:30+00:00\",\"breadcrumb\":{\"@id\":\"https:\/\/cmcelectronics.ca\/fr\/nos-produits\/affichages-et-panneaux-de-commande\/custom-displays\/#breadcrumb\"},\"inLanguage\":\"fr-FR\",\"potentialAction\":[{\"@type\":\"ReadAction\",\"target\":[\"https:\/\/cmcelectronics.ca\/fr\/nos-produits\/affichages-et-panneaux-de-commande\/custom-displays\/\"]}]},{\"@type\":\"ImageObject\",\"inLanguage\":\"fr-FR\",\"@id\":\"https:\/\/cmcelectronics.ca\/fr\/nos-produits\/affichages-et-panneaux-de-commande\/custom-displays\/#primaryimage\",\"url\":\"https:\/\/cmcelectronics.ca\/wp-content\/uploads\/2022\/11\/4.3.2-CMC_pageproduit_519x389_custom-display-L3-TSCP.jpg\",\"contentUrl\":\"https:\/\/cmcelectronics.ca\/wp-content\/uploads\/2022\/11\/4.3.2-CMC_pageproduit_519x389_custom-display-L3-TSCP.jpg\",\"width\":519,\"height\":389},{\"@type\":\"BreadcrumbList\",\"@id\":\"https:\/\/cmcelectronics.ca\/fr\/nos-produits\/affichages-et-panneaux-de-commande\/custom-displays\/#breadcrumb\",\"itemListElement\":[{\"@type\":\"ListItem\",\"position\":1,\"name\":\"Accueil\",\"item\":\"https:\/\/cmcelectronics.ca\/fr\/\"},{\"@type\":\"ListItem\",\"position\":2,\"name\":\"Nos produits\",\"item\":\"https:\/\/cmcelectronics.ca\/fr\/nos-produits\/\"},{\"@type\":\"ListItem\",\"position\":3,\"name\":\"Affichages et panneaux de commande\",\"item\":\"https:\/\/cmcelectronics.ca\/fr\/nos-produits\/affichages-et-panneaux-de-commande\/\"},{\"@type\":\"ListItem\",\"position\":4,\"name\":\"Affichages personnalis\u00e9s et panneaux de commande\"}]},{\"@type\":\"WebSite\",\"@id\":\"https:\/\/cmcelectronics.ca\/fr\/#website\",\"url\":\"https:\/\/cmcelectronics.ca\/fr\/\",\"name\":\"CMC \u00c9lectronique\",\"description\":\"\",\"publisher\":{\"@id\":\"https:\/\/cmcelectronics.ca\/fr\/#organization\"},\"potentialAction\":[{\"@type\":\"SearchAction\",\"target\":{\"@type\":\"EntryPoint\",\"urlTemplate\":\"https:\/\/cmcelectronics.ca\/fr\/?s={search_term_string}\"},\"query-input\":{\"@type\":\"PropertyValueSpecification\",\"valueRequired\":true,\"valueName\":\"search_term_string\"}}],\"inLanguage\":\"fr-FR\"},{\"@type\":\"Organization\",\"@id\":\"https:\/\/cmcelectronics.ca\/fr\/#organization\",\"name\":\"CMC \u00c9lectronique\",\"url\":\"https:\/\/cmcelectronics.ca\/fr\/\",\"logo\":{\"@type\":\"ImageObject\",\"inLanguage\":\"fr-FR\",\"@id\":\"https:\/\/cmcelectronics.ca\/fr\/#\/schema\/logo\/image\/\",\"url\":\"https:\/\/cmcelectronics.ca\/wp-content\/uploads\/2022\/08\/logo-CMC_black.svg\",\"contentUrl\":\"https:\/\/cmcelectronics.ca\/wp-content\/uploads\/2022\/08\/logo-CMC_black.svg\",\"width\":180,\"height\":57,\"caption\":\"CMC \u00c9lectronique\"},\"image\":{\"@id\":\"https:\/\/cmcelectronics.ca\/fr\/#\/schema\/logo\/image\/\"},\"sameAs\":[\"https:\/\/www.linkedin.com\/company\/cmc-electronics\"]}]}<\/script>\n<!-- \/ Yoast SEO plugin. -->","yoast_head_json":{"title":"Affichages personnalis\u00e9s et panneaux de commande - CMC \u00c9lectronique","robots":{"index":"index","follow":"follow","max-snippet":"max-snippet:-1","max-image-preview":"max-image-preview:large","max-video-preview":"max-video-preview:-1"},"canonical":"https:\/\/cmcelectronics.ca\/fr\/nos-produits\/affichages-et-panneaux-de-commande\/custom-displays\/","og_locale":"fr_FR","og_type":"article","og_title":"Affichages personnalis\u00e9s et panneaux de commande - CMC \u00c9lectronique","og_description":"Contactez-nous pour en savoir plus","og_url":"https:\/\/cmcelectronics.ca\/fr\/nos-produits\/affichages-et-panneaux-de-commande\/custom-displays\/","og_site_name":"CMC \u00c9lectronique","article_modified_time":"2023-08-31T15:20:30+00:00","og_image":[{"width":519,"height":389,"url":"https:\/\/cmcelectronics.ca\/wp-content\/uploads\/2022\/11\/4.3.2-CMC_pageproduit_519x389_custom-display-L3-TSCP.jpg","type":"image\/jpeg"}],"twitter_card":"summary_large_image","twitter_misc":{"Dur\u00e9e de lecture estim\u00e9e":"1 minute"},"schema":{"@context":"https:\/\/schema.org","@graph":[{"@type":"WebPage","@id":"https:\/\/cmcelectronics.ca\/fr\/nos-produits\/affichages-et-panneaux-de-commande\/custom-displays\/","url":"https:\/\/cmcelectronics.ca\/fr\/nos-produits\/affichages-et-panneaux-de-commande\/custom-displays\/","name":"Affichages personnalis\u00e9s et panneaux de commande - CMC \u00c9lectronique","isPartOf":{"@id":"https:\/\/cmcelectronics.ca\/fr\/#website"},"primaryImageOfPage":{"@id":"https:\/\/cmcelectronics.ca\/fr\/nos-produits\/affichages-et-panneaux-de-commande\/custom-displays\/#primaryimage"},"image":{"@id":"https:\/\/cmcelectronics.ca\/fr\/nos-produits\/affichages-et-panneaux-de-commande\/custom-displays\/#primaryimage"},"thumbnailUrl":"https:\/\/cmcelectronics.ca\/wp-content\/uploads\/2022\/11\/4.3.2-CMC_pageproduit_519x389_custom-display-L3-TSCP.jpg","datePublished":"2022-08-23T23:23:31+00:00","dateModified":"2023-08-31T15:20:30+00:00","breadcrumb":{"@id":"https:\/\/cmcelectronics.ca\/fr\/nos-produits\/affichages-et-panneaux-de-commande\/custom-displays\/#breadcrumb"},"inLanguage":"fr-FR","potentialAction":[{"@type":"ReadAction","target":["https:\/\/cmcelectronics.ca\/fr\/nos-produits\/affichages-et-panneaux-de-commande\/custom-displays\/"]}]},{"@type":"ImageObject","inLanguage":"fr-FR","@id":"https:\/\/cmcelectronics.ca\/fr\/nos-produits\/affichages-et-panneaux-de-commande\/custom-displays\/#primaryimage","url":"https:\/\/cmcelectronics.ca\/wp-content\/uploads\/2022\/11\/4.3.2-CMC_pageproduit_519x389_custom-display-L3-TSCP.jpg","contentUrl":"https:\/\/cmcelectronics.ca\/wp-content\/uploads\/2022\/11\/4.3.2-CMC_pageproduit_519x389_custom-display-L3-TSCP.jpg","width":519,"height":389},{"@type":"BreadcrumbList","@id":"https:\/\/cmcelectronics.ca\/fr\/nos-produits\/affichages-et-panneaux-de-commande\/custom-displays\/#breadcrumb","itemListElement":[{"@type":"ListItem","position":1,"name":"Accueil","item":"https:\/\/cmcelectronics.ca\/fr\/"},{"@type":"ListItem","position":2,"name":"Nos produits","item":"https:\/\/cmcelectronics.ca\/fr\/nos-produits\/"},{"@type":"ListItem","position":3,"name":"Affichages et panneaux de commande","item":"https:\/\/cmcelectronics.ca\/fr\/nos-produits\/affichages-et-panneaux-de-commande\/"},{"@type":"ListItem","position":4,"name":"Affichages personnalis\u00e9s et panneaux de commande"}]},{"@type":"WebSite","@id":"https:\/\/cmcelectronics.ca\/fr\/#website","url":"https:\/\/cmcelectronics.ca\/fr\/","name":"CMC \u00c9lectronique","description":"","publisher":{"@id":"https:\/\/cmcelectronics.ca\/fr\/#organization"},"potentialAction":[{"@type":"SearchAction","target":{"@type":"EntryPoint","urlTemplate":"https:\/\/cmcelectronics.ca\/fr\/?s={search_term_string}"},"query-input":{"@type":"PropertyValueSpecification","valueRequired":true,"valueName":"search_term_string"}}],"inLanguage":"fr-FR"},{"@type":"Organization","@id":"https:\/\/cmcelectronics.ca\/fr\/#organization","name":"CMC \u00c9lectronique","url":"https:\/\/cmcelectronics.ca\/fr\/","logo":{"@type":"ImageObject","inLanguage":"fr-FR","@id":"https:\/\/cmcelectronics.ca\/fr\/#\/schema\/logo\/image\/","url":"https:\/\/cmcelectronics.ca\/wp-content\/uploads\/2022\/08\/logo-CMC_black.svg","contentUrl":"https:\/\/cmcelectronics.ca\/wp-content\/uploads\/2022\/08\/logo-CMC_black.svg","width":180,"height":57,"caption":"CMC \u00c9lectronique"},"image":{"@id":"https:\/\/cmcelectronics.ca\/fr\/#\/schema\/logo\/image\/"},"sameAs":["https:\/\/www.linkedin.com\/company\/cmc-electronics"]}]}},"_links":{"self":[{"href":"https:\/\/cmcelectronics.ca\/fr\/wp-json\/wp\/v2\/pages\/1725","targetHints":{"allow":["GET"]}}],"collection":[{"href":"https:\/\/cmcelectronics.ca\/fr\/wp-json\/wp\/v2\/pages"}],"about":[{"href":"https:\/\/cmcelectronics.ca\/fr\/wp-json\/wp\/v2\/types\/page"}],"author":[{"embeddable":true,"href":"https:\/\/cmcelectronics.ca\/fr\/wp-json\/wp\/v2\/users\/1"}],"replies":[{"embeddable":true,"href":"https:\/\/cmcelectronics.ca\/fr\/wp-json\/wp\/v2\/comments?post=1725"}],"version-history":[{"count":0,"href":"https:\/\/cmcelectronics.ca\/fr\/wp-json\/wp\/v2\/pages\/1725\/revisions"}],"up":[{"embeddable":true,"href":"https:\/\/cmcelectronics.ca\/fr\/wp-json\/wp\/v2\/pages\/1679"}],"wp:featuredmedia":[{"embeddable":true,"href":"https:\/\/cmcelectronics.ca\/fr\/wp-json\/wp\/v2\/media\/1353"}],"wp:attachment":[{"href":"https:\/\/cmcelectronics.ca\/fr\/wp-json\/wp\/v2\/media?parent=1725"}],"curies":[{"name":"wp","href":"https:\/\/api.w.org\/{rel}","templated":true}]}}