{"id":1736,"date":"2022-08-23T19:23:31","date_gmt":"2022-08-23T23:23:31","guid":{"rendered":"https:\/\/cmcelectronics.ca\/nos-produits\/ordinateurs-avioniques\/multicore-avionics-computer\/"},"modified":"2023-08-30T12:26:44","modified_gmt":"2023-08-30T16:26:44","slug":"ordinateurs-avioniques-multicoeurs","status":"publish","type":"page","link":"https:\/\/cmcelectronics.ca\/fr\/nos-produits\/ordinateurs-avioniques\/ordinateurs-avioniques-multicoeurs\/","title":{"rendered":"Ordinateurs avioniques multic\u0153urs"},"content":{"rendered":"\n\n<p class=\"act-lead wp-block-paragraph\">Notre ordinateur avionique multic\u0153ur hautement polyvalent est le premier ordinateur avionique multic\u0153ur certifi\u00e9 de l\u2019industrie. Il fournit une plateforme informatique commune robuste et un h\u00e9bergement \u00e0 source unique pour une vaste gamme de fonctions afin de minimiser l\u2019\u00e9quipement requis et les co\u00fbts d\u2019int\u00e9gration.<\/p>\n\n\n\n\n<ul class=\"wp-block-list\">\n<li>Robuste et con\u00e7u pour fonctionner dans les applications et environnements les plus exigeants.<\/li>\n\n\n\n<li>Offre une plus grande flexibilit\u00e9, puissance de traitement et plus grand potentiel de croissance que les autres ordinateurs avioniques concurrents.<\/li>\n\n\n\n<li>Les capacit\u00e9s compl\u00e8tes d\u2019E\/S \u00e9liminent le besoin d\u2019unit\u00e9s de concentrateur de donn\u00e9es dans les applications d\u2019E\/S \u00e0 volume \u00e9lev\u00e9 et de r\u00e9am\u00e9nagement.<\/li>\n\n\n\n<li>Prend en charge les normes d\u2019interface de s\u00e9rie commerciale ainsi que MIL-STD-1553B.<\/li>\n\n\n\n<li>Prend en charge les principes de pointe de l\u2019architecture modulaire et de syst\u00e8me ouvert (MOSA).<\/li>\n\n\n\n<li>L\u2019architecture ouverte permet aux clients de conserver leur propri\u00e9t\u00e9 intellectuelle en mettant en \u0153uvre leurs propres applications \u00e0 l\u2019aide de la trousse de d\u00e9veloppement logiciel compl\u00e8te (SDK) de CMC.<\/li>\n\n\n\n<li>Capacit\u00e9 de prendre en charge une vaste gamme de partitions logicielles jusqu\u2019au niveau d\u2019assurance de la conception DAL-A.<\/li>\n<\/ul>\n","protected":false},"excerpt":{"rendered":"","protected":false},"author":1,"featured_media":1473,"parent":1683,"menu_order":0,"comment_status":"closed","ping_status":"closed","template":"product","meta":{"_acf_changed":false,"_gspb_post_css":"","_crdt_document":"","content-type":"","inline_featured_image":false,"footnotes":""},"class_list":["post-1736","page","type-page","status-publish","has-post-thumbnail","hentry"],"acf":[],"yoast_head":"<!-- This site is optimized with the Yoast SEO plugin v27.0 - https:\/\/yoast.com\/product\/yoast-seo-wordpress\/ -->\n<title>Ordinateurs avioniques multic\u0153urs - CMC \u00c9lectronique<\/title>\n<meta name=\"robots\" content=\"index, follow, max-snippet:-1, max-image-preview:large, max-video-preview:-1\" \/>\n<link rel=\"canonical\" href=\"https:\/\/cmcelectronics.ca\/fr\/nos-produits\/ordinateurs-avioniques\/ordinateurs-avioniques-multicoeurs\/\" \/>\n<meta property=\"og:locale\" content=\"fr_FR\" \/>\n<meta property=\"og:type\" content=\"article\" \/>\n<meta property=\"og:title\" content=\"Ordinateurs avioniques multic\u0153urs - CMC \u00c9lectronique\" \/>\n<meta property=\"og:url\" content=\"https:\/\/cmcelectronics.ca\/fr\/nos-produits\/ordinateurs-avioniques\/ordinateurs-avioniques-multicoeurs\/\" \/>\n<meta property=\"og:site_name\" content=\"CMC \u00c9lectronique\" \/>\n<meta property=\"article:modified_time\" content=\"2023-08-30T16:26:44+00:00\" \/>\n<meta property=\"og:image\" content=\"https:\/\/cmcelectronics.ca\/wp-content\/uploads\/2022\/11\/4.4.1-CMC_pageProduit_519x389_PU-3000_3-4-right.jpg\" \/>\n\t<meta property=\"og:image:width\" content=\"519\" \/>\n\t<meta property=\"og:image:height\" content=\"389\" \/>\n\t<meta property=\"og:image:type\" content=\"image\/jpeg\" \/>\n<meta name=\"twitter:card\" content=\"summary_large_image\" \/>\n<meta name=\"twitter:label1\" content=\"Dur\u00e9e de lecture estim\u00e9e\" \/>\n\t<meta name=\"twitter:data1\" content=\"1 minute\" \/>\n<script type=\"application\/ld+json\" class=\"yoast-schema-graph\">{\"@context\":\"https:\/\/schema.org\",\"@graph\":[{\"@type\":\"WebPage\",\"@id\":\"https:\/\/cmcelectronics.ca\/fr\/nos-produits\/ordinateurs-avioniques\/ordinateurs-avioniques-multicoeurs\/\",\"url\":\"https:\/\/cmcelectronics.ca\/fr\/nos-produits\/ordinateurs-avioniques\/ordinateurs-avioniques-multicoeurs\/\",\"name\":\"Ordinateurs avioniques multic\u0153urs - CMC \u00c9lectronique\",\"isPartOf\":{\"@id\":\"https:\/\/cmcelectronics.ca\/fr\/#website\"},\"primaryImageOfPage\":{\"@id\":\"https:\/\/cmcelectronics.ca\/fr\/nos-produits\/ordinateurs-avioniques\/ordinateurs-avioniques-multicoeurs\/#primaryimage\"},\"image\":{\"@id\":\"https:\/\/cmcelectronics.ca\/fr\/nos-produits\/ordinateurs-avioniques\/ordinateurs-avioniques-multicoeurs\/#primaryimage\"},\"thumbnailUrl\":\"https:\/\/cmcelectronics.ca\/wp-content\/uploads\/2022\/11\/4.4.1-CMC_pageProduit_519x389_PU-3000_3-4-right.jpg\",\"datePublished\":\"2022-08-23T23:23:31+00:00\",\"dateModified\":\"2023-08-30T16:26:44+00:00\",\"breadcrumb\":{\"@id\":\"https:\/\/cmcelectronics.ca\/fr\/nos-produits\/ordinateurs-avioniques\/ordinateurs-avioniques-multicoeurs\/#breadcrumb\"},\"inLanguage\":\"fr-FR\",\"potentialAction\":[{\"@type\":\"ReadAction\",\"target\":[\"https:\/\/cmcelectronics.ca\/fr\/nos-produits\/ordinateurs-avioniques\/ordinateurs-avioniques-multicoeurs\/\"]}]},{\"@type\":\"ImageObject\",\"inLanguage\":\"fr-FR\",\"@id\":\"https:\/\/cmcelectronics.ca\/fr\/nos-produits\/ordinateurs-avioniques\/ordinateurs-avioniques-multicoeurs\/#primaryimage\",\"url\":\"https:\/\/cmcelectronics.ca\/wp-content\/uploads\/2022\/11\/4.4.1-CMC_pageProduit_519x389_PU-3000_3-4-right.jpg\",\"contentUrl\":\"https:\/\/cmcelectronics.ca\/wp-content\/uploads\/2022\/11\/4.4.1-CMC_pageProduit_519x389_PU-3000_3-4-right.jpg\",\"width\":519,\"height\":389},{\"@type\":\"BreadcrumbList\",\"@id\":\"https:\/\/cmcelectronics.ca\/fr\/nos-produits\/ordinateurs-avioniques\/ordinateurs-avioniques-multicoeurs\/#breadcrumb\",\"itemListElement\":[{\"@type\":\"ListItem\",\"position\":1,\"name\":\"Accueil\",\"item\":\"https:\/\/cmcelectronics.ca\/fr\/\"},{\"@type\":\"ListItem\",\"position\":2,\"name\":\"Nos produits\",\"item\":\"https:\/\/cmcelectronics.ca\/fr\/nos-produits\/\"},{\"@type\":\"ListItem\",\"position\":3,\"name\":\"Ordinateurs avioniques\",\"item\":\"https:\/\/cmcelectronics.ca\/fr\/nos-produits\/ordinateurs-avioniques\/\"},{\"@type\":\"ListItem\",\"position\":4,\"name\":\"Ordinateurs avioniques multic\u0153urs\"}]},{\"@type\":\"WebSite\",\"@id\":\"https:\/\/cmcelectronics.ca\/fr\/#website\",\"url\":\"https:\/\/cmcelectronics.ca\/fr\/\",\"name\":\"CMC \u00c9lectronique\",\"description\":\"\",\"publisher\":{\"@id\":\"https:\/\/cmcelectronics.ca\/fr\/#organization\"},\"potentialAction\":[{\"@type\":\"SearchAction\",\"target\":{\"@type\":\"EntryPoint\",\"urlTemplate\":\"https:\/\/cmcelectronics.ca\/fr\/?s={search_term_string}\"},\"query-input\":{\"@type\":\"PropertyValueSpecification\",\"valueRequired\":true,\"valueName\":\"search_term_string\"}}],\"inLanguage\":\"fr-FR\"},{\"@type\":\"Organization\",\"@id\":\"https:\/\/cmcelectronics.ca\/fr\/#organization\",\"name\":\"CMC \u00c9lectronique\",\"url\":\"https:\/\/cmcelectronics.ca\/fr\/\",\"logo\":{\"@type\":\"ImageObject\",\"inLanguage\":\"fr-FR\",\"@id\":\"https:\/\/cmcelectronics.ca\/fr\/#\/schema\/logo\/image\/\",\"url\":\"https:\/\/cmcelectronics.ca\/wp-content\/uploads\/2022\/08\/logo-CMC_black.svg\",\"contentUrl\":\"https:\/\/cmcelectronics.ca\/wp-content\/uploads\/2022\/08\/logo-CMC_black.svg\",\"width\":180,\"height\":57,\"caption\":\"CMC \u00c9lectronique\"},\"image\":{\"@id\":\"https:\/\/cmcelectronics.ca\/fr\/#\/schema\/logo\/image\/\"},\"sameAs\":[\"https:\/\/www.linkedin.com\/company\/cmc-electronics\"]}]}<\/script>\n<!-- \/ Yoast SEO plugin. -->","yoast_head_json":{"title":"Ordinateurs avioniques multic\u0153urs - CMC \u00c9lectronique","robots":{"index":"index","follow":"follow","max-snippet":"max-snippet:-1","max-image-preview":"max-image-preview:large","max-video-preview":"max-video-preview:-1"},"canonical":"https:\/\/cmcelectronics.ca\/fr\/nos-produits\/ordinateurs-avioniques\/ordinateurs-avioniques-multicoeurs\/","og_locale":"fr_FR","og_type":"article","og_title":"Ordinateurs avioniques multic\u0153urs - CMC \u00c9lectronique","og_url":"https:\/\/cmcelectronics.ca\/fr\/nos-produits\/ordinateurs-avioniques\/ordinateurs-avioniques-multicoeurs\/","og_site_name":"CMC \u00c9lectronique","article_modified_time":"2023-08-30T16:26:44+00:00","og_image":[{"width":519,"height":389,"url":"https:\/\/cmcelectronics.ca\/wp-content\/uploads\/2022\/11\/4.4.1-CMC_pageProduit_519x389_PU-3000_3-4-right.jpg","type":"image\/jpeg"}],"twitter_card":"summary_large_image","twitter_misc":{"Dur\u00e9e de lecture estim\u00e9e":"1 minute"},"schema":{"@context":"https:\/\/schema.org","@graph":[{"@type":"WebPage","@id":"https:\/\/cmcelectronics.ca\/fr\/nos-produits\/ordinateurs-avioniques\/ordinateurs-avioniques-multicoeurs\/","url":"https:\/\/cmcelectronics.ca\/fr\/nos-produits\/ordinateurs-avioniques\/ordinateurs-avioniques-multicoeurs\/","name":"Ordinateurs avioniques multic\u0153urs - CMC \u00c9lectronique","isPartOf":{"@id":"https:\/\/cmcelectronics.ca\/fr\/#website"},"primaryImageOfPage":{"@id":"https:\/\/cmcelectronics.ca\/fr\/nos-produits\/ordinateurs-avioniques\/ordinateurs-avioniques-multicoeurs\/#primaryimage"},"image":{"@id":"https:\/\/cmcelectronics.ca\/fr\/nos-produits\/ordinateurs-avioniques\/ordinateurs-avioniques-multicoeurs\/#primaryimage"},"thumbnailUrl":"https:\/\/cmcelectronics.ca\/wp-content\/uploads\/2022\/11\/4.4.1-CMC_pageProduit_519x389_PU-3000_3-4-right.jpg","datePublished":"2022-08-23T23:23:31+00:00","dateModified":"2023-08-30T16:26:44+00:00","breadcrumb":{"@id":"https:\/\/cmcelectronics.ca\/fr\/nos-produits\/ordinateurs-avioniques\/ordinateurs-avioniques-multicoeurs\/#breadcrumb"},"inLanguage":"fr-FR","potentialAction":[{"@type":"ReadAction","target":["https:\/\/cmcelectronics.ca\/fr\/nos-produits\/ordinateurs-avioniques\/ordinateurs-avioniques-multicoeurs\/"]}]},{"@type":"ImageObject","inLanguage":"fr-FR","@id":"https:\/\/cmcelectronics.ca\/fr\/nos-produits\/ordinateurs-avioniques\/ordinateurs-avioniques-multicoeurs\/#primaryimage","url":"https:\/\/cmcelectronics.ca\/wp-content\/uploads\/2022\/11\/4.4.1-CMC_pageProduit_519x389_PU-3000_3-4-right.jpg","contentUrl":"https:\/\/cmcelectronics.ca\/wp-content\/uploads\/2022\/11\/4.4.1-CMC_pageProduit_519x389_PU-3000_3-4-right.jpg","width":519,"height":389},{"@type":"BreadcrumbList","@id":"https:\/\/cmcelectronics.ca\/fr\/nos-produits\/ordinateurs-avioniques\/ordinateurs-avioniques-multicoeurs\/#breadcrumb","itemListElement":[{"@type":"ListItem","position":1,"name":"Accueil","item":"https:\/\/cmcelectronics.ca\/fr\/"},{"@type":"ListItem","position":2,"name":"Nos produits","item":"https:\/\/cmcelectronics.ca\/fr\/nos-produits\/"},{"@type":"ListItem","position":3,"name":"Ordinateurs avioniques","item":"https:\/\/cmcelectronics.ca\/fr\/nos-produits\/ordinateurs-avioniques\/"},{"@type":"ListItem","position":4,"name":"Ordinateurs avioniques multic\u0153urs"}]},{"@type":"WebSite","@id":"https:\/\/cmcelectronics.ca\/fr\/#website","url":"https:\/\/cmcelectronics.ca\/fr\/","name":"CMC \u00c9lectronique","description":"","publisher":{"@id":"https:\/\/cmcelectronics.ca\/fr\/#organization"},"potentialAction":[{"@type":"SearchAction","target":{"@type":"EntryPoint","urlTemplate":"https:\/\/cmcelectronics.ca\/fr\/?s={search_term_string}"},"query-input":{"@type":"PropertyValueSpecification","valueRequired":true,"valueName":"search_term_string"}}],"inLanguage":"fr-FR"},{"@type":"Organization","@id":"https:\/\/cmcelectronics.ca\/fr\/#organization","name":"CMC \u00c9lectronique","url":"https:\/\/cmcelectronics.ca\/fr\/","logo":{"@type":"ImageObject","inLanguage":"fr-FR","@id":"https:\/\/cmcelectronics.ca\/fr\/#\/schema\/logo\/image\/","url":"https:\/\/cmcelectronics.ca\/wp-content\/uploads\/2022\/08\/logo-CMC_black.svg","contentUrl":"https:\/\/cmcelectronics.ca\/wp-content\/uploads\/2022\/08\/logo-CMC_black.svg","width":180,"height":57,"caption":"CMC \u00c9lectronique"},"image":{"@id":"https:\/\/cmcelectronics.ca\/fr\/#\/schema\/logo\/image\/"},"sameAs":["https:\/\/www.linkedin.com\/company\/cmc-electronics"]}]}},"_links":{"self":[{"href":"https:\/\/cmcelectronics.ca\/fr\/wp-json\/wp\/v2\/pages\/1736","targetHints":{"allow":["GET"]}}],"collection":[{"href":"https:\/\/cmcelectronics.ca\/fr\/wp-json\/wp\/v2\/pages"}],"about":[{"href":"https:\/\/cmcelectronics.ca\/fr\/wp-json\/wp\/v2\/types\/page"}],"author":[{"embeddable":true,"href":"https:\/\/cmcelectronics.ca\/fr\/wp-json\/wp\/v2\/users\/1"}],"replies":[{"embeddable":true,"href":"https:\/\/cmcelectronics.ca\/fr\/wp-json\/wp\/v2\/comments?post=1736"}],"version-history":[{"count":0,"href":"https:\/\/cmcelectronics.ca\/fr\/wp-json\/wp\/v2\/pages\/1736\/revisions"}],"up":[{"embeddable":true,"href":"https:\/\/cmcelectronics.ca\/fr\/wp-json\/wp\/v2\/pages\/1683"}],"wp:featuredmedia":[{"embeddable":true,"href":"https:\/\/cmcelectronics.ca\/fr\/wp-json\/wp\/v2\/media\/1473"}],"wp:attachment":[{"href":"https:\/\/cmcelectronics.ca\/fr\/wp-json\/wp\/v2\/media?parent=1736"}],"curies":[{"name":"wp","href":"https:\/\/api.w.org\/{rel}","templated":true}]}}