{"id":1751,"date":"2022-08-23T19:23:31","date_gmt":"2022-08-23T23:23:31","guid":{"rendered":"https:\/\/cmcelectronics.ca\/nos-produits\/ordinateurs-avioniques\/aircraft-information-server\/"},"modified":"2022-12-02T16:04:23","modified_gmt":"2022-12-02T21:04:23","slug":"serveurs-dinformation-sur-les-aeronefs","status":"publish","type":"page","link":"https:\/\/cmcelectronics.ca\/fr\/nos-produits\/ordinateurs-avioniques\/serveurs-dinformation-sur-les-aeronefs\/","title":{"rendered":"Serveurs d&rsquo;information sur les a\u00e9ronefs"},"content":{"rendered":"\n<ul class=\"wp-block-list\">\n<li>Comprend des appareils \u00e9lectroniques grand public de pointe con\u00e7us pour les environnements les plus exigeants de l\u2019a\u00e9rospatiale.<\/li>\n\n\n\n<li>Cr\u00e9e un \u00e9cosyst\u00e8me de poste de pilotage s\u00e9curis\u00e9 permettant aux op\u00e9rateurs d\u2019acc\u00e9der de fa\u00e7on transparente aux donn\u00e9es de leur a\u00e9ronef, d\u2019optimiser son analyse et de le garder s\u00e9curis\u00e9.<\/li>\n\n\n\n<li>Fournit un \u00e9cosyst\u00e8me de serveurs d\u2019information en suspension dans l\u2019air en constante \u00e9volution pour suivre le rythme des besoins changeants des op\u00e9rateurs.<\/li>\n<\/ul>\n","protected":false},"excerpt":{"rendered":"","protected":false},"author":1,"featured_media":1316,"parent":1683,"menu_order":0,"comment_status":"closed","ping_status":"closed","template":"product","meta":{"_acf_changed":false,"_gspb_post_css":"","_crdt_document":"","content-type":"","inline_featured_image":false,"footnotes":""},"class_list":["post-1751","page","type-page","status-publish","has-post-thumbnail","hentry"],"acf":[],"yoast_head":"<!-- This site is optimized with the Yoast SEO plugin v27.0 - https:\/\/yoast.com\/product\/yoast-seo-wordpress\/ -->\n<title>Serveurs d&#039;information sur les a\u00e9ronefs - CMC \u00c9lectronique<\/title>\n<meta name=\"robots\" content=\"index, follow, max-snippet:-1, max-image-preview:large, max-video-preview:-1\" \/>\n<link rel=\"canonical\" href=\"https:\/\/cmcelectronics.ca\/fr\/nos-produits\/ordinateurs-avioniques\/serveurs-dinformation-sur-les-aeronefs\/\" \/>\n<meta property=\"og:locale\" content=\"fr_FR\" \/>\n<meta property=\"og:type\" content=\"article\" \/>\n<meta property=\"og:title\" content=\"Serveurs d&#039;information sur les a\u00e9ronefs - CMC \u00c9lectronique\" \/>\n<meta property=\"og:url\" content=\"https:\/\/cmcelectronics.ca\/fr\/nos-produits\/ordinateurs-avioniques\/serveurs-dinformation-sur-les-aeronefs\/\" \/>\n<meta property=\"og:site_name\" content=\"CMC \u00c9lectronique\" \/>\n<meta property=\"article:modified_time\" content=\"2022-12-02T21:04:23+00:00\" \/>\n<meta property=\"og:image\" content=\"https:\/\/cmcelectronics.ca\/wp-content\/uploads\/2022\/11\/4.4-CMC_pageHub_300x300_AIS-Only-Quarter-1.png\" \/>\n\t<meta property=\"og:image:width\" content=\"300\" \/>\n\t<meta property=\"og:image:height\" content=\"300\" \/>\n\t<meta property=\"og:image:type\" content=\"image\/png\" \/>\n<meta name=\"twitter:card\" content=\"summary_large_image\" \/>\n<meta name=\"twitter:label1\" content=\"Dur\u00e9e de lecture estim\u00e9e\" \/>\n\t<meta name=\"twitter:data1\" content=\"1 minute\" \/>\n<script type=\"application\/ld+json\" class=\"yoast-schema-graph\">{\"@context\":\"https:\/\/schema.org\",\"@graph\":[{\"@type\":\"WebPage\",\"@id\":\"https:\/\/cmcelectronics.ca\/fr\/nos-produits\/ordinateurs-avioniques\/serveurs-dinformation-sur-les-aeronefs\/\",\"url\":\"https:\/\/cmcelectronics.ca\/fr\/nos-produits\/ordinateurs-avioniques\/serveurs-dinformation-sur-les-aeronefs\/\",\"name\":\"Serveurs d'information sur les a\u00e9ronefs - CMC \u00c9lectronique\",\"isPartOf\":{\"@id\":\"https:\/\/cmcelectronics.ca\/fr\/#website\"},\"primaryImageOfPage\":{\"@id\":\"https:\/\/cmcelectronics.ca\/fr\/nos-produits\/ordinateurs-avioniques\/serveurs-dinformation-sur-les-aeronefs\/#primaryimage\"},\"image\":{\"@id\":\"https:\/\/cmcelectronics.ca\/fr\/nos-produits\/ordinateurs-avioniques\/serveurs-dinformation-sur-les-aeronefs\/#primaryimage\"},\"thumbnailUrl\":\"https:\/\/cmcelectronics.ca\/wp-content\/uploads\/2022\/11\/4.4-CMC_pageHub_300x300_AIS-Only-Quarter-1.png\",\"datePublished\":\"2022-08-23T23:23:31+00:00\",\"dateModified\":\"2022-12-02T21:04:23+00:00\",\"breadcrumb\":{\"@id\":\"https:\/\/cmcelectronics.ca\/fr\/nos-produits\/ordinateurs-avioniques\/serveurs-dinformation-sur-les-aeronefs\/#breadcrumb\"},\"inLanguage\":\"fr-FR\",\"potentialAction\":[{\"@type\":\"ReadAction\",\"target\":[\"https:\/\/cmcelectronics.ca\/fr\/nos-produits\/ordinateurs-avioniques\/serveurs-dinformation-sur-les-aeronefs\/\"]}]},{\"@type\":\"ImageObject\",\"inLanguage\":\"fr-FR\",\"@id\":\"https:\/\/cmcelectronics.ca\/fr\/nos-produits\/ordinateurs-avioniques\/serveurs-dinformation-sur-les-aeronefs\/#primaryimage\",\"url\":\"https:\/\/cmcelectronics.ca\/wp-content\/uploads\/2022\/11\/4.4-CMC_pageHub_300x300_AIS-Only-Quarter-1.png\",\"contentUrl\":\"https:\/\/cmcelectronics.ca\/wp-content\/uploads\/2022\/11\/4.4-CMC_pageHub_300x300_AIS-Only-Quarter-1.png\",\"width\":300,\"height\":300},{\"@type\":\"BreadcrumbList\",\"@id\":\"https:\/\/cmcelectronics.ca\/fr\/nos-produits\/ordinateurs-avioniques\/serveurs-dinformation-sur-les-aeronefs\/#breadcrumb\",\"itemListElement\":[{\"@type\":\"ListItem\",\"position\":1,\"name\":\"Accueil\",\"item\":\"https:\/\/cmcelectronics.ca\/fr\/\"},{\"@type\":\"ListItem\",\"position\":2,\"name\":\"Nos produits\",\"item\":\"https:\/\/cmcelectronics.ca\/fr\/nos-produits\/\"},{\"@type\":\"ListItem\",\"position\":3,\"name\":\"Ordinateurs avioniques\",\"item\":\"https:\/\/cmcelectronics.ca\/fr\/nos-produits\/ordinateurs-avioniques\/\"},{\"@type\":\"ListItem\",\"position\":4,\"name\":\"Serveurs d&rsquo;information sur les a\u00e9ronefs\"}]},{\"@type\":\"WebSite\",\"@id\":\"https:\/\/cmcelectronics.ca\/fr\/#website\",\"url\":\"https:\/\/cmcelectronics.ca\/fr\/\",\"name\":\"CMC \u00c9lectronique\",\"description\":\"\",\"publisher\":{\"@id\":\"https:\/\/cmcelectronics.ca\/fr\/#organization\"},\"potentialAction\":[{\"@type\":\"SearchAction\",\"target\":{\"@type\":\"EntryPoint\",\"urlTemplate\":\"https:\/\/cmcelectronics.ca\/fr\/?s={search_term_string}\"},\"query-input\":{\"@type\":\"PropertyValueSpecification\",\"valueRequired\":true,\"valueName\":\"search_term_string\"}}],\"inLanguage\":\"fr-FR\"},{\"@type\":\"Organization\",\"@id\":\"https:\/\/cmcelectronics.ca\/fr\/#organization\",\"name\":\"CMC \u00c9lectronique\",\"url\":\"https:\/\/cmcelectronics.ca\/fr\/\",\"logo\":{\"@type\":\"ImageObject\",\"inLanguage\":\"fr-FR\",\"@id\":\"https:\/\/cmcelectronics.ca\/fr\/#\/schema\/logo\/image\/\",\"url\":\"https:\/\/cmcelectronics.ca\/wp-content\/uploads\/2022\/08\/logo-CMC_black.svg\",\"contentUrl\":\"https:\/\/cmcelectronics.ca\/wp-content\/uploads\/2022\/08\/logo-CMC_black.svg\",\"width\":180,\"height\":57,\"caption\":\"CMC \u00c9lectronique\"},\"image\":{\"@id\":\"https:\/\/cmcelectronics.ca\/fr\/#\/schema\/logo\/image\/\"},\"sameAs\":[\"https:\/\/www.linkedin.com\/company\/cmc-electronics\"]}]}<\/script>\n<!-- \/ Yoast SEO plugin. -->","yoast_head_json":{"title":"Serveurs d'information sur les a\u00e9ronefs - CMC \u00c9lectronique","robots":{"index":"index","follow":"follow","max-snippet":"max-snippet:-1","max-image-preview":"max-image-preview:large","max-video-preview":"max-video-preview:-1"},"canonical":"https:\/\/cmcelectronics.ca\/fr\/nos-produits\/ordinateurs-avioniques\/serveurs-dinformation-sur-les-aeronefs\/","og_locale":"fr_FR","og_type":"article","og_title":"Serveurs d'information sur les a\u00e9ronefs - CMC \u00c9lectronique","og_url":"https:\/\/cmcelectronics.ca\/fr\/nos-produits\/ordinateurs-avioniques\/serveurs-dinformation-sur-les-aeronefs\/","og_site_name":"CMC \u00c9lectronique","article_modified_time":"2022-12-02T21:04:23+00:00","og_image":[{"width":300,"height":300,"url":"https:\/\/cmcelectronics.ca\/wp-content\/uploads\/2022\/11\/4.4-CMC_pageHub_300x300_AIS-Only-Quarter-1.png","type":"image\/png"}],"twitter_card":"summary_large_image","twitter_misc":{"Dur\u00e9e de lecture estim\u00e9e":"1 minute"},"schema":{"@context":"https:\/\/schema.org","@graph":[{"@type":"WebPage","@id":"https:\/\/cmcelectronics.ca\/fr\/nos-produits\/ordinateurs-avioniques\/serveurs-dinformation-sur-les-aeronefs\/","url":"https:\/\/cmcelectronics.ca\/fr\/nos-produits\/ordinateurs-avioniques\/serveurs-dinformation-sur-les-aeronefs\/","name":"Serveurs d'information sur les a\u00e9ronefs - CMC \u00c9lectronique","isPartOf":{"@id":"https:\/\/cmcelectronics.ca\/fr\/#website"},"primaryImageOfPage":{"@id":"https:\/\/cmcelectronics.ca\/fr\/nos-produits\/ordinateurs-avioniques\/serveurs-dinformation-sur-les-aeronefs\/#primaryimage"},"image":{"@id":"https:\/\/cmcelectronics.ca\/fr\/nos-produits\/ordinateurs-avioniques\/serveurs-dinformation-sur-les-aeronefs\/#primaryimage"},"thumbnailUrl":"https:\/\/cmcelectronics.ca\/wp-content\/uploads\/2022\/11\/4.4-CMC_pageHub_300x300_AIS-Only-Quarter-1.png","datePublished":"2022-08-23T23:23:31+00:00","dateModified":"2022-12-02T21:04:23+00:00","breadcrumb":{"@id":"https:\/\/cmcelectronics.ca\/fr\/nos-produits\/ordinateurs-avioniques\/serveurs-dinformation-sur-les-aeronefs\/#breadcrumb"},"inLanguage":"fr-FR","potentialAction":[{"@type":"ReadAction","target":["https:\/\/cmcelectronics.ca\/fr\/nos-produits\/ordinateurs-avioniques\/serveurs-dinformation-sur-les-aeronefs\/"]}]},{"@type":"ImageObject","inLanguage":"fr-FR","@id":"https:\/\/cmcelectronics.ca\/fr\/nos-produits\/ordinateurs-avioniques\/serveurs-dinformation-sur-les-aeronefs\/#primaryimage","url":"https:\/\/cmcelectronics.ca\/wp-content\/uploads\/2022\/11\/4.4-CMC_pageHub_300x300_AIS-Only-Quarter-1.png","contentUrl":"https:\/\/cmcelectronics.ca\/wp-content\/uploads\/2022\/11\/4.4-CMC_pageHub_300x300_AIS-Only-Quarter-1.png","width":300,"height":300},{"@type":"BreadcrumbList","@id":"https:\/\/cmcelectronics.ca\/fr\/nos-produits\/ordinateurs-avioniques\/serveurs-dinformation-sur-les-aeronefs\/#breadcrumb","itemListElement":[{"@type":"ListItem","position":1,"name":"Accueil","item":"https:\/\/cmcelectronics.ca\/fr\/"},{"@type":"ListItem","position":2,"name":"Nos produits","item":"https:\/\/cmcelectronics.ca\/fr\/nos-produits\/"},{"@type":"ListItem","position":3,"name":"Ordinateurs avioniques","item":"https:\/\/cmcelectronics.ca\/fr\/nos-produits\/ordinateurs-avioniques\/"},{"@type":"ListItem","position":4,"name":"Serveurs d&rsquo;information sur les a\u00e9ronefs"}]},{"@type":"WebSite","@id":"https:\/\/cmcelectronics.ca\/fr\/#website","url":"https:\/\/cmcelectronics.ca\/fr\/","name":"CMC \u00c9lectronique","description":"","publisher":{"@id":"https:\/\/cmcelectronics.ca\/fr\/#organization"},"potentialAction":[{"@type":"SearchAction","target":{"@type":"EntryPoint","urlTemplate":"https:\/\/cmcelectronics.ca\/fr\/?s={search_term_string}"},"query-input":{"@type":"PropertyValueSpecification","valueRequired":true,"valueName":"search_term_string"}}],"inLanguage":"fr-FR"},{"@type":"Organization","@id":"https:\/\/cmcelectronics.ca\/fr\/#organization","name":"CMC \u00c9lectronique","url":"https:\/\/cmcelectronics.ca\/fr\/","logo":{"@type":"ImageObject","inLanguage":"fr-FR","@id":"https:\/\/cmcelectronics.ca\/fr\/#\/schema\/logo\/image\/","url":"https:\/\/cmcelectronics.ca\/wp-content\/uploads\/2022\/08\/logo-CMC_black.svg","contentUrl":"https:\/\/cmcelectronics.ca\/wp-content\/uploads\/2022\/08\/logo-CMC_black.svg","width":180,"height":57,"caption":"CMC \u00c9lectronique"},"image":{"@id":"https:\/\/cmcelectronics.ca\/fr\/#\/schema\/logo\/image\/"},"sameAs":["https:\/\/www.linkedin.com\/company\/cmc-electronics"]}]}},"_links":{"self":[{"href":"https:\/\/cmcelectronics.ca\/fr\/wp-json\/wp\/v2\/pages\/1751","targetHints":{"allow":["GET"]}}],"collection":[{"href":"https:\/\/cmcelectronics.ca\/fr\/wp-json\/wp\/v2\/pages"}],"about":[{"href":"https:\/\/cmcelectronics.ca\/fr\/wp-json\/wp\/v2\/types\/page"}],"author":[{"embeddable":true,"href":"https:\/\/cmcelectronics.ca\/fr\/wp-json\/wp\/v2\/users\/1"}],"replies":[{"embeddable":true,"href":"https:\/\/cmcelectronics.ca\/fr\/wp-json\/wp\/v2\/comments?post=1751"}],"version-history":[{"count":0,"href":"https:\/\/cmcelectronics.ca\/fr\/wp-json\/wp\/v2\/pages\/1751\/revisions"}],"up":[{"embeddable":true,"href":"https:\/\/cmcelectronics.ca\/fr\/wp-json\/wp\/v2\/pages\/1683"}],"wp:featuredmedia":[{"embeddable":true,"href":"https:\/\/cmcelectronics.ca\/fr\/wp-json\/wp\/v2\/media\/1316"}],"wp:attachment":[{"href":"https:\/\/cmcelectronics.ca\/fr\/wp-json\/wp\/v2\/media?parent=1751"}],"curies":[{"name":"wp","href":"https:\/\/api.w.org\/{rel}","templated":true}]}}