{"id":1761,"date":"2022-08-23T19:23:31","date_gmt":"2022-08-23T23:23:31","guid":{"rendered":"https:\/\/cmcelectronics.ca\/markets\/"},"modified":"2022-12-02T16:07:02","modified_gmt":"2022-12-02T21:07:02","slug":"nos-marches","status":"publish","type":"page","link":"https:\/\/cmcelectronics.ca\/fr\/nos-marches\/","title":{"rendered":"Nos march\u00e9s"},"content":{"rendered":"\n<div class=\"wp-block-cover alignfull is-style-title-banner\"><span aria-hidden=\"true\" class=\"wp-block-cover__background has-background-dim\"><\/span><img decoding=\"async\" width=\"1930\" height=\"360\" class=\"wp-block-cover__image-background wp-image-931 lazyload\" alt=\"\" data-src=\"https:\/\/cmcelectronics.ca\/wp-content\/smush-webp\/2022\/09\/5.0-CMC_WEB_Top-banners_1920X360_bandeau-market.jpg.webp\" data-object-fit=\"cover\" data-srcset=\"https:\/\/cmcelectronics.ca\/wp-content\/smush-webp\/2022\/09\/5.0-CMC_WEB_Top-banners_1920X360_bandeau-market.jpg.webp 1930w, https:\/\/cmcelectronics.ca\/wp-content\/smush-webp\/2022\/09\/5.0-CMC_WEB_Top-banners_1920X360_bandeau-market-300x56.jpg.webp 300w, https:\/\/cmcelectronics.ca\/wp-content\/smush-webp\/2022\/09\/5.0-CMC_WEB_Top-banners_1920X360_bandeau-market-1024x191.jpg.webp 1024w, https:\/\/cmcelectronics.ca\/wp-content\/smush-webp\/2022\/09\/5.0-CMC_WEB_Top-banners_1920X360_bandeau-market-768x143.jpg.webp 768w, https:\/\/cmcelectronics.ca\/wp-content\/smush-webp\/2022\/09\/5.0-CMC_WEB_Top-banners_1920X360_bandeau-market-1536x287.jpg.webp 1536w\" data-sizes=\"(max-width: 1930px) 100vw, 1930px\" src=\"data:image\/svg+xml;base64,PHN2ZyB3aWR0aD0iMSIgaGVpZ2h0PSIxIiB4bWxucz0iaHR0cDovL3d3dy53My5vcmcvMjAwMC9zdmciPjwvc3ZnPg==\" style=\"--smush-placeholder-width: 1930px; --smush-placeholder-aspect-ratio: 1930\/360;\" \/><div class=\"wp-block-cover__inner-container\"><h3 class=\"wp-block-post-title\">Nos march\u00e9s<\/h3><\/div><\/div>\n\n\n\n<div class=\"wp-block-group alignfull has-padding-y-large has-accent-background-color has-background\"><div class=\"yoast-breadcrumbs alignwide \"><span class=\"breadcrumbs\"><a href=\"https:\/\/cmcelectronics.ca\/fr\/\" class=\"breadcrumbs__element\">Accueil<\/a> <span class=\"breadcrumbs__separator\">\n        <svg class=\"icon icon-breadcrumb__separator\"><use xlink:href=\"#icon-breadcrumb__separator\"><\/use><\/svg>\n    <\/span> <span class=\"breadcrumbs__element breadcrumbs__element-current\">Nos march\u00e9s<\/span><\/span><\/div><\/div>\n\n\n\n<h1 class=\"wp-block-heading\"><strong>Desservant des clients commerciaux et militaires dans le monde entier<\/strong><\/h1>\n\n\n\n\n<p class=\"act-lead wp-block-paragraph\">Travailler en \u00e9troite collaboration avec les clients des march\u00e9s commerciaux, du transport, de la d\u00e9fense et des h\u00e9licopt\u00e8res pour soutenir leurs programmes de d\u00e9veloppement de l\u2019avionique et leurs projets de modernisation.<\/p>\n\n\n\n\n<div class=\"wp-block-media-text alignwide is-stacked-on-mobile is-style-square-image\"><figure class=\"wp-block-media-text__media\"><img decoding=\"async\" width=\"519\" height=\"389\" data-src=\"https:\/\/cmcelectronics.ca\/wp-content\/smush-webp\/2022\/09\/5.1.1-CMC_OurMarket_519x389_military-helicopter.jpg.webp\" alt=\"\" class=\"wp-image-723 size-full lazyload\" data-srcset=\"https:\/\/cmcelectronics.ca\/wp-content\/smush-webp\/2022\/09\/5.1.1-CMC_OurMarket_519x389_military-helicopter.jpg.webp 519w, https:\/\/cmcelectronics.ca\/wp-content\/smush-webp\/2022\/09\/5.1.1-CMC_OurMarket_519x389_military-helicopter-300x225.jpg.webp 300w\" data-sizes=\"(max-width: 519px) 100vw, 519px\" src=\"data:image\/svg+xml;base64,PHN2ZyB3aWR0aD0iMSIgaGVpZ2h0PSIxIiB4bWxucz0iaHR0cDovL3d3dy53My5vcmcvMjAwMC9zdmciPjwvc3ZnPg==\" style=\"--smush-placeholder-width: 519px; --smush-placeholder-aspect-ratio: 519\/389;\" \/><\/figure><div class=\"wp-block-media-text__content\">\n<h2 class=\"wp-block-heading\">H\u00e9licopt\u00e8res militaires<\/h2>\n\n\n\n<p class=\"wp-block-paragraph\">Avionique robuste \u00e0 architecture ouverte<\/p>\n\n\n\n<div class=\"wp-block-buttons\">\n<div class=\"wp-block-button\"><a class=\"wp-block-button__link wp-element-button\" href=\"https:\/\/cmcelectronics.ca\/fr\/nos-marches\/helicopteres-militaires\/\">En savoir plus <img decoding=\"async\" width=\"25\" height=\"24\" class=\"wp-image-417 lazyload\" style=\"--smush-placeholder-width: 25px; --smush-placeholder-aspect-ratio: 25\/24;width: 25px;\" data-src=\"http:\/\/cmcelectronics.ca\/wp-content\/uploads\/2022\/09\/Arrow_Left_LG.svg\" alt=\"\" src=\"data:image\/svg+xml;base64,PHN2ZyB3aWR0aD0iMSIgaGVpZ2h0PSIxIiB4bWxucz0iaHR0cDovL3d3dy53My5vcmcvMjAwMC9zdmciPjwvc3ZnPg==\"><\/a><\/div>\n<\/div>\n<\/div><\/div>\n\n\n\n<div class=\"wp-block-media-text alignwide has-media-on-the-right is-stacked-on-mobile is-style-square-image\"><div class=\"wp-block-media-text__content\">\n<h2 class=\"wp-block-heading\">Avions de combat et d&rsquo;entra\u00eenement<\/h2>\n\n\n\n<p class=\"wp-block-paragraph\">Avionique compacte et l\u00e9g\u00e8re pour le march\u00e9 des a\u00e9ronefs de combat et d\u2019entra\u00eenement<\/p>\n\n\n\n<div class=\"wp-block-buttons\">\n<div class=\"wp-block-button\"><a class=\"wp-block-button__link wp-element-button\" href=\"https:\/\/cmcelectronics.ca\/fr\/nos-marches\/combat-entrainement-militaire\/\">En savoir plus<img decoding=\"async\" width=\"25\" height=\"24\" class=\"wp-image-417 lazyload\" style=\"--smush-placeholder-width: 25px; --smush-placeholder-aspect-ratio: 25\/24;width: 25px;\" data-src=\"http:\/\/cmcelectronics.ca\/wp-content\/uploads\/2022\/09\/Arrow_Left_LG.svg\" alt=\"\" src=\"data:image\/svg+xml;base64,PHN2ZyB3aWR0aD0iMSIgaGVpZ2h0PSIxIiB4bWxucz0iaHR0cDovL3d3dy53My5vcmcvMjAwMC9zdmciPjwvc3ZnPg==\"><\/a><\/div>\n<\/div>\n<\/div><figure class=\"wp-block-media-text__media\"><img decoding=\"async\" width=\"519\" height=\"389\" data-src=\"https:\/\/cmcelectronics.ca\/wp-content\/smush-webp\/2022\/09\/5.2.1-CMC_OurMarket_519x389_fighter-trainer-1.jpg.webp\" alt=\"\" class=\"wp-image-877 size-full lazyload\" data-srcset=\"https:\/\/cmcelectronics.ca\/wp-content\/smush-webp\/2022\/09\/5.2.1-CMC_OurMarket_519x389_fighter-trainer-1.jpg.webp 519w, https:\/\/cmcelectronics.ca\/wp-content\/smush-webp\/2022\/09\/5.2.1-CMC_OurMarket_519x389_fighter-trainer-1-300x225.jpg.webp 300w\" data-sizes=\"(max-width: 519px) 100vw, 519px\" src=\"data:image\/svg+xml;base64,PHN2ZyB3aWR0aD0iMSIgaGVpZ2h0PSIxIiB4bWxucz0iaHR0cDovL3d3dy53My5vcmcvMjAwMC9zdmciPjwvc3ZnPg==\" style=\"--smush-placeholder-width: 519px; --smush-placeholder-aspect-ratio: 519\/389;\" \/><\/figure><\/div>\n\n\n\n<div class=\"wp-block-media-text alignwide is-stacked-on-mobile is-style-square-image\"><figure class=\"wp-block-media-text__media\"><img decoding=\"async\" width=\"519\" height=\"389\" data-src=\"https:\/\/cmcelectronics.ca\/wp-content\/smush-webp\/2022\/09\/5.3.1-CMC_OurMarket_519x389_Civil-helicopter.jpg.webp\" alt=\"\" class=\"wp-image-729 size-full lazyload\" data-srcset=\"https:\/\/cmcelectronics.ca\/wp-content\/smush-webp\/2022\/09\/5.3.1-CMC_OurMarket_519x389_Civil-helicopter.jpg.webp 519w, https:\/\/cmcelectronics.ca\/wp-content\/smush-webp\/2022\/09\/5.3.1-CMC_OurMarket_519x389_Civil-helicopter-300x225.jpg.webp 300w\" data-sizes=\"(max-width: 519px) 100vw, 519px\" src=\"data:image\/svg+xml;base64,PHN2ZyB3aWR0aD0iMSIgaGVpZ2h0PSIxIiB4bWxucz0iaHR0cDovL3d3dy53My5vcmcvMjAwMC9zdmciPjwvc3ZnPg==\" style=\"--smush-placeholder-width: 519px; --smush-placeholder-aspect-ratio: 519\/389;\" \/><\/figure><div class=\"wp-block-media-text__content\">\n<h2 class=\"wp-block-heading\">H\u00e9licopt\u00e8res civils<\/h2>\n\n\n\n<p class=\"wp-block-paragraph\">Avionique flexible pour la production et la modernisation d\u2019h\u00e9licopt\u00e8res<\/p>\n\n\n\n<div class=\"wp-block-buttons\">\n<div class=\"wp-block-button\"><a class=\"wp-block-button__link wp-element-button\" href=\"https:\/\/cmcelectronics.ca\/fr\/nos-marches\/helicopteres-civils\/\">En savoir plus<img decoding=\"async\" width=\"25\" height=\"24\" class=\"wp-image-417 lazyload\" style=\"--smush-placeholder-width: 25px; --smush-placeholder-aspect-ratio: 25\/24;width: 25px;\" data-src=\"http:\/\/cmcelectronics.ca\/wp-content\/uploads\/2022\/09\/Arrow_Left_LG.svg\" alt=\"\" src=\"data:image\/svg+xml;base64,PHN2ZyB3aWR0aD0iMSIgaGVpZ2h0PSIxIiB4bWxucz0iaHR0cDovL3d3dy53My5vcmcvMjAwMC9zdmciPjwvc3ZnPg==\"><\/a><\/div>\n<\/div>\n<\/div><\/div>\n\n\n\n<div class=\"wp-block-media-text alignwide has-media-on-the-right is-stacked-on-mobile is-style-square-image\"><div class=\"wp-block-media-text__content\">\n<h2 class=\"wp-block-heading\">Transport a\u00e9rien<\/h2>\n\n\n\n<p class=\"wp-block-paragraph\">Solutions avioniques pour a\u00e9ronefs commerciaux et cargos<\/p>\n\n\n\n<div class=\"wp-block-buttons\">\n<div class=\"wp-block-button\"><a class=\"wp-block-button__link wp-element-button\" href=\"https:\/\/cmcelectronics.ca\/fr\/nos-marches\/transport-aerien\/\">En savoir plus<img decoding=\"async\" width=\"25\" height=\"24\" class=\"wp-image-417 lazyload\" style=\"--smush-placeholder-width: 25px; --smush-placeholder-aspect-ratio: 25\/24;width: 25px;\" data-src=\"http:\/\/cmcelectronics.ca\/wp-content\/uploads\/2022\/09\/Arrow_Left_LG.svg\" alt=\"\" src=\"data:image\/svg+xml;base64,PHN2ZyB3aWR0aD0iMSIgaGVpZ2h0PSIxIiB4bWxucz0iaHR0cDovL3d3dy53My5vcmcvMjAwMC9zdmciPjwvc3ZnPg==\"><\/a><\/div>\n<\/div>\n<\/div><figure class=\"wp-block-media-text__media\"><img decoding=\"async\" width=\"519\" height=\"389\" data-src=\"https:\/\/cmcelectronics.ca\/wp-content\/smush-webp\/2022\/11\/5.2.2CMC_OurMarket_519x389_civil-air-transport.jpg.webp\" alt=\"\" class=\"wp-image-1279 size-full lazyload\" data-srcset=\"https:\/\/cmcelectronics.ca\/wp-content\/smush-webp\/2022\/11\/5.2.2CMC_OurMarket_519x389_civil-air-transport.jpg.webp 519w, https:\/\/cmcelectronics.ca\/wp-content\/smush-webp\/2022\/11\/5.2.2CMC_OurMarket_519x389_civil-air-transport-300x225.jpg.webp 300w\" data-sizes=\"(max-width: 519px) 100vw, 519px\" src=\"data:image\/svg+xml;base64,PHN2ZyB3aWR0aD0iMSIgaGVpZ2h0PSIxIiB4bWxucz0iaHR0cDovL3d3dy53My5vcmcvMjAwMC9zdmciPjwvc3ZnPg==\" style=\"--smush-placeholder-width: 519px; --smush-placeholder-aspect-ratio: 519\/389;\" \/><\/figure><\/div>\n\n\n\n<div class=\"wp-block-media-text alignwide is-stacked-on-mobile is-style-square-image\"><figure class=\"wp-block-media-text__media\"><img decoding=\"async\" width=\"519\" height=\"389\" data-src=\"https:\/\/cmcelectronics.ca\/wp-content\/smush-webp\/2022\/09\/5.5.-1-CMC_OurMarket_519x389-unmanned-vehicle.jpg.webp\" alt=\"\" class=\"wp-image-736 size-full lazyload\" data-srcset=\"https:\/\/cmcelectronics.ca\/wp-content\/smush-webp\/2022\/09\/5.5.-1-CMC_OurMarket_519x389-unmanned-vehicle.jpg.webp 519w, https:\/\/cmcelectronics.ca\/wp-content\/smush-webp\/2022\/09\/5.5.-1-CMC_OurMarket_519x389-unmanned-vehicle-300x225.jpg.webp 300w\" data-sizes=\"(max-width: 519px) 100vw, 519px\" src=\"data:image\/svg+xml;base64,PHN2ZyB3aWR0aD0iMSIgaGVpZ2h0PSIxIiB4bWxucz0iaHR0cDovL3d3dy53My5vcmcvMjAwMC9zdmciPjwvc3ZnPg==\" style=\"--smush-placeholder-width: 519px; --smush-placeholder-aspect-ratio: 519\/389;\" \/><\/figure><div class=\"wp-block-media-text__content\">\n<h2 class=\"wp-block-heading\">Syst\u00e8me d&rsquo;a\u00e9ronefs sans pilote<\/h2>\n\n\n\n<p class=\"wp-block-paragraph\">Syst\u00e8mes de navigation l\u00e9gers et de tr\u00e8s haute pr\u00e9cision pour UAV et eVTOL<\/p>\n\n\n\n<div class=\"wp-block-buttons\">\n<div class=\"wp-block-button\"><a class=\"wp-block-button__link wp-element-button\" href=\"https:\/\/cmcelectronics.ca\/fr\/nos-marches\/systemes-aeriens-sans-pilote\/\">En savoir plus<img decoding=\"async\" width=\"25\" height=\"24\" class=\"wp-image-417 lazyload\" style=\"--smush-placeholder-width: 25px; --smush-placeholder-aspect-ratio: 25\/24;width: 25px;\" data-src=\"http:\/\/cmcelectronics.ca\/wp-content\/uploads\/2022\/09\/Arrow_Left_LG.svg\" alt=\"\" src=\"data:image\/svg+xml;base64,PHN2ZyB3aWR0aD0iMSIgaGVpZ2h0PSIxIiB4bWxucz0iaHR0cDovL3d3dy53My5vcmcvMjAwMC9zdmciPjwvc3ZnPg==\"><\/a><\/div>\n<\/div>\n<\/div><\/div>\n","protected":false},"excerpt":{"rendered":"<p>Desservant des clients commerciaux et militaires dans le monde entier<\/p>\n","protected":false},"author":1,"featured_media":0,"parent":0,"menu_order":3,"comment_status":"closed","ping_status":"closed","template":"","meta":{"_acf_changed":false,"_gspb_post_css":"","_crdt_document":"","content-type":"","inline_featured_image":false,"footnotes":""},"class_list":["post-1761","page","type-page","status-publish","hentry"],"acf":[],"yoast_head":"<!-- This site is optimized with the Yoast SEO plugin v27.0 - https:\/\/yoast.com\/product\/yoast-seo-wordpress\/ -->\n<title>Nos march\u00e9s - CMC \u00c9lectronique<\/title>\n<meta name=\"robots\" content=\"index, follow, max-snippet:-1, max-image-preview:large, max-video-preview:-1\" \/>\n<link rel=\"canonical\" href=\"https:\/\/cmcelectronics.ca\/fr\/nos-marches\/\" \/>\n<meta property=\"og:locale\" content=\"fr_FR\" \/>\n<meta property=\"og:type\" content=\"article\" \/>\n<meta property=\"og:title\" content=\"Nos march\u00e9s - CMC \u00c9lectronique\" \/>\n<meta property=\"og:description\" content=\"Desservant des clients commerciaux et militaires dans le monde entier\" \/>\n<meta property=\"og:url\" content=\"https:\/\/cmcelectronics.ca\/fr\/nos-marches\/\" \/>\n<meta property=\"og:site_name\" content=\"CMC \u00c9lectronique\" \/>\n<meta property=\"article:modified_time\" content=\"2022-12-02T21:07:02+00:00\" \/>\n<meta property=\"og:image\" content=\"https:\/\/cmcelectronics.ca\/wp-content\/uploads\/2022\/09\/5.0-CMC_WEB_Top-banners_1920X360_bandeau-market.jpg\" \/>\n<meta name=\"twitter:card\" content=\"summary_large_image\" \/>\n<meta name=\"twitter:label1\" content=\"Dur\u00e9e de lecture estim\u00e9e\" \/>\n\t<meta name=\"twitter:data1\" content=\"3 minutes\" \/>\n<script type=\"application\/ld+json\" class=\"yoast-schema-graph\">{\"@context\":\"https:\/\/schema.org\",\"@graph\":[{\"@type\":\"WebPage\",\"@id\":\"https:\/\/cmcelectronics.ca\/fr\/nos-marches\/\",\"url\":\"https:\/\/cmcelectronics.ca\/fr\/nos-marches\/\",\"name\":\"Nos march\u00e9s - CMC \u00c9lectronique\",\"isPartOf\":{\"@id\":\"https:\/\/cmcelectronics.ca\/fr\/#website\"},\"primaryImageOfPage\":{\"@id\":\"https:\/\/cmcelectronics.ca\/fr\/nos-marches\/#primaryimage\"},\"image\":{\"@id\":\"https:\/\/cmcelectronics.ca\/fr\/nos-marches\/#primaryimage\"},\"thumbnailUrl\":\"https:\/\/cmcelectronics.ca\/wp-content\/uploads\/2022\/09\/5.0-CMC_WEB_Top-banners_1920X360_bandeau-market.jpg\",\"datePublished\":\"2022-08-23T23:23:31+00:00\",\"dateModified\":\"2022-12-02T21:07:02+00:00\",\"breadcrumb\":{\"@id\":\"https:\/\/cmcelectronics.ca\/fr\/nos-marches\/#breadcrumb\"},\"inLanguage\":\"fr-FR\",\"potentialAction\":[{\"@type\":\"ReadAction\",\"target\":[\"https:\/\/cmcelectronics.ca\/fr\/nos-marches\/\"]}]},{\"@type\":\"ImageObject\",\"inLanguage\":\"fr-FR\",\"@id\":\"https:\/\/cmcelectronics.ca\/fr\/nos-marches\/#primaryimage\",\"url\":\"https:\/\/cmcelectronics.ca\/wp-content\/uploads\/2022\/09\/5.0-CMC_WEB_Top-banners_1920X360_bandeau-market.jpg\",\"contentUrl\":\"https:\/\/cmcelectronics.ca\/wp-content\/uploads\/2022\/09\/5.0-CMC_WEB_Top-banners_1920X360_bandeau-market.jpg\"},{\"@type\":\"BreadcrumbList\",\"@id\":\"https:\/\/cmcelectronics.ca\/fr\/nos-marches\/#breadcrumb\",\"itemListElement\":[{\"@type\":\"ListItem\",\"position\":1,\"name\":\"Accueil\",\"item\":\"https:\/\/cmcelectronics.ca\/fr\/\"},{\"@type\":\"ListItem\",\"position\":2,\"name\":\"Nos march\u00e9s\"}]},{\"@type\":\"WebSite\",\"@id\":\"https:\/\/cmcelectronics.ca\/fr\/#website\",\"url\":\"https:\/\/cmcelectronics.ca\/fr\/\",\"name\":\"CMC \u00c9lectronique\",\"description\":\"\",\"publisher\":{\"@id\":\"https:\/\/cmcelectronics.ca\/fr\/#organization\"},\"potentialAction\":[{\"@type\":\"SearchAction\",\"target\":{\"@type\":\"EntryPoint\",\"urlTemplate\":\"https:\/\/cmcelectronics.ca\/fr\/?s={search_term_string}\"},\"query-input\":{\"@type\":\"PropertyValueSpecification\",\"valueRequired\":true,\"valueName\":\"search_term_string\"}}],\"inLanguage\":\"fr-FR\"},{\"@type\":\"Organization\",\"@id\":\"https:\/\/cmcelectronics.ca\/fr\/#organization\",\"name\":\"CMC \u00c9lectronique\",\"url\":\"https:\/\/cmcelectronics.ca\/fr\/\",\"logo\":{\"@type\":\"ImageObject\",\"inLanguage\":\"fr-FR\",\"@id\":\"https:\/\/cmcelectronics.ca\/fr\/#\/schema\/logo\/image\/\",\"url\":\"https:\/\/cmcelectronics.ca\/wp-content\/uploads\/2022\/08\/logo-CMC_black.svg\",\"contentUrl\":\"https:\/\/cmcelectronics.ca\/wp-content\/uploads\/2022\/08\/logo-CMC_black.svg\",\"width\":180,\"height\":57,\"caption\":\"CMC \u00c9lectronique\"},\"image\":{\"@id\":\"https:\/\/cmcelectronics.ca\/fr\/#\/schema\/logo\/image\/\"},\"sameAs\":[\"https:\/\/www.linkedin.com\/company\/cmc-electronics\"]}]}<\/script>\n<!-- \/ Yoast SEO plugin. -->","yoast_head_json":{"title":"Nos march\u00e9s - CMC \u00c9lectronique","robots":{"index":"index","follow":"follow","max-snippet":"max-snippet:-1","max-image-preview":"max-image-preview:large","max-video-preview":"max-video-preview:-1"},"canonical":"https:\/\/cmcelectronics.ca\/fr\/nos-marches\/","og_locale":"fr_FR","og_type":"article","og_title":"Nos march\u00e9s - CMC \u00c9lectronique","og_description":"Desservant des clients commerciaux et militaires dans le monde entier","og_url":"https:\/\/cmcelectronics.ca\/fr\/nos-marches\/","og_site_name":"CMC \u00c9lectronique","article_modified_time":"2022-12-02T21:07:02+00:00","og_image":[{"url":"https:\/\/cmcelectronics.ca\/wp-content\/uploads\/2022\/09\/5.0-CMC_WEB_Top-banners_1920X360_bandeau-market.jpg","type":"","width":"","height":""}],"twitter_card":"summary_large_image","twitter_misc":{"Dur\u00e9e de lecture estim\u00e9e":"3 minutes"},"schema":{"@context":"https:\/\/schema.org","@graph":[{"@type":"WebPage","@id":"https:\/\/cmcelectronics.ca\/fr\/nos-marches\/","url":"https:\/\/cmcelectronics.ca\/fr\/nos-marches\/","name":"Nos march\u00e9s - CMC \u00c9lectronique","isPartOf":{"@id":"https:\/\/cmcelectronics.ca\/fr\/#website"},"primaryImageOfPage":{"@id":"https:\/\/cmcelectronics.ca\/fr\/nos-marches\/#primaryimage"},"image":{"@id":"https:\/\/cmcelectronics.ca\/fr\/nos-marches\/#primaryimage"},"thumbnailUrl":"https:\/\/cmcelectronics.ca\/wp-content\/uploads\/2022\/09\/5.0-CMC_WEB_Top-banners_1920X360_bandeau-market.jpg","datePublished":"2022-08-23T23:23:31+00:00","dateModified":"2022-12-02T21:07:02+00:00","breadcrumb":{"@id":"https:\/\/cmcelectronics.ca\/fr\/nos-marches\/#breadcrumb"},"inLanguage":"fr-FR","potentialAction":[{"@type":"ReadAction","target":["https:\/\/cmcelectronics.ca\/fr\/nos-marches\/"]}]},{"@type":"ImageObject","inLanguage":"fr-FR","@id":"https:\/\/cmcelectronics.ca\/fr\/nos-marches\/#primaryimage","url":"https:\/\/cmcelectronics.ca\/wp-content\/uploads\/2022\/09\/5.0-CMC_WEB_Top-banners_1920X360_bandeau-market.jpg","contentUrl":"https:\/\/cmcelectronics.ca\/wp-content\/uploads\/2022\/09\/5.0-CMC_WEB_Top-banners_1920X360_bandeau-market.jpg"},{"@type":"BreadcrumbList","@id":"https:\/\/cmcelectronics.ca\/fr\/nos-marches\/#breadcrumb","itemListElement":[{"@type":"ListItem","position":1,"name":"Accueil","item":"https:\/\/cmcelectronics.ca\/fr\/"},{"@type":"ListItem","position":2,"name":"Nos march\u00e9s"}]},{"@type":"WebSite","@id":"https:\/\/cmcelectronics.ca\/fr\/#website","url":"https:\/\/cmcelectronics.ca\/fr\/","name":"CMC \u00c9lectronique","description":"","publisher":{"@id":"https:\/\/cmcelectronics.ca\/fr\/#organization"},"potentialAction":[{"@type":"SearchAction","target":{"@type":"EntryPoint","urlTemplate":"https:\/\/cmcelectronics.ca\/fr\/?s={search_term_string}"},"query-input":{"@type":"PropertyValueSpecification","valueRequired":true,"valueName":"search_term_string"}}],"inLanguage":"fr-FR"},{"@type":"Organization","@id":"https:\/\/cmcelectronics.ca\/fr\/#organization","name":"CMC \u00c9lectronique","url":"https:\/\/cmcelectronics.ca\/fr\/","logo":{"@type":"ImageObject","inLanguage":"fr-FR","@id":"https:\/\/cmcelectronics.ca\/fr\/#\/schema\/logo\/image\/","url":"https:\/\/cmcelectronics.ca\/wp-content\/uploads\/2022\/08\/logo-CMC_black.svg","contentUrl":"https:\/\/cmcelectronics.ca\/wp-content\/uploads\/2022\/08\/logo-CMC_black.svg","width":180,"height":57,"caption":"CMC \u00c9lectronique"},"image":{"@id":"https:\/\/cmcelectronics.ca\/fr\/#\/schema\/logo\/image\/"},"sameAs":["https:\/\/www.linkedin.com\/company\/cmc-electronics"]}]}},"_links":{"self":[{"href":"https:\/\/cmcelectronics.ca\/fr\/wp-json\/wp\/v2\/pages\/1761","targetHints":{"allow":["GET"]}}],"collection":[{"href":"https:\/\/cmcelectronics.ca\/fr\/wp-json\/wp\/v2\/pages"}],"about":[{"href":"https:\/\/cmcelectronics.ca\/fr\/wp-json\/wp\/v2\/types\/page"}],"author":[{"embeddable":true,"href":"https:\/\/cmcelectronics.ca\/fr\/wp-json\/wp\/v2\/users\/1"}],"replies":[{"embeddable":true,"href":"https:\/\/cmcelectronics.ca\/fr\/wp-json\/wp\/v2\/comments?post=1761"}],"version-history":[{"count":0,"href":"https:\/\/cmcelectronics.ca\/fr\/wp-json\/wp\/v2\/pages\/1761\/revisions"}],"wp:attachment":[{"href":"https:\/\/cmcelectronics.ca\/fr\/wp-json\/wp\/v2\/media?parent=1761"}],"curies":[{"name":"wp","href":"https:\/\/api.w.org\/{rel}","templated":true}]}}