{"id":1765,"date":"2022-08-23T19:23:31","date_gmt":"2022-08-23T23:23:31","guid":{"rendered":"https:\/\/cmcelectronics.ca\/nos-marches\/military-helicopters\/"},"modified":"2022-12-14T11:43:54","modified_gmt":"2022-12-14T16:43:54","slug":"helicopteres-militaires","status":"publish","type":"page","link":"https:\/\/cmcelectronics.ca\/fr\/nos-marches\/helicopteres-militaires\/","title":{"rendered":"H\u00e9licopt\u00e8res militaires"},"content":{"rendered":"\n<div class=\"wp-block-cover alignfull is-light is-style-title-banner\"><span aria-hidden=\"true\" class=\"wp-block-cover__background has-background-dim\"><\/span><img decoding=\"async\" width=\"1930\" height=\"360\" class=\"wp-block-cover__image-background wp-image-1231 lazyload\" alt=\"\" data-src=\"https:\/\/cmcelectronics.ca\/wp-content\/smush-webp\/2022\/10\/5.1-CMC_WEB_Top-banners_1920X360_bandeau-market-military-helicopter-1.jpg.webp\" style=\"--smush-placeholder-width: 1930px; --smush-placeholder-aspect-ratio: 1930\/360;object-position:52% 66%\" data-object-fit=\"cover\" data-object-position=\"52% 66%\" data-srcset=\"https:\/\/cmcelectronics.ca\/wp-content\/smush-webp\/2022\/10\/5.1-CMC_WEB_Top-banners_1920X360_bandeau-market-military-helicopter-1.jpg.webp 1930w, https:\/\/cmcelectronics.ca\/wp-content\/smush-webp\/2022\/10\/5.1-CMC_WEB_Top-banners_1920X360_bandeau-market-military-helicopter-1-300x56.jpg.webp 300w, https:\/\/cmcelectronics.ca\/wp-content\/smush-webp\/2022\/10\/5.1-CMC_WEB_Top-banners_1920X360_bandeau-market-military-helicopter-1-1024x191.jpg.webp 1024w, https:\/\/cmcelectronics.ca\/wp-content\/smush-webp\/2022\/10\/5.1-CMC_WEB_Top-banners_1920X360_bandeau-market-military-helicopter-1-768x143.jpg.webp 768w, https:\/\/cmcelectronics.ca\/wp-content\/smush-webp\/2022\/10\/5.1-CMC_WEB_Top-banners_1920X360_bandeau-market-military-helicopter-1-1536x287.jpg.webp 1536w\" data-sizes=\"(max-width: 1930px) 100vw, 1930px\" src=\"data:image\/svg+xml;base64,PHN2ZyB3aWR0aD0iMSIgaGVpZ2h0PSIxIiB4bWxucz0iaHR0cDovL3d3dy53My5vcmcvMjAwMC9zdmciPjwvc3ZnPg==\" \/><div class=\"wp-block-cover__inner-container\"><h3 class=\"wp-block-post-title\">H\u00e9licopt\u00e8res militaires<\/h3><\/div><\/div>\n\n\n\n<div class=\"wp-block-group alignfull has-padding-y-large has-accent-background-color has-background\"><div class=\"yoast-breadcrumbs alignwide \"><span class=\"breadcrumbs\"><a href=\"https:\/\/cmcelectronics.ca\/fr\/\" class=\"breadcrumbs__element\">Accueil<\/a> <span class=\"breadcrumbs__separator\">\n        <svg class=\"icon icon-breadcrumb__separator\"><use xlink:href=\"#icon-breadcrumb__separator\"><\/use><\/svg>\n    <\/span> <a href=\"https:\/\/cmcelectronics.ca\/fr\/nos-marches\/\" class=\"breadcrumbs__element\">Nos march\u00e9s<\/a> <span class=\"breadcrumbs__separator\">\n        <svg class=\"icon icon-breadcrumb__separator\"><use xlink:href=\"#icon-breadcrumb__separator\"><\/use><\/svg>\n    <\/span> <span class=\"breadcrumbs__element breadcrumbs__element-current\">H\u00e9licopt\u00e8res militaires<\/span><\/span><\/div><\/div>\n\n\n\n\n<p class=\"act-lead wp-block-paragraph\">Les h\u00e9licopt\u00e8res militaires effectuent une vari\u00e9t\u00e9 de missions critiques dans toutes sortes d\u2019endroits et de conditions m\u00e9t\u00e9orologiques. Lorsque la connaissance de la situation, la s\u00e9curit\u00e9 et l\u2019efficacit\u00e9 op\u00e9rationnelle sont importantes, CMC peut fournir une avionique \u00e0 architecture ouverte flexible pour r\u00e9pondre aux fonctions les plus sp\u00e9cifiques pr\u00eates \u00e0 la mission, peu importe \u00e0 quel point l\u2019environnement est exigeant.<\/p>\n\n\n\n\n<p class=\"wp-block-paragraph\">Liens vers les pages de produits<\/p>\n\n\n\n<ul class=\"wp-block-list\">\n<li><a href=\"https:\/\/cmcelectronics.ca\/fr\/nos-produits\/navigation\/flight-management-systems-military\/\">Syst\u00e8me de gestion de vol militaire<\/a><\/li>\n\n\n\n<li><a href=\"https:\/\/cmcelectronics.ca\/fr\/nos-produits\/navigation\/systemes-civils-de-gestion-de-vol-fms\/\">Syst\u00e8me de gestion de vol civil<\/a><\/li>\n\n\n\n<li><a href=\"https:\/\/cmcelectronics.ca\/fr\/nos-produits\/navigation\/systeme-de-gestion-des-logiciels-de-vols-sw-fms\/?preview_id=1697&amp;preview_nonce=837520e8bc&amp;preview=true&amp;_thumbnail_id=1348\">Logiciel pour syst\u00e8me de gestion de vol<\/a><\/li>\n\n\n\n<li><a href=\"https:\/\/cmcelectronics.ca\/fr\/nos-produits\/navigation\/recepteurs-gnss\/\">Capteurs GNSS<\/a><\/li>\n\n\n\n<li><a href=\"https:\/\/cmcelectronics.ca\/fr\/nos-produits\/navigation\/capteurs-de-vitesse-doppler-dvs\/\">Capteur de vitesse Doppler<\/a><\/li>\n\n\n\n<li><a href=\"https:\/\/cmcelectronics.ca\/fr\/nos-produits\/integration-des-systemes-de-poste-de-pilotage\/postes-de-pilotage-dhelicopteres\/\">Poste de pilotage d\u2019h\u00e9licopt\u00e8re<\/a><\/li>\n\n\n\n<li><a href=\"https:\/\/cmcelectronics.ca\/fr\/nos-produits\/affichages-et-panneaux-de-commande\/affichages-multifonctions-intelligents\/\">Affichage multifonctionnel intelligent<\/a><\/li>\n\n\n\n<li><a href=\"https:\/\/cmcelectronics.ca\/fr\/nos-produits\/affichages-et-panneaux-de-commande\/ecrans-de-mission-portatifs\/\">Affichage de mission portable<\/a><\/li>\n\n\n\n<li><a href=\"https:\/\/cmcelectronics.ca\/fr\/nos-produits\/ordinateurs-avioniques\/ordinateurs-avioniques-multicoeurs\/\">Ordinateurs avioniques multic\u0153urs PU-3000<\/a><\/li>\n\n\n\n<li><a href=\"https:\/\/cmcelectronics.ca\/wp-admin\/post.php?post=77&amp;action=edit&amp;lang=en\">Opto\u00e9lectronique<\/a><\/li>\n<\/ul>\n","protected":false},"excerpt":{"rendered":"<p>Liens vers les pages de produits<\/p>\n","protected":false},"author":1,"featured_media":0,"parent":1761,"menu_order":0,"comment_status":"closed","ping_status":"closed","template":"","meta":{"_acf_changed":false,"_gspb_post_css":"","_crdt_document":"","content-type":"","inline_featured_image":false,"footnotes":""},"class_list":["post-1765","page","type-page","status-publish","hentry"],"acf":[],"yoast_head":"<!-- This site is optimized with the Yoast SEO plugin v27.0 - https:\/\/yoast.com\/product\/yoast-seo-wordpress\/ -->\n<title>H\u00e9licopt\u00e8res militaires - CMC \u00c9lectronique<\/title>\n<meta name=\"robots\" content=\"index, follow, max-snippet:-1, max-image-preview:large, max-video-preview:-1\" \/>\n<link rel=\"canonical\" href=\"https:\/\/cmcelectronics.ca\/fr\/nos-marches\/helicopteres-militaires\/\" \/>\n<meta property=\"og:locale\" content=\"fr_FR\" \/>\n<meta property=\"og:type\" content=\"article\" \/>\n<meta property=\"og:title\" content=\"H\u00e9licopt\u00e8res militaires - CMC \u00c9lectronique\" \/>\n<meta property=\"og:description\" content=\"Liens vers les pages de produits\" \/>\n<meta property=\"og:url\" content=\"https:\/\/cmcelectronics.ca\/fr\/nos-marches\/helicopteres-militaires\/\" \/>\n<meta property=\"og:site_name\" content=\"CMC \u00c9lectronique\" \/>\n<meta property=\"article:modified_time\" content=\"2022-12-14T16:43:54+00:00\" \/>\n<meta property=\"og:image\" content=\"https:\/\/cmcelectronics.ca\/wp-content\/uploads\/2022\/10\/5.1-CMC_WEB_Top-banners_1920X360_bandeau-market-military-helicopter-1.jpg\" \/>\n<meta name=\"twitter:card\" content=\"summary_large_image\" \/>\n<meta name=\"twitter:label1\" content=\"Dur\u00e9e de lecture estim\u00e9e\" \/>\n\t<meta name=\"twitter:data1\" content=\"1 minute\" \/>\n<script type=\"application\/ld+json\" class=\"yoast-schema-graph\">{\"@context\":\"https:\/\/schema.org\",\"@graph\":[{\"@type\":\"WebPage\",\"@id\":\"https:\/\/cmcelectronics.ca\/fr\/nos-marches\/helicopteres-militaires\/\",\"url\":\"https:\/\/cmcelectronics.ca\/fr\/nos-marches\/helicopteres-militaires\/\",\"name\":\"H\u00e9licopt\u00e8res militaires - CMC \u00c9lectronique\",\"isPartOf\":{\"@id\":\"https:\/\/cmcelectronics.ca\/fr\/#website\"},\"primaryImageOfPage\":{\"@id\":\"https:\/\/cmcelectronics.ca\/fr\/nos-marches\/helicopteres-militaires\/#primaryimage\"},\"image\":{\"@id\":\"https:\/\/cmcelectronics.ca\/fr\/nos-marches\/helicopteres-militaires\/#primaryimage\"},\"thumbnailUrl\":\"https:\/\/cmcelectronics.ca\/wp-content\/uploads\/2022\/10\/5.1-CMC_WEB_Top-banners_1920X360_bandeau-market-military-helicopter-1.jpg\",\"datePublished\":\"2022-08-23T23:23:31+00:00\",\"dateModified\":\"2022-12-14T16:43:54+00:00\",\"breadcrumb\":{\"@id\":\"https:\/\/cmcelectronics.ca\/fr\/nos-marches\/helicopteres-militaires\/#breadcrumb\"},\"inLanguage\":\"fr-FR\",\"potentialAction\":[{\"@type\":\"ReadAction\",\"target\":[\"https:\/\/cmcelectronics.ca\/fr\/nos-marches\/helicopteres-militaires\/\"]}]},{\"@type\":\"ImageObject\",\"inLanguage\":\"fr-FR\",\"@id\":\"https:\/\/cmcelectronics.ca\/fr\/nos-marches\/helicopteres-militaires\/#primaryimage\",\"url\":\"https:\/\/cmcelectronics.ca\/wp-content\/uploads\/2022\/10\/5.1-CMC_WEB_Top-banners_1920X360_bandeau-market-military-helicopter-1.jpg\",\"contentUrl\":\"https:\/\/cmcelectronics.ca\/wp-content\/uploads\/2022\/10\/5.1-CMC_WEB_Top-banners_1920X360_bandeau-market-military-helicopter-1.jpg\"},{\"@type\":\"BreadcrumbList\",\"@id\":\"https:\/\/cmcelectronics.ca\/fr\/nos-marches\/helicopteres-militaires\/#breadcrumb\",\"itemListElement\":[{\"@type\":\"ListItem\",\"position\":1,\"name\":\"Accueil\",\"item\":\"https:\/\/cmcelectronics.ca\/fr\/\"},{\"@type\":\"ListItem\",\"position\":2,\"name\":\"Nos march\u00e9s\",\"item\":\"https:\/\/cmcelectronics.ca\/fr\/nos-marches\/\"},{\"@type\":\"ListItem\",\"position\":3,\"name\":\"H\u00e9licopt\u00e8res militaires\"}]},{\"@type\":\"WebSite\",\"@id\":\"https:\/\/cmcelectronics.ca\/fr\/#website\",\"url\":\"https:\/\/cmcelectronics.ca\/fr\/\",\"name\":\"CMC \u00c9lectronique\",\"description\":\"\",\"publisher\":{\"@id\":\"https:\/\/cmcelectronics.ca\/fr\/#organization\"},\"potentialAction\":[{\"@type\":\"SearchAction\",\"target\":{\"@type\":\"EntryPoint\",\"urlTemplate\":\"https:\/\/cmcelectronics.ca\/fr\/?s={search_term_string}\"},\"query-input\":{\"@type\":\"PropertyValueSpecification\",\"valueRequired\":true,\"valueName\":\"search_term_string\"}}],\"inLanguage\":\"fr-FR\"},{\"@type\":\"Organization\",\"@id\":\"https:\/\/cmcelectronics.ca\/fr\/#organization\",\"name\":\"CMC \u00c9lectronique\",\"url\":\"https:\/\/cmcelectronics.ca\/fr\/\",\"logo\":{\"@type\":\"ImageObject\",\"inLanguage\":\"fr-FR\",\"@id\":\"https:\/\/cmcelectronics.ca\/fr\/#\/schema\/logo\/image\/\",\"url\":\"https:\/\/cmcelectronics.ca\/wp-content\/uploads\/2022\/08\/logo-CMC_black.svg\",\"contentUrl\":\"https:\/\/cmcelectronics.ca\/wp-content\/uploads\/2022\/08\/logo-CMC_black.svg\",\"width\":180,\"height\":57,\"caption\":\"CMC \u00c9lectronique\"},\"image\":{\"@id\":\"https:\/\/cmcelectronics.ca\/fr\/#\/schema\/logo\/image\/\"},\"sameAs\":[\"https:\/\/www.linkedin.com\/company\/cmc-electronics\"]}]}<\/script>\n<!-- \/ Yoast SEO plugin. -->","yoast_head_json":{"title":"H\u00e9licopt\u00e8res militaires - CMC \u00c9lectronique","robots":{"index":"index","follow":"follow","max-snippet":"max-snippet:-1","max-image-preview":"max-image-preview:large","max-video-preview":"max-video-preview:-1"},"canonical":"https:\/\/cmcelectronics.ca\/fr\/nos-marches\/helicopteres-militaires\/","og_locale":"fr_FR","og_type":"article","og_title":"H\u00e9licopt\u00e8res militaires - CMC \u00c9lectronique","og_description":"Liens vers les pages de produits","og_url":"https:\/\/cmcelectronics.ca\/fr\/nos-marches\/helicopteres-militaires\/","og_site_name":"CMC \u00c9lectronique","article_modified_time":"2022-12-14T16:43:54+00:00","og_image":[{"url":"https:\/\/cmcelectronics.ca\/wp-content\/uploads\/2022\/10\/5.1-CMC_WEB_Top-banners_1920X360_bandeau-market-military-helicopter-1.jpg","type":"","width":"","height":""}],"twitter_card":"summary_large_image","twitter_misc":{"Dur\u00e9e de lecture estim\u00e9e":"1 minute"},"schema":{"@context":"https:\/\/schema.org","@graph":[{"@type":"WebPage","@id":"https:\/\/cmcelectronics.ca\/fr\/nos-marches\/helicopteres-militaires\/","url":"https:\/\/cmcelectronics.ca\/fr\/nos-marches\/helicopteres-militaires\/","name":"H\u00e9licopt\u00e8res militaires - CMC \u00c9lectronique","isPartOf":{"@id":"https:\/\/cmcelectronics.ca\/fr\/#website"},"primaryImageOfPage":{"@id":"https:\/\/cmcelectronics.ca\/fr\/nos-marches\/helicopteres-militaires\/#primaryimage"},"image":{"@id":"https:\/\/cmcelectronics.ca\/fr\/nos-marches\/helicopteres-militaires\/#primaryimage"},"thumbnailUrl":"https:\/\/cmcelectronics.ca\/wp-content\/uploads\/2022\/10\/5.1-CMC_WEB_Top-banners_1920X360_bandeau-market-military-helicopter-1.jpg","datePublished":"2022-08-23T23:23:31+00:00","dateModified":"2022-12-14T16:43:54+00:00","breadcrumb":{"@id":"https:\/\/cmcelectronics.ca\/fr\/nos-marches\/helicopteres-militaires\/#breadcrumb"},"inLanguage":"fr-FR","potentialAction":[{"@type":"ReadAction","target":["https:\/\/cmcelectronics.ca\/fr\/nos-marches\/helicopteres-militaires\/"]}]},{"@type":"ImageObject","inLanguage":"fr-FR","@id":"https:\/\/cmcelectronics.ca\/fr\/nos-marches\/helicopteres-militaires\/#primaryimage","url":"https:\/\/cmcelectronics.ca\/wp-content\/uploads\/2022\/10\/5.1-CMC_WEB_Top-banners_1920X360_bandeau-market-military-helicopter-1.jpg","contentUrl":"https:\/\/cmcelectronics.ca\/wp-content\/uploads\/2022\/10\/5.1-CMC_WEB_Top-banners_1920X360_bandeau-market-military-helicopter-1.jpg"},{"@type":"BreadcrumbList","@id":"https:\/\/cmcelectronics.ca\/fr\/nos-marches\/helicopteres-militaires\/#breadcrumb","itemListElement":[{"@type":"ListItem","position":1,"name":"Accueil","item":"https:\/\/cmcelectronics.ca\/fr\/"},{"@type":"ListItem","position":2,"name":"Nos march\u00e9s","item":"https:\/\/cmcelectronics.ca\/fr\/nos-marches\/"},{"@type":"ListItem","position":3,"name":"H\u00e9licopt\u00e8res militaires"}]},{"@type":"WebSite","@id":"https:\/\/cmcelectronics.ca\/fr\/#website","url":"https:\/\/cmcelectronics.ca\/fr\/","name":"CMC \u00c9lectronique","description":"","publisher":{"@id":"https:\/\/cmcelectronics.ca\/fr\/#organization"},"potentialAction":[{"@type":"SearchAction","target":{"@type":"EntryPoint","urlTemplate":"https:\/\/cmcelectronics.ca\/fr\/?s={search_term_string}"},"query-input":{"@type":"PropertyValueSpecification","valueRequired":true,"valueName":"search_term_string"}}],"inLanguage":"fr-FR"},{"@type":"Organization","@id":"https:\/\/cmcelectronics.ca\/fr\/#organization","name":"CMC \u00c9lectronique","url":"https:\/\/cmcelectronics.ca\/fr\/","logo":{"@type":"ImageObject","inLanguage":"fr-FR","@id":"https:\/\/cmcelectronics.ca\/fr\/#\/schema\/logo\/image\/","url":"https:\/\/cmcelectronics.ca\/wp-content\/uploads\/2022\/08\/logo-CMC_black.svg","contentUrl":"https:\/\/cmcelectronics.ca\/wp-content\/uploads\/2022\/08\/logo-CMC_black.svg","width":180,"height":57,"caption":"CMC \u00c9lectronique"},"image":{"@id":"https:\/\/cmcelectronics.ca\/fr\/#\/schema\/logo\/image\/"},"sameAs":["https:\/\/www.linkedin.com\/company\/cmc-electronics"]}]}},"_links":{"self":[{"href":"https:\/\/cmcelectronics.ca\/fr\/wp-json\/wp\/v2\/pages\/1765","targetHints":{"allow":["GET"]}}],"collection":[{"href":"https:\/\/cmcelectronics.ca\/fr\/wp-json\/wp\/v2\/pages"}],"about":[{"href":"https:\/\/cmcelectronics.ca\/fr\/wp-json\/wp\/v2\/types\/page"}],"author":[{"embeddable":true,"href":"https:\/\/cmcelectronics.ca\/fr\/wp-json\/wp\/v2\/users\/1"}],"replies":[{"embeddable":true,"href":"https:\/\/cmcelectronics.ca\/fr\/wp-json\/wp\/v2\/comments?post=1765"}],"version-history":[{"count":0,"href":"https:\/\/cmcelectronics.ca\/fr\/wp-json\/wp\/v2\/pages\/1765\/revisions"}],"up":[{"embeddable":true,"href":"https:\/\/cmcelectronics.ca\/fr\/wp-json\/wp\/v2\/pages\/1761"}],"wp:attachment":[{"href":"https:\/\/cmcelectronics.ca\/fr\/wp-json\/wp\/v2\/media?parent=1765"}],"curies":[{"name":"wp","href":"https:\/\/api.w.org\/{rel}","templated":true}]}}