{"id":1769,"date":"2022-08-23T19:23:32","date_gmt":"2022-08-23T23:23:32","guid":{"rendered":"https:\/\/cmcelectronics.ca\/nos-marches\/military-fighter-trainer\/"},"modified":"2023-08-23T08:31:42","modified_gmt":"2023-08-23T12:31:42","slug":"combat-entrainement-militaire","status":"publish","type":"page","link":"https:\/\/cmcelectronics.ca\/fr\/nos-marches\/combat-entrainement-militaire\/","title":{"rendered":"Avions de combat et d&rsquo;entra\u00eenement militaire"},"content":{"rendered":"\n<div class=\"wp-block-cover alignfull is-style-title-banner\"><span aria-hidden=\"true\" class=\"wp-block-cover__background has-background-dim\"><\/span><img decoding=\"async\" width=\"1930\" height=\"360\" class=\"wp-block-cover__image-background wp-image-934 lazyload\" alt=\"\" data-src=\"https:\/\/cmcelectronics.ca\/wp-content\/smush-webp\/2022\/09\/5.2-CMC_WEB_Top-banners_1920X360_bandeau-market-fighter-trainer.jpg.webp\" style=\"--smush-placeholder-width: 1930px; --smush-placeholder-aspect-ratio: 1930\/360;object-position:51% 64%\" data-object-fit=\"cover\" data-object-position=\"51% 64%\" data-srcset=\"https:\/\/cmcelectronics.ca\/wp-content\/smush-webp\/2022\/09\/5.2-CMC_WEB_Top-banners_1920X360_bandeau-market-fighter-trainer.jpg.webp 1930w, https:\/\/cmcelectronics.ca\/wp-content\/smush-webp\/2022\/09\/5.2-CMC_WEB_Top-banners_1920X360_bandeau-market-fighter-trainer-300x56.jpg.webp 300w, https:\/\/cmcelectronics.ca\/wp-content\/smush-webp\/2022\/09\/5.2-CMC_WEB_Top-banners_1920X360_bandeau-market-fighter-trainer-1024x191.jpg.webp 1024w, https:\/\/cmcelectronics.ca\/wp-content\/smush-webp\/2022\/09\/5.2-CMC_WEB_Top-banners_1920X360_bandeau-market-fighter-trainer-768x143.jpg.webp 768w, https:\/\/cmcelectronics.ca\/wp-content\/smush-webp\/2022\/09\/5.2-CMC_WEB_Top-banners_1920X360_bandeau-market-fighter-trainer-1536x287.jpg.webp 1536w\" data-sizes=\"(max-width: 1930px) 100vw, 1930px\" src=\"data:image\/svg+xml;base64,PHN2ZyB3aWR0aD0iMSIgaGVpZ2h0PSIxIiB4bWxucz0iaHR0cDovL3d3dy53My5vcmcvMjAwMC9zdmciPjwvc3ZnPg==\" \/><div class=\"wp-block-cover__inner-container\"><h3 class=\"wp-block-post-title\">Avions de combat et d&rsquo;entra\u00eenement militaire<\/h3><\/div><\/div>\n\n\n\n<div class=\"wp-block-group alignfull has-padding-y-large has-accent-background-color has-background\"><div class=\"yoast-breadcrumbs alignwide \"><span class=\"breadcrumbs\"><a href=\"https:\/\/cmcelectronics.ca\/fr\/\" class=\"breadcrumbs__element\">Accueil<\/a> <span class=\"breadcrumbs__separator\">\n        <svg class=\"icon icon-breadcrumb__separator\"><use xlink:href=\"#icon-breadcrumb__separator\"><\/use><\/svg>\n    <\/span> <a href=\"https:\/\/cmcelectronics.ca\/fr\/nos-marches\/\" class=\"breadcrumbs__element\">Nos march\u00e9s<\/a> <span class=\"breadcrumbs__separator\">\n        <svg class=\"icon icon-breadcrumb__separator\"><use xlink:href=\"#icon-breadcrumb__separator\"><\/use><\/svg>\n    <\/span> <span class=\"breadcrumbs__element breadcrumbs__element-current\">Avions de combat et d&#8217;entra\u00eenement militaire<\/span><\/span><\/div><\/div>\n\n\n\n\n\n\n<p class=\"act-lead wp-block-paragraph\">CMC est un chef de file reconnu dans le march\u00e9 du poste de pilotage de combats et des avions d\u2019entra\u00eenements militaires. Nos solutions d\u2019avionique sur mesure et notre avantage technologique sur les march\u00e9s des avions d\u2019entra\u00eenements et de combats font de nous le fournisseur de choix pour l\u2019avionique flexible et \u00e9volutive qui r\u00e9duit les co\u00fbts d\u2019entretien, augmente l\u2019efficacit\u00e9 op\u00e9rationnelle et am\u00e9liore la connaissance de la situation.<\/p>\n\n\n\n\n<p class=\"wp-block-paragraph\"><strong>D\u00e9couvrez nos pages de produits :<\/strong><\/p>\n\n\n\n<ul class=\"wp-block-list\">\n<li><a href=\"https:\/\/cmcelectronics.ca\/fr\/nos-produits\/integration-des-systemes-de-poste-de-pilotage\/postes-de-pilotage-de-combat-entrainement\/\">Appareil de combat\/d\u2019entra\u00eenement<\/a><\/li>\n\n\n\n<li><a href=\"https:\/\/cmcelectronics.ca\/fr\/nos-produits\/integration-des-systemes-de-poste-de-pilotage\/postes-de-pilotage-de-transport-aerien\/\">Int\u00e9gration des syst\u00e8mes de poste de pilotage pour transport a\u00e9rien<\/a><\/li>\n\n\n\n<li><a href=\"https:\/\/cmcelectronics.ca\/fr\/nos-produits\/navigation\/flight-management-systems-military\/\">Syst\u00e8me de gestion de vol militaire<\/a><\/li>\n\n\n\n<li><a href=\"https:\/\/cmcelectronics.ca\/fr\/nos-produits\/navigation\/systeme-de-gestion-des-logiciels-de-vols-sw-fms\/?preview_id=1697&amp;preview_nonce=837520e8bc&amp;preview=true&amp;_thumbnail_id=1348\">Logiciel pour syst\u00e8me de gestion de vol<\/a><\/li>\n\n\n\n<li><a href=\"https:\/\/cmcelectronics.ca\/fr\/nos-produits\/navigation\/recepteurs-gnss\/\">Capteurs GNSS<\/a><\/li>\n\n\n\n<li><a href=\"https:\/\/cmcelectronics.ca\/fr\/nos-produits\/affichages-et-panneaux-de-commande\/affichages-multifonctions-intelligents\/\">Affichage multifonctionnel intelligent<\/a><\/li>\n\n\n\n<li><a href=\"https:\/\/cmcelectronics.ca\/fr\/nos-produits\/affichages-et-panneaux-de-commande\/collimateurs-tete-haute\/\">Affichage t\u00eate haute<\/a><\/li>\n\n\n\n<li><a href=\"https:\/\/cmcelectronics.ca\/fr\/nos-produits\/affichages-et-panneaux-de-commande\/ecrans-de-mission-portatifs\/\">Affichage de mission portable<\/a><\/li>\n\n\n\n<li><a href=\"https:\/\/cmcelectronics.ca\/fr\/nos-produits\/ordinateurs-avioniques\/ordinateurs-avioniques-multicoeurs\/\">Ordinateurs avioniques multic\u0153urs<\/a><\/li>\n\n\n\n<li><a href=\"https:\/\/cmcelectronics.ca\/wp-admin\/post.php?post=77&amp;action=edit&amp;lang=en\">Opto\u00e9lectronique<\/a><\/li>\n<\/ul>\n","protected":false},"excerpt":{"rendered":"<p>D\u00e9couvrez nos pages de produits :<\/p>\n","protected":false},"author":1,"featured_media":0,"parent":1761,"menu_order":0,"comment_status":"closed","ping_status":"closed","template":"","meta":{"_acf_changed":false,"_gspb_post_css":"","_crdt_document":"","content-type":"","inline_featured_image":false,"footnotes":""},"class_list":["post-1769","page","type-page","status-publish","hentry"],"acf":[],"yoast_head":"<!-- This site is optimized with the Yoast SEO plugin v27.0 - https:\/\/yoast.com\/product\/yoast-seo-wordpress\/ -->\n<title>Avions de combat et d&#039;entra\u00eenement militaire - CMC \u00c9lectronique<\/title>\n<meta name=\"robots\" content=\"index, follow, max-snippet:-1, max-image-preview:large, max-video-preview:-1\" \/>\n<link rel=\"canonical\" href=\"https:\/\/cmcelectronics.ca\/fr\/nos-marches\/combat-entrainement-militaire\/\" \/>\n<meta property=\"og:locale\" content=\"fr_FR\" \/>\n<meta property=\"og:type\" content=\"article\" \/>\n<meta property=\"og:title\" content=\"Avions de combat et d&#039;entra\u00eenement militaire - CMC \u00c9lectronique\" \/>\n<meta property=\"og:description\" content=\"D\u00e9couvrez nos pages de produits :\" \/>\n<meta property=\"og:url\" content=\"https:\/\/cmcelectronics.ca\/fr\/nos-marches\/combat-entrainement-militaire\/\" \/>\n<meta property=\"og:site_name\" content=\"CMC \u00c9lectronique\" \/>\n<meta property=\"article:modified_time\" content=\"2023-08-23T12:31:42+00:00\" \/>\n<meta property=\"og:image\" content=\"https:\/\/cmcelectronics.ca\/wp-content\/uploads\/2022\/09\/5.2-CMC_WEB_Top-banners_1920X360_bandeau-market-fighter-trainer.jpg\" \/>\n<meta name=\"twitter:card\" content=\"summary_large_image\" \/>\n<meta name=\"twitter:label1\" content=\"Dur\u00e9e de lecture estim\u00e9e\" \/>\n\t<meta name=\"twitter:data1\" content=\"1 minute\" \/>\n<script type=\"application\/ld+json\" class=\"yoast-schema-graph\">{\"@context\":\"https:\/\/schema.org\",\"@graph\":[{\"@type\":\"WebPage\",\"@id\":\"https:\/\/cmcelectronics.ca\/fr\/nos-marches\/combat-entrainement-militaire\/\",\"url\":\"https:\/\/cmcelectronics.ca\/fr\/nos-marches\/combat-entrainement-militaire\/\",\"name\":\"Avions de combat et d'entra\u00eenement militaire - CMC \u00c9lectronique\",\"isPartOf\":{\"@id\":\"https:\/\/cmcelectronics.ca\/fr\/#website\"},\"primaryImageOfPage\":{\"@id\":\"https:\/\/cmcelectronics.ca\/fr\/nos-marches\/combat-entrainement-militaire\/#primaryimage\"},\"image\":{\"@id\":\"https:\/\/cmcelectronics.ca\/fr\/nos-marches\/combat-entrainement-militaire\/#primaryimage\"},\"thumbnailUrl\":\"https:\/\/cmcelectronics.ca\/wp-content\/uploads\/2022\/09\/5.2-CMC_WEB_Top-banners_1920X360_bandeau-market-fighter-trainer.jpg\",\"datePublished\":\"2022-08-23T23:23:32+00:00\",\"dateModified\":\"2023-08-23T12:31:42+00:00\",\"breadcrumb\":{\"@id\":\"https:\/\/cmcelectronics.ca\/fr\/nos-marches\/combat-entrainement-militaire\/#breadcrumb\"},\"inLanguage\":\"fr-FR\",\"potentialAction\":[{\"@type\":\"ReadAction\",\"target\":[\"https:\/\/cmcelectronics.ca\/fr\/nos-marches\/combat-entrainement-militaire\/\"]}]},{\"@type\":\"ImageObject\",\"inLanguage\":\"fr-FR\",\"@id\":\"https:\/\/cmcelectronics.ca\/fr\/nos-marches\/combat-entrainement-militaire\/#primaryimage\",\"url\":\"https:\/\/cmcelectronics.ca\/wp-content\/uploads\/2022\/09\/5.2-CMC_WEB_Top-banners_1920X360_bandeau-market-fighter-trainer.jpg\",\"contentUrl\":\"https:\/\/cmcelectronics.ca\/wp-content\/uploads\/2022\/09\/5.2-CMC_WEB_Top-banners_1920X360_bandeau-market-fighter-trainer.jpg\"},{\"@type\":\"BreadcrumbList\",\"@id\":\"https:\/\/cmcelectronics.ca\/fr\/nos-marches\/combat-entrainement-militaire\/#breadcrumb\",\"itemListElement\":[{\"@type\":\"ListItem\",\"position\":1,\"name\":\"Accueil\",\"item\":\"https:\/\/cmcelectronics.ca\/fr\/\"},{\"@type\":\"ListItem\",\"position\":2,\"name\":\"Nos march\u00e9s\",\"item\":\"https:\/\/cmcelectronics.ca\/fr\/nos-marches\/\"},{\"@type\":\"ListItem\",\"position\":3,\"name\":\"Avions de combat et d&#8217;entra\u00eenement militaire\"}]},{\"@type\":\"WebSite\",\"@id\":\"https:\/\/cmcelectronics.ca\/fr\/#website\",\"url\":\"https:\/\/cmcelectronics.ca\/fr\/\",\"name\":\"CMC \u00c9lectronique\",\"description\":\"\",\"publisher\":{\"@id\":\"https:\/\/cmcelectronics.ca\/fr\/#organization\"},\"potentialAction\":[{\"@type\":\"SearchAction\",\"target\":{\"@type\":\"EntryPoint\",\"urlTemplate\":\"https:\/\/cmcelectronics.ca\/fr\/?s={search_term_string}\"},\"query-input\":{\"@type\":\"PropertyValueSpecification\",\"valueRequired\":true,\"valueName\":\"search_term_string\"}}],\"inLanguage\":\"fr-FR\"},{\"@type\":\"Organization\",\"@id\":\"https:\/\/cmcelectronics.ca\/fr\/#organization\",\"name\":\"CMC \u00c9lectronique\",\"url\":\"https:\/\/cmcelectronics.ca\/fr\/\",\"logo\":{\"@type\":\"ImageObject\",\"inLanguage\":\"fr-FR\",\"@id\":\"https:\/\/cmcelectronics.ca\/fr\/#\/schema\/logo\/image\/\",\"url\":\"https:\/\/cmcelectronics.ca\/wp-content\/uploads\/2022\/08\/logo-CMC_black.svg\",\"contentUrl\":\"https:\/\/cmcelectronics.ca\/wp-content\/uploads\/2022\/08\/logo-CMC_black.svg\",\"width\":180,\"height\":57,\"caption\":\"CMC \u00c9lectronique\"},\"image\":{\"@id\":\"https:\/\/cmcelectronics.ca\/fr\/#\/schema\/logo\/image\/\"},\"sameAs\":[\"https:\/\/www.linkedin.com\/company\/cmc-electronics\"]}]}<\/script>\n<!-- \/ Yoast SEO plugin. -->","yoast_head_json":{"title":"Avions de combat et d'entra\u00eenement militaire - CMC \u00c9lectronique","robots":{"index":"index","follow":"follow","max-snippet":"max-snippet:-1","max-image-preview":"max-image-preview:large","max-video-preview":"max-video-preview:-1"},"canonical":"https:\/\/cmcelectronics.ca\/fr\/nos-marches\/combat-entrainement-militaire\/","og_locale":"fr_FR","og_type":"article","og_title":"Avions de combat et d'entra\u00eenement militaire - CMC \u00c9lectronique","og_description":"D\u00e9couvrez nos pages de produits :","og_url":"https:\/\/cmcelectronics.ca\/fr\/nos-marches\/combat-entrainement-militaire\/","og_site_name":"CMC \u00c9lectronique","article_modified_time":"2023-08-23T12:31:42+00:00","og_image":[{"url":"https:\/\/cmcelectronics.ca\/wp-content\/uploads\/2022\/09\/5.2-CMC_WEB_Top-banners_1920X360_bandeau-market-fighter-trainer.jpg","type":"","width":"","height":""}],"twitter_card":"summary_large_image","twitter_misc":{"Dur\u00e9e de lecture estim\u00e9e":"1 minute"},"schema":{"@context":"https:\/\/schema.org","@graph":[{"@type":"WebPage","@id":"https:\/\/cmcelectronics.ca\/fr\/nos-marches\/combat-entrainement-militaire\/","url":"https:\/\/cmcelectronics.ca\/fr\/nos-marches\/combat-entrainement-militaire\/","name":"Avions de combat et d'entra\u00eenement militaire - CMC \u00c9lectronique","isPartOf":{"@id":"https:\/\/cmcelectronics.ca\/fr\/#website"},"primaryImageOfPage":{"@id":"https:\/\/cmcelectronics.ca\/fr\/nos-marches\/combat-entrainement-militaire\/#primaryimage"},"image":{"@id":"https:\/\/cmcelectronics.ca\/fr\/nos-marches\/combat-entrainement-militaire\/#primaryimage"},"thumbnailUrl":"https:\/\/cmcelectronics.ca\/wp-content\/uploads\/2022\/09\/5.2-CMC_WEB_Top-banners_1920X360_bandeau-market-fighter-trainer.jpg","datePublished":"2022-08-23T23:23:32+00:00","dateModified":"2023-08-23T12:31:42+00:00","breadcrumb":{"@id":"https:\/\/cmcelectronics.ca\/fr\/nos-marches\/combat-entrainement-militaire\/#breadcrumb"},"inLanguage":"fr-FR","potentialAction":[{"@type":"ReadAction","target":["https:\/\/cmcelectronics.ca\/fr\/nos-marches\/combat-entrainement-militaire\/"]}]},{"@type":"ImageObject","inLanguage":"fr-FR","@id":"https:\/\/cmcelectronics.ca\/fr\/nos-marches\/combat-entrainement-militaire\/#primaryimage","url":"https:\/\/cmcelectronics.ca\/wp-content\/uploads\/2022\/09\/5.2-CMC_WEB_Top-banners_1920X360_bandeau-market-fighter-trainer.jpg","contentUrl":"https:\/\/cmcelectronics.ca\/wp-content\/uploads\/2022\/09\/5.2-CMC_WEB_Top-banners_1920X360_bandeau-market-fighter-trainer.jpg"},{"@type":"BreadcrumbList","@id":"https:\/\/cmcelectronics.ca\/fr\/nos-marches\/combat-entrainement-militaire\/#breadcrumb","itemListElement":[{"@type":"ListItem","position":1,"name":"Accueil","item":"https:\/\/cmcelectronics.ca\/fr\/"},{"@type":"ListItem","position":2,"name":"Nos march\u00e9s","item":"https:\/\/cmcelectronics.ca\/fr\/nos-marches\/"},{"@type":"ListItem","position":3,"name":"Avions de combat et d&#8217;entra\u00eenement militaire"}]},{"@type":"WebSite","@id":"https:\/\/cmcelectronics.ca\/fr\/#website","url":"https:\/\/cmcelectronics.ca\/fr\/","name":"CMC \u00c9lectronique","description":"","publisher":{"@id":"https:\/\/cmcelectronics.ca\/fr\/#organization"},"potentialAction":[{"@type":"SearchAction","target":{"@type":"EntryPoint","urlTemplate":"https:\/\/cmcelectronics.ca\/fr\/?s={search_term_string}"},"query-input":{"@type":"PropertyValueSpecification","valueRequired":true,"valueName":"search_term_string"}}],"inLanguage":"fr-FR"},{"@type":"Organization","@id":"https:\/\/cmcelectronics.ca\/fr\/#organization","name":"CMC \u00c9lectronique","url":"https:\/\/cmcelectronics.ca\/fr\/","logo":{"@type":"ImageObject","inLanguage":"fr-FR","@id":"https:\/\/cmcelectronics.ca\/fr\/#\/schema\/logo\/image\/","url":"https:\/\/cmcelectronics.ca\/wp-content\/uploads\/2022\/08\/logo-CMC_black.svg","contentUrl":"https:\/\/cmcelectronics.ca\/wp-content\/uploads\/2022\/08\/logo-CMC_black.svg","width":180,"height":57,"caption":"CMC \u00c9lectronique"},"image":{"@id":"https:\/\/cmcelectronics.ca\/fr\/#\/schema\/logo\/image\/"},"sameAs":["https:\/\/www.linkedin.com\/company\/cmc-electronics"]}]}},"_links":{"self":[{"href":"https:\/\/cmcelectronics.ca\/fr\/wp-json\/wp\/v2\/pages\/1769","targetHints":{"allow":["GET"]}}],"collection":[{"href":"https:\/\/cmcelectronics.ca\/fr\/wp-json\/wp\/v2\/pages"}],"about":[{"href":"https:\/\/cmcelectronics.ca\/fr\/wp-json\/wp\/v2\/types\/page"}],"author":[{"embeddable":true,"href":"https:\/\/cmcelectronics.ca\/fr\/wp-json\/wp\/v2\/users\/1"}],"replies":[{"embeddable":true,"href":"https:\/\/cmcelectronics.ca\/fr\/wp-json\/wp\/v2\/comments?post=1769"}],"version-history":[{"count":0,"href":"https:\/\/cmcelectronics.ca\/fr\/wp-json\/wp\/v2\/pages\/1769\/revisions"}],"up":[{"embeddable":true,"href":"https:\/\/cmcelectronics.ca\/fr\/wp-json\/wp\/v2\/pages\/1761"}],"wp:attachment":[{"href":"https:\/\/cmcelectronics.ca\/fr\/wp-json\/wp\/v2\/media?parent=1769"}],"curies":[{"name":"wp","href":"https:\/\/api.w.org\/{rel}","templated":true}]}}