{"id":1792,"date":"2022-11-11T08:52:16","date_gmt":"2022-11-11T13:52:16","guid":{"rendered":"https:\/\/cmcelectronics.ca\/soutien-a-la-clientele\/repair-and-services\/"},"modified":"2023-01-04T09:06:30","modified_gmt":"2023-01-04T14:06:30","slug":"service-des-reparations-et-dautres-services","status":"publish","type":"page","link":"https:\/\/cmcelectronics.ca\/fr\/soutien-a-la-clientele\/service-des-reparations-et-dautres-services\/","title":{"rendered":"Soutien \u00e0 la client\u00e8le"},"content":{"rendered":"\n<div class=\"wp-block-cover alignfull is-light is-style-title-banner\"><span aria-hidden=\"true\" class=\"wp-block-cover__background has-background-dim\"><\/span><img decoding=\"async\" class=\"wp-block-cover__image-background wp-image-2275 lazyload\" alt=\"\" data-src=\"https:\/\/cmcelectronics.ca\/wp-content\/uploads\/2022\/12\/6.0-CMC-WEB_Top-banners_1920x360-customer-support-8.jpg\" data-object-fit=\"cover\" src=\"data:image\/svg+xml;base64,PHN2ZyB3aWR0aD0iMSIgaGVpZ2h0PSIxIiB4bWxucz0iaHR0cDovL3d3dy53My5vcmcvMjAwMC9zdmciPjwvc3ZnPg==\" style=\"--smush-placeholder-width: 1930px; --smush-placeholder-aspect-ratio: 1930\/360;\" \/><div class=\"wp-block-cover__inner-container\">\n<h3 class=\"wp-block-heading has-text-align-center wp-block-post-title\">Soutien \u00e0 la client\u00e8le<\/h3>\n<\/div><\/div>\n\n\n\n<div class=\"wp-block-group alignfull has-padding-y-large has-accent-background-color has-background\"><div class=\"yoast-breadcrumbs alignwide \"><span class=\"breadcrumbs\"><a href=\"https:\/\/cmcelectronics.ca\/fr\/\" class=\"breadcrumbs__element\">Accueil<\/a> <span class=\"breadcrumbs__separator\">\n        <svg class=\"icon icon-breadcrumb__separator\"><use xlink:href=\"#icon-breadcrumb__separator\"><\/use><\/svg>\n    <\/span> <a href=\"https:\/\/cmcelectronics.ca\/fr\/soutien-a-la-clientele\/\" class=\"breadcrumbs__element\">Soutien \u00e0 la client\u00e8le<\/a> <span class=\"breadcrumbs__separator\">\n        <svg class=\"icon icon-breadcrumb__separator\"><use xlink:href=\"#icon-breadcrumb__separator\"><\/use><\/svg>\n    <\/span> <span class=\"breadcrumbs__element breadcrumbs__element-current\">Soutien \u00e0 la client\u00e8le<\/span><\/span><\/div><\/div>\n\n\n\n<h1 class=\"wp-block-heading\"><strong>La meilleure entreprise d\u2019avionique du Canada pour l\u2019entretien et les r\u00e9parations d\u2019avionique<\/strong><\/h1>\n\n\n\n\n<p class=\"act-lead wp-block-paragraph\">Notre service des r\u00e9parations et d\u2019autres services offrent des services de r\u00e9paration et de modification sp\u00e9cialis\u00e9s pour tous les produits CMC. Nous savons que les temps d\u2019arr\u00eat pour nos clients se traduisent en fin de compte par une perte de revenus. C\u2019est pourquoi nous effectuons tous les travaux de r\u00e9paration efficacement pour minimiser les perturbations de vos op\u00e9rations.<\/p>\n\n\n\n\n<div class=\"wp-block-file\"><a id=\"wp-block-file--media-4c31e8fd-4dc0-446c-8770-931fd0fa28b5\" href=\"https:\/\/cmcelectronics.ca\/wp-content\/uploads\/2022\/11\/AMO-Capabilities-List.pdf\" target=\"_blank\" rel=\"noreferrer noopener\">Liste des capacit\u00e9s selon AMO<\/a><\/div>\n\n\n\n<div class=\"wp-block-buttons\">\n<div class=\"wp-block-button\"><a class=\"wp-block-button__link wp-element-button\" href=\"https:\/\/cmcelectronics.ca\/fr\/soutien-a-la-clientele\/demande-dautorisation-de-retour-de-materiel\/\">Demandez une r\u00e9paration<\/a><\/div>\n<\/div>\n\n\n\n<div class=\"wp-block-buttons\">\n<div class=\"wp-block-button\"><a class=\"wp-block-button__link wp-element-button\" href=\"https:\/\/cmcelectronics.ca\/fr\/soutien-a-la-clientele\/support-technique\/\">Demandez du soutien technique<\/a><\/div>\n<\/div>\n","protected":false},"excerpt":{"rendered":"<p>La meilleure entreprise d\u2019avionique du Canada pour l\u2019entretien et les r\u00e9parations d\u2019avionique<\/p>\n","protected":false},"author":1,"featured_media":0,"parent":1784,"menu_order":0,"comment_status":"closed","ping_status":"closed","template":"","meta":{"_acf_changed":false,"_gspb_post_css":"","_crdt_document":"","content-type":"","inline_featured_image":false,"footnotes":""},"class_list":["post-1792","page","type-page","status-publish","hentry"],"acf":[],"yoast_head":"<!-- This site is optimized with the Yoast SEO plugin v27.0 - https:\/\/yoast.com\/product\/yoast-seo-wordpress\/ -->\n<title>Soutien \u00e0 la client\u00e8le - CMC \u00c9lectronique<\/title>\n<meta name=\"robots\" content=\"index, follow, max-snippet:-1, max-image-preview:large, max-video-preview:-1\" \/>\n<link rel=\"canonical\" href=\"https:\/\/cmcelectronics.ca\/fr\/soutien-a-la-clientele\/service-des-reparations-et-dautres-services\/\" \/>\n<meta property=\"og:locale\" content=\"fr_FR\" \/>\n<meta property=\"og:type\" content=\"article\" \/>\n<meta property=\"og:title\" content=\"Soutien \u00e0 la client\u00e8le - CMC \u00c9lectronique\" \/>\n<meta property=\"og:description\" content=\"La meilleure entreprise d\u2019avionique du Canada pour l\u2019entretien et les r\u00e9parations d\u2019avionique\" \/>\n<meta property=\"og:url\" content=\"https:\/\/cmcelectronics.ca\/fr\/soutien-a-la-clientele\/service-des-reparations-et-dautres-services\/\" \/>\n<meta property=\"og:site_name\" content=\"CMC \u00c9lectronique\" \/>\n<meta property=\"article:modified_time\" content=\"2023-01-04T14:06:30+00:00\" \/>\n<meta property=\"og:image\" content=\"https:\/\/cmcelectronics.ca\/wp-content\/uploads\/2022\/12\/6.0-CMC-WEB_Top-banners_1920x360-customer-support-8.jpg\" \/>\n<meta name=\"twitter:card\" content=\"summary_large_image\" \/>\n<meta name=\"twitter:label1\" content=\"Dur\u00e9e de lecture estim\u00e9e\" \/>\n\t<meta name=\"twitter:data1\" content=\"1 minute\" \/>\n<script type=\"application\/ld+json\" class=\"yoast-schema-graph\">{\"@context\":\"https:\/\/schema.org\",\"@graph\":[{\"@type\":\"WebPage\",\"@id\":\"https:\/\/cmcelectronics.ca\/fr\/soutien-a-la-clientele\/service-des-reparations-et-dautres-services\/\",\"url\":\"https:\/\/cmcelectronics.ca\/fr\/soutien-a-la-clientele\/service-des-reparations-et-dautres-services\/\",\"name\":\"Soutien \u00e0 la client\u00e8le - CMC \u00c9lectronique\",\"isPartOf\":{\"@id\":\"https:\/\/cmcelectronics.ca\/fr\/#website\"},\"primaryImageOfPage\":{\"@id\":\"https:\/\/cmcelectronics.ca\/fr\/soutien-a-la-clientele\/service-des-reparations-et-dautres-services\/#primaryimage\"},\"image\":{\"@id\":\"https:\/\/cmcelectronics.ca\/fr\/soutien-a-la-clientele\/service-des-reparations-et-dautres-services\/#primaryimage\"},\"thumbnailUrl\":\"https:\/\/cmcelectronics.ca\/wp-content\/uploads\/2022\/12\/6.0-CMC-WEB_Top-banners_1920x360-customer-support-8.jpg\",\"datePublished\":\"2022-11-11T13:52:16+00:00\",\"dateModified\":\"2023-01-04T14:06:30+00:00\",\"breadcrumb\":{\"@id\":\"https:\/\/cmcelectronics.ca\/fr\/soutien-a-la-clientele\/service-des-reparations-et-dautres-services\/#breadcrumb\"},\"inLanguage\":\"fr-FR\",\"potentialAction\":[{\"@type\":\"ReadAction\",\"target\":[\"https:\/\/cmcelectronics.ca\/fr\/soutien-a-la-clientele\/service-des-reparations-et-dautres-services\/\"]}]},{\"@type\":\"ImageObject\",\"inLanguage\":\"fr-FR\",\"@id\":\"https:\/\/cmcelectronics.ca\/fr\/soutien-a-la-clientele\/service-des-reparations-et-dautres-services\/#primaryimage\",\"url\":\"https:\/\/cmcelectronics.ca\/wp-content\/uploads\/2022\/12\/6.0-CMC-WEB_Top-banners_1920x360-customer-support-8.jpg\",\"contentUrl\":\"https:\/\/cmcelectronics.ca\/wp-content\/uploads\/2022\/12\/6.0-CMC-WEB_Top-banners_1920x360-customer-support-8.jpg\"},{\"@type\":\"BreadcrumbList\",\"@id\":\"https:\/\/cmcelectronics.ca\/fr\/soutien-a-la-clientele\/service-des-reparations-et-dautres-services\/#breadcrumb\",\"itemListElement\":[{\"@type\":\"ListItem\",\"position\":1,\"name\":\"Accueil\",\"item\":\"https:\/\/cmcelectronics.ca\/fr\/\"},{\"@type\":\"ListItem\",\"position\":2,\"name\":\"Soutien \u00e0 la client\u00e8le\",\"item\":\"https:\/\/cmcelectronics.ca\/fr\/soutien-a-la-clientele\/\"},{\"@type\":\"ListItem\",\"position\":3,\"name\":\"Soutien \u00e0 la client\u00e8le\"}]},{\"@type\":\"WebSite\",\"@id\":\"https:\/\/cmcelectronics.ca\/fr\/#website\",\"url\":\"https:\/\/cmcelectronics.ca\/fr\/\",\"name\":\"CMC \u00c9lectronique\",\"description\":\"\",\"publisher\":{\"@id\":\"https:\/\/cmcelectronics.ca\/fr\/#organization\"},\"potentialAction\":[{\"@type\":\"SearchAction\",\"target\":{\"@type\":\"EntryPoint\",\"urlTemplate\":\"https:\/\/cmcelectronics.ca\/fr\/?s={search_term_string}\"},\"query-input\":{\"@type\":\"PropertyValueSpecification\",\"valueRequired\":true,\"valueName\":\"search_term_string\"}}],\"inLanguage\":\"fr-FR\"},{\"@type\":\"Organization\",\"@id\":\"https:\/\/cmcelectronics.ca\/fr\/#organization\",\"name\":\"CMC \u00c9lectronique\",\"url\":\"https:\/\/cmcelectronics.ca\/fr\/\",\"logo\":{\"@type\":\"ImageObject\",\"inLanguage\":\"fr-FR\",\"@id\":\"https:\/\/cmcelectronics.ca\/fr\/#\/schema\/logo\/image\/\",\"url\":\"https:\/\/cmcelectronics.ca\/wp-content\/uploads\/2022\/08\/logo-CMC_black.svg\",\"contentUrl\":\"https:\/\/cmcelectronics.ca\/wp-content\/uploads\/2022\/08\/logo-CMC_black.svg\",\"width\":180,\"height\":57,\"caption\":\"CMC \u00c9lectronique\"},\"image\":{\"@id\":\"https:\/\/cmcelectronics.ca\/fr\/#\/schema\/logo\/image\/\"},\"sameAs\":[\"https:\/\/www.linkedin.com\/company\/cmc-electronics\"]}]}<\/script>\n<!-- \/ Yoast SEO plugin. -->","yoast_head_json":{"title":"Soutien \u00e0 la client\u00e8le - CMC \u00c9lectronique","robots":{"index":"index","follow":"follow","max-snippet":"max-snippet:-1","max-image-preview":"max-image-preview:large","max-video-preview":"max-video-preview:-1"},"canonical":"https:\/\/cmcelectronics.ca\/fr\/soutien-a-la-clientele\/service-des-reparations-et-dautres-services\/","og_locale":"fr_FR","og_type":"article","og_title":"Soutien \u00e0 la client\u00e8le - CMC \u00c9lectronique","og_description":"La meilleure entreprise d\u2019avionique du Canada pour l\u2019entretien et les r\u00e9parations d\u2019avionique","og_url":"https:\/\/cmcelectronics.ca\/fr\/soutien-a-la-clientele\/service-des-reparations-et-dautres-services\/","og_site_name":"CMC \u00c9lectronique","article_modified_time":"2023-01-04T14:06:30+00:00","og_image":[{"url":"https:\/\/cmcelectronics.ca\/wp-content\/uploads\/2022\/12\/6.0-CMC-WEB_Top-banners_1920x360-customer-support-8.jpg","type":"","width":"","height":""}],"twitter_card":"summary_large_image","twitter_misc":{"Dur\u00e9e de lecture estim\u00e9e":"1 minute"},"schema":{"@context":"https:\/\/schema.org","@graph":[{"@type":"WebPage","@id":"https:\/\/cmcelectronics.ca\/fr\/soutien-a-la-clientele\/service-des-reparations-et-dautres-services\/","url":"https:\/\/cmcelectronics.ca\/fr\/soutien-a-la-clientele\/service-des-reparations-et-dautres-services\/","name":"Soutien \u00e0 la client\u00e8le - CMC \u00c9lectronique","isPartOf":{"@id":"https:\/\/cmcelectronics.ca\/fr\/#website"},"primaryImageOfPage":{"@id":"https:\/\/cmcelectronics.ca\/fr\/soutien-a-la-clientele\/service-des-reparations-et-dautres-services\/#primaryimage"},"image":{"@id":"https:\/\/cmcelectronics.ca\/fr\/soutien-a-la-clientele\/service-des-reparations-et-dautres-services\/#primaryimage"},"thumbnailUrl":"https:\/\/cmcelectronics.ca\/wp-content\/uploads\/2022\/12\/6.0-CMC-WEB_Top-banners_1920x360-customer-support-8.jpg","datePublished":"2022-11-11T13:52:16+00:00","dateModified":"2023-01-04T14:06:30+00:00","breadcrumb":{"@id":"https:\/\/cmcelectronics.ca\/fr\/soutien-a-la-clientele\/service-des-reparations-et-dautres-services\/#breadcrumb"},"inLanguage":"fr-FR","potentialAction":[{"@type":"ReadAction","target":["https:\/\/cmcelectronics.ca\/fr\/soutien-a-la-clientele\/service-des-reparations-et-dautres-services\/"]}]},{"@type":"ImageObject","inLanguage":"fr-FR","@id":"https:\/\/cmcelectronics.ca\/fr\/soutien-a-la-clientele\/service-des-reparations-et-dautres-services\/#primaryimage","url":"https:\/\/cmcelectronics.ca\/wp-content\/uploads\/2022\/12\/6.0-CMC-WEB_Top-banners_1920x360-customer-support-8.jpg","contentUrl":"https:\/\/cmcelectronics.ca\/wp-content\/uploads\/2022\/12\/6.0-CMC-WEB_Top-banners_1920x360-customer-support-8.jpg"},{"@type":"BreadcrumbList","@id":"https:\/\/cmcelectronics.ca\/fr\/soutien-a-la-clientele\/service-des-reparations-et-dautres-services\/#breadcrumb","itemListElement":[{"@type":"ListItem","position":1,"name":"Accueil","item":"https:\/\/cmcelectronics.ca\/fr\/"},{"@type":"ListItem","position":2,"name":"Soutien \u00e0 la client\u00e8le","item":"https:\/\/cmcelectronics.ca\/fr\/soutien-a-la-clientele\/"},{"@type":"ListItem","position":3,"name":"Soutien \u00e0 la client\u00e8le"}]},{"@type":"WebSite","@id":"https:\/\/cmcelectronics.ca\/fr\/#website","url":"https:\/\/cmcelectronics.ca\/fr\/","name":"CMC \u00c9lectronique","description":"","publisher":{"@id":"https:\/\/cmcelectronics.ca\/fr\/#organization"},"potentialAction":[{"@type":"SearchAction","target":{"@type":"EntryPoint","urlTemplate":"https:\/\/cmcelectronics.ca\/fr\/?s={search_term_string}"},"query-input":{"@type":"PropertyValueSpecification","valueRequired":true,"valueName":"search_term_string"}}],"inLanguage":"fr-FR"},{"@type":"Organization","@id":"https:\/\/cmcelectronics.ca\/fr\/#organization","name":"CMC \u00c9lectronique","url":"https:\/\/cmcelectronics.ca\/fr\/","logo":{"@type":"ImageObject","inLanguage":"fr-FR","@id":"https:\/\/cmcelectronics.ca\/fr\/#\/schema\/logo\/image\/","url":"https:\/\/cmcelectronics.ca\/wp-content\/uploads\/2022\/08\/logo-CMC_black.svg","contentUrl":"https:\/\/cmcelectronics.ca\/wp-content\/uploads\/2022\/08\/logo-CMC_black.svg","width":180,"height":57,"caption":"CMC \u00c9lectronique"},"image":{"@id":"https:\/\/cmcelectronics.ca\/fr\/#\/schema\/logo\/image\/"},"sameAs":["https:\/\/www.linkedin.com\/company\/cmc-electronics"]}]}},"_links":{"self":[{"href":"https:\/\/cmcelectronics.ca\/fr\/wp-json\/wp\/v2\/pages\/1792","targetHints":{"allow":["GET"]}}],"collection":[{"href":"https:\/\/cmcelectronics.ca\/fr\/wp-json\/wp\/v2\/pages"}],"about":[{"href":"https:\/\/cmcelectronics.ca\/fr\/wp-json\/wp\/v2\/types\/page"}],"author":[{"embeddable":true,"href":"https:\/\/cmcelectronics.ca\/fr\/wp-json\/wp\/v2\/users\/1"}],"replies":[{"embeddable":true,"href":"https:\/\/cmcelectronics.ca\/fr\/wp-json\/wp\/v2\/comments?post=1792"}],"version-history":[{"count":0,"href":"https:\/\/cmcelectronics.ca\/fr\/wp-json\/wp\/v2\/pages\/1792\/revisions"}],"up":[{"embeddable":true,"href":"https:\/\/cmcelectronics.ca\/fr\/wp-json\/wp\/v2\/pages\/1784"}],"wp:attachment":[{"href":"https:\/\/cmcelectronics.ca\/fr\/wp-json\/wp\/v2\/media?parent=1792"}],"curies":[{"name":"wp","href":"https:\/\/api.w.org\/{rel}","templated":true}]}}