{"id":18,"date":"2022-08-23T17:56:37","date_gmt":"2022-08-23T21:56:37","guid":{"rendered":"https:\/\/cmcelectronics.ca\/?page_id=18"},"modified":"2022-12-02T13:25:07","modified_gmt":"2022-12-02T18:25:07","slug":"news","status":"publish","type":"page","link":"https:\/\/cmcelectronics.ca\/fr\/news\/","title":{"rendered":"Nouvelles"},"content":{"rendered":"\n<div class=\"wp-block-cover alignfull is-light is-style-title-banner\" style=\"min-height:360px;aspect-ratio:unset;\"><span aria-hidden=\"true\" class=\"wp-block-cover__background has-background-dim\"><\/span><img decoding=\"async\" width=\"1930\" height=\"360\" class=\"wp-block-cover__image-background wp-image-2205 lazyload\" alt=\"\" data-src=\"https:\/\/cmcelectronics.ca\/wp-content\/smush-webp\/2022\/12\/8.1-CMC_WEB_Top-banners_1920X360_bandeau-section-press-release-1.jpg.webp\" data-object-fit=\"cover\" data-srcset=\"https:\/\/cmcelectronics.ca\/wp-content\/smush-webp\/2022\/12\/8.1-CMC_WEB_Top-banners_1920X360_bandeau-section-press-release-1.jpg.webp 1930w, https:\/\/cmcelectronics.ca\/wp-content\/smush-webp\/2022\/12\/8.1-CMC_WEB_Top-banners_1920X360_bandeau-section-press-release-1-300x56.jpg.webp 300w, https:\/\/cmcelectronics.ca\/wp-content\/smush-webp\/2022\/12\/8.1-CMC_WEB_Top-banners_1920X360_bandeau-section-press-release-1-1024x191.jpg.webp 1024w, https:\/\/cmcelectronics.ca\/wp-content\/smush-webp\/2022\/12\/8.1-CMC_WEB_Top-banners_1920X360_bandeau-section-press-release-1-768x143.jpg.webp 768w, https:\/\/cmcelectronics.ca\/wp-content\/smush-webp\/2022\/12\/8.1-CMC_WEB_Top-banners_1920X360_bandeau-section-press-release-1-1536x287.jpg.webp 1536w\" data-sizes=\"(max-width: 1930px) 100vw, 1930px\" src=\"data:image\/svg+xml;base64,PHN2ZyB3aWR0aD0iMSIgaGVpZ2h0PSIxIiB4bWxucz0iaHR0cDovL3d3dy53My5vcmcvMjAwMC9zdmciPjwvc3ZnPg==\" style=\"--smush-placeholder-width: 1930px; --smush-placeholder-aspect-ratio: 1930\/360;\" \/><div class=\"wp-block-cover__inner-container\">\n<h1 class=\"has-white-color has-text-color wp-block-heading\">Nouvelles<\/h1>\n<\/div><\/div>\n\n\n\n<div class=\"wp-block-group alignfull has-padding-y-large has-accent-background-color has-background\"><div class=\"yoast-breadcrumbs alignwide \"><span class=\"breadcrumbs\"><a href=\"https:\/\/cmcelectronics.ca\/fr\/\" class=\"breadcrumbs__element\">Accueil<\/a> <span class=\"breadcrumbs__separator\">\n        <svg class=\"icon icon-breadcrumb__separator\"><use xlink:href=\"#icon-breadcrumb__separator\"><\/use><\/svg>\n    <\/span> <span class=\"breadcrumbs__element breadcrumbs__element-current\">Nouvelles<\/span><\/span><\/div><\/div>\n\n\n\n<h1 class=\"alignwide wp-block-heading\">Bienvenue dans le centre des m\u00e9dias de CMC. D\u00e9couvrez nos derni\u00e8res nouvelles.<\/h1>\n\n\n<div class=\" has-gap-section alignwide alignwide has-gap-section wp-block-acf-archive-listing\" id=\"testimonial-block_4651a839dd891db8e1346208bc128f9e\">\n        <ul class=\"archive-listing__list \">\n                        <li class=\"archive-listing__item\">\n                 <div class=\"actualite-card\">    <div class=\"wp-block-post-image\">\n    <figure class=\"wp-block-post-featured-image\"><img decoding=\"async\" width=\"1568\" height=\"814\" data-src=\"https:\/\/cmcelectronics.ca\/wp-content\/uploads\/2026\/01\/NEW_Fibre-Connector_01_SHADOW.png\" class=\"attachment-post-thumbnail size-post-thumbnail wp-post-image lazyload\" alt=\"\" style=\"--smush-placeholder-width: 1568px; --smush-placeholder-aspect-ratio: 1568\/814;object-fit:cover;\" data-srcset=\"https:\/\/cmcelectronics.ca\/wp-content\/uploads\/2026\/01\/NEW_Fibre-Connector_01_SHADOW.png 1568w, https:\/\/cmcelectronics.ca\/wp-content\/smush-webp\/2026\/01\/NEW_Fibre-Connector_01_SHADOW-300x156.png.webp 300w, https:\/\/cmcelectronics.ca\/wp-content\/smush-webp\/2026\/01\/NEW_Fibre-Connector_01_SHADOW-1024x532.png.webp 1024w, https:\/\/cmcelectronics.ca\/wp-content\/smush-webp\/2026\/01\/NEW_Fibre-Connector_01_SHADOW-768x399.png.webp 768w, https:\/\/cmcelectronics.ca\/wp-content\/smush-webp\/2026\/01\/NEW_Fibre-Connector_01_SHADOW-1536x797.png.webp 1536w\" data-sizes=\"(max-width: 1568px) 100vw, 1568px\" src=\"data:image\/svg+xml;base64,PHN2ZyB3aWR0aD0iMSIgaGVpZ2h0PSIxIiB4bWxucz0iaHR0cDovL3d3dy53My5vcmcvMjAwMC9zdmciPjwvc3ZnPg==\" \/><\/figure>\n    <\/div>\n    <div class=\"wp-block-post-content\">\n        <div class=\"wp-block-post-date\"><time datetime=\"2026-01-14T10:18:23-05:00\">14 janvier 2026<\/time><\/div>\n        <h2 class=\"wp-block-post-title\">Nouvelle gamme commerciale (COTS) de photodiodes \u00e0 avalanche (APD) InGaAs \u00e0 gain \u00e9lev\u00e9 et faible bruit avec connecteur pigtail.<\/h2>\n        <div class=\"wp-block-post-excerpt\"><p class=\"wp-block-post-excerpt__excerpt\">Cette gamme de produits est con\u00e7ue pour prendre en charge des applications critiques dans les domaines de la d\u00e9tection, de la d\u00e9fense et des communications. La gamme de photodiodes \u00e0 avalanche InGaAs \u00e0 gain \u00e9lev\u00e9 et faible bruit avec connecteur pigtail de la s\u00e9rie 767 est con\u00e7ue pour des applications exigeantes telles que : La\u2026 <\/p><\/div>\n        <a aria-label=\"Nouvelle gamme commerciale (COTS) de photodiodes \u00e0 avalanche (APD) InGaAs \u00e0 gain \u00e9lev\u00e9 et faible bruit avec connecteur pigtail.\" class=\"wp-block-read-more\" href=\"https:\/\/cmcelectronics.ca\/fr\/cmc-electronique-a-le-plaisir-de-devoiler-sa-derniere-realisation-dans-le-domaine-de-loptoelectronique-la-gamme-commerciale-cots-de-photodiodes-a-avalanche-apd-ingaas-a-gain-eleve-et-faible-br\/\" target=\"_self\">En savoir plus<span class=\"screen-reader-text\">\u00a0: Nouvelle gamme commerciale (COTS) de photodiodes \u00e0 avalanche (APD) InGaAs \u00e0 gain \u00e9lev\u00e9 et faible bruit avec connecteur pigtail.<\/span><\/a>\n    <\/div><\/div>            <\/li>\n                        <li class=\"archive-listing__item\">\n                 <div class=\"actualite-card\">    <div class=\"wp-block-post-image\">\n    <figure class=\"wp-block-post-featured-image\"><img decoding=\"async\" width=\"2400\" height=\"1500\" data-src=\"https:\/\/cmcelectronics.ca\/wp-content\/uploads\/2025\/01\/CMC-GNSS-LP-Hero-4.png\" class=\"attachment-post-thumbnail size-post-thumbnail wp-post-image lazyload\" alt=\"\" style=\"--smush-placeholder-width: 2400px; --smush-placeholder-aspect-ratio: 2400\/1500;object-fit:cover;\" data-srcset=\"https:\/\/cmcelectronics.ca\/wp-content\/uploads\/2025\/01\/CMC-GNSS-LP-Hero-4.png 2400w, https:\/\/cmcelectronics.ca\/wp-content\/smush-webp\/2025\/01\/CMC-GNSS-LP-Hero-4-300x188.png.webp 300w, https:\/\/cmcelectronics.ca\/wp-content\/smush-webp\/2025\/01\/CMC-GNSS-LP-Hero-4-1024x640.png.webp 1024w, https:\/\/cmcelectronics.ca\/wp-content\/smush-webp\/2025\/01\/CMC-GNSS-LP-Hero-4-768x480.png.webp 768w, https:\/\/cmcelectronics.ca\/wp-content\/smush-webp\/2025\/01\/CMC-GNSS-LP-Hero-4-1536x960.png.webp 1536w, https:\/\/cmcelectronics.ca\/wp-content\/smush-webp\/2025\/01\/CMC-GNSS-LP-Hero-4-2048x1280.png.webp 2048w\" data-sizes=\"(max-width: 2400px) 100vw, 2400px\" src=\"data:image\/svg+xml;base64,PHN2ZyB3aWR0aD0iMSIgaGVpZ2h0PSIxIiB4bWxucz0iaHR0cDovL3d3dy53My5vcmcvMjAwMC9zdmciPjwvc3ZnPg==\" \/><\/figure>\n    <\/div>\n    <div class=\"wp-block-post-content\">\n        <div class=\"wp-block-post-date\"><time datetime=\"2025-10-01T13:57:17-04:00\">1 octobre 2025<\/time><\/div>\n        <h2 class=\"wp-block-post-title\">CMC Electronics et \u00c9TS cr\u00e9ent une chaire de recherche majeure en r\u00e9silience GNSS et navigation<\/h2>\n        <div class=\"wp-block-post-excerpt\"><p class=\"wp-block-post-excerpt__excerpt\">CMC Electronics se f\u00e9licite du partenariat nou\u00e9 avec l&rsquo;\u00c9cole de Technologie Sup\u00e9rieure (\u00c9TS) pour cr\u00e9er la chaire de recherche industrielle en r\u00e9silience GNSS et navigation CMC Electronics. Cette chaire de cinq ans, \u00e9valu\u00e9e \u00e0 plus de 6&nbsp;millions&nbsp;USD, associe l&rsquo;expertise de classe mondiale de CMC en avionique, avec \u00e0 sa t\u00eate le docteur John Studenny, expert\u2026 <\/p><\/div>\n        <a aria-label=\"CMC Electronics et \u00c9TS cr\u00e9ent une chaire de recherche majeure en r\u00e9silience GNSS et navigation\" class=\"wp-block-read-more\" href=\"https:\/\/cmcelectronics.ca\/fr\/cmc-electronics-et-ets-creent-une-chaire-de-recherche-majeure-en-resilience-gnss-et-navigation\/\" target=\"_self\">En savoir plus<span class=\"screen-reader-text\">\u00a0: CMC Electronics et \u00c9TS cr\u00e9ent une chaire de recherche majeure en r\u00e9silience GNSS et navigation<\/span><\/a>\n    <\/div><\/div>            <\/li>\n                        <li class=\"archive-listing__item\">\n                 <div class=\"actualite-card\">    <div class=\"wp-block-post-image\">\n    <figure class=\"wp-block-post-featured-image\"><img decoding=\"async\" width=\"2400\" height=\"1500\" data-src=\"https:\/\/cmcelectronics.ca\/wp-content\/uploads\/2025\/11\/CMC-Electronics-Hero-Image-Optoelectronics-1.png\" class=\"attachment-post-thumbnail size-post-thumbnail wp-post-image lazyload\" alt=\"\" style=\"--smush-placeholder-width: 2400px; --smush-placeholder-aspect-ratio: 2400\/1500;object-fit:cover;\" data-srcset=\"https:\/\/cmcelectronics.ca\/wp-content\/uploads\/2025\/11\/CMC-Electronics-Hero-Image-Optoelectronics-1.png 2400w, https:\/\/cmcelectronics.ca\/wp-content\/smush-webp\/2025\/11\/CMC-Electronics-Hero-Image-Optoelectronics-1-300x188.png.webp 300w, https:\/\/cmcelectronics.ca\/wp-content\/smush-webp\/2025\/11\/CMC-Electronics-Hero-Image-Optoelectronics-1-1024x640.png.webp 1024w, https:\/\/cmcelectronics.ca\/wp-content\/smush-webp\/2025\/11\/CMC-Electronics-Hero-Image-Optoelectronics-1-768x480.png.webp 768w, https:\/\/cmcelectronics.ca\/wp-content\/smush-webp\/2025\/11\/CMC-Electronics-Hero-Image-Optoelectronics-1-1536x960.png.webp 1536w, https:\/\/cmcelectronics.ca\/wp-content\/smush-webp\/2025\/11\/CMC-Electronics-Hero-Image-Optoelectronics-1-2048x1280.png.webp 2048w\" data-sizes=\"(max-width: 2400px) 100vw, 2400px\" src=\"data:image\/svg+xml;base64,PHN2ZyB3aWR0aD0iMSIgaGVpZ2h0PSIxIiB4bWxucz0iaHR0cDovL3d3dy53My5vcmcvMjAwMC9zdmciPjwvc3ZnPg==\" \/><\/figure>\n    <\/div>\n    <div class=\"wp-block-post-content\">\n        <div class=\"wp-block-post-date\"><time datetime=\"2025-09-25T13:30:09-04:00\">25 septembre 2025<\/time><\/div>\n        <h2 class=\"wp-block-post-title\">CMC \u00c9lectronique \u00e9largit sa gamme de produits opto\u00e9lectroniques pour r\u00e9cepteurs hybrides InGaAs.<\/h2>\n        <div class=\"wp-block-post-excerpt\"><p class=\"wp-block-post-excerpt__excerpt\">CMC Electronics, un fournisseur de premier plan dans le domaine de l&rsquo;a\u00e9rospatiale qui a fait ses preuves en mati\u00e8re de performances MIL-PRF et de fiabilit\u00e9, \u00e9largit ses capacit\u00e9s opto\u00e9lectroniques en annon\u00e7ant l&rsquo;extension de ses gammes de d\u00e9tecteurs InGaAs et de ses capacit\u00e9s afin d&rsquo;acc\u00e9l\u00e9rer le prototypage et la mont\u00e9e en puissance pour les int\u00e9grateurs de\u2026 <\/p><\/div>\n        <a aria-label=\"CMC \u00c9lectronique \u00e9largit sa gamme de produits opto\u00e9lectroniques pour r\u00e9cepteurs hybrides InGaAs.\" class=\"wp-block-read-more\" href=\"https:\/\/cmcelectronics.ca\/fr\/cmc-electronique-elargit-sa-gamme-de-produits-optoelectroniques-pour-recepteurs-hybrides-ingaas\/\" target=\"_self\">En savoir plus<span class=\"screen-reader-text\">\u00a0: CMC \u00c9lectronique \u00e9largit sa gamme de produits opto\u00e9lectroniques pour r\u00e9cepteurs hybrides InGaAs.<\/span><\/a>\n    <\/div><\/div>            <\/li>\n                    <\/ul>\n                <div class=\"archive-listing__pagination\">\n        <nav class=\"wp-block-query-pagination\" aria-label=\"Pagination\">\n        <div class=\"query-pagination\">\n                <div class=\"wp-block-query-pagination-numbers\">\n                    <span aria-current=\"page\" class=\"page-numbers current\">1<\/span>                        <a class=\"page-numbers\" href=\"https:\/\/cmcelectronics.ca\/fr\/wp-json\/wp\/v2\/pages\/18\/page\/2\/\">2<\/a>                        <span class=\"page-numbers dots\">\u2026<\/span>                        <a class=\"page-numbers\" href=\"https:\/\/cmcelectronics.ca\/fr\/wp-json\/wp\/v2\/pages\/18\/page\/4\/\">4<\/a>                        <a class=\"page-numbers\" href=\"https:\/\/cmcelectronics.ca\/fr\/wp-json\/wp\/v2\/pages\/18\/page\/5\/\">5<\/a>                <\/div>\n        <a class=\"next wp-block-query-pagination-next  page-numbers\" href=\"https:\/\/cmcelectronics.ca\/fr\/wp-json\/wp\/v2\/pages\/18\/page\/2\/\"><span class=\"wp-block-query-pagination__label\">Pr\u00e9c\u00e9dent<\/span><svg class=\"icon icon-next\"><use xlink:href=\"#icon-next\"><\/use><\/svg><\/a><\/div>\n<\/div>\n","protected":false},"excerpt":{"rendered":"<p>Bienvenue dans le centre des m\u00e9dias de CMC. D\u00e9couvrez nos derni\u00e8res nouvelles.<\/p>\n","protected":false},"author":1,"featured_media":0,"parent":0,"menu_order":0,"comment_status":"closed","ping_status":"closed","template":"","meta":{"_acf_changed":false,"_gspb_post_css":"","_crdt_document":"","content-type":"","inline_featured_image":false,"footnotes":""},"class_list":["post-18","page","type-page","status-publish","hentry"],"acf":[],"yoast_head":"<!-- This site is optimized with the Yoast SEO plugin v27.0 - https:\/\/yoast.com\/product\/yoast-seo-wordpress\/ -->\n<title>Nouvelles - CMC \u00c9lectronique<\/title>\n<meta name=\"robots\" content=\"index, follow, max-snippet:-1, max-image-preview:large, max-video-preview:-1\" \/>\n<link rel=\"canonical\" href=\"https:\/\/cmcelectronics.ca\/fr\/news\/\" \/>\n<meta property=\"og:locale\" content=\"fr_FR\" \/>\n<meta property=\"og:type\" content=\"article\" \/>\n<meta property=\"og:title\" content=\"Nouvelles - CMC \u00c9lectronique\" \/>\n<meta property=\"og:description\" content=\"Bienvenue dans le centre des m\u00e9dias de CMC. D\u00e9couvrez nos derni\u00e8res nouvelles.\" \/>\n<meta property=\"og:url\" content=\"https:\/\/cmcelectronics.ca\/fr\/news\/\" \/>\n<meta property=\"og:site_name\" content=\"CMC \u00c9lectronique\" \/>\n<meta property=\"article:modified_time\" content=\"2022-12-02T18:25:07+00:00\" \/>\n<meta property=\"og:image\" content=\"https:\/\/cmcelectronics.ca\/wp-content\/uploads\/2022\/12\/8.1-CMC_WEB_Top-banners_1920X360_bandeau-section-press-release-1.jpg\" \/>\n<meta name=\"twitter:card\" content=\"summary_large_image\" \/>\n<meta name=\"twitter:label1\" content=\"Dur\u00e9e de lecture estim\u00e9e\" \/>\n\t<meta name=\"twitter:data1\" content=\"1 minute\" \/>\n<script type=\"application\/ld+json\" class=\"yoast-schema-graph\">{\"@context\":\"https:\/\/schema.org\",\"@graph\":[{\"@type\":\"WebPage\",\"@id\":\"https:\/\/cmcelectronics.ca\/fr\/news\/\",\"url\":\"https:\/\/cmcelectronics.ca\/fr\/news\/\",\"name\":\"Nouvelles - CMC \u00c9lectronique\",\"isPartOf\":{\"@id\":\"https:\/\/cmcelectronics.ca\/fr\/#website\"},\"primaryImageOfPage\":{\"@id\":\"https:\/\/cmcelectronics.ca\/fr\/news\/#primaryimage\"},\"image\":{\"@id\":\"https:\/\/cmcelectronics.ca\/fr\/news\/#primaryimage\"},\"thumbnailUrl\":\"https:\/\/cmcelectronics.ca\/wp-content\/uploads\/2022\/12\/8.1-CMC_WEB_Top-banners_1920X360_bandeau-section-press-release-1.jpg\",\"datePublished\":\"2022-08-23T21:56:37+00:00\",\"dateModified\":\"2022-12-02T18:25:07+00:00\",\"breadcrumb\":{\"@id\":\"https:\/\/cmcelectronics.ca\/fr\/news\/#breadcrumb\"},\"inLanguage\":\"fr-FR\",\"potentialAction\":[{\"@type\":\"ReadAction\",\"target\":[\"https:\/\/cmcelectronics.ca\/fr\/news\/\"]}]},{\"@type\":\"ImageObject\",\"inLanguage\":\"fr-FR\",\"@id\":\"https:\/\/cmcelectronics.ca\/fr\/news\/#primaryimage\",\"url\":\"https:\/\/cmcelectronics.ca\/wp-content\/uploads\/2022\/12\/8.1-CMC_WEB_Top-banners_1920X360_bandeau-section-press-release-1.jpg\",\"contentUrl\":\"https:\/\/cmcelectronics.ca\/wp-content\/uploads\/2022\/12\/8.1-CMC_WEB_Top-banners_1920X360_bandeau-section-press-release-1.jpg\"},{\"@type\":\"BreadcrumbList\",\"@id\":\"https:\/\/cmcelectronics.ca\/fr\/news\/#breadcrumb\",\"itemListElement\":[{\"@type\":\"ListItem\",\"position\":1,\"name\":\"Accueil\",\"item\":\"https:\/\/cmcelectronics.ca\/fr\/\"},{\"@type\":\"ListItem\",\"position\":2,\"name\":\"Nouvelles\"}]},{\"@type\":\"WebSite\",\"@id\":\"https:\/\/cmcelectronics.ca\/fr\/#website\",\"url\":\"https:\/\/cmcelectronics.ca\/fr\/\",\"name\":\"CMC \u00c9lectronique\",\"description\":\"\",\"publisher\":{\"@id\":\"https:\/\/cmcelectronics.ca\/fr\/#organization\"},\"potentialAction\":[{\"@type\":\"SearchAction\",\"target\":{\"@type\":\"EntryPoint\",\"urlTemplate\":\"https:\/\/cmcelectronics.ca\/fr\/?s={search_term_string}\"},\"query-input\":{\"@type\":\"PropertyValueSpecification\",\"valueRequired\":true,\"valueName\":\"search_term_string\"}}],\"inLanguage\":\"fr-FR\"},{\"@type\":\"Organization\",\"@id\":\"https:\/\/cmcelectronics.ca\/fr\/#organization\",\"name\":\"CMC \u00c9lectronique\",\"url\":\"https:\/\/cmcelectronics.ca\/fr\/\",\"logo\":{\"@type\":\"ImageObject\",\"inLanguage\":\"fr-FR\",\"@id\":\"https:\/\/cmcelectronics.ca\/fr\/#\/schema\/logo\/image\/\",\"url\":\"https:\/\/cmcelectronics.ca\/wp-content\/uploads\/2022\/08\/logo-CMC_black.svg\",\"contentUrl\":\"https:\/\/cmcelectronics.ca\/wp-content\/uploads\/2022\/08\/logo-CMC_black.svg\",\"width\":180,\"height\":57,\"caption\":\"CMC \u00c9lectronique\"},\"image\":{\"@id\":\"https:\/\/cmcelectronics.ca\/fr\/#\/schema\/logo\/image\/\"},\"sameAs\":[\"https:\/\/www.linkedin.com\/company\/cmc-electronics\"]}]}<\/script>\n<!-- \/ Yoast SEO plugin. -->","yoast_head_json":{"title":"Nouvelles - CMC \u00c9lectronique","robots":{"index":"index","follow":"follow","max-snippet":"max-snippet:-1","max-image-preview":"max-image-preview:large","max-video-preview":"max-video-preview:-1"},"canonical":"https:\/\/cmcelectronics.ca\/fr\/news\/","og_locale":"fr_FR","og_type":"article","og_title":"Nouvelles - CMC \u00c9lectronique","og_description":"Bienvenue dans le centre des m\u00e9dias de CMC. D\u00e9couvrez nos derni\u00e8res nouvelles.","og_url":"https:\/\/cmcelectronics.ca\/fr\/news\/","og_site_name":"CMC \u00c9lectronique","article_modified_time":"2022-12-02T18:25:07+00:00","og_image":[{"url":"https:\/\/cmcelectronics.ca\/wp-content\/uploads\/2022\/12\/8.1-CMC_WEB_Top-banners_1920X360_bandeau-section-press-release-1.jpg","type":"","width":"","height":""}],"twitter_card":"summary_large_image","twitter_misc":{"Dur\u00e9e de lecture estim\u00e9e":"1 minute"},"schema":{"@context":"https:\/\/schema.org","@graph":[{"@type":"WebPage","@id":"https:\/\/cmcelectronics.ca\/fr\/news\/","url":"https:\/\/cmcelectronics.ca\/fr\/news\/","name":"Nouvelles - CMC \u00c9lectronique","isPartOf":{"@id":"https:\/\/cmcelectronics.ca\/fr\/#website"},"primaryImageOfPage":{"@id":"https:\/\/cmcelectronics.ca\/fr\/news\/#primaryimage"},"image":{"@id":"https:\/\/cmcelectronics.ca\/fr\/news\/#primaryimage"},"thumbnailUrl":"https:\/\/cmcelectronics.ca\/wp-content\/uploads\/2022\/12\/8.1-CMC_WEB_Top-banners_1920X360_bandeau-section-press-release-1.jpg","datePublished":"2022-08-23T21:56:37+00:00","dateModified":"2022-12-02T18:25:07+00:00","breadcrumb":{"@id":"https:\/\/cmcelectronics.ca\/fr\/news\/#breadcrumb"},"inLanguage":"fr-FR","potentialAction":[{"@type":"ReadAction","target":["https:\/\/cmcelectronics.ca\/fr\/news\/"]}]},{"@type":"ImageObject","inLanguage":"fr-FR","@id":"https:\/\/cmcelectronics.ca\/fr\/news\/#primaryimage","url":"https:\/\/cmcelectronics.ca\/wp-content\/uploads\/2022\/12\/8.1-CMC_WEB_Top-banners_1920X360_bandeau-section-press-release-1.jpg","contentUrl":"https:\/\/cmcelectronics.ca\/wp-content\/uploads\/2022\/12\/8.1-CMC_WEB_Top-banners_1920X360_bandeau-section-press-release-1.jpg"},{"@type":"BreadcrumbList","@id":"https:\/\/cmcelectronics.ca\/fr\/news\/#breadcrumb","itemListElement":[{"@type":"ListItem","position":1,"name":"Accueil","item":"https:\/\/cmcelectronics.ca\/fr\/"},{"@type":"ListItem","position":2,"name":"Nouvelles"}]},{"@type":"WebSite","@id":"https:\/\/cmcelectronics.ca\/fr\/#website","url":"https:\/\/cmcelectronics.ca\/fr\/","name":"CMC \u00c9lectronique","description":"","publisher":{"@id":"https:\/\/cmcelectronics.ca\/fr\/#organization"},"potentialAction":[{"@type":"SearchAction","target":{"@type":"EntryPoint","urlTemplate":"https:\/\/cmcelectronics.ca\/fr\/?s={search_term_string}"},"query-input":{"@type":"PropertyValueSpecification","valueRequired":true,"valueName":"search_term_string"}}],"inLanguage":"fr-FR"},{"@type":"Organization","@id":"https:\/\/cmcelectronics.ca\/fr\/#organization","name":"CMC \u00c9lectronique","url":"https:\/\/cmcelectronics.ca\/fr\/","logo":{"@type":"ImageObject","inLanguage":"fr-FR","@id":"https:\/\/cmcelectronics.ca\/fr\/#\/schema\/logo\/image\/","url":"https:\/\/cmcelectronics.ca\/wp-content\/uploads\/2022\/08\/logo-CMC_black.svg","contentUrl":"https:\/\/cmcelectronics.ca\/wp-content\/uploads\/2022\/08\/logo-CMC_black.svg","width":180,"height":57,"caption":"CMC \u00c9lectronique"},"image":{"@id":"https:\/\/cmcelectronics.ca\/fr\/#\/schema\/logo\/image\/"},"sameAs":["https:\/\/www.linkedin.com\/company\/cmc-electronics"]}]}},"_links":{"self":[{"href":"https:\/\/cmcelectronics.ca\/fr\/wp-json\/wp\/v2\/pages\/18","targetHints":{"allow":["GET"]}}],"collection":[{"href":"https:\/\/cmcelectronics.ca\/fr\/wp-json\/wp\/v2\/pages"}],"about":[{"href":"https:\/\/cmcelectronics.ca\/fr\/wp-json\/wp\/v2\/types\/page"}],"author":[{"embeddable":true,"href":"https:\/\/cmcelectronics.ca\/fr\/wp-json\/wp\/v2\/users\/1"}],"replies":[{"embeddable":true,"href":"https:\/\/cmcelectronics.ca\/fr\/wp-json\/wp\/v2\/comments?post=18"}],"version-history":[{"count":0,"href":"https:\/\/cmcelectronics.ca\/fr\/wp-json\/wp\/v2\/pages\/18\/revisions"}],"wp:attachment":[{"href":"https:\/\/cmcelectronics.ca\/fr\/wp-json\/wp\/v2\/media?parent=18"}],"curies":[{"name":"wp","href":"https:\/\/api.w.org\/{rel}","templated":true}]}}