{"id":1800,"date":"2022-08-23T19:23:33","date_gmt":"2022-08-23T23:23:33","guid":{"rendered":"https:\/\/cmcelectronics.ca\/soutien-a-la-clientele\/quality-certificates\/"},"modified":"2026-03-16T15:53:59","modified_gmt":"2026-03-16T19:53:59","slug":"systeme-de-qualite","status":"publish","type":"page","link":"https:\/\/cmcelectronics.ca\/fr\/soutien-a-la-clientele\/systeme-de-qualite\/","title":{"rendered":"Syst\u00e8me de qualit\u00e9"},"content":{"rendered":"\n<div class=\"wp-block-cover alignfull is-light is-style-title-banner\"><img decoding=\"async\" class=\"wp-block-cover__image-background wp-image-2280 lazyload\" alt=\"\" data-src=\"https:\/\/cmcelectronics.ca\/wp-content\/uploads\/2022\/12\/6.0-CMC-WEB_Top-banners_1920x360-customer-support-9.jpg\" data-object-fit=\"cover\" src=\"data:image\/svg+xml;base64,PHN2ZyB3aWR0aD0iMSIgaGVpZ2h0PSIxIiB4bWxucz0iaHR0cDovL3d3dy53My5vcmcvMjAwMC9zdmciPjwvc3ZnPg==\" style=\"--smush-placeholder-width: 1930px; --smush-placeholder-aspect-ratio: 1930\/360;\" \/><span aria-hidden=\"true\" class=\"wp-block-cover__background has-background-dim\"><\/span><div class=\"wp-block-cover__inner-container\">\n<h2 class=\"wp-block-heading has-text-align-center wp-block-post-title\" id=\"soutien-a-la-clientele\">Soutien \u00e0 la client\u00e8le<\/h2>\n<\/div><\/div>\n\n\n\n<div class=\"wp-block-group alignfull has-padding-y-large has-accent-background-color has-background\"><div class=\"yoast-breadcrumbs alignwide \"><span class=\"breadcrumbs\"><a href=\"https:\/\/cmcelectronics.ca\/fr\/\" class=\"breadcrumbs__element\">Accueil<\/a> <span class=\"breadcrumbs__separator\">\n        <svg class=\"icon icon-breadcrumb__separator\"><use xlink:href=\"#icon-breadcrumb__separator\"><\/use><\/svg>\n    <\/span> <a href=\"https:\/\/cmcelectronics.ca\/fr\/soutien-a-la-clientele\/\" class=\"breadcrumbs__element\">Soutien \u00e0 la client\u00e8le<\/a> <span class=\"breadcrumbs__separator\">\n        <svg class=\"icon icon-breadcrumb__separator\"><use xlink:href=\"#icon-breadcrumb__separator\"><\/use><\/svg>\n    <\/span> <span class=\"breadcrumbs__element breadcrumbs__element-current\">Syst\u00e8me de qualit\u00e9<\/span><\/span><\/div><\/div>\n\n\n\n<h1 id=\"systeme-de-qualite\" class=\"wp-block-heading\">Syst\u00e8me de qualit\u00e9<\/h1>\n\n\n\n<h6 id=\"engage-envers-la-qualite-depuis-plus-d-un-siecle\" class=\"wp-block-heading\">Engag\u00e9 envers la qualit\u00e9 depuis plus d&rsquo;un si\u00e8cle<\/h6>\n\n\n\n\n<p class=\"act-lead wp-block-paragraph\">Chez CMC \u00c9lectronique, nous nous engageons \u00e0 satisfaire ou \u00e0 d\u00e9passer toutes les exigences de nos clients. Notre syst\u00e8me de qualit\u00e9 est bas\u00e9 sur l\u2019am\u00e9lioration continue de nos proc\u00e9d\u00e9s, produits et services.<\/p>\n\n\n\n\n<p class=\"wp-block-paragraph\"><strong><a href=\"https:\/\/cmcelectronics.ca\/wp-content\/uploads\/2026\/02\/91002001_quality-manual-signed.pdf\">T\u00e9l\u00e9chargez notre manuel qualit\u00e9 ici<\/a><\/strong><\/p>\n\n\n\n<p class=\"wp-block-paragraph\"><\/p>\n\n\n\n<h4 id=\"certificats-generaux\" class=\"wp-block-heading\">Certificats g\u00e9n\u00e9raux<\/h4>\n\n\n\n<div class=\"wp-block-group\">\n<ul class=\"wp-block-list\">\n<li><a href=\"https:\/\/cmcelectronics.ca\/wp-content\/uploads\/2024\/08\/FM-63598-001.pdf\">AS9100 &#8211; ISO-9001 (Montr\u00e9al, Qu\u00e9bec)<\/a><\/li>\n\n\n\n<li><a href=\"https:\/\/cmcelectronics.ca\/wp-content\/uploads\/2026\/03\/TCCA-Certificate-3-73-Manufacturing-561.pdf\">Approbation de site manufacturier (CAR561) par Transports Canada <\/a><\/li>\n\n\n\n<li><a href=\"https:\/\/cmcelectronics.ca\/wp-content\/uploads\/2024\/08\/EMS-584897-002.pdf\">ISO14001 &#8211; Syst\u00e8me de gestion  environnementale<\/a><\/li>\n\n\n\n<li><a href=\"https:\/\/cmcelectronics.ca\/wp-content\/uploads\/2023\/01\/Certificate-PIP-Canada-Border-Agency.pdf\">Agence frontali\u00e8re du Canada<\/a><\/li>\n\n\n\n<li><a href=\"https:\/\/cmcelectronics.ca\/wp-content\/uploads\/2025\/04\/Certificate-Nadcap-Aerospace-Electronics-Printed-Board-Assemblies-audit-1.pdf\">NADCAP pour produits \u00e9lectroniques<\/a><\/li>\n\n\n\n<li><a href=\"https:\/\/cmcelectronics.ca\/wp-content\/uploads\/2023\/01\/TCCA-Certificate-DAO-505.pdf\">Organisme d&rsquo;approbation de conception par Transports Canada<\/a><\/li>\n\n\n\n<li><a href=\"https:\/\/cmcelectronics.ca\/wp-content\/uploads\/2023\/02\/MIL-PRF-38534_Certificate_1.pdf\">MIL-PRF-38534 Certification pour microcircuits hybrides<\/a><\/li>\n\n\n\n<li><a href=\"https:\/\/cmcelectronics.ca\/wp-content\/uploads\/2025\/02\/CG10164-Certificat-dinscription.pdf\">Programme des marchandises contr\u00f4l\u00e9es<\/a><\/li>\n<\/ul>\n<\/div>\n\n\n\n<h4 id=\"certificats-de-maintenance-amo\" class=\"wp-block-heading\">Certificats de maintenance (AMO)<\/h4>\n\n\n\n<ul class=\"wp-block-list\">\n<li><a href=\"https:\/\/cmcelectronics.ca\/wp-content\/uploads\/2025\/01\/CMC_AMO_Capabilities_List.pdf\">Liste des capacit\u00e9s de maintenance approuv\u00e9e par Transports Canada <\/a><\/li>\n\n\n\n<li><a href=\"https:\/\/cmcelectronics.ca\/wp-content\/uploads\/2022\/11\/Canada-%E2%80%93-TCCA-CAR-573-Approved-Maintenance-Organization.pdf\">Organisation de maintenance approuv\u00e9e par Transports Canada<\/a><\/li>\n\n\n\n<li><a href=\"https:\/\/cmcelectronics.ca\/wp-content\/uploads\/2023\/01\/mip_can.pdf\">Organisation 3-73 reconnue par la FAA en vertu<\/a><a href=\"https:\/\/cmcelectronics.ca\/wp-content\/uploads\/2023\/01\/TCCA-Certificate-3-73-Manufacturing-561-Certificate-only.pdf\"> de l\u2019entente bilat\u00e9rale avec TCCA<\/a><\/li>\n\n\n\n<li><a href=\"https:\/\/cmcelectronics.ca\/wp-content\/uploads\/2025\/10\/CMC_CAAC_Certification.pdf\">Chine \u2013 Certificat F01100618 de la CAAC CCAR-145R4<\/a><\/li>\n\n\n\n<li><a href=\"https:\/\/cmcelectronics.ca\/wp-content\/uploads\/2023\/01\/Hong-Kong-Civil-Aviation-Dept.pdf\">Hong Kong \u2013  Entente technique de maintenance CAI\/202<\/a><\/li>\n\n\n\n<li><a href=\"https:\/\/cmcelectronics.ca\/wp-content\/uploads\/2023\/01\/Singapore-CAAS-Acceptance-letter.pdf\">Singapour \u2013 Lettre d&rsquo;acceptation CAAS TCCA 3-73<\/a><\/li>\n\n\n\n<li><a href=\"https:\/\/cmcelectronics.ca\/wp-content\/uploads\/2026\/03\/CMC_JCAB_Approval_Letter.pdf\">Japon &#8211; Entente technique de maintenance (TA-M) JCAB\/TCCA<\/a><\/li>\n<\/ul>\n\n\n\n<h4 id=\"certificats-pour-bases-de-donnees-de-navigation-do-200\" class=\"wp-block-heading\">Certificats pour bases de donn\u00e9es de navigation (DO-200)<\/h4>\n\n\n\n<ul class=\"wp-block-list\">\n<li><a href=\"https:\/\/cmcelectronics.ca\/wp-content\/uploads\/2026\/03\/AOA.DAT_.028_CERT_20260225_2210325_signed.pdf\">Europe &#8211; Certificat DAT Type 2 de l&rsquo;EASA <\/a><\/li>\n\n\n\n<li><a href=\"https:\/\/cmcelectronics.ca\/wp-content\/uploads\/2025\/07\/letter-of-TCCA-recognition-of-aeronautical-database-process-DO-200B.pdf\">TCCA Type 2 LoA Aeronautical Data Process <\/a><\/li>\n<\/ul>\n\n\n\n<p class=\"wp-block-paragraph\"><div style=\"text-indent: -20px;\"><span style=\"white-space: normal;\"><\/span><\/div><\/p>\n\n\n\n<h4 id=\"site-de-sugar-grove-illinois\" class=\"wp-block-heading\">Site de Sugar Grove, Illinois<\/h4>\n\n\n\n<ul class=\"wp-block-list\">\n<li><a href=\"https:\/\/cmcelectronics.ca\/wp-content\/uploads\/2023\/01\/Certificate-AS9100-ISO-9001-SG.pdf\">AS9100-ISO-9001 (Sugar Grove, Illinois)<\/a><\/li>\n\n\n\n<li><a href=\"https:\/\/cmcelectronics.ca\/wp-content\/uploads\/2023\/01\/FAA-certificate-Repair-station-Sugar-Grove.pdf\">USA-FAA Air Agency | Repair Station<\/a><\/li>\n<\/ul>\n\n\n\n<h6 id=\"exigences-des-fournisseurs\" class=\"wp-block-heading\">Exigences des fournisseurs<\/h6>\n\n\n\n<ul class=\"wp-block-list\">\n<li><a href=\"https:\/\/cmcelectronics.ca\/wp-content\/uploads\/2024\/01\/Clauses-Qualite-2024.pdf\">Clauses qualit\u00e9<\/a><\/li>\n\n\n\n<li><a href=\"https:\/\/cmcelectronics.ca\/wp-content\/uploads\/2024\/01\/Standard-TC-Canadian_en_-1-1.pdf\">Conditions g\u00e9n\u00e9rales d&rsquo;achat standard &#8211; Canada<\/a><\/li>\n\n\n\n<li><a href=\"https:\/\/cmcelectronics.ca\/wp-content\/uploads\/2022\/12\/Standard-TC-American_Rev14_20220930-1.pdf\">Conditions g\u00e9n\u00e9rales d&rsquo;achat standard &#8211; \u00c9tats-Unis<\/a><\/li>\n\n\n\n<li><a href=\"https:\/\/cmcelectronics.ca\/wp-content\/uploads\/2024\/01\/Drop_Shipment_Supplier_Inspection_Checklist__ref._9504-0630__v._3.0-1.docx\">Drop Shipment Supplier Inspection List<\/a><\/li>\n\n\n\n<li><a href=\"https:\/\/cmcelectronics.ca\/wp-content\/uploads\/2024\/07\/CG-001-Code-de-conduite-professionnelle-et-dethique.pdf\">Code de conduite professionnelle et d&rsquo;\u00e9thique<\/a><\/li>\n<\/ul>\n","protected":false},"excerpt":{"rendered":"<p>Syst\u00e8me de qualit\u00e9 Engag\u00e9 envers la qualit\u00e9 depuis plus d&rsquo;un si\u00e8cle T\u00e9l\u00e9chargez notre manuel qualit\u00e9 ici Certificats g\u00e9n\u00e9raux Certificats de maintenance (AMO) Certificats pour bases de donn\u00e9es de navigation (DO-200) Site de Sugar Grove, Illinois Exigences des fournisseurs<\/p>\n","protected":false},"author":1,"featured_media":0,"parent":1784,"menu_order":0,"comment_status":"closed","ping_status":"closed","template":"","meta":{"_acf_changed":false,"_gspb_post_css":"","_crdt_document":"","content-type":"","inline_featured_image":false,"footnotes":""},"class_list":["post-1800","page","type-page","status-publish","hentry"],"acf":[],"yoast_head":"<!-- This site is optimized with the Yoast SEO plugin v27.0 - https:\/\/yoast.com\/product\/yoast-seo-wordpress\/ -->\n<title>Syst\u00e8me de qualit\u00e9 - CMC \u00c9lectronique<\/title>\n<meta name=\"robots\" content=\"index, follow, max-snippet:-1, max-image-preview:large, max-video-preview:-1\" \/>\n<link rel=\"canonical\" href=\"https:\/\/cmcelectronics.ca\/fr\/soutien-a-la-clientele\/systeme-de-qualite\/\" \/>\n<meta property=\"og:locale\" content=\"fr_FR\" \/>\n<meta property=\"og:type\" content=\"article\" \/>\n<meta property=\"og:title\" content=\"Syst\u00e8me de qualit\u00e9 - CMC \u00c9lectronique\" \/>\n<meta property=\"og:description\" content=\"Syst\u00e8me de qualit\u00e9 Engag\u00e9 envers la qualit\u00e9 depuis plus d&rsquo;un si\u00e8cle T\u00e9l\u00e9chargez notre manuel qualit\u00e9 ici Certificats g\u00e9n\u00e9raux Certificats de maintenance (AMO) Certificats pour bases de donn\u00e9es de navigation (DO-200) Site de Sugar Grove, Illinois Exigences des fournisseurs\" \/>\n<meta property=\"og:url\" content=\"https:\/\/cmcelectronics.ca\/fr\/soutien-a-la-clientele\/systeme-de-qualite\/\" \/>\n<meta property=\"og:site_name\" content=\"CMC \u00c9lectronique\" \/>\n<meta property=\"article:modified_time\" content=\"2026-03-16T19:53:59+00:00\" \/>\n<meta name=\"twitter:card\" content=\"summary_large_image\" \/>\n<meta name=\"twitter:label1\" content=\"Dur\u00e9e de lecture estim\u00e9e\" \/>\n\t<meta name=\"twitter:data1\" content=\"2 minutes\" \/>\n<script type=\"application\/ld+json\" class=\"yoast-schema-graph\">{\"@context\":\"https:\/\/schema.org\",\"@graph\":[{\"@type\":\"WebPage\",\"@id\":\"https:\/\/cmcelectronics.ca\/fr\/soutien-a-la-clientele\/systeme-de-qualite\/\",\"url\":\"https:\/\/cmcelectronics.ca\/fr\/soutien-a-la-clientele\/systeme-de-qualite\/\",\"name\":\"Syst\u00e8me de qualit\u00e9 - CMC \u00c9lectronique\",\"isPartOf\":{\"@id\":\"https:\/\/cmcelectronics.ca\/fr\/#website\"},\"primaryImageOfPage\":{\"@id\":\"https:\/\/cmcelectronics.ca\/fr\/soutien-a-la-clientele\/systeme-de-qualite\/#primaryimage\"},\"image\":{\"@id\":\"https:\/\/cmcelectronics.ca\/fr\/soutien-a-la-clientele\/systeme-de-qualite\/#primaryimage\"},\"thumbnailUrl\":\"https:\/\/cmcelectronics.ca\/wp-content\/uploads\/2022\/12\/6.0-CMC-WEB_Top-banners_1920x360-customer-support-9.jpg\",\"datePublished\":\"2022-08-23T23:23:33+00:00\",\"dateModified\":\"2026-03-16T19:53:59+00:00\",\"breadcrumb\":{\"@id\":\"https:\/\/cmcelectronics.ca\/fr\/soutien-a-la-clientele\/systeme-de-qualite\/#breadcrumb\"},\"inLanguage\":\"fr-FR\",\"potentialAction\":[{\"@type\":\"ReadAction\",\"target\":[\"https:\/\/cmcelectronics.ca\/fr\/soutien-a-la-clientele\/systeme-de-qualite\/\"]}]},{\"@type\":\"ImageObject\",\"inLanguage\":\"fr-FR\",\"@id\":\"https:\/\/cmcelectronics.ca\/fr\/soutien-a-la-clientele\/systeme-de-qualite\/#primaryimage\",\"url\":\"https:\/\/cmcelectronics.ca\/wp-content\/uploads\/2022\/12\/6.0-CMC-WEB_Top-banners_1920x360-customer-support-9.jpg\",\"contentUrl\":\"https:\/\/cmcelectronics.ca\/wp-content\/uploads\/2022\/12\/6.0-CMC-WEB_Top-banners_1920x360-customer-support-9.jpg\"},{\"@type\":\"BreadcrumbList\",\"@id\":\"https:\/\/cmcelectronics.ca\/fr\/soutien-a-la-clientele\/systeme-de-qualite\/#breadcrumb\",\"itemListElement\":[{\"@type\":\"ListItem\",\"position\":1,\"name\":\"Accueil\",\"item\":\"https:\/\/cmcelectronics.ca\/fr\/\"},{\"@type\":\"ListItem\",\"position\":2,\"name\":\"Soutien \u00e0 la client\u00e8le\",\"item\":\"https:\/\/cmcelectronics.ca\/fr\/soutien-a-la-clientele\/\"},{\"@type\":\"ListItem\",\"position\":3,\"name\":\"Syst\u00e8me de qualit\u00e9\"}]},{\"@type\":\"WebSite\",\"@id\":\"https:\/\/cmcelectronics.ca\/fr\/#website\",\"url\":\"https:\/\/cmcelectronics.ca\/fr\/\",\"name\":\"CMC \u00c9lectronique\",\"description\":\"\",\"publisher\":{\"@id\":\"https:\/\/cmcelectronics.ca\/fr\/#organization\"},\"potentialAction\":[{\"@type\":\"SearchAction\",\"target\":{\"@type\":\"EntryPoint\",\"urlTemplate\":\"https:\/\/cmcelectronics.ca\/fr\/?s={search_term_string}\"},\"query-input\":{\"@type\":\"PropertyValueSpecification\",\"valueRequired\":true,\"valueName\":\"search_term_string\"}}],\"inLanguage\":\"fr-FR\"},{\"@type\":\"Organization\",\"@id\":\"https:\/\/cmcelectronics.ca\/fr\/#organization\",\"name\":\"CMC \u00c9lectronique\",\"url\":\"https:\/\/cmcelectronics.ca\/fr\/\",\"logo\":{\"@type\":\"ImageObject\",\"inLanguage\":\"fr-FR\",\"@id\":\"https:\/\/cmcelectronics.ca\/fr\/#\/schema\/logo\/image\/\",\"url\":\"https:\/\/cmcelectronics.ca\/wp-content\/uploads\/2022\/08\/logo-CMC_black.svg\",\"contentUrl\":\"https:\/\/cmcelectronics.ca\/wp-content\/uploads\/2022\/08\/logo-CMC_black.svg\",\"width\":180,\"height\":57,\"caption\":\"CMC \u00c9lectronique\"},\"image\":{\"@id\":\"https:\/\/cmcelectronics.ca\/fr\/#\/schema\/logo\/image\/\"},\"sameAs\":[\"https:\/\/www.linkedin.com\/company\/cmc-electronics\"]}]}<\/script>\n<!-- \/ Yoast SEO plugin. -->","yoast_head_json":{"title":"Syst\u00e8me de qualit\u00e9 - CMC \u00c9lectronique","robots":{"index":"index","follow":"follow","max-snippet":"max-snippet:-1","max-image-preview":"max-image-preview:large","max-video-preview":"max-video-preview:-1"},"canonical":"https:\/\/cmcelectronics.ca\/fr\/soutien-a-la-clientele\/systeme-de-qualite\/","og_locale":"fr_FR","og_type":"article","og_title":"Syst\u00e8me de qualit\u00e9 - CMC \u00c9lectronique","og_description":"Syst\u00e8me de qualit\u00e9 Engag\u00e9 envers la qualit\u00e9 depuis plus d&rsquo;un si\u00e8cle T\u00e9l\u00e9chargez notre manuel qualit\u00e9 ici Certificats g\u00e9n\u00e9raux Certificats de maintenance (AMO) Certificats pour bases de donn\u00e9es de navigation (DO-200) Site de Sugar Grove, Illinois Exigences des fournisseurs","og_url":"https:\/\/cmcelectronics.ca\/fr\/soutien-a-la-clientele\/systeme-de-qualite\/","og_site_name":"CMC \u00c9lectronique","article_modified_time":"2026-03-16T19:53:59+00:00","twitter_card":"summary_large_image","twitter_misc":{"Dur\u00e9e de lecture estim\u00e9e":"2 minutes"},"schema":{"@context":"https:\/\/schema.org","@graph":[{"@type":"WebPage","@id":"https:\/\/cmcelectronics.ca\/fr\/soutien-a-la-clientele\/systeme-de-qualite\/","url":"https:\/\/cmcelectronics.ca\/fr\/soutien-a-la-clientele\/systeme-de-qualite\/","name":"Syst\u00e8me de qualit\u00e9 - CMC \u00c9lectronique","isPartOf":{"@id":"https:\/\/cmcelectronics.ca\/fr\/#website"},"primaryImageOfPage":{"@id":"https:\/\/cmcelectronics.ca\/fr\/soutien-a-la-clientele\/systeme-de-qualite\/#primaryimage"},"image":{"@id":"https:\/\/cmcelectronics.ca\/fr\/soutien-a-la-clientele\/systeme-de-qualite\/#primaryimage"},"thumbnailUrl":"https:\/\/cmcelectronics.ca\/wp-content\/uploads\/2022\/12\/6.0-CMC-WEB_Top-banners_1920x360-customer-support-9.jpg","datePublished":"2022-08-23T23:23:33+00:00","dateModified":"2026-03-16T19:53:59+00:00","breadcrumb":{"@id":"https:\/\/cmcelectronics.ca\/fr\/soutien-a-la-clientele\/systeme-de-qualite\/#breadcrumb"},"inLanguage":"fr-FR","potentialAction":[{"@type":"ReadAction","target":["https:\/\/cmcelectronics.ca\/fr\/soutien-a-la-clientele\/systeme-de-qualite\/"]}]},{"@type":"ImageObject","inLanguage":"fr-FR","@id":"https:\/\/cmcelectronics.ca\/fr\/soutien-a-la-clientele\/systeme-de-qualite\/#primaryimage","url":"https:\/\/cmcelectronics.ca\/wp-content\/uploads\/2022\/12\/6.0-CMC-WEB_Top-banners_1920x360-customer-support-9.jpg","contentUrl":"https:\/\/cmcelectronics.ca\/wp-content\/uploads\/2022\/12\/6.0-CMC-WEB_Top-banners_1920x360-customer-support-9.jpg"},{"@type":"BreadcrumbList","@id":"https:\/\/cmcelectronics.ca\/fr\/soutien-a-la-clientele\/systeme-de-qualite\/#breadcrumb","itemListElement":[{"@type":"ListItem","position":1,"name":"Accueil","item":"https:\/\/cmcelectronics.ca\/fr\/"},{"@type":"ListItem","position":2,"name":"Soutien \u00e0 la client\u00e8le","item":"https:\/\/cmcelectronics.ca\/fr\/soutien-a-la-clientele\/"},{"@type":"ListItem","position":3,"name":"Syst\u00e8me de qualit\u00e9"}]},{"@type":"WebSite","@id":"https:\/\/cmcelectronics.ca\/fr\/#website","url":"https:\/\/cmcelectronics.ca\/fr\/","name":"CMC \u00c9lectronique","description":"","publisher":{"@id":"https:\/\/cmcelectronics.ca\/fr\/#organization"},"potentialAction":[{"@type":"SearchAction","target":{"@type":"EntryPoint","urlTemplate":"https:\/\/cmcelectronics.ca\/fr\/?s={search_term_string}"},"query-input":{"@type":"PropertyValueSpecification","valueRequired":true,"valueName":"search_term_string"}}],"inLanguage":"fr-FR"},{"@type":"Organization","@id":"https:\/\/cmcelectronics.ca\/fr\/#organization","name":"CMC \u00c9lectronique","url":"https:\/\/cmcelectronics.ca\/fr\/","logo":{"@type":"ImageObject","inLanguage":"fr-FR","@id":"https:\/\/cmcelectronics.ca\/fr\/#\/schema\/logo\/image\/","url":"https:\/\/cmcelectronics.ca\/wp-content\/uploads\/2022\/08\/logo-CMC_black.svg","contentUrl":"https:\/\/cmcelectronics.ca\/wp-content\/uploads\/2022\/08\/logo-CMC_black.svg","width":180,"height":57,"caption":"CMC \u00c9lectronique"},"image":{"@id":"https:\/\/cmcelectronics.ca\/fr\/#\/schema\/logo\/image\/"},"sameAs":["https:\/\/www.linkedin.com\/company\/cmc-electronics"]}]}},"_links":{"self":[{"href":"https:\/\/cmcelectronics.ca\/fr\/wp-json\/wp\/v2\/pages\/1800","targetHints":{"allow":["GET"]}}],"collection":[{"href":"https:\/\/cmcelectronics.ca\/fr\/wp-json\/wp\/v2\/pages"}],"about":[{"href":"https:\/\/cmcelectronics.ca\/fr\/wp-json\/wp\/v2\/types\/page"}],"author":[{"embeddable":true,"href":"https:\/\/cmcelectronics.ca\/fr\/wp-json\/wp\/v2\/users\/1"}],"replies":[{"embeddable":true,"href":"https:\/\/cmcelectronics.ca\/fr\/wp-json\/wp\/v2\/comments?post=1800"}],"version-history":[{"count":6,"href":"https:\/\/cmcelectronics.ca\/fr\/wp-json\/wp\/v2\/pages\/1800\/revisions"}],"predecessor-version":[{"id":5023,"href":"https:\/\/cmcelectronics.ca\/fr\/wp-json\/wp\/v2\/pages\/1800\/revisions\/5023"}],"up":[{"embeddable":true,"href":"https:\/\/cmcelectronics.ca\/fr\/wp-json\/wp\/v2\/pages\/1784"}],"wp:attachment":[{"href":"https:\/\/cmcelectronics.ca\/fr\/wp-json\/wp\/v2\/media?parent=1800"}],"curies":[{"name":"wp","href":"https:\/\/api.w.org\/{rel}","templated":true}]}}