{"id":1810,"date":"2022-08-23T19:23:33","date_gmt":"2022-08-23T23:23:33","guid":{"rendered":"https:\/\/cmcelectronics.ca\/carrieres\/why-join-cmc\/"},"modified":"2022-12-02T16:52:41","modified_gmt":"2022-12-02T21:52:41","slug":"pourquoi-se-joindre-a-cmc","status":"publish","type":"page","link":"https:\/\/cmcelectronics.ca\/fr\/carrieres\/pourquoi-se-joindre-a-cmc\/","title":{"rendered":"Pourquoi se joindre \u00e0 CMC"},"content":{"rendered":"\n<div class=\"wp-block-cover alignfull is-light is-style-title-banner\"><span aria-hidden=\"true\" class=\"wp-block-cover__background has-background-dim\"><\/span><img decoding=\"async\" width=\"1930\" height=\"360\" class=\"wp-block-cover__image-background wp-image-1435 lazyload\" alt=\"\" data-src=\"https:\/\/cmcelectronics.ca\/wp-content\/smush-webp\/2022\/11\/7.0-CMC-web-top-banner-1920x360-bandeau-careers.jpg.webp\" data-object-fit=\"cover\" data-srcset=\"https:\/\/cmcelectronics.ca\/wp-content\/smush-webp\/2022\/11\/7.0-CMC-web-top-banner-1920x360-bandeau-careers.jpg.webp 1930w, https:\/\/cmcelectronics.ca\/wp-content\/smush-webp\/2022\/11\/7.0-CMC-web-top-banner-1920x360-bandeau-careers-300x56.jpg.webp 300w, https:\/\/cmcelectronics.ca\/wp-content\/smush-webp\/2022\/11\/7.0-CMC-web-top-banner-1920x360-bandeau-careers-1024x191.jpg.webp 1024w, https:\/\/cmcelectronics.ca\/wp-content\/smush-webp\/2022\/11\/7.0-CMC-web-top-banner-1920x360-bandeau-careers-768x143.jpg.webp 768w, https:\/\/cmcelectronics.ca\/wp-content\/smush-webp\/2022\/11\/7.0-CMC-web-top-banner-1920x360-bandeau-careers-1536x287.jpg.webp 1536w\" data-sizes=\"(max-width: 1930px) 100vw, 1930px\" src=\"data:image\/svg+xml;base64,PHN2ZyB3aWR0aD0iMSIgaGVpZ2h0PSIxIiB4bWxucz0iaHR0cDovL3d3dy53My5vcmcvMjAwMC9zdmciPjwvc3ZnPg==\" style=\"--smush-placeholder-width: 1930px; --smush-placeholder-aspect-ratio: 1930\/360;\" \/><div class=\"wp-block-cover__inner-container\">\n<h3 class=\"has-text-align-center wp-block-post-title wp-block-heading\">Carri\u00e8res<\/h3>\n<\/div><\/div>\n\n\n\n<div class=\"wp-block-group alignfull has-padding-y-large has-accent-background-color has-background\"><div class=\"yoast-breadcrumbs alignwide \"><span class=\"breadcrumbs\"><a href=\"https:\/\/cmcelectronics.ca\/fr\/\" class=\"breadcrumbs__element\">Accueil<\/a> <span class=\"breadcrumbs__separator\">\n        <svg class=\"icon icon-breadcrumb__separator\"><use xlink:href=\"#icon-breadcrumb__separator\"><\/use><\/svg>\n    <\/span> <a href=\"https:\/\/cmcelectronics.ca\/fr\/carrieres\/\" class=\"breadcrumbs__element\">Carri\u00e8res<\/a> <span class=\"breadcrumbs__separator\">\n        <svg class=\"icon icon-breadcrumb__separator\"><use xlink:href=\"#icon-breadcrumb__separator\"><\/use><\/svg>\n    <\/span> <span class=\"breadcrumbs__element breadcrumbs__element-current\">Pourquoi se joindre \u00e0 CMC<\/span><\/span><\/div><\/div>\n\n\n\n\n\n<h1 class=\"wp-block-heading\"><strong>Avantages sociaux des employ\u00e9s de CMC \u00c9lectronique<\/strong><\/h1>\n\n\n\n<ul class=\"wp-block-list\">\n<li>Salaires concurrentiels<\/li>\n\n\n\n<li>R\u00e9gime de retraite g\u00e9n\u00e9reux<\/li>\n\n\n\n<li>Programme complet d\u2019avantages sociaux, compte sant\u00e9 et bien-\u00eatre pay\u00e9 \u00e0 100 % par l&#8217;employeur<\/li>\n\n\n\n<li>R\u00e9gime d\u2019assurance-invalidit\u00e9 et d\u2019assurance-vie<\/li>\n\n\n\n<li>Possibilit\u00e9 d\u2019avancement et de formation<\/li>\n\n\n\n<li>Horaire de travail flexible<\/li>\n\n\n\n<li>Occasions d\u2019apprentissage et de perfectionnement professionnel<\/li>\n\n\n\n<li>Programme d\u2019aide financi\u00e8re pour les \u00e9tudes<\/li>\n\n\n\n<li>Remboursement des frais d\u2019adh\u00e9sion pour les associations professionnelles<\/li>\n\n\n\n<li>Programme d\u2019encouragement \u00e0 la sant\u00e9 au travail (programme d\u2019aide aux employ\u00e9s, tarifs r\u00e9duits pour les programmes d\u2019entra\u00eenements physiques)<\/li>\n\n\n\n<li>Acc\u00e8s facile par les transports en commun<\/li>\n\n\n\n<li>Stationnement gratuit, incluant plus de 20&nbsp;bornes de recharge de v\u00e9hicules \u00e9lectriques<\/li>\n\n\n\n<li>Stationnement pour v\u00e9lo<\/li>\n\n\n\n<li>Caf\u00e9t\u00e9ria subventionn\u00e9e sur place<\/li>\n\n\n\n<li>Politique de t\u00e9l\u00e9travail<\/li>\n\n\n\n<li>Programme de reconnaissance<\/li>\n<\/ul>\n","protected":false},"excerpt":{"rendered":"<p>Avantages sociaux des employ\u00e9s de CMC \u00c9lectronique<\/p>\n","protected":false},"author":1,"featured_media":0,"parent":1806,"menu_order":0,"comment_status":"closed","ping_status":"closed","template":"","meta":{"_acf_changed":false,"_gspb_post_css":"","_crdt_document":"","content-type":"","inline_featured_image":false,"footnotes":""},"class_list":["post-1810","page","type-page","status-publish","hentry"],"acf":[],"yoast_head":"<!-- This site is optimized with the Yoast SEO plugin v27.5 - https:\/\/yoast.com\/product\/yoast-seo-wordpress\/ -->\n<title>Pourquoi se joindre \u00e0 CMC - CMC \u00c9lectronique<\/title>\n<meta name=\"robots\" content=\"index, follow, max-snippet:-1, max-image-preview:large, max-video-preview:-1\" \/>\n<link rel=\"canonical\" href=\"https:\/\/cmcelectronics.ca\/fr\/carrieres\/pourquoi-se-joindre-a-cmc\/\" \/>\n<meta property=\"og:locale\" content=\"fr_FR\" \/>\n<meta property=\"og:type\" content=\"article\" \/>\n<meta property=\"og:title\" content=\"Pourquoi se joindre \u00e0 CMC - CMC \u00c9lectronique\" \/>\n<meta property=\"og:description\" content=\"Avantages sociaux des employ\u00e9s de CMC \u00c9lectronique\" \/>\n<meta property=\"og:url\" content=\"https:\/\/cmcelectronics.ca\/fr\/carrieres\/pourquoi-se-joindre-a-cmc\/\" \/>\n<meta property=\"og:site_name\" content=\"CMC \u00c9lectronique\" \/>\n<meta property=\"article:modified_time\" content=\"2022-12-02T21:52:41+00:00\" \/>\n<meta property=\"og:image\" content=\"https:\/\/cmcelectronics.ca\/wp-content\/uploads\/2022\/11\/7.0-CMC-web-top-banner-1920x360-bandeau-careers.jpg\" \/>\n<meta name=\"twitter:card\" content=\"summary_large_image\" \/>\n<meta name=\"twitter:label1\" content=\"Dur\u00e9e de lecture estim\u00e9e\" \/>\n\t<meta name=\"twitter:data1\" content=\"1 minute\" \/>\n<script type=\"application\/ld+json\" class=\"yoast-schema-graph\">{\"@context\":\"https:\\\/\\\/schema.org\",\"@graph\":[{\"@type\":\"WebPage\",\"@id\":\"https:\\\/\\\/cmcelectronics.ca\\\/fr\\\/carrieres\\\/pourquoi-se-joindre-a-cmc\\\/\",\"url\":\"https:\\\/\\\/cmcelectronics.ca\\\/fr\\\/carrieres\\\/pourquoi-se-joindre-a-cmc\\\/\",\"name\":\"Pourquoi se joindre \u00e0 CMC - CMC \u00c9lectronique\",\"isPartOf\":{\"@id\":\"https:\\\/\\\/cmcelectronics.ca\\\/fr\\\/#website\"},\"primaryImageOfPage\":{\"@id\":\"https:\\\/\\\/cmcelectronics.ca\\\/fr\\\/carrieres\\\/pourquoi-se-joindre-a-cmc\\\/#primaryimage\"},\"image\":{\"@id\":\"https:\\\/\\\/cmcelectronics.ca\\\/fr\\\/carrieres\\\/pourquoi-se-joindre-a-cmc\\\/#primaryimage\"},\"thumbnailUrl\":\"https:\\\/\\\/cmcelectronics.ca\\\/wp-content\\\/uploads\\\/2022\\\/11\\\/7.0-CMC-web-top-banner-1920x360-bandeau-careers.jpg\",\"datePublished\":\"2022-08-23T23:23:33+00:00\",\"dateModified\":\"2022-12-02T21:52:41+00:00\",\"breadcrumb\":{\"@id\":\"https:\\\/\\\/cmcelectronics.ca\\\/fr\\\/carrieres\\\/pourquoi-se-joindre-a-cmc\\\/#breadcrumb\"},\"inLanguage\":\"fr-FR\",\"potentialAction\":[{\"@type\":\"ReadAction\",\"target\":[\"https:\\\/\\\/cmcelectronics.ca\\\/fr\\\/carrieres\\\/pourquoi-se-joindre-a-cmc\\\/\"]}]},{\"@type\":\"ImageObject\",\"inLanguage\":\"fr-FR\",\"@id\":\"https:\\\/\\\/cmcelectronics.ca\\\/fr\\\/carrieres\\\/pourquoi-se-joindre-a-cmc\\\/#primaryimage\",\"url\":\"https:\\\/\\\/cmcelectronics.ca\\\/wp-content\\\/uploads\\\/2022\\\/11\\\/7.0-CMC-web-top-banner-1920x360-bandeau-careers.jpg\",\"contentUrl\":\"https:\\\/\\\/cmcelectronics.ca\\\/wp-content\\\/uploads\\\/2022\\\/11\\\/7.0-CMC-web-top-banner-1920x360-bandeau-careers.jpg\"},{\"@type\":\"BreadcrumbList\",\"@id\":\"https:\\\/\\\/cmcelectronics.ca\\\/fr\\\/carrieres\\\/pourquoi-se-joindre-a-cmc\\\/#breadcrumb\",\"itemListElement\":[{\"@type\":\"ListItem\",\"position\":1,\"name\":\"Accueil\",\"item\":\"https:\\\/\\\/cmcelectronics.ca\\\/fr\\\/\"},{\"@type\":\"ListItem\",\"position\":2,\"name\":\"Carri\u00e8res\",\"item\":\"https:\\\/\\\/cmcelectronics.ca\\\/fr\\\/carrieres\\\/\"},{\"@type\":\"ListItem\",\"position\":3,\"name\":\"Pourquoi se joindre \u00e0 CMC\"}]},{\"@type\":\"WebSite\",\"@id\":\"https:\\\/\\\/cmcelectronics.ca\\\/fr\\\/#website\",\"url\":\"https:\\\/\\\/cmcelectronics.ca\\\/fr\\\/\",\"name\":\"CMC \u00c9lectronique\",\"description\":\"\",\"publisher\":{\"@id\":\"https:\\\/\\\/cmcelectronics.ca\\\/fr\\\/#organization\"},\"potentialAction\":[{\"@type\":\"SearchAction\",\"target\":{\"@type\":\"EntryPoint\",\"urlTemplate\":\"https:\\\/\\\/cmcelectronics.ca\\\/fr\\\/?s={search_term_string}\"},\"query-input\":{\"@type\":\"PropertyValueSpecification\",\"valueRequired\":true,\"valueName\":\"search_term_string\"}}],\"inLanguage\":\"fr-FR\"},{\"@type\":\"Organization\",\"@id\":\"https:\\\/\\\/cmcelectronics.ca\\\/fr\\\/#organization\",\"name\":\"CMC \u00c9lectronique\",\"url\":\"https:\\\/\\\/cmcelectronics.ca\\\/fr\\\/\",\"logo\":{\"@type\":\"ImageObject\",\"inLanguage\":\"fr-FR\",\"@id\":\"https:\\\/\\\/cmcelectronics.ca\\\/fr\\\/#\\\/schema\\\/logo\\\/image\\\/\",\"url\":\"https:\\\/\\\/cmcelectronics.ca\\\/wp-content\\\/uploads\\\/2022\\\/08\\\/logo-CMC_black.svg\",\"contentUrl\":\"https:\\\/\\\/cmcelectronics.ca\\\/wp-content\\\/uploads\\\/2022\\\/08\\\/logo-CMC_black.svg\",\"width\":180,\"height\":57,\"caption\":\"CMC \u00c9lectronique\"},\"image\":{\"@id\":\"https:\\\/\\\/cmcelectronics.ca\\\/fr\\\/#\\\/schema\\\/logo\\\/image\\\/\"},\"sameAs\":[\"https:\\\/\\\/www.linkedin.com\\\/company\\\/cmc-electronics\"]}]}<\/script>\n<!-- \/ Yoast SEO plugin. -->","yoast_head_json":{"title":"Pourquoi se joindre \u00e0 CMC - CMC \u00c9lectronique","robots":{"index":"index","follow":"follow","max-snippet":"max-snippet:-1","max-image-preview":"max-image-preview:large","max-video-preview":"max-video-preview:-1"},"canonical":"https:\/\/cmcelectronics.ca\/fr\/carrieres\/pourquoi-se-joindre-a-cmc\/","og_locale":"fr_FR","og_type":"article","og_title":"Pourquoi se joindre \u00e0 CMC - CMC \u00c9lectronique","og_description":"Avantages sociaux des employ\u00e9s de CMC \u00c9lectronique","og_url":"https:\/\/cmcelectronics.ca\/fr\/carrieres\/pourquoi-se-joindre-a-cmc\/","og_site_name":"CMC \u00c9lectronique","article_modified_time":"2022-12-02T21:52:41+00:00","og_image":[{"url":"https:\/\/cmcelectronics.ca\/wp-content\/uploads\/2022\/11\/7.0-CMC-web-top-banner-1920x360-bandeau-careers.jpg","type":"","width":"","height":""}],"twitter_card":"summary_large_image","twitter_misc":{"Dur\u00e9e de lecture estim\u00e9e":"1 minute"},"schema":{"@context":"https:\/\/schema.org","@graph":[{"@type":"WebPage","@id":"https:\/\/cmcelectronics.ca\/fr\/carrieres\/pourquoi-se-joindre-a-cmc\/","url":"https:\/\/cmcelectronics.ca\/fr\/carrieres\/pourquoi-se-joindre-a-cmc\/","name":"Pourquoi se joindre \u00e0 CMC - CMC \u00c9lectronique","isPartOf":{"@id":"https:\/\/cmcelectronics.ca\/fr\/#website"},"primaryImageOfPage":{"@id":"https:\/\/cmcelectronics.ca\/fr\/carrieres\/pourquoi-se-joindre-a-cmc\/#primaryimage"},"image":{"@id":"https:\/\/cmcelectronics.ca\/fr\/carrieres\/pourquoi-se-joindre-a-cmc\/#primaryimage"},"thumbnailUrl":"https:\/\/cmcelectronics.ca\/wp-content\/uploads\/2022\/11\/7.0-CMC-web-top-banner-1920x360-bandeau-careers.jpg","datePublished":"2022-08-23T23:23:33+00:00","dateModified":"2022-12-02T21:52:41+00:00","breadcrumb":{"@id":"https:\/\/cmcelectronics.ca\/fr\/carrieres\/pourquoi-se-joindre-a-cmc\/#breadcrumb"},"inLanguage":"fr-FR","potentialAction":[{"@type":"ReadAction","target":["https:\/\/cmcelectronics.ca\/fr\/carrieres\/pourquoi-se-joindre-a-cmc\/"]}]},{"@type":"ImageObject","inLanguage":"fr-FR","@id":"https:\/\/cmcelectronics.ca\/fr\/carrieres\/pourquoi-se-joindre-a-cmc\/#primaryimage","url":"https:\/\/cmcelectronics.ca\/wp-content\/uploads\/2022\/11\/7.0-CMC-web-top-banner-1920x360-bandeau-careers.jpg","contentUrl":"https:\/\/cmcelectronics.ca\/wp-content\/uploads\/2022\/11\/7.0-CMC-web-top-banner-1920x360-bandeau-careers.jpg"},{"@type":"BreadcrumbList","@id":"https:\/\/cmcelectronics.ca\/fr\/carrieres\/pourquoi-se-joindre-a-cmc\/#breadcrumb","itemListElement":[{"@type":"ListItem","position":1,"name":"Accueil","item":"https:\/\/cmcelectronics.ca\/fr\/"},{"@type":"ListItem","position":2,"name":"Carri\u00e8res","item":"https:\/\/cmcelectronics.ca\/fr\/carrieres\/"},{"@type":"ListItem","position":3,"name":"Pourquoi se joindre \u00e0 CMC"}]},{"@type":"WebSite","@id":"https:\/\/cmcelectronics.ca\/fr\/#website","url":"https:\/\/cmcelectronics.ca\/fr\/","name":"CMC \u00c9lectronique","description":"","publisher":{"@id":"https:\/\/cmcelectronics.ca\/fr\/#organization"},"potentialAction":[{"@type":"SearchAction","target":{"@type":"EntryPoint","urlTemplate":"https:\/\/cmcelectronics.ca\/fr\/?s={search_term_string}"},"query-input":{"@type":"PropertyValueSpecification","valueRequired":true,"valueName":"search_term_string"}}],"inLanguage":"fr-FR"},{"@type":"Organization","@id":"https:\/\/cmcelectronics.ca\/fr\/#organization","name":"CMC \u00c9lectronique","url":"https:\/\/cmcelectronics.ca\/fr\/","logo":{"@type":"ImageObject","inLanguage":"fr-FR","@id":"https:\/\/cmcelectronics.ca\/fr\/#\/schema\/logo\/image\/","url":"https:\/\/cmcelectronics.ca\/wp-content\/uploads\/2022\/08\/logo-CMC_black.svg","contentUrl":"https:\/\/cmcelectronics.ca\/wp-content\/uploads\/2022\/08\/logo-CMC_black.svg","width":180,"height":57,"caption":"CMC \u00c9lectronique"},"image":{"@id":"https:\/\/cmcelectronics.ca\/fr\/#\/schema\/logo\/image\/"},"sameAs":["https:\/\/www.linkedin.com\/company\/cmc-electronics"]}]}},"_links":{"self":[{"href":"https:\/\/cmcelectronics.ca\/fr\/wp-json\/wp\/v2\/pages\/1810","targetHints":{"allow":["GET"]}}],"collection":[{"href":"https:\/\/cmcelectronics.ca\/fr\/wp-json\/wp\/v2\/pages"}],"about":[{"href":"https:\/\/cmcelectronics.ca\/fr\/wp-json\/wp\/v2\/types\/page"}],"author":[{"embeddable":true,"href":"https:\/\/cmcelectronics.ca\/fr\/wp-json\/wp\/v2\/users\/1"}],"replies":[{"embeddable":true,"href":"https:\/\/cmcelectronics.ca\/fr\/wp-json\/wp\/v2\/comments?post=1810"}],"version-history":[{"count":0,"href":"https:\/\/cmcelectronics.ca\/fr\/wp-json\/wp\/v2\/pages\/1810\/revisions"}],"up":[{"embeddable":true,"href":"https:\/\/cmcelectronics.ca\/fr\/wp-json\/wp\/v2\/pages\/1806"}],"wp:attachment":[{"href":"https:\/\/cmcelectronics.ca\/fr\/wp-json\/wp\/v2\/media?parent=1810"}],"curies":[{"name":"wp","href":"https:\/\/api.w.org\/{rel}","templated":true}]}}