{"id":1828,"date":"2022-08-23T19:23:33","date_gmt":"2022-08-23T23:23:33","guid":{"rendered":"https:\/\/cmcelectronics.ca\/nouvelles-et-evenements\/events\/"},"modified":"2025-10-09T09:42:43","modified_gmt":"2025-10-09T13:42:43","slug":"evenements","status":"publish","type":"page","link":"https:\/\/cmcelectronics.ca\/fr\/nouvelles-et-evenements\/evenements\/","title":{"rendered":"\u00c9v\u00e9nements"},"content":{"rendered":"\n<div class=\"wp-block-cover alignfull is-light is-style-title-banner\"><img decoding=\"async\" width=\"1930\" height=\"360\" class=\"wp-block-cover__image-background wp-image-1006 lazyload\" alt=\"\" data-src=\"https:\/\/cmcelectronics.ca\/wp-content\/smush-webp\/2022\/10\/8.2-CMC_WEB_Top-banners_1920X360_bandeau_EVENTS.jpg.webp\" data-object-fit=\"cover\" data-srcset=\"https:\/\/cmcelectronics.ca\/wp-content\/smush-webp\/2022\/10\/8.2-CMC_WEB_Top-banners_1920X360_bandeau_EVENTS.jpg.webp 1930w, https:\/\/cmcelectronics.ca\/wp-content\/smush-webp\/2022\/10\/8.2-CMC_WEB_Top-banners_1920X360_bandeau_EVENTS-300x56.jpg.webp 300w, https:\/\/cmcelectronics.ca\/wp-content\/smush-webp\/2022\/10\/8.2-CMC_WEB_Top-banners_1920X360_bandeau_EVENTS-1024x191.jpg.webp 1024w, https:\/\/cmcelectronics.ca\/wp-content\/smush-webp\/2022\/10\/8.2-CMC_WEB_Top-banners_1920X360_bandeau_EVENTS-768x143.jpg.webp 768w, https:\/\/cmcelectronics.ca\/wp-content\/smush-webp\/2022\/10\/8.2-CMC_WEB_Top-banners_1920X360_bandeau_EVENTS-1536x287.jpg.webp 1536w\" data-sizes=\"(max-width: 1930px) 100vw, 1930px\" src=\"data:image\/svg+xml;base64,PHN2ZyB3aWR0aD0iMSIgaGVpZ2h0PSIxIiB4bWxucz0iaHR0cDovL3d3dy53My5vcmcvMjAwMC9zdmciPjwvc3ZnPg==\" style=\"--smush-placeholder-width: 1930px; --smush-placeholder-aspect-ratio: 1930\/360;\" \/><span aria-hidden=\"true\" class=\"wp-block-cover__background has-background-dim\"><\/span><div class=\"wp-block-cover__inner-container\"><h3 class=\"wp-block-post-title\">\u00c9v\u00e9nements<\/h3><\/div><\/div>\n\n\n\n<div class=\"wp-block-group alignfull has-padding-y-large has-accent-background-color has-background\"><div class=\"yoast-breadcrumbs alignwide \"><span class=\"breadcrumbs\"><a href=\"https:\/\/cmcelectronics.ca\/fr\/\" class=\"breadcrumbs__element\">Accueil<\/a> <span class=\"breadcrumbs__separator\">\n        <svg class=\"icon icon-breadcrumb__separator\"><use xlink:href=\"#icon-breadcrumb__separator\"><\/use><\/svg>\n    <\/span> <a href=\"https:\/\/cmcelectronics.ca\/fr\/nouvelles-et-evenements\/\" class=\"breadcrumbs__element\">Nouvelles et \u00e9v\u00e9nements<\/a> <span class=\"breadcrumbs__separator\">\n        <svg class=\"icon icon-breadcrumb__separator\"><use xlink:href=\"#icon-breadcrumb__separator\"><\/use><\/svg>\n    <\/span> <span class=\"breadcrumbs__element breadcrumbs__element-current\">\u00c9v\u00e9nements<\/span><\/span><\/div><\/div>\n\n\n\n<h1 class=\"wp-block-heading\" id=\"evenements-a-venir\">\u00c9v\u00e9nements \u00e0 venir<\/h1>\n\n\n\n<p class=\"wp-block-paragraph\">Rencontrez les experts de CMC \u00e0 ces \u00e9v\u00e9nements:<\/p>\n\n\n\n<ul class=\"wp-block-list\">\n<li><a href=\"https:\/\/share.hsforms.com\/1X9X3jeaMSB-y-3iU6GgBnwc75lg\" target=\"_blank\" rel=\"noreferrer noopener\">AUSA &#8211; 13-15 October\u00a0<em>2025<\/em>. Walter E. Washington Convention Center<\/a><\/li>\n<\/ul>\n\n\n\n<p class=\"wp-block-paragraph\">Ne manquez pas nos webinaires:<\/p>\n\n\n\n<p class=\"wp-block-paragraph\"><a href=\"https:\/\/event.on24.com\/wcc\/r\/4308225\/03CD0E550CD20EBC634611C361C4D012?partnerref=INTCMCWEBSITE\">T\u00e9l\u00e9chargez sans frais notre webinaire sur l&rsquo;<\/a><strong><a href=\"https:\/\/event.on24.com\/wcc\/r\/4308225\/03CD0E550CD20EBC634611C361C4D012?partnerref=EXTCMCOD\">Importance of an Open Architecture Approach in Aviation<\/a><\/strong><a href=\"https:\/\/event.on24.com\/wcc\/r\/4308225\/03CD0E550CD20EBC634611C361C4D012?partnerref=INTCMCWEBSITE\"> <\/a><\/p>\n\n\n\n<p class=\"wp-block-paragraph\"><a href=\"https:\/\/event.on24.com\/wcc\/r\/4171675\/3BA80011D7E73A3BBB7AB4CC81ED2384?partnerref=EXTCMC\">T\u00e9l\u00e9chargez sans frais notre webinaire sur les <strong>Optical Detectors for Atmospheric and Airborne LiDAR<\/strong> <\/a><\/p>\n","protected":false},"excerpt":{"rendered":"<p>\u00c9v\u00e9nements \u00e0 venir Rencontrez les experts de CMC \u00e0 ces \u00e9v\u00e9nements: Ne manquez pas nos webinaires: T\u00e9l\u00e9chargez sans frais notre webinaire sur l&rsquo;Importance of an Open Architecture Approach in Aviation T\u00e9l\u00e9chargez sans frais notre webinaire sur les Optical Detectors for Atmospheric and Airborne LiDAR<\/p>\n","protected":false},"author":1,"featured_media":0,"parent":1825,"menu_order":0,"comment_status":"closed","ping_status":"closed","template":"","meta":{"_acf_changed":false,"_gspb_post_css":"","_crdt_document":"","content-type":"","inline_featured_image":false,"footnotes":""},"class_list":["post-1828","page","type-page","status-publish","hentry"],"acf":[],"yoast_head":"<!-- This site is optimized with the Yoast SEO plugin v27.0 - https:\/\/yoast.com\/product\/yoast-seo-wordpress\/ -->\n<title>\u00c9v\u00e9nements - CMC \u00c9lectronique<\/title>\n<meta name=\"robots\" content=\"index, follow, max-snippet:-1, max-image-preview:large, max-video-preview:-1\" \/>\n<link rel=\"canonical\" href=\"https:\/\/cmcelectronics.ca\/fr\/nouvelles-et-evenements\/evenements\/\" \/>\n<meta property=\"og:locale\" content=\"fr_FR\" \/>\n<meta property=\"og:type\" content=\"article\" \/>\n<meta property=\"og:title\" content=\"\u00c9v\u00e9nements - CMC \u00c9lectronique\" \/>\n<meta property=\"og:description\" content=\"\u00c9v\u00e9nements \u00e0 venir Rencontrez les experts de CMC \u00e0 ces \u00e9v\u00e9nements: Ne manquez pas nos webinaires: T\u00e9l\u00e9chargez sans frais notre webinaire sur l&rsquo;Importance of an Open Architecture Approach in Aviation T\u00e9l\u00e9chargez sans frais notre webinaire sur les Optical Detectors for Atmospheric and Airborne LiDAR\" \/>\n<meta property=\"og:url\" content=\"https:\/\/cmcelectronics.ca\/fr\/nouvelles-et-evenements\/evenements\/\" \/>\n<meta property=\"og:site_name\" content=\"CMC \u00c9lectronique\" \/>\n<meta property=\"article:modified_time\" content=\"2025-10-09T13:42:43+00:00\" \/>\n<meta property=\"og:image\" content=\"https:\/\/cmcelectronics.ca\/wp-content\/uploads\/2022\/10\/8.2-CMC_WEB_Top-banners_1920X360_bandeau_EVENTS.jpg\" \/>\n\t<meta property=\"og:image:width\" content=\"1930\" \/>\n\t<meta property=\"og:image:height\" content=\"360\" \/>\n\t<meta property=\"og:image:type\" content=\"image\/jpeg\" \/>\n<meta name=\"twitter:card\" content=\"summary_large_image\" \/>\n<meta name=\"twitter:label1\" content=\"Dur\u00e9e de lecture estim\u00e9e\" \/>\n\t<meta name=\"twitter:data1\" content=\"1 minute\" \/>\n<script type=\"application\/ld+json\" class=\"yoast-schema-graph\">{\"@context\":\"https:\/\/schema.org\",\"@graph\":[{\"@type\":\"WebPage\",\"@id\":\"https:\/\/cmcelectronics.ca\/fr\/nouvelles-et-evenements\/evenements\/\",\"url\":\"https:\/\/cmcelectronics.ca\/fr\/nouvelles-et-evenements\/evenements\/\",\"name\":\"\u00c9v\u00e9nements - CMC \u00c9lectronique\",\"isPartOf\":{\"@id\":\"https:\/\/cmcelectronics.ca\/fr\/#website\"},\"primaryImageOfPage\":{\"@id\":\"https:\/\/cmcelectronics.ca\/fr\/nouvelles-et-evenements\/evenements\/#primaryimage\"},\"image\":{\"@id\":\"https:\/\/cmcelectronics.ca\/fr\/nouvelles-et-evenements\/evenements\/#primaryimage\"},\"thumbnailUrl\":\"https:\/\/cmcelectronics.ca\/wp-content\/uploads\/2022\/10\/8.2-CMC_WEB_Top-banners_1920X360_bandeau_EVENTS.jpg\",\"datePublished\":\"2022-08-23T23:23:33+00:00\",\"dateModified\":\"2025-10-09T13:42:43+00:00\",\"breadcrumb\":{\"@id\":\"https:\/\/cmcelectronics.ca\/fr\/nouvelles-et-evenements\/evenements\/#breadcrumb\"},\"inLanguage\":\"fr-FR\",\"potentialAction\":[{\"@type\":\"ReadAction\",\"target\":[\"https:\/\/cmcelectronics.ca\/fr\/nouvelles-et-evenements\/evenements\/\"]}]},{\"@type\":\"ImageObject\",\"inLanguage\":\"fr-FR\",\"@id\":\"https:\/\/cmcelectronics.ca\/fr\/nouvelles-et-evenements\/evenements\/#primaryimage\",\"url\":\"https:\/\/cmcelectronics.ca\/wp-content\/uploads\/2022\/10\/8.2-CMC_WEB_Top-banners_1920X360_bandeau_EVENTS.jpg\",\"contentUrl\":\"https:\/\/cmcelectronics.ca\/wp-content\/uploads\/2022\/10\/8.2-CMC_WEB_Top-banners_1920X360_bandeau_EVENTS.jpg\"},{\"@type\":\"BreadcrumbList\",\"@id\":\"https:\/\/cmcelectronics.ca\/fr\/nouvelles-et-evenements\/evenements\/#breadcrumb\",\"itemListElement\":[{\"@type\":\"ListItem\",\"position\":1,\"name\":\"Accueil\",\"item\":\"https:\/\/cmcelectronics.ca\/fr\/\"},{\"@type\":\"ListItem\",\"position\":2,\"name\":\"Nouvelles et \u00e9v\u00e9nements\",\"item\":\"https:\/\/cmcelectronics.ca\/fr\/nouvelles-et-evenements\/\"},{\"@type\":\"ListItem\",\"position\":3,\"name\":\"\u00c9v\u00e9nements\"}]},{\"@type\":\"WebSite\",\"@id\":\"https:\/\/cmcelectronics.ca\/fr\/#website\",\"url\":\"https:\/\/cmcelectronics.ca\/fr\/\",\"name\":\"CMC \u00c9lectronique\",\"description\":\"\",\"publisher\":{\"@id\":\"https:\/\/cmcelectronics.ca\/fr\/#organization\"},\"potentialAction\":[{\"@type\":\"SearchAction\",\"target\":{\"@type\":\"EntryPoint\",\"urlTemplate\":\"https:\/\/cmcelectronics.ca\/fr\/?s={search_term_string}\"},\"query-input\":{\"@type\":\"PropertyValueSpecification\",\"valueRequired\":true,\"valueName\":\"search_term_string\"}}],\"inLanguage\":\"fr-FR\"},{\"@type\":\"Organization\",\"@id\":\"https:\/\/cmcelectronics.ca\/fr\/#organization\",\"name\":\"CMC \u00c9lectronique\",\"url\":\"https:\/\/cmcelectronics.ca\/fr\/\",\"logo\":{\"@type\":\"ImageObject\",\"inLanguage\":\"fr-FR\",\"@id\":\"https:\/\/cmcelectronics.ca\/fr\/#\/schema\/logo\/image\/\",\"url\":\"https:\/\/cmcelectronics.ca\/wp-content\/uploads\/2022\/08\/logo-CMC_black.svg\",\"contentUrl\":\"https:\/\/cmcelectronics.ca\/wp-content\/uploads\/2022\/08\/logo-CMC_black.svg\",\"width\":180,\"height\":57,\"caption\":\"CMC \u00c9lectronique\"},\"image\":{\"@id\":\"https:\/\/cmcelectronics.ca\/fr\/#\/schema\/logo\/image\/\"},\"sameAs\":[\"https:\/\/www.linkedin.com\/company\/cmc-electronics\"]}]}<\/script>\n<!-- \/ Yoast SEO plugin. -->","yoast_head_json":{"title":"\u00c9v\u00e9nements - CMC \u00c9lectronique","robots":{"index":"index","follow":"follow","max-snippet":"max-snippet:-1","max-image-preview":"max-image-preview:large","max-video-preview":"max-video-preview:-1"},"canonical":"https:\/\/cmcelectronics.ca\/fr\/nouvelles-et-evenements\/evenements\/","og_locale":"fr_FR","og_type":"article","og_title":"\u00c9v\u00e9nements - CMC \u00c9lectronique","og_description":"\u00c9v\u00e9nements \u00e0 venir Rencontrez les experts de CMC \u00e0 ces \u00e9v\u00e9nements: Ne manquez pas nos webinaires: T\u00e9l\u00e9chargez sans frais notre webinaire sur l&rsquo;Importance of an Open Architecture Approach in Aviation T\u00e9l\u00e9chargez sans frais notre webinaire sur les Optical Detectors for Atmospheric and Airborne LiDAR","og_url":"https:\/\/cmcelectronics.ca\/fr\/nouvelles-et-evenements\/evenements\/","og_site_name":"CMC \u00c9lectronique","article_modified_time":"2025-10-09T13:42:43+00:00","og_image":[{"width":1930,"height":360,"url":"https:\/\/cmcelectronics.ca\/wp-content\/uploads\/2022\/10\/8.2-CMC_WEB_Top-banners_1920X360_bandeau_EVENTS.jpg","type":"image\/jpeg"}],"twitter_card":"summary_large_image","twitter_misc":{"Dur\u00e9e de lecture estim\u00e9e":"1 minute"},"schema":{"@context":"https:\/\/schema.org","@graph":[{"@type":"WebPage","@id":"https:\/\/cmcelectronics.ca\/fr\/nouvelles-et-evenements\/evenements\/","url":"https:\/\/cmcelectronics.ca\/fr\/nouvelles-et-evenements\/evenements\/","name":"\u00c9v\u00e9nements - CMC \u00c9lectronique","isPartOf":{"@id":"https:\/\/cmcelectronics.ca\/fr\/#website"},"primaryImageOfPage":{"@id":"https:\/\/cmcelectronics.ca\/fr\/nouvelles-et-evenements\/evenements\/#primaryimage"},"image":{"@id":"https:\/\/cmcelectronics.ca\/fr\/nouvelles-et-evenements\/evenements\/#primaryimage"},"thumbnailUrl":"https:\/\/cmcelectronics.ca\/wp-content\/uploads\/2022\/10\/8.2-CMC_WEB_Top-banners_1920X360_bandeau_EVENTS.jpg","datePublished":"2022-08-23T23:23:33+00:00","dateModified":"2025-10-09T13:42:43+00:00","breadcrumb":{"@id":"https:\/\/cmcelectronics.ca\/fr\/nouvelles-et-evenements\/evenements\/#breadcrumb"},"inLanguage":"fr-FR","potentialAction":[{"@type":"ReadAction","target":["https:\/\/cmcelectronics.ca\/fr\/nouvelles-et-evenements\/evenements\/"]}]},{"@type":"ImageObject","inLanguage":"fr-FR","@id":"https:\/\/cmcelectronics.ca\/fr\/nouvelles-et-evenements\/evenements\/#primaryimage","url":"https:\/\/cmcelectronics.ca\/wp-content\/uploads\/2022\/10\/8.2-CMC_WEB_Top-banners_1920X360_bandeau_EVENTS.jpg","contentUrl":"https:\/\/cmcelectronics.ca\/wp-content\/uploads\/2022\/10\/8.2-CMC_WEB_Top-banners_1920X360_bandeau_EVENTS.jpg"},{"@type":"BreadcrumbList","@id":"https:\/\/cmcelectronics.ca\/fr\/nouvelles-et-evenements\/evenements\/#breadcrumb","itemListElement":[{"@type":"ListItem","position":1,"name":"Accueil","item":"https:\/\/cmcelectronics.ca\/fr\/"},{"@type":"ListItem","position":2,"name":"Nouvelles et \u00e9v\u00e9nements","item":"https:\/\/cmcelectronics.ca\/fr\/nouvelles-et-evenements\/"},{"@type":"ListItem","position":3,"name":"\u00c9v\u00e9nements"}]},{"@type":"WebSite","@id":"https:\/\/cmcelectronics.ca\/fr\/#website","url":"https:\/\/cmcelectronics.ca\/fr\/","name":"CMC \u00c9lectronique","description":"","publisher":{"@id":"https:\/\/cmcelectronics.ca\/fr\/#organization"},"potentialAction":[{"@type":"SearchAction","target":{"@type":"EntryPoint","urlTemplate":"https:\/\/cmcelectronics.ca\/fr\/?s={search_term_string}"},"query-input":{"@type":"PropertyValueSpecification","valueRequired":true,"valueName":"search_term_string"}}],"inLanguage":"fr-FR"},{"@type":"Organization","@id":"https:\/\/cmcelectronics.ca\/fr\/#organization","name":"CMC \u00c9lectronique","url":"https:\/\/cmcelectronics.ca\/fr\/","logo":{"@type":"ImageObject","inLanguage":"fr-FR","@id":"https:\/\/cmcelectronics.ca\/fr\/#\/schema\/logo\/image\/","url":"https:\/\/cmcelectronics.ca\/wp-content\/uploads\/2022\/08\/logo-CMC_black.svg","contentUrl":"https:\/\/cmcelectronics.ca\/wp-content\/uploads\/2022\/08\/logo-CMC_black.svg","width":180,"height":57,"caption":"CMC \u00c9lectronique"},"image":{"@id":"https:\/\/cmcelectronics.ca\/fr\/#\/schema\/logo\/image\/"},"sameAs":["https:\/\/www.linkedin.com\/company\/cmc-electronics"]}]}},"_links":{"self":[{"href":"https:\/\/cmcelectronics.ca\/fr\/wp-json\/wp\/v2\/pages\/1828","targetHints":{"allow":["GET"]}}],"collection":[{"href":"https:\/\/cmcelectronics.ca\/fr\/wp-json\/wp\/v2\/pages"}],"about":[{"href":"https:\/\/cmcelectronics.ca\/fr\/wp-json\/wp\/v2\/types\/page"}],"author":[{"embeddable":true,"href":"https:\/\/cmcelectronics.ca\/fr\/wp-json\/wp\/v2\/users\/1"}],"replies":[{"embeddable":true,"href":"https:\/\/cmcelectronics.ca\/fr\/wp-json\/wp\/v2\/comments?post=1828"}],"version-history":[{"count":0,"href":"https:\/\/cmcelectronics.ca\/fr\/wp-json\/wp\/v2\/pages\/1828\/revisions"}],"up":[{"embeddable":true,"href":"https:\/\/cmcelectronics.ca\/fr\/wp-json\/wp\/v2\/pages\/1825"}],"wp:attachment":[{"href":"https:\/\/cmcelectronics.ca\/fr\/wp-json\/wp\/v2\/media?parent=1828"}],"curies":[{"name":"wp","href":"https:\/\/api.w.org\/{rel}","templated":true}]}}