{"id":2628,"date":"2022-12-15T17:01:03","date_gmt":"2022-12-15T22:01:03","guid":{"rendered":"https:\/\/cmcelectronics.ca\/?page_id=2628"},"modified":"2022-12-15T17:44:21","modified_gmt":"2022-12-15T22:44:21","slug":"exigences-des-fournisseurs","status":"publish","type":"page","link":"https:\/\/cmcelectronics.ca\/fr\/exigences-des-fournisseurs\/","title":{"rendered":"Exigences des fournisseurs"},"content":{"rendered":"\n<div class=\"wp-block-cover alignfull is-light is-style-title-banner\"><span aria-hidden=\"true\" class=\"wp-block-cover__background has-background-dim\"><\/span><img decoding=\"async\" class=\"wp-block-cover__image-background wp-image-28 lazyload\" alt=\"\" data-src=\"https:\/\/stage.tramwaygatineauottawa.ca\/wp-content\/uploads\/2022\/06\/banner-scaled.jpg\" data-object-fit=\"cover\" src=\"data:image\/svg+xml;base64,PHN2ZyB3aWR0aD0iMSIgaGVpZ2h0PSIxIiB4bWxucz0iaHR0cDovL3d3dy53My5vcmcvMjAwMC9zdmciPjwvc3ZnPg==\" \/><div class=\"wp-block-cover__inner-container\"><h3 class=\"wp-block-post-title\">Exigences des fournisseurs<\/h3><\/div><\/div>\n\n\n\n<div class=\"wp-block-group alignfull has-padding-y-large has-accent-background-color has-background\"><div class=\"yoast-breadcrumbs alignwide \"><span class=\"breadcrumbs\"><a href=\"https:\/\/cmcelectronics.ca\/fr\/\" class=\"breadcrumbs__element\">Accueil<\/a> <span class=\"breadcrumbs__separator\">\n        <svg class=\"icon icon-breadcrumb__separator\"><use xlink:href=\"#icon-breadcrumb__separator\"><\/use><\/svg>\n    <\/span> <span class=\"breadcrumbs__element breadcrumbs__element-current\">Exigences des fournisseurs<\/span><\/span><\/div><\/div>\n\n\n\n<h1 class=\"wp-block-heading\">Exigences des fournisseurs<\/h1>\n\n\n\n<p class=\"wp-block-paragraph\"><a href=\"https:\/\/cmcelectronics.ca\/wp-content\/uploads\/2022\/12\/Clauses-qualite-V7.4-082022.pdf\">Clauses qualit\u00e9<\/a><\/p>\n\n\n\n<p class=\"wp-block-paragraph\"><a href=\"https:\/\/cmcelectronics.ca\/wp-content\/uploads\/2022\/12\/Conditions-dachat-standard_Rev-102022.pdf\">Conditions g\u00e9n\u00e9rales standards r\u00e9gissant les achats &#8211; Canada <\/a><\/p>\n\n\n\n<p class=\"wp-block-paragraph\"><a href=\"https:\/\/cmcelectronics.ca\/wp-content\/uploads\/2022\/12\/Standard-TC-American_Rev14_20220930-2.pdf\">Conditions g\u00e9n\u00e9rales standards r\u00e9gissant les achats &#8211; \u00c9tats-Unis<\/a><\/p>\n","protected":false},"excerpt":{"rendered":"<p>Exigences des fournisseurs Clauses qualit\u00e9 Conditions g\u00e9n\u00e9rales standards r\u00e9gissant les achats &#8211; Canada Conditions g\u00e9n\u00e9rales standards r\u00e9gissant les achats &#8211; \u00c9tats-Unis<\/p>\n","protected":false},"author":8,"featured_media":0,"parent":0,"menu_order":0,"comment_status":"closed","ping_status":"closed","template":"","meta":{"_acf_changed":false,"_gspb_post_css":"","_crdt_document":"","content-type":"","inline_featured_image":false,"footnotes":""},"class_list":["post-2628","page","type-page","status-publish","hentry"],"acf":[],"yoast_head":"<!-- This site is optimized with the Yoast SEO plugin v27.0 - https:\/\/yoast.com\/product\/yoast-seo-wordpress\/ -->\n<title>Exigences des fournisseurs - CMC \u00c9lectronique<\/title>\n<meta name=\"robots\" content=\"index, follow, max-snippet:-1, max-image-preview:large, max-video-preview:-1\" \/>\n<link rel=\"canonical\" href=\"https:\/\/cmcelectronics.ca\/fr\/exigences-des-fournisseurs\/\" \/>\n<meta property=\"og:locale\" content=\"fr_FR\" \/>\n<meta property=\"og:type\" content=\"article\" \/>\n<meta property=\"og:title\" content=\"Exigences des fournisseurs - CMC \u00c9lectronique\" \/>\n<meta property=\"og:description\" content=\"Exigences des fournisseurs Clauses qualit\u00e9 Conditions g\u00e9n\u00e9rales standards r\u00e9gissant les achats &#8211; Canada Conditions g\u00e9n\u00e9rales standards r\u00e9gissant les achats &#8211; \u00c9tats-Unis\" \/>\n<meta property=\"og:url\" content=\"https:\/\/cmcelectronics.ca\/fr\/exigences-des-fournisseurs\/\" \/>\n<meta property=\"og:site_name\" content=\"CMC \u00c9lectronique\" \/>\n<meta property=\"article:modified_time\" content=\"2022-12-15T22:44:21+00:00\" \/>\n<meta property=\"og:image\" content=\"https:\/\/stage.tramwaygatineauottawa.ca\/wp-content\/uploads\/2022\/06\/banner-scaled.jpg\" \/>\n<meta name=\"twitter:card\" content=\"summary_large_image\" \/>\n<meta name=\"twitter:label1\" content=\"Dur\u00e9e de lecture estim\u00e9e\" \/>\n\t<meta name=\"twitter:data1\" content=\"1 minute\" \/>\n<script type=\"application\/ld+json\" class=\"yoast-schema-graph\">{\"@context\":\"https:\/\/schema.org\",\"@graph\":[{\"@type\":\"WebPage\",\"@id\":\"https:\/\/cmcelectronics.ca\/fr\/exigences-des-fournisseurs\/\",\"url\":\"https:\/\/cmcelectronics.ca\/fr\/exigences-des-fournisseurs\/\",\"name\":\"Exigences des fournisseurs - CMC \u00c9lectronique\",\"isPartOf\":{\"@id\":\"https:\/\/cmcelectronics.ca\/fr\/#website\"},\"primaryImageOfPage\":{\"@id\":\"https:\/\/cmcelectronics.ca\/fr\/exigences-des-fournisseurs\/#primaryimage\"},\"image\":{\"@id\":\"https:\/\/cmcelectronics.ca\/fr\/exigences-des-fournisseurs\/#primaryimage\"},\"thumbnailUrl\":\"https:\/\/stage.tramwaygatineauottawa.ca\/wp-content\/uploads\/2022\/06\/banner-scaled.jpg\",\"datePublished\":\"2022-12-15T22:01:03+00:00\",\"dateModified\":\"2022-12-15T22:44:21+00:00\",\"breadcrumb\":{\"@id\":\"https:\/\/cmcelectronics.ca\/fr\/exigences-des-fournisseurs\/#breadcrumb\"},\"inLanguage\":\"fr-FR\",\"potentialAction\":[{\"@type\":\"ReadAction\",\"target\":[\"https:\/\/cmcelectronics.ca\/fr\/exigences-des-fournisseurs\/\"]}]},{\"@type\":\"ImageObject\",\"inLanguage\":\"fr-FR\",\"@id\":\"https:\/\/cmcelectronics.ca\/fr\/exigences-des-fournisseurs\/#primaryimage\",\"url\":\"https:\/\/stage.tramwaygatineauottawa.ca\/wp-content\/uploads\/2022\/06\/banner-scaled.jpg\",\"contentUrl\":\"https:\/\/stage.tramwaygatineauottawa.ca\/wp-content\/uploads\/2022\/06\/banner-scaled.jpg\"},{\"@type\":\"BreadcrumbList\",\"@id\":\"https:\/\/cmcelectronics.ca\/fr\/exigences-des-fournisseurs\/#breadcrumb\",\"itemListElement\":[{\"@type\":\"ListItem\",\"position\":1,\"name\":\"Accueil\",\"item\":\"https:\/\/cmcelectronics.ca\/fr\/\"},{\"@type\":\"ListItem\",\"position\":2,\"name\":\"Exigences des fournisseurs\"}]},{\"@type\":\"WebSite\",\"@id\":\"https:\/\/cmcelectronics.ca\/fr\/#website\",\"url\":\"https:\/\/cmcelectronics.ca\/fr\/\",\"name\":\"CMC \u00c9lectronique\",\"description\":\"\",\"publisher\":{\"@id\":\"https:\/\/cmcelectronics.ca\/fr\/#organization\"},\"potentialAction\":[{\"@type\":\"SearchAction\",\"target\":{\"@type\":\"EntryPoint\",\"urlTemplate\":\"https:\/\/cmcelectronics.ca\/fr\/?s={search_term_string}\"},\"query-input\":{\"@type\":\"PropertyValueSpecification\",\"valueRequired\":true,\"valueName\":\"search_term_string\"}}],\"inLanguage\":\"fr-FR\"},{\"@type\":\"Organization\",\"@id\":\"https:\/\/cmcelectronics.ca\/fr\/#organization\",\"name\":\"CMC \u00c9lectronique\",\"url\":\"https:\/\/cmcelectronics.ca\/fr\/\",\"logo\":{\"@type\":\"ImageObject\",\"inLanguage\":\"fr-FR\",\"@id\":\"https:\/\/cmcelectronics.ca\/fr\/#\/schema\/logo\/image\/\",\"url\":\"https:\/\/cmcelectronics.ca\/wp-content\/uploads\/2022\/08\/logo-CMC_black.svg\",\"contentUrl\":\"https:\/\/cmcelectronics.ca\/wp-content\/uploads\/2022\/08\/logo-CMC_black.svg\",\"width\":180,\"height\":57,\"caption\":\"CMC \u00c9lectronique\"},\"image\":{\"@id\":\"https:\/\/cmcelectronics.ca\/fr\/#\/schema\/logo\/image\/\"},\"sameAs\":[\"https:\/\/www.linkedin.com\/company\/cmc-electronics\"]}]}<\/script>\n<!-- \/ Yoast SEO plugin. -->","yoast_head_json":{"title":"Exigences des fournisseurs - CMC \u00c9lectronique","robots":{"index":"index","follow":"follow","max-snippet":"max-snippet:-1","max-image-preview":"max-image-preview:large","max-video-preview":"max-video-preview:-1"},"canonical":"https:\/\/cmcelectronics.ca\/fr\/exigences-des-fournisseurs\/","og_locale":"fr_FR","og_type":"article","og_title":"Exigences des fournisseurs - CMC \u00c9lectronique","og_description":"Exigences des fournisseurs Clauses qualit\u00e9 Conditions g\u00e9n\u00e9rales standards r\u00e9gissant les achats &#8211; Canada Conditions g\u00e9n\u00e9rales standards r\u00e9gissant les achats &#8211; \u00c9tats-Unis","og_url":"https:\/\/cmcelectronics.ca\/fr\/exigences-des-fournisseurs\/","og_site_name":"CMC \u00c9lectronique","article_modified_time":"2022-12-15T22:44:21+00:00","og_image":[{"url":"https:\/\/stage.tramwaygatineauottawa.ca\/wp-content\/uploads\/2022\/06\/banner-scaled.jpg","type":"","width":"","height":""}],"twitter_card":"summary_large_image","twitter_misc":{"Dur\u00e9e de lecture estim\u00e9e":"1 minute"},"schema":{"@context":"https:\/\/schema.org","@graph":[{"@type":"WebPage","@id":"https:\/\/cmcelectronics.ca\/fr\/exigences-des-fournisseurs\/","url":"https:\/\/cmcelectronics.ca\/fr\/exigences-des-fournisseurs\/","name":"Exigences des fournisseurs - CMC \u00c9lectronique","isPartOf":{"@id":"https:\/\/cmcelectronics.ca\/fr\/#website"},"primaryImageOfPage":{"@id":"https:\/\/cmcelectronics.ca\/fr\/exigences-des-fournisseurs\/#primaryimage"},"image":{"@id":"https:\/\/cmcelectronics.ca\/fr\/exigences-des-fournisseurs\/#primaryimage"},"thumbnailUrl":"https:\/\/stage.tramwaygatineauottawa.ca\/wp-content\/uploads\/2022\/06\/banner-scaled.jpg","datePublished":"2022-12-15T22:01:03+00:00","dateModified":"2022-12-15T22:44:21+00:00","breadcrumb":{"@id":"https:\/\/cmcelectronics.ca\/fr\/exigences-des-fournisseurs\/#breadcrumb"},"inLanguage":"fr-FR","potentialAction":[{"@type":"ReadAction","target":["https:\/\/cmcelectronics.ca\/fr\/exigences-des-fournisseurs\/"]}]},{"@type":"ImageObject","inLanguage":"fr-FR","@id":"https:\/\/cmcelectronics.ca\/fr\/exigences-des-fournisseurs\/#primaryimage","url":"https:\/\/stage.tramwaygatineauottawa.ca\/wp-content\/uploads\/2022\/06\/banner-scaled.jpg","contentUrl":"https:\/\/stage.tramwaygatineauottawa.ca\/wp-content\/uploads\/2022\/06\/banner-scaled.jpg"},{"@type":"BreadcrumbList","@id":"https:\/\/cmcelectronics.ca\/fr\/exigences-des-fournisseurs\/#breadcrumb","itemListElement":[{"@type":"ListItem","position":1,"name":"Accueil","item":"https:\/\/cmcelectronics.ca\/fr\/"},{"@type":"ListItem","position":2,"name":"Exigences des fournisseurs"}]},{"@type":"WebSite","@id":"https:\/\/cmcelectronics.ca\/fr\/#website","url":"https:\/\/cmcelectronics.ca\/fr\/","name":"CMC \u00c9lectronique","description":"","publisher":{"@id":"https:\/\/cmcelectronics.ca\/fr\/#organization"},"potentialAction":[{"@type":"SearchAction","target":{"@type":"EntryPoint","urlTemplate":"https:\/\/cmcelectronics.ca\/fr\/?s={search_term_string}"},"query-input":{"@type":"PropertyValueSpecification","valueRequired":true,"valueName":"search_term_string"}}],"inLanguage":"fr-FR"},{"@type":"Organization","@id":"https:\/\/cmcelectronics.ca\/fr\/#organization","name":"CMC \u00c9lectronique","url":"https:\/\/cmcelectronics.ca\/fr\/","logo":{"@type":"ImageObject","inLanguage":"fr-FR","@id":"https:\/\/cmcelectronics.ca\/fr\/#\/schema\/logo\/image\/","url":"https:\/\/cmcelectronics.ca\/wp-content\/uploads\/2022\/08\/logo-CMC_black.svg","contentUrl":"https:\/\/cmcelectronics.ca\/wp-content\/uploads\/2022\/08\/logo-CMC_black.svg","width":180,"height":57,"caption":"CMC \u00c9lectronique"},"image":{"@id":"https:\/\/cmcelectronics.ca\/fr\/#\/schema\/logo\/image\/"},"sameAs":["https:\/\/www.linkedin.com\/company\/cmc-electronics"]}]}},"_links":{"self":[{"href":"https:\/\/cmcelectronics.ca\/fr\/wp-json\/wp\/v2\/pages\/2628","targetHints":{"allow":["GET"]}}],"collection":[{"href":"https:\/\/cmcelectronics.ca\/fr\/wp-json\/wp\/v2\/pages"}],"about":[{"href":"https:\/\/cmcelectronics.ca\/fr\/wp-json\/wp\/v2\/types\/page"}],"author":[{"embeddable":true,"href":"https:\/\/cmcelectronics.ca\/fr\/wp-json\/wp\/v2\/users\/8"}],"replies":[{"embeddable":true,"href":"https:\/\/cmcelectronics.ca\/fr\/wp-json\/wp\/v2\/comments?post=2628"}],"version-history":[{"count":0,"href":"https:\/\/cmcelectronics.ca\/fr\/wp-json\/wp\/v2\/pages\/2628\/revisions"}],"wp:attachment":[{"href":"https:\/\/cmcelectronics.ca\/fr\/wp-json\/wp\/v2\/media?parent=2628"}],"curies":[{"name":"wp","href":"https:\/\/api.w.org\/{rel}","templated":true}]}}